{"id":3887,"date":"2024-05-23T05:41:56","date_gmt":"2024-05-23T05:41:56","guid":{"rendered":"https:\/\/lqcompany.com\/?page_id=3887"},"modified":"2024-05-23T05:43:41","modified_gmt":"2024-05-23T05:43:41","slug":"careers","status":"publish","type":"page","link":"https:\/\/www.lqcompany.com\/tr\/careers\/","title":{"rendered":"Kariyer"},"content":{"rendered":"<div data-elementor-type=\"wp-page\" data-elementor-id=\"3887\" class=\"elementor elementor-3887\" data-elementor-settings=\"{&quot;ha_cmc_init_switcher&quot;:&quot;no&quot;}\" data-elementor-post-type=\"page\">\n\t\t\t\t<div class=\"elementor-element elementor-element-f4f339d e-flex e-con-boxed e-con e-parent\" data-id=\"f4f339d\" data-element_type=\"container\" data-e-type=\"container\" data-settings=\"{&quot;background_background&quot;:&quot;classic&quot;}\">\n\t\t\t\t\t<div class=\"e-con-inner\">\n\t\t\t\t<div class=\"elementor-element elementor-element-80035c5 elementor-widget elementor-widget-heading\" data-id=\"80035c5\" data-element_type=\"widget\" data-e-type=\"widget\" data-widget_type=\"heading.default\">\n\t\t\t\t<div class=\"elementor-widget-container\">\n\t\t\t\t\t<h1 class=\"elementor-heading-title elementor-size-default\">KAR\u0130YERLER<\/h1>\t\t\t\t<\/div>\n\t\t\t\t<\/div>\n\t\t\t\t\t<\/div>\n\t\t\t\t<\/div>\n\t\t<div class=\"elementor-element elementor-element-0370e5e e-flex e-con-boxed e-con e-parent\" data-id=\"0370e5e\" data-element_type=\"container\" data-e-type=\"container\">\n\t\t\t\t\t<div class=\"e-con-inner\">\n\t\t\t\t<div class=\"elementor-element elementor-element-53995dd elementor-widget elementor-widget-text-editor\" data-id=\"53995dd\" data-element_type=\"widget\" data-e-type=\"widget\" data-widget_type=\"text-editor.default\">\n\t\t\t\t<div class=\"elementor-widget-container\">\n\t\t\t\t\t\t\t\t\t<h2><strong>LQ ARMY Ekibine Kat\u0131l\u0131n<\/strong><\/h2><p>LQ ARMY olarak, Kaliforniya'daki \u00fcretim tesisimizde ekibimize kat\u0131lacak kendini i\u015fine adam\u0131\u015f profesyoneller ar\u0131yoruz. B\u00fcy\u00fcme ve geli\u015fme f\u0131rsatlar\u0131 ile dinamik bir \u00e7al\u0131\u015fma ortam\u0131 sunuyoruz. A\u015fa\u011f\u0131daki mevcut i\u015f ilanlar\u0131m\u0131za bir g\u00f6z at\u0131n ve ekibimiz i\u00e7in m\u00fckemmel bir se\u00e7im olup olmad\u0131\u011f\u0131n\u0131z\u0131 bize bildirin!<\/p><p><strong>A\u00c7IK POZ\u0130SYONLAR<\/strong><\/p><h3>Kalite Kontrol M\u00fcfetti\u015fi<\/h3><p><strong>Sorumluluklar<\/strong>:<\/p><ul><li>Minimum denetimle temel ve ileri \u00fcr\u00fcn montaj ve denetim s\u00fcre\u00e7lerini ger\u00e7ekle\u015ftirin.<\/li><li>Kalite kontrol ve paketlemeyi detaylara dikkat ederek ger\u00e7ekle\u015ftirin.<\/li><li>Desenler, malzemeler ve \u00fcr\u00fcn kullan\u0131mlar\u0131 hakk\u0131nda bilgi sahibi oldu\u011funu g\u00f6stermek.<\/li><\/ul><p><strong>Gerekli Nitelikler<\/strong>:<\/p><ul><li>Detaylara dikkat ve 50 lbs'ye kadar kald\u0131rma becerisi.<\/li><li>ABD'de \u00e7al\u0131\u015fma iznine sahip<\/li><\/ul><p><strong>Tercih Edilen Nitelikler<\/strong>:<\/p><ul><li>M\u00fckemmel problem \u00e7\u00f6zme becerilerine sahip, kendi kendini motive eden birey.<\/li><\/ul><p><strong>Ne Sunuyoruz<\/strong>:<\/p><ul><li>Sa\u011fl\u0131k, Di\u015f, Vizyon ve Ek Sigorta Mevcuttur<\/li><li>\u00c7al\u0131\u015fan Destek Program\u0131<\/li><li>401K ve \u00dccretli \u0130zin<\/li><li>B\u00fcy\u00fcme ve Mesleki Geli\u015fim<\/li><li>Benzersiz \u00c7al\u0131\u015fma Ortam\u0131<\/li><li>Rekabet\u00e7i \u00dccret<\/li><li>\u00dccretli Tatiller<\/li><\/ul><p>Ba\u015fvurmak i\u00e7in l\u00fctfen \u00f6zge\u00e7mi\u015finizi \u015fu adrese g\u00f6nderin <a href=\"mailto:jobs@lqcompany.com\">jobs@lqcompany.com<\/a>.<\/p><p>\u00a0<\/p><p>\u00a0<\/p><h3>Bak\u0131m Teknisyeni<\/h3><p><strong>Sorumluluklar<\/strong>:<\/p><ul><li>\u00dcretim operasyonlar\u0131n\u0131n teknik ihtiya\u00e7lar\u0131n\u0131 desteklemek ve y\u00f6netmek.<\/li><li>End\u00fcstriyel \u00fcretim makinelerinin \u00f6nleyici ve reaktif bak\u0131m\u0131n\u0131 ger\u00e7ekle\u015ftirin.<\/li><li>Personeli y\u00f6netin ve g\u00fcvenlik programlar\u0131n\u0131 destekleyin.<\/li><\/ul><p><strong>Gerekli Nitelikler<\/strong>:<\/p><ul><li>50 lbs'ye kadar a\u011f\u0131rl\u0131k kald\u0131rabilme ve haftada 40 saat \u00e7al\u0131\u015fabilme.<\/li><li>ABD'de \u00e7al\u0131\u015fma iznine sahip<\/li><\/ul><p><strong>Tercih Edilen Nitelikler<\/strong>:<\/p><ul><li>End\u00fcstriyel makine tamir ve bak\u0131m\u0131nda \u00f6nceden deneyim.<\/li><\/ul><p><strong>Ne Sunuyoruz<\/strong>:<\/p><ul><li>Sa\u011fl\u0131k, Di\u015f, Vizyon ve Ek Sigorta Mevcuttur<\/li><li>401K ve \u00dccretli \u0130zin<\/li><li>B\u00fcy\u00fcme ve Mesleki Geli\u015fim<\/li><li>Benzersiz \u00c7al\u0131\u015fma Ortam\u0131<\/li><li>Rekabet\u00e7i \u00dccret<\/li><li>\u00dccretli Tatiller<\/li><\/ul><p><strong>Ba\u015fvurmak i\u00e7in l\u00fctfen \u00f6zge\u00e7mi\u015finizi \u015fu adrese g\u00f6nderin <a href=\"mailto:jobs@lqcompany.com\">jobs@lqcompany.com<\/a>.<\/strong><\/p><p>\u00a0<\/p><p>\u00a0<\/p><h3>M\u00fc\u015fteri Hizmetleri Temsilcisi<\/h3><p><strong>Sorumluluklar<\/strong>:<\/p><ul><li>M\u00fc\u015fteri sorular\u0131n\u0131 y\u00f6netin ve zaman\u0131nda destek sa\u011flay\u0131n.<\/li><li>M\u00fc\u015fteri memnuniyetini sa\u011flamak i\u00e7in \u00e7e\u015fitli departmanlarla koordinasyon sa\u011flay\u0131n.<\/li><li>\u00dcr\u00fcn bilgisini korumak ve m\u00fc\u015fterilere uygun \u015fekilde yard\u0131mc\u0131 olmak.<\/li><\/ul><p><strong>Gerekli Nitelikler<\/strong>:<\/p><ul><li>\u00d6nceden m\u00fc\u015fteri destek deneyimi.<\/li><li>ABD'de \u00e7al\u0131\u015fma iznine sahip<\/li><\/ul><p><strong>Tercih Edilen Nitelikler<\/strong>:<\/p><ul><li>E-ticaret platformlar\u0131na a\u015final\u0131k.<\/li><\/ul><p><strong>Ne Sunuyoruz<\/strong>:<\/p><ul><li>Sa\u011fl\u0131k, Di\u015f, Vizyon ve Ek Sigorta Mevcuttur<\/li><li>401K ve \u00dccretli \u0130zin<\/li><li>\u00a0B\u00fcy\u00fcme ve Mesleki Geli\u015fim<\/li><li>\u00a0Benzersiz \u00c7al\u0131\u015fma Ortam\u0131<\/li><li>Rekabet\u00e7i \u00dccret<\/li><li>\u00dccretli Tatiller<\/li><\/ul><p><strong>Ba\u015fvurmak i\u00e7in l\u00fctfen \u00f6zge\u00e7mi\u015finizi \u015fu adrese g\u00f6nderin <a href=\"mailto:jobs@lqcompany.com\">jobs@lqcompany.com<\/a>.<\/strong><\/p><p>\u00a0<\/p><p>\u00a0<\/p><h3>Diki\u015f Makinesi Operat\u00f6r\u00fc<\/h3><p><strong>Sorumluluklar<\/strong>:<\/p><ul><li>Temel diki\u015f i\u015flevlerini yerine getirin ve kalite kontrol\u00fcn\u00fc s\u00fcrd\u00fcr\u00fcn.<\/li><li>Diki\u015f teknik paketlerini yorumlar ve talimatlar\u0131 takip eder.<\/li><\/ul><p><strong>Gerekli Nitelikler<\/strong>:<\/p><ul><li>Haftada 40 Saat \u00e7al\u0131\u015fma ve 50 lbs'ye kadar kald\u0131rma becerisi.<\/li><li>ABD'de \u00e7al\u0131\u015fma iznine sahip<\/li><\/ul><p><strong>Tercih Edilen Nitelikler<\/strong>:<\/p><ul><li>Detaylara ve organizasyon becerilerine g\u00fc\u00e7l\u00fc dikkat.<\/li><\/ul><p><strong>Ne Sunuyoruz<\/strong>:<\/p><ul><li>Sa\u011fl\u0131k, Di\u015f, Vizyon ve Ek Sigorta Mevcuttur<\/li><li>401K ve \u00dccretli \u0130zin<\/li><li>B\u00fcy\u00fcme ve Mesleki Geli\u015fim<\/li><li>Benzersiz \u00c7al\u0131\u015fma Ortam\u0131<\/li><li>\u00a0Rekabet\u00e7i \u00dccret<\/li><li>\u00dccretli Tatiller<\/li><\/ul><p><strong>Ba\u015fvurmak i\u00e7in l\u00fctfen \u00f6zge\u00e7mi\u015finizi \u015fu adrese g\u00f6nderin <a href=\"mailto:jobs@lqcompany.com\">jobs@lqcompany.com<\/a>.<\/strong><\/p><p>\u00a0<\/p><p>\u00a0<\/p><h3>E\u015fit \u0130stihdam F\u0131rsat\u0131<\/h3><p><strong>LQ ARMY<\/strong> e\u015fit istihdam f\u0131rsat\u0131n\u0131 (EEO) taahh\u00fct eder. \u00c7e\u015fitlili\u011fe de\u011fer veriyoruz ve \u0131rk, inan\u00e7, renk, ulusal k\u00f6ken, cinsel y\u00f6nelim, engellilik, askerlik durumu, medeni durum veya yasalarca korunan di\u011fer \u00f6zelliklere dayal\u0131 olarak \u00e7al\u0131\u015fanlara veya ba\u015fvuru sahiplerine kar\u015f\u0131 ayr\u0131mc\u0131l\u0131k yapm\u0131yoruz.<\/p>\t\t\t\t\t\t\t\t<\/div>\n\t\t\t\t<\/div>\n\t\t\t\t\t<\/div>\n\t\t\t\t<\/div>\n\t\t\t\t<\/div>","protected":false},"excerpt":{"rendered":"<p>CAREERS Join the LQ ARMY Team At LQ ARMY, we&#8217;re on the lookout for dedicated professionals to join our team at our manufacturing facility in california. We offer a dynamic work environment with opportunities for growth and development. Take a look at our current job openings below and let us know if you&#8217;re the perfect [&hellip;]<\/p>\n","protected":false},"author":1,"featured_media":0,"parent":0,"menu_order":0,"comment_status":"closed","ping_status":"closed","template":"","meta":{"_acf_changed":false,"footnotes":""},"class_list":["post-3887","page","type-page","status-publish","hentry"],"blocksy_meta":[],"acf":[],"_links":{"self":[{"href":"https:\/\/www.lqcompany.com\/tr\/wp-json\/wp\/v2\/pages\/3887","targetHints":{"allow":["GET"]}}],"collection":[{"href":"https:\/\/www.lqcompany.com\/tr\/wp-json\/wp\/v2\/pages"}],"about":[{"href":"https:\/\/www.lqcompany.com\/tr\/wp-json\/wp\/v2\/types\/page"}],"author":[{"embeddable":true,"href":"https:\/\/www.lqcompany.com\/tr\/wp-json\/wp\/v2\/users\/1"}],"replies":[{"embeddable":true,"href":"https:\/\/www.lqcompany.com\/tr\/wp-json\/wp\/v2\/comments?post=3887"}],"version-history":[{"count":0,"href":"https:\/\/www.lqcompany.com\/tr\/wp-json\/wp\/v2\/pages\/3887\/revisions"}],"wp:attachment":[{"href":"https:\/\/www.lqcompany.com\/tr\/wp-json\/wp\/v2\/media?parent=3887"}],"curies":[{"name":"wp","href":"https:\/\/api.w.org\/{rel}","templated":true}]}}