{"id":3736,"date":"2024-05-21T03:36:29","date_gmt":"2024-05-21T03:36:29","guid":{"rendered":"https:\/\/lqcompany.com\/?page_id=3736"},"modified":"2024-05-21T03:46:15","modified_gmt":"2024-05-21T03:46:15","slug":"terms-conditions","status":"publish","type":"page","link":"https:\/\/www.lqcompany.com\/tr\/terms-conditions\/","title":{"rendered":"\u015eartlar ve Ko\u015fullar"},"content":{"rendered":"<div data-elementor-type=\"wp-page\" data-elementor-id=\"3736\" class=\"elementor elementor-3736\" data-elementor-settings=\"{&quot;ha_cmc_init_switcher&quot;:&quot;no&quot;}\" data-elementor-post-type=\"page\">\n\t\t\t\t<div class=\"elementor-element elementor-element-edf6dc3 e-flex e-con-boxed e-con e-parent\" data-id=\"edf6dc3\" data-element_type=\"container\" data-e-type=\"container\" data-settings=\"{&quot;background_background&quot;:&quot;classic&quot;}\">\n\t\t\t\t\t<div class=\"e-con-inner\">\n\t\t\t\t<div class=\"elementor-element elementor-element-e9fbd46 elementor-widget elementor-widget-heading\" data-id=\"e9fbd46\" data-element_type=\"widget\" data-e-type=\"widget\" data-widget_type=\"heading.default\">\n\t\t\t\t<div class=\"elementor-widget-container\">\n\t\t\t\t\t<h2 class=\"elementor-heading-title elementor-size-default\">\u015eartlar ve Ko\u015fullar<\/h2>\t\t\t\t<\/div>\n\t\t\t\t<\/div>\n\t\t\t\t\t<\/div>\n\t\t\t\t<\/div>\n\t\t<div class=\"elementor-element elementor-element-1b44bdf7 e-flex e-con-boxed e-con e-parent\" data-id=\"1b44bdf7\" data-element_type=\"container\" data-e-type=\"container\">\n\t\t\t\t\t<div class=\"e-con-inner\">\n\t\t\t\t<div class=\"elementor-element elementor-element-2937e714 elementor-widget elementor-widget-text-editor\" data-id=\"2937e714\" data-element_type=\"widget\" data-e-type=\"widget\" data-widget_type=\"text-editor.default\">\n\t\t\t\t<div class=\"elementor-widget-container\">\n\t\t\t\t\t\t\t\t\t<p>L&amp;Q ARMY'nin web sitesine ho\u015f geldiniz \uff08<a href=\"https:\/\/lqcompany.com\/\" target=\"_blank\" rel=\"noopener\">www.lqompany.com<\/a>\uff09. Bu web sitesine eri\u015ferek veya kullanarak, a\u015fa\u011f\u0131daki h\u00fck\u00fcm ve ko\u015fullara uymay\u0131 ve bunlara ba\u011fl\u0131 kalmay\u0131 kabul etmi\u015f olursunuz. L\u00fctfen sitemizi kullanmadan \u00f6nce bunlar\u0131 dikkatlice okuyun.<\/p><h3>1. Giri\u015f<\/h3><p>Bu h\u00fck\u00fcm ve ko\u015fullar, L&amp;Q ARMY'nin Web Sitesinin kullan\u0131m\u0131na ili\u015fkin kural ve d\u00fczenlemeleri ana hatlar\u0131yla belirtir. Bu web sitesini kullanarak, bu h\u00fck\u00fcm ve ko\u015fullar\u0131n tamam\u0131n\u0131 kabul etmi\u015f olursunuz. Bu h\u00fck\u00fcm ve ko\u015fullar\u0131n herhangi bir b\u00f6l\u00fcm\u00fcne kat\u0131lm\u0131yorsan\u0131z, web sitemizi kullanmamal\u0131s\u0131n\u0131z.<\/p><h3>\u00a02. Fikri M\u00fclkiyet Haklar\u0131<\/h3><p>Aksi belirtilmedik\u00e7e, L&amp;Q ARMY ve \/ veya lisans verenleri, web sitesindeki fikri m\u00fclkiyet haklar\u0131na ve web sitesindeki materyallere sahiptir. T\u00fcm bu fikri m\u00fclkiyet haklar\u0131 sakl\u0131d\u0131r. A\u015fa\u011f\u0131da ve bu h\u00fck\u00fcm ve ko\u015fullar\u0131n ba\u015fka yerlerinde belirtilen k\u0131s\u0131tlamalara tabi olarak, ki\u015fisel kullan\u0131m\u0131n\u0131z i\u00e7in web sitesindeki sayfalar\u0131 veya di\u011fer i\u00e7erikleri g\u00f6r\u00fcnt\u00fcleyebilir, yaln\u0131zca \u00f6nbelle\u011fe alma amac\u0131yla indirebilir ve yazd\u0131rabilirsiniz.<\/p><h3>\u00a03. Web Sitesi Kullan\u0131m Lisans\u0131<\/h3><p>A\u015fa\u011f\u0131da ve bu h\u00fck\u00fcm ve ko\u015fullar\u0131n ba\u015fka yerlerinde belirtilen k\u0131s\u0131tlamalara tabi olarak, ki\u015fisel kullan\u0131m\u0131n\u0131z i\u00e7in web sitesindeki sayfalar\u0131 veya di\u011fer i\u00e7erikleri g\u00f6r\u00fcnt\u00fcleyebilir, yaln\u0131zca \u00f6nbelle\u011fe alma amac\u0131yla indirebilir ve yazd\u0131rabilirsiniz. \u015eunlar\u0131 yapmamal\u0131s\u0131n\u0131z:<br \/>- Bu web sitesindeki materyalleri yeniden yay\u0131nlamak (ba\u015fka bir web sitesinde yeniden yay\u0131nlama dahil);<br \/>- Web sitesindeki materyalleri satmak, kiralamak veya alt lisans vermek;<br \/>- Web sitesindeki herhangi bir materyali halka a\u00e7\u0131k yerlerde g\u00f6stermek;<br \/>- Web sitemizdeki materyalleri ticari bir ama\u00e7 i\u00e7in \u00e7o\u011faltmak, kopyalamak veya ba\u015fka bir \u015fekilde kullanmak;<br \/>- Web sitesindeki herhangi bir materyali d\u00fczenlemek veya ba\u015fka bir \u015fekilde de\u011fi\u015ftirmek; veya<br \/>- \u00d6zel olarak ve a\u00e7\u0131k\u00e7a yeniden da\u011f\u0131t\u0131ma sunulan i\u00e7erikler haricinde bu web sitesindeki materyalleri yeniden da\u011f\u0131tmak.<\/p><h3>4. Kabul Edilebilir Kullan\u0131m<\/h3><p>Web sitemizi, web sitesinin zarar g\u00f6rmesine veya web sitesinin kullan\u0131labilirli\u011finin veya eri\u015filebilirli\u011finin bozulmas\u0131na neden olan veya neden olabilecek herhangi bir \u015fekilde veya yasa d\u0131\u015f\u0131, yasad\u0131\u015f\u0131, hileli veya zararl\u0131 herhangi bir \u015fekilde veya herhangi bir yasa d\u0131\u015f\u0131, yasad\u0131\u015f\u0131, hileli veya zararl\u0131 ama\u00e7 veya faaliyetle ba\u011flant\u0131l\u0131 olarak kullanmamal\u0131s\u0131n\u0131z. Web sitemizi herhangi bir casus yaz\u0131l\u0131m, bilgisayar vir\u00fcs\u00fc, Truva at\u0131, solucan, tu\u015f vuru\u015fu kaydedici, rootkit veya di\u011fer k\u00f6t\u00fc ama\u00e7l\u0131 bilgisayar yaz\u0131l\u0131mlar\u0131ndan olu\u015fan (veya bunlarla ba\u011flant\u0131l\u0131 olan) herhangi bir materyali kopyalamak, saklamak, bar\u0131nd\u0131rmak, iletmek, g\u00f6ndermek, kullanmak, yay\u0131nlamak veya da\u011f\u0131tmak i\u00e7in kullanmamal\u0131s\u0131n\u0131z. A\u00e7\u0131k yaz\u0131l\u0131 iznimiz olmadan web sitemizde veya web sitemizle ilgili olarak herhangi bir sistematik veya otomatik veri toplama faaliyeti (kaz\u0131ma, veri madencili\u011fi, veri \u00e7\u0131karma ve veri toplama dahil ancak bunlarla s\u0131n\u0131rl\u0131 olmamak \u00fczere) ger\u00e7ekle\u015ftirmemelisiniz.<\/p><h3>\u00a05. K\u0131s\u0131tl\u0131 Eri\u015fim<\/h3><p>Web sitemizin belirli alanlar\u0131na eri\u015fim k\u0131s\u0131tlanm\u0131\u015ft\u0131r. Kendi takdirimize ba\u011fl\u0131 olarak web sitemizin di\u011fer alanlar\u0131na veya asl\u0131nda t\u00fcm web sitemize eri\u015fimi k\u0131s\u0131tlama hakk\u0131m\u0131z\u0131 sakl\u0131 tutar\u0131z. Web sitemizin k\u0131s\u0131tl\u0131 alanlar\u0131na veya di\u011fer i\u00e7erik veya hizmetlere eri\u015fmenizi sa\u011flamak i\u00e7in size bir kullan\u0131c\u0131 kimli\u011fi ve parola sa\u011flarsak, kullan\u0131c\u0131 kimli\u011fi ve parolan\u0131n gizli tutulmas\u0131n\u0131 sa\u011flamal\u0131s\u0131n\u0131z. Kullan\u0131c\u0131 kimli\u011finizi ve \u015fifrenizi tamamen kendi takdirimize ba\u011fl\u0131 olarak, bildirimde bulunmaks\u0131z\u0131n veya a\u00e7\u0131klama yapmaks\u0131z\u0131n devre d\u0131\u015f\u0131 b\u0131rakabiliriz.<\/p><h3>6. Kullan\u0131c\u0131 \u0130\u00e7eri\u011fi<\/h3><p>Bu h\u00fck\u00fcm ve ko\u015fullarda, \"kullan\u0131c\u0131 i\u00e7eri\u011finiz\", hangi ama\u00e7la olursa olsun web sitemize g\u00f6nderdi\u011finiz materyal (metin, resim, ses materyali, video materyali ve g\u00f6rsel-i\u015fitsel materyal dahil ancak bunlarla s\u0131n\u0131rl\u0131 olmamak \u00fczere) anlam\u0131na gelir. Kullan\u0131c\u0131 i\u00e7eri\u011finizi mevcut veya gelecekteki herhangi bir ortamda kullanmak, \u00e7o\u011faltmak, uyarlamak, yay\u0131nlamak, terc\u00fcme etmek ve da\u011f\u0131tmak i\u00e7in bize d\u00fcnya \u00e7ap\u0131nda, geri al\u0131namaz, m\u00fcnhas\u0131r olmayan, telifsiz bir lisans verirsiniz. Ayr\u0131ca bize bu haklar\u0131n alt lisans\u0131n\u0131 verme hakk\u0131n\u0131 ve bu haklar\u0131n ihlali i\u00e7in dava a\u00e7ma hakk\u0131n\u0131 da verirsiniz.<\/p><h3>7. \u0130\u00e7eri\u011fimize K\u00f6pr\u00fc Olu\u015fturma<\/h3><p>A\u015fa\u011f\u0131daki kurulu\u015flar \u00f6nceden yaz\u0131l\u0131 onay almaks\u0131z\u0131n Web Sitemize ba\u011flant\u0131 verebilirler:<br \/>- Devlet kurumlar\u0131;<br \/>- Arama motorlar\u0131;<br \/>- Haber kurulu\u015flar\u0131;<br \/>- \u00c7evrimi\u00e7i dizin da\u011f\u0131t\u0131c\u0131lar\u0131, listelenen di\u011fer i\u015fletmelerin Web Sitelerine k\u00f6pr\u00fc olu\u015fturduklar\u0131 \u015fekilde Web Sitemize ba\u011flant\u0131 verebilirler; ve<br \/>- Kar amac\u0131 g\u00fctmeyen kurulu\u015flar, yard\u0131m al\u0131\u015fveri\u015f merkezleri ve Web Sitemize hiperlink veremeyecek yard\u0131m toplama gruplar\u0131 hari\u00e7 olmak \u00fczere Sistem Genelinde Akredite \u0130\u015fletmeler.<\/p><p>Bu kurulu\u015flar ana sayfam\u0131za, yay\u0131nlara veya di\u011fer Web sitesi bilgilerine ba\u011flant\u0131 verebilmektedir: (a) herhangi bir \u015fekilde aldat\u0131c\u0131 olmad\u0131\u011f\u0131; (b) ba\u011flant\u0131 veren taraf\u0131n ve \u00fcr\u00fcnlerinin ve\/veya hizmetlerinin sponsorlu\u011funu, onay\u0131n\u0131 veya onay\u0131n\u0131 yanl\u0131\u015f bir \u015fekilde ima etmedi\u011fi; ve (c) ba\u011flant\u0131 veren taraf\u0131n sitesinin ba\u011flam\u0131na uydu\u011fu s\u00fcrece.<\/p><p>A\u015fa\u011f\u0131daki kurulu\u015f t\u00fcrlerinden gelen di\u011fer ba\u011flant\u0131 taleplerini de\u011ferlendirebilir ve onaylayabiliriz:<br \/>- Yayg\u0131n olarak bilinen t\u00fcketici ve\/veya i\u015fletme bilgi kaynaklar\u0131;<br \/>- Dot.com topluluk siteleri;<br \/>- Dernekler veya hay\u0131r kurumlar\u0131n\u0131 temsil eden di\u011fer gruplar;<br \/>- \u00c7evrimi\u00e7i dizin da\u011f\u0131t\u0131c\u0131lar\u0131;<br \/>- \u0130nternet portallar\u0131;<br \/>- Muhasebe, hukuk ve dan\u0131\u015fmanl\u0131k firmalar\u0131; ve<br \/>- E\u011fitim kurumlar\u0131 ve ticaret birlikleri.<\/p><p>Bu kurulu\u015flardan gelen ba\u011flant\u0131 taleplerini a\u015fa\u011f\u0131daki hususlara karar vermemiz halinde onaylar\u0131z: (a) ba\u011flant\u0131 bizi kendimize veya akredite i\u015fletmelerimize kar\u015f\u0131 olumsuz g\u00f6stermez; (b) kurulu\u015fun bizimle herhangi bir olumsuz kayd\u0131 yoktur; (c) k\u00f6pr\u00fcn\u00fcn g\u00f6r\u00fcn\u00fcrl\u00fc\u011f\u00fcnden bize sa\u011flanan fayda, L&amp;Q ARMY'nin yoklu\u011funu telafi eder; ve (d) ba\u011flant\u0131 genel kaynak bilgileri ba\u011flam\u0131ndad\u0131r.<\/p><p>Bu kurulu\u015flar, ba\u011flant\u0131 verildi\u011fi s\u00fcrece ana sayfam\u0131za ba\u011flant\u0131 verebilirler: (a) herhangi bir \u015fekilde aldat\u0131c\u0131 olmad\u0131\u011f\u0131; (b) ba\u011flant\u0131 veren taraf\u0131n ve \u00fcr\u00fcnlerinin veya hizmetlerinin sponsorlu\u011funu, onay\u0131n\u0131 veya onay\u0131n\u0131 yanl\u0131\u015f bir \u015fekilde ima etmedi\u011fi; ve (c) ba\u011flant\u0131 veren taraf\u0131n sitesinin ba\u011flam\u0131na uydu\u011fu s\u00fcrece.<\/p><p>Yukar\u0131daki 2. paragrafta listelenen kurulu\u015flardan biriyseniz ve web sitemize ba\u011flant\u0131 vermekle ilgileniyorsan\u0131z, L&amp;Q ARMY'ye bir e-posta g\u00f6ndererek bizi bilgilendirmelisiniz. L\u00fctfen ad\u0131n\u0131z\u0131, kurulu\u015funuzun ad\u0131n\u0131, ileti\u015fim bilgilerinizi ve sitenizin URL'sini, Web Sitemize ba\u011flant\u0131 vermeyi d\u00fc\u015f\u00fcnd\u00fc\u011f\u00fcn\u00fcz URL'lerin bir listesini ve sitemizde ba\u011flant\u0131 vermek istedi\u011finiz URL'lerin bir listesini ekleyin. Yan\u0131t i\u00e7in 2-3 hafta bekleyin.<\/p><p>Onaylanm\u0131\u015f kurulu\u015flar Web Sitemize a\u015fa\u011f\u0131daki \u015fekilde k\u00f6pr\u00fc ba\u011flant\u0131 verebilir:<br \/>- Kurumsal ad\u0131m\u0131z\u0131 kullanarak; veya<br \/>- Ba\u011flant\u0131 verilen tek tip kaynak konumland\u0131r\u0131c\u0131s\u0131n\u0131n kullan\u0131m\u0131yla; veya<br \/>- Ba\u011flant\u0131 verilen taraf\u0131n sitesindeki i\u00e7eri\u011fin ba\u011flam\u0131 ve bi\u00e7imi i\u00e7inde anlaml\u0131 olan, ba\u011flant\u0131 verilen Web Sitemizin ba\u015fka herhangi bir tan\u0131m\u0131n\u0131 kullanarak.<\/p><p>Ticari marka lisans s\u00f6zle\u015fmesi olmadan L&amp;Q ARMY'nin logosunun veya di\u011fer sanat eserlerinin ba\u011flant\u0131 i\u00e7in kullan\u0131lmas\u0131na izin verilmeyecektir.<\/p><h3>8. \u0130\u00e7erik Sorumlulu\u011fu<\/h3><p>Web sitenizde yer alan hi\u00e7bir i\u00e7erikten sorumlu tutulamay\u0131z. Web sitenizde ortaya at\u0131lan t\u00fcm iddialara kar\u015f\u0131 bizi korumay\u0131 ve savunmay\u0131 kabul edersiniz. Herhangi bir Web Sitesinde hakaret, m\u00fcstehcenlik veya su\u00e7 olarak yorumlanabilecek veya herhangi bir \u00fc\u00e7\u00fcnc\u00fc taraf\u0131n haklar\u0131n\u0131 ihlal eden, ba\u015fka \u015fekilde ihlal eden veya ihlal edilmesini veya ba\u015fka \u015fekilde ihlal edilmesini savunan hi\u00e7bir ba\u011flant\u0131 (ba\u011flant\u0131lar) g\u00f6r\u00fcnmemelidir.<\/p><h3>9. Haklar\u0131n Sakl\u0131 Tutulmas\u0131<\/h3><p>Web sitemize olan t\u00fcm ba\u011flant\u0131lar\u0131 veya belirli bir ba\u011flant\u0131y\u0131 kald\u0131rman\u0131z\u0131 talep etme hakk\u0131m\u0131z\u0131 sakl\u0131 tutar\u0131z. Talep \u00fczerine Web Sitemize olan t\u00fcm ba\u011flant\u0131lar\u0131 derhal kald\u0131rmay\u0131 kabul edersiniz. Ayr\u0131ca, bu h\u00fck\u00fcm ve ko\u015fullar\u0131 ve ba\u011flant\u0131 politikas\u0131n\u0131 herhangi bir zamanda de\u011fi\u015ftirme hakk\u0131n\u0131 sakl\u0131 tutar\u0131z. Web Sitemize s\u00fcrekli olarak ba\u011flant\u0131 vererek, bu ba\u011flant\u0131 verme h\u00fck\u00fcm ve ko\u015fullar\u0131na ba\u011fl\u0131 kalmay\u0131 ve bunlara uymay\u0131 kabul etmi\u015f olursunuz.<\/p><h3>10. Ba\u011flant\u0131lar\u0131n Web Sitemizden Kald\u0131r\u0131lmas\u0131<\/h3><p>Web sitemizde herhangi bir nedenle rahats\u0131z edici herhangi bir ba\u011flant\u0131 bulursan\u0131z, istedi\u011finiz zaman bizimle ileti\u015fime ge\u00e7mekte ve bizi bilgilendirmekte \u00f6zg\u00fcrs\u00fcn\u00fcz. Ba\u011flant\u0131lar\u0131 kald\u0131rma taleplerini de\u011ferlendirece\u011fiz, ancak bunu yapmak veya size do\u011frudan yan\u0131t vermek zorunda de\u011filiz. Bu web sitesindeki bilgilerin do\u011fru oldu\u011fundan emin de\u011filiz. Eksiksizli\u011fini veya do\u011frulu\u011funu garanti etmiyoruz ve web sitesinin kullan\u0131labilir kalmas\u0131n\u0131 veya web sitesindeki materyalin g\u00fcncel tutulmas\u0131n\u0131 sa\u011flamay\u0131 taahh\u00fct etmiyoruz.<\/p><h2>11. Sorumluluk Reddi<\/h2><p>Y\u00fcr\u00fcrl\u00fckteki yasalar\u0131n izin verdi\u011fi azami \u00f6l\u00e7\u00fcde, web sitemiz ve bu web sitesinin kullan\u0131m\u0131 ile ilgili t\u00fcm beyanlar\u0131, garantileri ve ko\u015fullar\u0131 hari\u00e7 tutuyoruz. Bu feragatnamedeki hi\u00e7bir \u015fey:<br \/>- \u00d6l\u00fcm veya ki\u015fisel yaralanma i\u00e7in bizim veya sizin sorumlulu\u011funuzu s\u0131n\u0131rlamak veya hari\u00e7 tutmak;<br \/>- Doland\u0131r\u0131c\u0131l\u0131k veya hileli yanl\u0131\u015f beyandan dolay\u0131 bizim veya sizin sorumlulu\u011funuzu s\u0131n\u0131rland\u0131rmak veya hari\u00e7 tutmak;<br \/>- Bizim veya sizin y\u00fck\u00fcml\u00fcl\u00fcklerinizden herhangi birini y\u00fcr\u00fcrl\u00fckteki yasalar kapsam\u0131nda izin verilmeyen herhangi bir \u015fekilde s\u0131n\u0131rland\u0131rmak; veya<br \/>- Y\u00fcr\u00fcrl\u00fckteki yasalar uyar\u0131nca hari\u00e7 tutulamayacak olan bizim veya sizin y\u00fck\u00fcml\u00fcl\u00fcklerinizi hari\u00e7 tutmak.<\/p><p>Bu B\u00f6l\u00fcmde ve bu feragatnamenin ba\u015fka yerlerinde belirtilen sorumluluk s\u0131n\u0131rlamalar\u0131 ve yasaklar\u0131: (a) bir \u00f6nceki paragrafa tabidir; ve (b) s\u00f6zle\u015fmeden, haks\u0131z fiilden ve yasal g\u00f6revin ihlalinden do\u011fan y\u00fck\u00fcml\u00fcl\u00fckler de dahil olmak \u00fczere feragatname kapsam\u0131nda ortaya \u00e7\u0131kan t\u00fcm y\u00fck\u00fcml\u00fcl\u00fckleri y\u00f6netir.<\/p><p>Web sitesi ve web sitesindeki bilgi ve hizmetler \u00fccretsiz olarak sa\u011fland\u0131\u011f\u0131 s\u00fcrece, herhangi bir kay\u0131p veya zarardan sorumlu olmayaca\u011f\u0131z.<\/p>\t\t\t\t\t\t\t\t<\/div>\n\t\t\t\t<\/div>\n\t\t\t\t\t<\/div>\n\t\t\t\t<\/div>\n\t\t<div class=\"elementor-element elementor-element-1aa4a921 e-con-full e-flex e-con e-parent\" data-id=\"1aa4a921\" data-element_type=\"container\" data-e-type=\"container\">\n\t\t<div class=\"elementor-element elementor-element-475459a8 e-con-full e-flex e-con e-child\" data-id=\"475459a8\" data-element_type=\"container\" data-e-type=\"container\">\n\t\t\t\t<div class=\"elementor-element elementor-element-2d325b8a elementor-widget elementor-widget-image\" data-id=\"2d325b8a\" data-element_type=\"widget\" data-e-type=\"widget\" data-widget_type=\"image.default\">\n\t\t\t\t<div class=\"elementor-widget-container\">\n\t\t\t\t\t\t\t\t\t\t\t\t\t\t\t<img loading=\"lazy\" decoding=\"async\" width=\"150\" height=\"150\" src=\"https:\/\/www.lqcompany.com\/wp-content\/uploads\/2024\/04\/lq_army_logo-1-150x150.png\" class=\"attachment-thumbnail size-thumbnail wp-image-1442\" alt=\"lq_army_logo\" srcset=\"https:\/\/www.lqcompany.com\/wp-content\/uploads\/2024\/04\/lq_army_logo-1-150x150.png 150w, https:\/\/www.lqcompany.com\/wp-content\/uploads\/2024\/04\/lq_army_logo-1-12x12.png 12w, https:\/\/www.lqcompany.com\/wp-content\/uploads\/2024\/04\/lq_army_logo-1.png 200w\" sizes=\"auto, (max-width: 150px) 100vw, 150px\" \/>\t\t\t\t\t\t\t\t\t\t\t\t\t\t\t<\/div>\n\t\t\t\t<\/div>\n\t\t\t\t<\/div>\n\t\t<div class=\"elementor-element elementor-element-7705a737 e-con-full e-flex e-con e-child\" data-id=\"7705a737\" data-element_type=\"container\" data-e-type=\"container\">\n\t\t\t\t<div class=\"elementor-element elementor-element-47b982c4 elementor-widget elementor-widget-heading\" data-id=\"47b982c4\" data-element_type=\"widget\" data-e-type=\"widget\" data-widget_type=\"heading.default\">\n\t\t\t\t<div class=\"elementor-widget-container\">\n\t\t\t\t\t<h2 class=\"elementor-heading-title elementor-size-default\">Taktik Te\u00e7hizatta G\u00fcvenilir \u0130smi Se\u00e7in: L&amp;Q<\/h2>\t\t\t\t<\/div>\n\t\t\t\t<\/div>\n\t\t\t\t<div class=\"elementor-element elementor-element-5ef53ee5 elementor-widget elementor-widget-text-editor\" data-id=\"5ef53ee5\" data-element_type=\"widget\" data-e-type=\"widget\" data-widget_type=\"text-editor.default\">\n\t\t\t\t<div class=\"elementor-widget-container\">\n\t\t\t\t\t\t\t\t\t<p>\u00dcst\u00fcn Ekipman \u00c7\u00f6z\u00fcmleri i\u00e7in G\u00fcvenilir Orta\u011f\u0131n\u0131z<\/p>\t\t\t\t\t\t\t\t<\/div>\n\t\t\t\t<\/div>\n\t\t\t\t<\/div>\n\t\t<div class=\"elementor-element elementor-element-5297cf20 e-con-full e-flex e-con e-child\" data-id=\"5297cf20\" data-element_type=\"container\" data-e-type=\"container\">\n\t\t\t\t<div class=\"elementor-element elementor-element-6b7fe368 elementor-position-top elementor-widget elementor-widget-image-box\" data-id=\"6b7fe368\" data-element_type=\"widget\" data-e-type=\"widget\" data-widget_type=\"image-box.default\">\n\t\t\t\t<div class=\"elementor-widget-container\">\n\t\t\t\t\t<div class=\"elementor-image-box-wrapper\"><figure class=\"elementor-image-box-img\"><img loading=\"lazy\" decoding=\"async\" width=\"352\" height=\"185\" src=\"https:\/\/www.lqcompany.com\/wp-content\/uploads\/2024\/04\/u30186643243330800651fm253fmtautoapp138fJPEG.jpg\" class=\"attachment-full size-full wp-image-2373\" alt=\"\" srcset=\"https:\/\/www.lqcompany.com\/wp-content\/uploads\/2024\/04\/u30186643243330800651fm253fmtautoapp138fJPEG-300x158.jpg 300w, https:\/\/www.lqcompany.com\/wp-content\/uploads\/2024\/04\/u30186643243330800651fm253fmtautoapp138fJPEG-18x9.jpg 18w, https:\/\/www.lqcompany.com\/wp-content\/uploads\/2024\/04\/u30186643243330800651fm253fmtautoapp138fJPEG.jpg 352w\" sizes=\"auto, (max-width: 352px) 100vw, 352px\" \/><\/figure><div class=\"elementor-image-box-content\"><p class=\"elementor-image-box-title\">Kaliforniya (Ofisler ve depolar)<\/p><p class=\"elementor-image-box-description\">1951 S Parco Ave Unit E Ontario CA 91761, ABD<\/p><\/div><\/div>\t\t\t\t<\/div>\n\t\t\t\t<\/div>\n\t\t\t\t<div class=\"elementor-element elementor-element-1ea5ca4f elementor-widget elementor-widget-heading\" data-id=\"1ea5ca4f\" data-element_type=\"widget\" data-e-type=\"widget\" data-widget_type=\"heading.default\">\n\t\t\t\t<div class=\"elementor-widget-container\">\n\t\t\t\t\t<p class=\"elementor-heading-title elementor-size-default\">Teksas (Ofisler ve depolar)<\/p>\t\t\t\t<\/div>\n\t\t\t\t<\/div>\n\t\t\t\t<div class=\"elementor-element elementor-element-b87c48d elementor-widget elementor-widget-text-editor\" data-id=\"b87c48d\" data-element_type=\"widget\" data-e-type=\"widget\" data-widget_type=\"text-editor.default\">\n\t\t\t\t<div class=\"elementor-widget-container\">\n\t\t\t\t\t\t\t\t\t<p>4755 Alpine Drive, Suite 125, Stafford, TX77477, ABD<\/p>\t\t\t\t\t\t\t\t<\/div>\n\t\t\t\t<\/div>\n\t\t\t\t<\/div>\n\t\t<div class=\"elementor-element elementor-element-24c13391 e-con-full e-flex e-con e-child\" data-id=\"24c13391\" data-element_type=\"container\" data-e-type=\"container\">\n\t\t\t\t<div class=\"elementor-element elementor-element-19c7e7ef elementor-position-top elementor-widget elementor-widget-image-box\" data-id=\"19c7e7ef\" data-element_type=\"widget\" data-e-type=\"widget\" data-widget_type=\"image-box.default\">\n\t\t\t\t<div class=\"elementor-widget-container\">\n\t\t\t\t\t<div class=\"elementor-image-box-wrapper\"><figure class=\"elementor-image-box-img\"><img loading=\"lazy\" decoding=\"async\" width=\"536\" height=\"357\" src=\"https:\/\/www.lqcompany.com\/wp-content\/uploads\/2024\/04\/d0c8a786c9177f3e67097eaf9c852cc79f3df8dcf874.png\" class=\"attachment-full size-full wp-image-2374\" alt=\"\" srcset=\"https:\/\/www.lqcompany.com\/wp-content\/uploads\/2024\/04\/d0c8a786c9177f3e67097eaf9c852cc79f3df8dcf874-300x200.png 300w, https:\/\/www.lqcompany.com\/wp-content\/uploads\/2024\/04\/d0c8a786c9177f3e67097eaf9c852cc79f3df8dcf874-18x12.png 18w, https:\/\/www.lqcompany.com\/wp-content\/uploads\/2024\/04\/d0c8a786c9177f3e67097eaf9c852cc79f3df8dcf874.png 536w\" sizes=\"auto, (max-width: 536px) 100vw, 536px\" \/><\/figure><div class=\"elementor-image-box-content\"><p class=\"elementor-image-box-title\">\u00c7in (At\u00f6lye ve ofis)<\/p><p class=\"elementor-image-box-description\">No.368, HaoXin Binas\u0131, ChongHong Caddesi, Quanzhou \u015eehri, Fujian Eyaleti<\/p><\/div><\/div>\t\t\t\t<\/div>\n\t\t\t\t<\/div>\n\t\t\t\t<div class=\"elementor-element elementor-element-493cb81 elementor-widget elementor-widget-heading\" data-id=\"493cb81\" data-element_type=\"widget\" data-e-type=\"widget\" data-widget_type=\"heading.default\">\n\t\t\t\t<div class=\"elementor-widget-container\">\n\t\t\t\t\t<p class=\"elementor-heading-title elementor-size-default\">Vietnam (ofis ve at\u00f6lye)<\/p>\t\t\t\t<\/div>\n\t\t\t\t<\/div>\n\t\t\t\t<div class=\"elementor-element elementor-element-48bf693 elementor-widget elementor-widget-text-editor\" data-id=\"48bf693\" data-element_type=\"widget\" data-e-type=\"widget\" data-widget_type=\"text-editor.default\">\n\t\t\t\t<div class=\"elementor-widget-container\">\n\t\t\t\t\t\t\t\t\t<p>\u00c7ok Yak\u0131nda<\/p>\t\t\t\t\t\t\t\t<\/div>\n\t\t\t\t<\/div>\n\t\t\t\t<\/div>\n\t\t<div class=\"elementor-element elementor-element-8b326f2 e-con-full e-flex e-con e-child\" data-id=\"8b326f2\" data-element_type=\"container\" data-e-type=\"container\">\n\t\t\t\t<div class=\"elementor-element elementor-element-2893ee6f elementor-widget elementor-widget-heading\" data-id=\"2893ee6f\" data-element_type=\"widget\" data-e-type=\"widget\" data-widget_type=\"heading.default\">\n\t\t\t\t<div class=\"elementor-widget-container\">\n\t\t\t\t\t<h2 class=\"elementor-heading-title elementor-size-default\">Sat\u0131\u015f &amp; Fiyat Teklifi<\/h2>\t\t\t\t<\/div>\n\t\t\t\t<\/div>\n\t\t\t\t<div class=\"elementor-element elementor-element-2f836a71 elementor-widget elementor-widget-text-editor\" data-id=\"2f836a71\" data-element_type=\"widget\" data-e-type=\"widget\" data-widget_type=\"text-editor.default\">\n\t\t\t\t<div class=\"elementor-widget-container\">\n\t\t\t\t\t\t\t\t\t<p><a href=\"mailto:xixi@aetgear.com\">xixi@aetgear.com<\/a><\/p>\t\t\t\t\t\t\t\t<\/div>\n\t\t\t\t<\/div>\n\t\t\t\t<div class=\"elementor-element elementor-element-7176a130 elementor-widget elementor-widget-heading\" data-id=\"7176a130\" data-element_type=\"widget\" data-e-type=\"widget\" data-widget_type=\"heading.default\">\n\t\t\t\t<div class=\"elementor-widget-container\">\n\t\t\t\t\t<h2 class=\"elementor-heading-title elementor-size-default\">Genel sorular<\/h2>\t\t\t\t<\/div>\n\t\t\t\t<\/div>\n\t\t\t\t<div class=\"elementor-element elementor-element-6d0e9953 elementor-widget elementor-widget-text-editor\" data-id=\"6d0e9953\" data-element_type=\"widget\" data-e-type=\"widget\" data-widget_type=\"text-editor.default\">\n\t\t\t\t<div class=\"elementor-widget-container\">\n\t\t\t\t\t\t\t\t\t<p><a href=\"mailto:sisii@lqcompany.com\" rel=\"nofollow\">sisii@lqcompany.com<\/a><\/p>\t\t\t\t\t\t\t\t<\/div>\n\t\t\t\t<\/div>\n\t\t\t\t<div class=\"elementor-element elementor-element-741847d5 elementor-widget elementor-widget-heading\" data-id=\"741847d5\" data-element_type=\"widget\" data-e-type=\"widget\" data-widget_type=\"heading.default\">\n\t\t\t\t<div class=\"elementor-widget-container\">\n\t\t\t\t\t<h2 class=\"elementor-heading-title elementor-size-default\">\u015eikayetler &amp; \u00d6neriler<\/h2>\t\t\t\t<\/div>\n\t\t\t\t<\/div>\n\t\t\t\t<div class=\"elementor-element elementor-element-741db32f elementor-widget elementor-widget-text-editor\" data-id=\"741db32f\" data-element_type=\"widget\" data-e-type=\"widget\" data-widget_type=\"text-editor.default\">\n\t\t\t\t<div class=\"elementor-widget-container\">\n\t\t\t\t\t\t\t\t\t<p><a href=\"mailto:info@aetgear.com\">info@aetgear.com<\/a><\/p>\t\t\t\t\t\t\t\t<\/div>\n\t\t\t\t<\/div>\n\t\t\t\t<\/div>\n\t\t\t\t<\/div>\n\t\t\t\t<\/div>","protected":false},"excerpt":{"rendered":"<p>Terms &#038; Conditions Welcome to L&amp;Q ARMY&#8217;s website\uff08www.lqompany.com\uff09. By accessing or using this website, you agree to comply with and be bound by the following terms and conditions. Please read them carefully before using our site. 1. Introduction These terms and conditions outline the rules and regulations for the use of L&amp;Q ARMY&#8217;s Website. By [&hellip;]<\/p>\n","protected":false},"author":1,"featured_media":0,"parent":0,"menu_order":0,"comment_status":"closed","ping_status":"open","template":"","meta":{"_acf_changed":false,"footnotes":""},"class_list":["post-3736","page","type-page","status-publish","hentry"],"blocksy_meta":[],"acf":[],"_links":{"self":[{"href":"https:\/\/www.lqcompany.com\/tr\/wp-json\/wp\/v2\/pages\/3736","targetHints":{"allow":["GET"]}}],"collection":[{"href":"https:\/\/www.lqcompany.com\/tr\/wp-json\/wp\/v2\/pages"}],"about":[{"href":"https:\/\/www.lqcompany.com\/tr\/wp-json\/wp\/v2\/types\/page"}],"author":[{"embeddable":true,"href":"https:\/\/www.lqcompany.com\/tr\/wp-json\/wp\/v2\/users\/1"}],"replies":[{"embeddable":true,"href":"https:\/\/www.lqcompany.com\/tr\/wp-json\/wp\/v2\/comments?post=3736"}],"version-history":[{"count":0,"href":"https:\/\/www.lqcompany.com\/tr\/wp-json\/wp\/v2\/pages\/3736\/revisions"}],"wp:attachment":[{"href":"https:\/\/www.lqcompany.com\/tr\/wp-json\/wp\/v2\/media?parent=3736"}],"curies":[{"name":"wp","href":"https:\/\/api.w.org\/{rel}","templated":true}]}}