{"id":967,"date":"2022-08-31T07:14:53","date_gmt":"2022-08-31T07:14:53","guid":{"rendered":"https:\/\/demo.creativethemes.com\/elementor\/charity\/?page_id=967"},"modified":"2025-07-03T08:29:57","modified_gmt":"2025-07-03T08:29:57","slug":"portfolio","status":"publish","type":"page","link":"https:\/\/www.lqcompany.com\/sv\/portfolio\/","title":{"rendered":"Portf\u00f6lj"},"content":{"rendered":"<div data-elementor-type=\"wp-page\" data-elementor-id=\"967\" class=\"elementor elementor-967\" data-elementor-settings=\"{&quot;ha_cmc_init_switcher&quot;:&quot;no&quot;}\" data-elementor-post-type=\"page\">\n\t\t\t\t\t\t<section class=\"elementor-section elementor-top-section elementor-element elementor-element-2122f9d9 elementor-section-height-min-height elementor-section-boxed elementor-section-height-default elementor-section-items-middle\" data-id=\"2122f9d9\" data-element_type=\"section\" data-e-type=\"section\" data-settings=\"{&quot;background_background&quot;:&quot;classic&quot;}\">\n\t\t\t\t\t\t\t<div class=\"elementor-background-overlay\"><\/div>\n\t\t\t\t\t\t\t<div class=\"elementor-container elementor-column-gap-default\">\n\t\t\t\t\t<div class=\"elementor-column elementor-col-50 elementor-top-column elementor-element elementor-element-120d904a\" data-id=\"120d904a\" data-element_type=\"column\" data-e-type=\"column\" data-settings=\"{&quot;background_background&quot;:&quot;classic&quot;}\">\n\t\t\t<div class=\"elementor-widget-wrap elementor-element-populated\">\n\t\t\t\t\t\t<div class=\"elementor-element elementor-element-52740acb elementor-widget elementor-widget-heading\" data-id=\"52740acb\" data-element_type=\"widget\" data-e-type=\"widget\" data-widget_type=\"heading.default\">\n\t\t\t\t<div class=\"elementor-widget-container\">\n\t\t\t\t\t<h1 class=\"elementor-heading-title elementor-size-default\">Portf\u00f6lj med taktisk utrustning<\/h1>\t\t\t\t<\/div>\n\t\t\t\t<\/div>\n\t\t\t\t<div class=\"elementor-element elementor-element-2a6f8cba elementor-mobile-align-left elementor-widget elementor-widget-button\" data-id=\"2a6f8cba\" data-element_type=\"widget\" data-e-type=\"widget\" data-widget_type=\"button.default\">\n\t\t\t\t<div class=\"elementor-widget-container\">\n\t\t\t\t\t\t\t\t\t<div class=\"elementor-button-wrapper\">\n\t\t\t\t\t<a class=\"elementor-button elementor-button-link elementor-size-sm elementor-animation-grow\" href=\"#elementor-action%3Aaction%3Dpopup%3Aopen%26settings%3DeyJpZCI6IjM4MDIiLCJ0b2dnbGUiOmZhbHNlfQ%3D%3D\">\n\t\t\t\t\t\t<span class=\"elementor-button-content-wrapper\">\n\t\t\t\t\t\t\t\t\t<span class=\"elementor-button-text\">Fr\u00e5ga nu<\/span>\n\t\t\t\t\t<\/span>\n\t\t\t\t\t<\/a>\n\t\t\t\t<\/div>\n\t\t\t\t\t\t\t\t<\/div>\n\t\t\t\t<\/div>\n\t\t\t\t\t<\/div>\n\t\t<\/div>\n\t\t\t\t<div class=\"elementor-column elementor-col-50 elementor-top-column elementor-element elementor-element-7100a45e\" data-id=\"7100a45e\" data-element_type=\"column\" data-e-type=\"column\">\n\t\t\t<div class=\"elementor-widget-wrap elementor-element-populated\">\n\t\t\t\t\t\t<div class=\"elementor-element elementor-element-6432668c elementor-widget elementor-widget-text-editor\" data-id=\"6432668c\" data-element_type=\"widget\" data-e-type=\"widget\" data-widget_type=\"text-editor.default\">\n\t\t\t\t<div class=\"elementor-widget-container\">\n\t\t\t\t\t\t\t\t\t<p><a href=\"https:\/\/lqcompany.com\/\" target=\"_blank\" rel=\"noopener\">Hem<\/a> &gt; Resurser &gt; Portf\u00f6lj<\/p>\t\t\t\t\t\t\t\t<\/div>\n\t\t\t\t<\/div>\n\t\t\t\t\t<\/div>\n\t\t<\/div>\n\t\t\t\t\t<\/div>\n\t\t<\/section>\n\t\t<div class=\"elementor-element elementor-element-a73e5f7 e-flex e-con-boxed e-con e-parent\" data-id=\"a73e5f7\" data-element_type=\"container\" data-e-type=\"container\">\n\t\t\t\t\t<div class=\"e-con-inner\">\n\t\t<div class=\"elementor-element elementor-element-7b8ed7e e-con-full e-flex e-con e-child\" data-id=\"7b8ed7e\" data-element_type=\"container\" data-e-type=\"container\">\n\t\t\t\t<div class=\"elementor-element elementor-element-73d9737 ha-pre--top elementor-widget elementor-widget-ha-hover-box happy-addon ha-hover-box happy-addon-pro\" data-id=\"73d9737\" data-element_type=\"widget\" data-e-type=\"widget\" data-widget_type=\"ha-hover-box.default\">\n\t\t\t\t<div class=\"elementor-widget-container\">\n\t\t\t\t\t\n                    <a class=\"ha-flip-btn\" href=\"https:\/\/www.lqcompany.com\/sv\/tactical-backpack\/30l-molle-army-assault-backpack\/\">\n        \n            <div class=\"ha-hover-box-main\">\n                <div class=\"ha-hover-box-wrapper reverse\">\n                    <div class=\"ha-hover-box-content\">\n\n                        \n                        <div>\n                            <p class=\"ha-hover-title\">MOLLE ryggs\u00e4ck f\u00f6r arm\u00e9anfall<\/p>\n                                                            <p class=\"ha-hover-description\">\n                                    perfekt f\u00f6r brottsbek\u00e4mpning och friluftsentusiaster. Ryggs\u00e4cken har fyra expanderbara fack som ger upp till 30 liters f\u00f6rvaring.                                <\/p>\n                                                    <\/div>\n                    <\/div>\n                <\/div>\n            <\/div>\n                   <\/a>\n        \n        \t\t\t\t<\/div>\n\t\t\t\t<\/div>\n\t\t<div class=\"elementor-element elementor-element-c61415b e-grid e-con-boxed e-con e-child\" data-id=\"c61415b\" data-element_type=\"container\" data-e-type=\"container\">\n\t\t\t\t\t<div class=\"e-con-inner\">\n\t\t\t\t<div class=\"elementor-element elementor-element-36804ff ha-pre--top elementor-widget elementor-widget-ha-hover-box happy-addon ha-hover-box happy-addon-pro\" data-id=\"36804ff\" data-element_type=\"widget\" data-e-type=\"widget\" data-widget_type=\"ha-hover-box.default\">\n\t\t\t\t<div class=\"elementor-widget-container\">\n\t\t\t\t\t\n        \n            <div class=\"ha-hover-box-main\">\n                <div class=\"ha-hover-box-wrapper reverse\">\n                    <div class=\"ha-hover-box-content\">\n\n                        \n                        <div>\n                            <h4 class=\"ha-hover-title\">Milit\u00e4r Sling Bag<\/h4>\n                                                    <\/div>\n                    <\/div>\n                <\/div>\n            <\/div>\n        \n        \t\t\t\t<\/div>\n\t\t\t\t<\/div>\n\t\t\t\t<div class=\"elementor-element elementor-element-bb97f16 ha-pre--top elementor-widget elementor-widget-ha-hover-box happy-addon ha-hover-box happy-addon-pro\" data-id=\"bb97f16\" data-element_type=\"widget\" data-e-type=\"widget\" data-widget_type=\"ha-hover-box.default\">\n\t\t\t\t<div class=\"elementor-widget-container\">\n\t\t\t\t\t\n        \n            <div class=\"ha-hover-box-main\">\n                <div class=\"ha-hover-box-wrapper reverse\">\n                    <div class=\"ha-hover-box-content\">\n\n                        \n                        <div>\n                            <h4 class=\"ha-hover-title\">Ryggs\u00e4ck med intern ram<\/h4>\n                                                            <p class=\"ha-hover-description\">\n                                    Den \u00e4r tillverkad av t\u00e5ligt 900D Oxford-tyg och har gott om f\u00f6rvaringsutrymme, justerbara remmar och en f\u00f6rst\u00e4rkt metallram f\u00f6r utm\u00e4rkt viktf\u00f6rdelning.                                 <\/p>\n                                                    <\/div>\n                    <\/div>\n                <\/div>\n            <\/div>\n        \n        \t\t\t\t<\/div>\n\t\t\t\t<\/div>\n\t\t\t\t\t<\/div>\n\t\t\t\t<\/div>\n\t\t<div class=\"elementor-element elementor-element-8a23173 e-flex e-con-boxed e-con e-child\" data-id=\"8a23173\" data-element_type=\"container\" data-e-type=\"container\">\n\t\t\t\t\t<div class=\"e-con-inner\">\n\t\t\t\t<div class=\"elementor-element elementor-element-82e3c0e ha-pre--top elementor-widget elementor-widget-ha-hover-box happy-addon ha-hover-box happy-addon-pro\" data-id=\"82e3c0e\" data-element_type=\"widget\" data-e-type=\"widget\" data-widget_type=\"ha-hover-box.default\">\n\t\t\t\t<div class=\"elementor-widget-container\">\n\t\t\t\t\t\n                    <a class=\"ha-flip-btn\" href=\"https:\/\/www.lqcompany.com\/sv\/modular-pouches\/triple-pistol-mag-pouch-molle\/\">\n        \n            <div class=\"ha-hover-box-main\">\n                <div class=\"ha-hover-box-wrapper reverse\">\n                    <div class=\"ha-hover-box-content\">\n\n                        \n                        <div>\n                            <h4 class=\"ha-hover-title\">Trippel pistolmagasinv\u00e4ska Molle<\/h4>\n                                                    <\/div>\n                    <\/div>\n                <\/div>\n            <\/div>\n                   <\/a>\n        \n        \t\t\t\t<\/div>\n\t\t\t\t<\/div>\n\t\t\t\t\t<\/div>\n\t\t\t\t<\/div>\n\t\t\t\t<\/div>\n\t\t<div class=\"elementor-element elementor-element-741c0a2 e-con-full e-flex e-con e-child\" data-id=\"741c0a2\" data-element_type=\"container\" data-e-type=\"container\">\n\t\t<div class=\"elementor-element elementor-element-480882f e-grid e-con-boxed e-con e-child\" data-id=\"480882f\" data-element_type=\"container\" data-e-type=\"container\">\n\t\t\t\t\t<div class=\"e-con-inner\">\n\t\t\t\t<div class=\"elementor-element elementor-element-bc05d96 ha-pre--top elementor-widget elementor-widget-ha-hover-box happy-addon ha-hover-box happy-addon-pro\" data-id=\"bc05d96\" data-element_type=\"widget\" data-e-type=\"widget\" data-widget_type=\"ha-hover-box.default\">\n\t\t\t\t<div class=\"elementor-widget-container\">\n\t\t\t\t\t\n                    <a class=\"ha-flip-btn\" href=\"https:\/\/www.lqcompany.com\/tactical-backpack\/tactical-sling-backpack\/\">\n        \n            <div class=\"ha-hover-box-main\">\n                <div class=\"ha-hover-box-wrapper reverse\">\n                    <div class=\"ha-hover-box-content\">\n\n                        \n                        <div>\n                            <p class=\"ha-hover-title\">Taktisk ryggs\u00e4ck med b\u00e4rsele<\/p>\n                                                            <p class=\"ha-hover-description\">\n                                    Den h\u00e4r taktiska ryggs\u00e4cken \u00e4r tillverkad av slitstark 600D polyester, vilket g\u00f6r den l\u00e4tt, rymlig och vattenavvisande.                                <\/p>\n                                                    <\/div>\n                    <\/div>\n                <\/div>\n            <\/div>\n                   <\/a>\n        \n        \t\t\t\t<\/div>\n\t\t\t\t<\/div>\n\t\t\t\t<div class=\"elementor-element elementor-element-f45027e ha-pre--top elementor-widget elementor-widget-ha-hover-box happy-addon ha-hover-box happy-addon-pro\" data-id=\"f45027e\" data-element_type=\"widget\" data-e-type=\"widget\" data-widget_type=\"ha-hover-box.default\">\n\t\t\t\t<div class=\"elementor-widget-container\">\n\t\t\t\t\t\n        \n            <div class=\"ha-hover-box-main\">\n                <div class=\"ha-hover-box-wrapper reverse\">\n                    <div class=\"ha-hover-box-content\">\n\n                        \n                        <div>\n                            <h4 class=\"ha-hover-title\">EDC taktisk v\u00e4ska med sling<\/h4>\n                                                            <p class=\"ha-hover-description\">\n                                    Denna taktiska EDC-slingv\u00e4ska \u00e4r utformad f\u00f6r dig som beh\u00f6ver snabb \u00e5tkomst till viktiga f\u00f6rem\u00e5l n\u00e4r du r\u00f6r dig.                                <\/p>\n                                                    <\/div>\n                    <\/div>\n                <\/div>\n            <\/div>\n        \n        \t\t\t\t<\/div>\n\t\t\t\t<\/div>\n\t\t\t\t\t<\/div>\n\t\t\t\t<\/div>\n\t\t\t\t<div class=\"elementor-element elementor-element-e3cff3a ha-pre--top elementor-widget elementor-widget-ha-hover-box happy-addon ha-hover-box happy-addon-pro\" data-id=\"e3cff3a\" data-element_type=\"widget\" data-e-type=\"widget\" data-widget_type=\"ha-hover-box.default\">\n\t\t\t\t<div class=\"elementor-widget-container\">\n\t\t\t\t\t\n                    <a class=\"ha-flip-btn\" href=\"https:\/\/www.lqcompany.com\/sv\/tactical-backpack\/tactical-laptop-backpack\/\">\n        \n            <div class=\"ha-hover-box-main\">\n                <div class=\"ha-hover-box-wrapper reverse\">\n                    <div class=\"ha-hover-box-content\">\n\n                        \n                        <div>\n                            <h4 class=\"ha-hover-title\">Taktisk ryggs\u00e4ck f\u00f6r b\u00e4rbar dator<\/h4>\n                                                            <p class=\"ha-hover-description\">\n                                    Den h\u00e4r ryggs\u00e4cken \u00e4r idealisk f\u00f6r stadspendlare, friluftsentusiaster och alla som beh\u00f6ver en p\u00e5litlig vardagsv\u00e4ska och rymmer bekv\u00e4mt en b\u00e4rbar dator och andra viktiga saker.                                <\/p>\n                                                    <\/div>\n                    <\/div>\n                <\/div>\n            <\/div>\n                   <\/a>\n        \n        \t\t\t\t<\/div>\n\t\t\t\t<\/div>\n\t\t\t\t<div class=\"elementor-element elementor-element-69b887b ha-pre--top elementor-widget elementor-widget-ha-hover-box happy-addon ha-hover-box happy-addon-pro\" data-id=\"69b887b\" data-element_type=\"widget\" data-e-type=\"widget\" data-widget_type=\"ha-hover-box.default\">\n\t\t\t\t<div class=\"elementor-widget-container\">\n\t\t\t\t\t\n        \n            <div class=\"ha-hover-box-main\">\n                <div class=\"ha-hover-box-wrapper reverse\">\n                    <div class=\"ha-hover-box-content\">\n\n                        \n                        <div>\n                            <h4 class=\"ha-hover-title\">Plattb\u00e4rare f\u00f6r milit\u00e4rv\u00e4star<\/h4>\n                                                    <\/div>\n                    <\/div>\n                <\/div>\n            <\/div>\n        \n        \t\t\t\t<\/div>\n\t\t\t\t<\/div>\n\t\t\t\t<\/div>\n\t\t\t\t\t<\/div>\n\t\t\t\t<\/div>\n\t\t<div class=\"elementor-element elementor-element-e25c185 e-flex e-con-boxed e-con e-parent\" data-id=\"e25c185\" data-element_type=\"container\" data-e-type=\"container\">\n\t\t\t\t\t<div class=\"e-con-inner\">\n\t\t<div class=\"elementor-element elementor-element-312dc6c e-con-full e-flex e-con e-child\" data-id=\"312dc6c\" data-element_type=\"container\" data-e-type=\"container\">\n\t\t<div class=\"elementor-element elementor-element-ffa3f0e e-grid e-con-boxed e-con e-child\" data-id=\"ffa3f0e\" data-element_type=\"container\" data-e-type=\"container\">\n\t\t\t\t\t<div class=\"e-con-inner\">\n\t\t\t\t<div class=\"elementor-element elementor-element-50f2253 ha-pre--top elementor-widget elementor-widget-ha-hover-box happy-addon ha-hover-box happy-addon-pro\" data-id=\"50f2253\" data-element_type=\"widget\" data-e-type=\"widget\" data-widget_type=\"ha-hover-box.default\">\n\t\t\t\t<div class=\"elementor-widget-container\">\n\t\t\t\t\t\n                    <a class=\"ha-flip-btn\" href=\"https:\/\/www.lqcompany.com\/sv\/tactical-vest\/plate-carrier-for-airsoft\/\">\n        \n            <div class=\"ha-hover-box-main\">\n                <div class=\"ha-hover-box-wrapper reverse\">\n                    <div class=\"ha-hover-box-content\">\n\n                        \n                        <div>\n                            <h4 class=\"ha-hover-title\">Plattb\u00e4rare f\u00f6r airsoft<\/h4>\n                                                            <p class=\"ha-hover-description\">\n                                    Denna pl\u00e5tb\u00e4rare f\u00f6r airsoft \u00e4r utrustad med flera modul\u00e4ra fickor som ger snabb \u00e5tkomst till magasin och viktig utrustning under airsoftstrider.                                <\/p>\n                                                    <\/div>\n                    <\/div>\n                <\/div>\n            <\/div>\n                   <\/a>\n        \n        \t\t\t\t<\/div>\n\t\t\t\t<\/div>\n\t\t\t\t<div class=\"elementor-element elementor-element-e5eba49 ha-pre--top elementor-widget elementor-widget-ha-hover-box happy-addon ha-hover-box happy-addon-pro\" data-id=\"e5eba49\" data-element_type=\"widget\" data-e-type=\"widget\" data-widget_type=\"ha-hover-box.default\">\n\t\t\t\t<div class=\"elementor-widget-container\">\n\t\t\t\t\t\n                    <a class=\"ha-flip-btn\" href=\"https:\/\/www.lqcompany.com\/sv\/tactical-vest\/load-bearing-chest-rig\/\">\n        \n            <div class=\"ha-hover-box-main\">\n                <div class=\"ha-hover-box-wrapper reverse\">\n                    <div class=\"ha-hover-box-content\">\n\n                        \n                        <div>\n                            <h4 class=\"ha-hover-title\">Lastb\u00e4rande br\u00f6stkorgsrigg<\/h4>\n                                                            <p class=\"ha-hover-description\">\n                                    Denna lastb\u00e4rande br\u00f6strigg \u00e4r en mycket funktionell och robust taktisk l\u00f6sning, utformad f\u00f6r maximal organisering av utrustning och r\u00f6rlighet i kr\u00e4vande milj\u00f6er.                                <\/p>\n                                                    <\/div>\n                    <\/div>\n                <\/div>\n            <\/div>\n                   <\/a>\n        \n        \t\t\t\t<\/div>\n\t\t\t\t<\/div>\n\t\t\t\t\t<\/div>\n\t\t\t\t<\/div>\n\t\t\t\t<div class=\"elementor-element elementor-element-be353a1 ha-pre--top elementor-widget elementor-widget-ha-hover-box happy-addon ha-hover-box happy-addon-pro\" data-id=\"be353a1\" data-element_type=\"widget\" data-e-type=\"widget\" data-widget_type=\"ha-hover-box.default\">\n\t\t\t\t<div class=\"elementor-widget-container\">\n\t\t\t\t\t\n                    <a class=\"ha-flip-btn\" href=\"https:\/\/www.lqcompany.com\/sv\/tactical-backpack\/80l-large-military-rucksack-with-frame\/\">\n        \n            <div class=\"ha-hover-box-main\">\n                <div class=\"ha-hover-box-wrapper reverse\">\n                    <div class=\"ha-hover-box-content\">\n\n                        \n                        <div>\n                            <h4 class=\"ha-hover-title\">Stor milit\u00e4rryggs\u00e4ck med ram<\/h4>\n                                                            <p class=\"ha-hover-description\">\n                                    med Internal Frame har tv\u00e5 aluminiumstag f\u00f6r b\u00e4ttre st\u00f6d och stabilitet.                                 <\/p>\n                                                    <\/div>\n                    <\/div>\n                <\/div>\n            <\/div>\n                   <\/a>\n        \n        \t\t\t\t<\/div>\n\t\t\t\t<\/div>\n\t\t\t\t<div class=\"elementor-element elementor-element-da77830 ha-pre--top elementor-widget elementor-widget-ha-hover-box happy-addon ha-hover-box happy-addon-pro\" data-id=\"da77830\" data-element_type=\"widget\" data-e-type=\"widget\" data-widget_type=\"ha-hover-box.default\">\n\t\t\t\t<div class=\"elementor-widget-container\">\n\t\t\t\t\t\n                    <a class=\"ha-flip-btn\" href=\"https:\/\/www.lqcompany.com\/sv\/tactical-vest\/military-grade-plate-carrier\/\">\n        \n            <div class=\"ha-hover-box-main\">\n                <div class=\"ha-hover-box-wrapper reverse\">\n                    <div class=\"ha-hover-box-content\">\n\n                        \n                        <div>\n                            <h4 class=\"ha-hover-title\">Plattb\u00e4rare av milit\u00e4r kvalitet<\/h4>\n                                                    <\/div>\n                    <\/div>\n                <\/div>\n            <\/div>\n                   <\/a>\n        \n        \t\t\t\t<\/div>\n\t\t\t\t<\/div>\n\t\t\t\t<\/div>\n\t\t<div class=\"elementor-element elementor-element-af8987f e-con-full e-flex e-con e-child\" data-id=\"af8987f\" data-element_type=\"container\" data-e-type=\"container\">\n\t\t\t\t<div class=\"elementor-element elementor-element-46d0ae1 ha-pre--top elementor-widget elementor-widget-ha-hover-box happy-addon ha-hover-box happy-addon-pro\" data-id=\"46d0ae1\" data-element_type=\"widget\" data-e-type=\"widget\" data-widget_type=\"ha-hover-box.default\">\n\t\t\t\t<div class=\"elementor-widget-container\">\n\t\t\t\t\t\n                    <a class=\"ha-flip-btn\" href=\"https:\/\/www.lqcompany.com\/sv\/gun-bags\/double-rifle-bag\/\">\n        \n            <div class=\"ha-hover-box-main\">\n                <div class=\"ha-hover-box-wrapper reverse\">\n                    <div class=\"ha-hover-box-content\">\n\n                        \n                        <div>\n                            <h4 class=\"ha-hover-title\">Dubbel gev\u00e4rsv\u00e4ska<\/h4>\n                                                            <p class=\"ha-hover-description\">\n                                    De inre skyddande hylsorna skyddar mynningen och f\u00f6rhindrar skador. Utsidan \u00e4r tillverkad av slitstarkt 600D Oxford-tyg, vilket garanterar att den klarar tuffa f\u00f6rh\u00e5llanden, medan de kraftiga plastsp\u00e4nnena och dragkedjorna med paracord ger s\u00e4ker st\u00e4ngning.                                <\/p>\n                                                    <\/div>\n                    <\/div>\n                <\/div>\n            <\/div>\n                   <\/a>\n        \n        \t\t\t\t<\/div>\n\t\t\t\t<\/div>\n\t\t<div class=\"elementor-element elementor-element-13cfabf e-grid e-con-boxed e-con e-child\" data-id=\"13cfabf\" data-element_type=\"container\" data-e-type=\"container\">\n\t\t\t\t\t<div class=\"e-con-inner\">\n\t\t\t\t<div class=\"elementor-element elementor-element-ba5321d ha-pre--top elementor-widget elementor-widget-ha-hover-box happy-addon ha-hover-box happy-addon-pro\" data-id=\"ba5321d\" data-element_type=\"widget\" data-e-type=\"widget\" data-widget_type=\"ha-hover-box.default\">\n\t\t\t\t<div class=\"elementor-widget-container\">\n\t\t\t\t\t\n        \n            <div class=\"ha-hover-box-main\">\n                <div class=\"ha-hover-box-wrapper\">\n                    <div class=\"ha-hover-box-content\">\n\n                        \n                        <div>\n                            \n                                                    <\/div>\n                    <\/div>\n                <\/div>\n            <\/div>\n        \n        \t\t\t\t<\/div>\n\t\t\t\t<\/div>\n\t\t\t\t<div class=\"elementor-element elementor-element-b21a703 ha-pre--top elementor-widget elementor-widget-ha-hover-box happy-addon ha-hover-box happy-addon-pro\" data-id=\"b21a703\" data-element_type=\"widget\" data-e-type=\"widget\" data-widget_type=\"ha-hover-box.default\">\n\t\t\t\t<div class=\"elementor-widget-container\">\n\t\t\t\t\t\n        \n            <div class=\"ha-hover-box-main\">\n                <div class=\"ha-hover-box-wrapper\">\n                    <div class=\"ha-hover-box-content\">\n\n                        \n                        <div>\n                            \n                                                    <\/div>\n                    <\/div>\n                <\/div>\n            <\/div>\n        \n        \t\t\t\t<\/div>\n\t\t\t\t<\/div>\n\t\t\t\t\t<\/div>\n\t\t\t\t<\/div>\n\t\t<div class=\"elementor-element elementor-element-e98cc3c e-flex e-con-boxed e-con e-child\" data-id=\"e98cc3c\" data-element_type=\"container\" data-e-type=\"container\">\n\t\t\t\t\t<div class=\"e-con-inner\">\n\t\t\t\t<div class=\"elementor-element elementor-element-bf0bffc ha-pre--top elementor-widget elementor-widget-ha-hover-box happy-addon ha-hover-box happy-addon-pro\" data-id=\"bf0bffc\" data-element_type=\"widget\" data-e-type=\"widget\" data-widget_type=\"ha-hover-box.default\">\n\t\t\t\t<div class=\"elementor-widget-container\">\n\t\t\t\t\t\n                    <a class=\"ha-flip-btn\" href=\"https:\/\/www.lqcompany.com\/tactical-vest\/quick-release-plate-carrier\/\">\n        \n            <div class=\"ha-hover-box-main\">\n                <div class=\"ha-hover-box-wrapper\">\n                    <div class=\"ha-hover-box-content\">\n\n                        \n                        <div>\n                            <h4 class=\"ha-hover-title\">Plattb\u00e4rare med snabbkoppling<\/h4>\n                                                    <\/div>\n                    <\/div>\n                <\/div>\n            <\/div>\n                   <\/a>\n        \n        \t\t\t\t<\/div>\n\t\t\t\t<\/div>\n\t\t\t\t\t<\/div>\n\t\t\t\t<\/div>\n\t\t\t\t<\/div>\n\t\t\t\t\t<\/div>\n\t\t\t\t<\/div>\n\t\t\t\t<\/div>","protected":false},"excerpt":{"rendered":"<p>Tactical Gear Portfolio Inquire Now Home &gt; Resources &gt; Portfolio MOLLE Army Assault Backpack perfect for law enforcement and outdoor enthusiasts. The pack has four expanding compartments that provide up to 30 liters of storage. Military Sling Bag Internal Frame Backpack Made from tough 900D Oxford cloth, it features ample storage, adjustable straps, and a [&hellip;]<\/p>\n","protected":false},"author":1,"featured_media":0,"parent":0,"menu_order":0,"comment_status":"closed","ping_status":"closed","template":"elementor_header_footer","meta":{"_acf_changed":false,"footnotes":""},"class_list":["post-967","page","type-page","status-publish","hentry"],"blocksy_meta":{"styles_descriptor":{"styles":{"desktop":"","tablet":"","mobile":""},"google_fonts":[],"version":6}},"acf":[],"_links":{"self":[{"href":"https:\/\/www.lqcompany.com\/sv\/wp-json\/wp\/v2\/pages\/967","targetHints":{"allow":["GET"]}}],"collection":[{"href":"https:\/\/www.lqcompany.com\/sv\/wp-json\/wp\/v2\/pages"}],"about":[{"href":"https:\/\/www.lqcompany.com\/sv\/wp-json\/wp\/v2\/types\/page"}],"author":[{"embeddable":true,"href":"https:\/\/www.lqcompany.com\/sv\/wp-json\/wp\/v2\/users\/1"}],"replies":[{"embeddable":true,"href":"https:\/\/www.lqcompany.com\/sv\/wp-json\/wp\/v2\/comments?post=967"}],"version-history":[{"count":5,"href":"https:\/\/www.lqcompany.com\/sv\/wp-json\/wp\/v2\/pages\/967\/revisions"}],"predecessor-version":[{"id":12552,"href":"https:\/\/www.lqcompany.com\/sv\/wp-json\/wp\/v2\/pages\/967\/revisions\/12552"}],"wp:attachment":[{"href":"https:\/\/www.lqcompany.com\/sv\/wp-json\/wp\/v2\/media?parent=967"}],"curies":[{"name":"wp","href":"https:\/\/api.w.org\/{rel}","templated":true}]}}