{"id":3887,"date":"2024-05-23T05:41:56","date_gmt":"2024-05-23T05:41:56","guid":{"rendered":"https:\/\/lqcompany.com\/?page_id=3887"},"modified":"2024-05-23T05:43:41","modified_gmt":"2024-05-23T05:43:41","slug":"careers","status":"publish","type":"page","link":"https:\/\/www.lqcompany.com\/sv\/careers\/","title":{"rendered":"Karri\u00e4r"},"content":{"rendered":"<div data-elementor-type=\"wp-page\" data-elementor-id=\"3887\" class=\"elementor elementor-3887\" data-elementor-settings=\"{&quot;ha_cmc_init_switcher&quot;:&quot;no&quot;}\" data-elementor-post-type=\"page\">\n\t\t\t\t<div class=\"elementor-element elementor-element-f4f339d e-flex e-con-boxed e-con e-parent\" data-id=\"f4f339d\" data-element_type=\"container\" data-e-type=\"container\" data-settings=\"{&quot;background_background&quot;:&quot;classic&quot;}\">\n\t\t\t\t\t<div class=\"e-con-inner\">\n\t\t\t\t<div class=\"elementor-element elementor-element-80035c5 elementor-widget elementor-widget-heading\" data-id=\"80035c5\" data-element_type=\"widget\" data-e-type=\"widget\" data-widget_type=\"heading.default\">\n\t\t\t\t<div class=\"elementor-widget-container\">\n\t\t\t\t\t<h1 class=\"elementor-heading-title elementor-size-default\">KARRI\u00c4RER<\/h1>\t\t\t\t<\/div>\n\t\t\t\t<\/div>\n\t\t\t\t\t<\/div>\n\t\t\t\t<\/div>\n\t\t<div class=\"elementor-element elementor-element-0370e5e e-flex e-con-boxed e-con e-parent\" data-id=\"0370e5e\" data-element_type=\"container\" data-e-type=\"container\">\n\t\t\t\t\t<div class=\"e-con-inner\">\n\t\t\t\t<div class=\"elementor-element elementor-element-53995dd elementor-widget elementor-widget-text-editor\" data-id=\"53995dd\" data-element_type=\"widget\" data-e-type=\"widget\" data-widget_type=\"text-editor.default\">\n\t\t\t\t<div class=\"elementor-widget-container\">\n\t\t\t\t\t\t\t\t\t<h2><strong>G\u00e5 med i LQ ARMY-teamet<\/strong><\/h2><p>P\u00e5 LQ ARMY s\u00f6ker vi engagerade medarbetare till v\u00e5rt team p\u00e5 v\u00e5r tillverkningsanl\u00e4ggning i Kalifornien. Vi erbjuder en dynamisk arbetsmilj\u00f6 med m\u00f6jligheter till tillv\u00e4xt och utveckling. Ta en titt p\u00e5 v\u00e5ra nuvarande lediga jobb nedan och l\u00e5t oss veta om du passar perfekt f\u00f6r v\u00e5rt team!<\/p><p><strong>\u00d6PPNA BEFATTNINGAR<\/strong><\/p><h3>Inspekt\u00f6r f\u00f6r kvalitetskontroll<\/h3><p><strong>Ansvarsomr\u00e5den<\/strong>:<\/p><ul><li>Utf\u00f6ra grundl\u00e4ggande och avancerad produktmontering och inspektionsprocesser med minimal handledning.<\/li><li>Utf\u00f6r kvalitetskontroll och f\u00f6rpackning med k\u00e4nsla f\u00f6r detaljer.<\/li><li>Demonstrera kunskap om m\u00f6nster, material och produktanv\u00e4ndning.<\/li><\/ul><p><strong>Kvalifikationer som kr\u00e4vs<\/strong>:<\/p><ul><li>Uppm\u00e4rksamhet p\u00e5 detaljer och f\u00f6rm\u00e5ga att lyfta upp till 50 kg.<\/li><li>Tillst\u00e5nd att arbeta i USA.<\/li><\/ul><p><strong>F\u00f6retr\u00e4desvis kvalifikationer<\/strong>:<\/p><ul><li>Sj\u00e4lvmotiverad person med utm\u00e4rkt probleml\u00f6sningsf\u00f6rm\u00e5ga.<\/li><\/ul><p><strong>Vad vi erbjuder<\/strong>:<\/p><ul><li>Sjuk-, tand-, syn- och till\u00e4ggsf\u00f6rs\u00e4kring tillg\u00e4nglig<\/li><li>Program f\u00f6r st\u00f6d till anst\u00e4llda<\/li><li>401K och betald ledighet<\/li><li>Tillv\u00e4xt och professionell utveckling<\/li><li>Unik arbetsmilj\u00f6<\/li><li>Konkurrenskraftig l\u00f6n<\/li><li>Betald semester<\/li><\/ul><p>F\u00f6r att ans\u00f6ka, v\u00e4nligen skicka din meritf\u00f6rteckning till <a href=\"mailto:jobs@lqcompany.com\">jobs@lqcompany.com<\/a>.<\/p><p>\u00a0<\/p><p>\u00a0<\/p><h3>Underh\u00e5llstekniker<\/h3><p><strong>Ansvarsomr\u00e5den<\/strong>:<\/p><ul><li>St\u00f6dja och hantera tekniska behov inom produktionsverksamheten.<\/li><li>Utf\u00f6ra f\u00f6rebyggande och reaktivt underh\u00e5ll av industriella produktionsmaskiner.<\/li><li>Hantera personal och st\u00f6dja s\u00e4kerhetsprogram.<\/li><\/ul><p><strong>Kvalifikationer som kr\u00e4vs<\/strong>:<\/p><ul><li>F\u00f6rm\u00e5ga att lyfta upp till 50 kg och arbeta 40 timmar per vecka.<\/li><li>Tillst\u00e5nd att arbeta i USA.<\/li><\/ul><p><strong>F\u00f6retr\u00e4desvis kvalifikationer<\/strong>:<\/p><ul><li>Tidigare erfarenhet av reparation och underh\u00e5ll av industrimaskiner.<\/li><\/ul><p><strong>Vad vi erbjuder<\/strong>:<\/p><ul><li>Sjuk-, tand-, syn- och till\u00e4ggsf\u00f6rs\u00e4kring tillg\u00e4nglig<\/li><li>401K och betald ledighet<\/li><li>Tillv\u00e4xt och professionell utveckling<\/li><li>Unik arbetsmilj\u00f6<\/li><li>Konkurrenskraftig l\u00f6n<\/li><li>Betald semester<\/li><\/ul><p><strong>F\u00f6r att ans\u00f6ka, v\u00e4nligen skicka din meritf\u00f6rteckning till <a href=\"mailto:jobs@lqcompany.com\">jobs@lqcompany.com<\/a>.<\/strong><\/p><p>\u00a0<\/p><p>\u00a0<\/p><h3>Representant f\u00f6r kundtj\u00e4nst<\/h3><p><strong>Ansvarsomr\u00e5den<\/strong>:<\/p><ul><li>Hantera kundf\u00f6rfr\u00e5gningar och ge snabb support.<\/li><li>Samordna med olika avdelningar f\u00f6r att s\u00e4kerst\u00e4lla kundn\u00f6jdhet.<\/li><li>Uppr\u00e4tth\u00e5lla produktkunskap och hj\u00e4lpa kunderna p\u00e5 r\u00e4tt s\u00e4tt.<\/li><\/ul><p><strong>Kvalifikationer som kr\u00e4vs<\/strong>:<\/p><ul><li>Tidigare erfarenhet av kundsupport.<\/li><li>Tillst\u00e5nd att arbeta i USA.<\/li><\/ul><p><strong>F\u00f6retr\u00e4desvis kvalifikationer<\/strong>:<\/p><ul><li>K\u00e4nnedom om plattformar f\u00f6r e-handel.<\/li><\/ul><p><strong>Vad vi erbjuder<\/strong>:<\/p><ul><li>Sjuk-, tand-, syn- och till\u00e4ggsf\u00f6rs\u00e4kring tillg\u00e4nglig<\/li><li>401K och betald ledighet<\/li><li>\u00a0Tillv\u00e4xt och professionell utveckling<\/li><li>\u00a0Unik arbetsmilj\u00f6<\/li><li>Konkurrenskraftig l\u00f6n<\/li><li>Betald semester<\/li><\/ul><p><strong>F\u00f6r att ans\u00f6ka, v\u00e4nligen skicka din meritf\u00f6rteckning till <a href=\"mailto:jobs@lqcompany.com\">jobs@lqcompany.com<\/a>.<\/strong><\/p><p>\u00a0<\/p><p>\u00a0<\/p><h3>Symaskinsoperat\u00f6r<\/h3><p><strong>Ansvarsomr\u00e5den<\/strong>:<\/p><ul><li>Utf\u00f6ra grundl\u00e4ggande s\u00f6mnadsfunktioner och uppr\u00e4tth\u00e5lla kvalitetskontroll.<\/li><li>Tolka s\u00f6mnadstekniska paket och f\u00f6lja instruktioner.<\/li><\/ul><p><strong>Kvalifikationer som kr\u00e4vs<\/strong>:<\/p><ul><li>F\u00f6rm\u00e5ga att arbeta 40 timmar i veckan och lyfta upp till 50 kg.<\/li><li>Tillst\u00e5nd att arbeta i USA.<\/li><\/ul><p><strong>F\u00f6retr\u00e4desvis kvalifikationer<\/strong>:<\/p><ul><li>Stor uppm\u00e4rksamhet p\u00e5 detaljer och organisationsf\u00f6rm\u00e5ga.<\/li><\/ul><p><strong>Vad vi erbjuder<\/strong>:<\/p><ul><li>Sjuk-, tand-, syn- och till\u00e4ggsf\u00f6rs\u00e4kring tillg\u00e4nglig<\/li><li>401K och betald ledighet<\/li><li>Tillv\u00e4xt och professionell utveckling<\/li><li>Unik arbetsmilj\u00f6<\/li><li>\u00a0Konkurrenskraftig l\u00f6n<\/li><li>Betald semester<\/li><\/ul><p><strong>F\u00f6r att ans\u00f6ka, v\u00e4nligen skicka din meritf\u00f6rteckning till <a href=\"mailto:jobs@lqcompany.com\">jobs@lqcompany.com<\/a>.<\/strong><\/p><p>\u00a0<\/p><p>\u00a0<\/p><h3>Lika m\u00f6jligheter till anst\u00e4llning<\/h3><p><strong>LQ ARMY<\/strong> \u00e4r engagerade i lika anst\u00e4llningsm\u00f6jligheter (EEO). Vi v\u00e4rdes\u00e4tter m\u00e5ngfald och diskriminerar inte anst\u00e4llda eller s\u00f6kande p\u00e5 grund av ras, trosbek\u00e4nnelse, hudf\u00e4rg, nationellt ursprung, sexuell l\u00e4ggning, funktionshinder, milit\u00e4r status, civilst\u00e5nd eller n\u00e5gon annan egenskap som skyddas av lag.<\/p>\t\t\t\t\t\t\t\t<\/div>\n\t\t\t\t<\/div>\n\t\t\t\t\t<\/div>\n\t\t\t\t<\/div>\n\t\t\t\t<\/div>","protected":false},"excerpt":{"rendered":"<p>CAREERS Join the LQ ARMY Team At LQ ARMY, we&#8217;re on the lookout for dedicated professionals to join our team at our manufacturing facility in california. We offer a dynamic work environment with opportunities for growth and development. Take a look at our current job openings below and let us know if you&#8217;re the perfect [&hellip;]<\/p>\n","protected":false},"author":1,"featured_media":0,"parent":0,"menu_order":0,"comment_status":"closed","ping_status":"closed","template":"","meta":{"_acf_changed":false,"footnotes":""},"class_list":["post-3887","page","type-page","status-publish","hentry"],"blocksy_meta":[],"acf":[],"_links":{"self":[{"href":"https:\/\/www.lqcompany.com\/sv\/wp-json\/wp\/v2\/pages\/3887","targetHints":{"allow":["GET"]}}],"collection":[{"href":"https:\/\/www.lqcompany.com\/sv\/wp-json\/wp\/v2\/pages"}],"about":[{"href":"https:\/\/www.lqcompany.com\/sv\/wp-json\/wp\/v2\/types\/page"}],"author":[{"embeddable":true,"href":"https:\/\/www.lqcompany.com\/sv\/wp-json\/wp\/v2\/users\/1"}],"replies":[{"embeddable":true,"href":"https:\/\/www.lqcompany.com\/sv\/wp-json\/wp\/v2\/comments?post=3887"}],"version-history":[{"count":0,"href":"https:\/\/www.lqcompany.com\/sv\/wp-json\/wp\/v2\/pages\/3887\/revisions"}],"wp:attachment":[{"href":"https:\/\/www.lqcompany.com\/sv\/wp-json\/wp\/v2\/media?parent=3887"}],"curies":[{"name":"wp","href":"https:\/\/api.w.org\/{rel}","templated":true}]}}