{"id":3736,"date":"2024-05-21T03:36:29","date_gmt":"2024-05-21T03:36:29","guid":{"rendered":"https:\/\/lqcompany.com\/?page_id=3736"},"modified":"2024-05-21T03:46:15","modified_gmt":"2024-05-21T03:46:15","slug":"terms-conditions","status":"publish","type":"page","link":"https:\/\/www.lqcompany.com\/sv\/terms-conditions\/","title":{"rendered":"Villkor och anvisningar"},"content":{"rendered":"<div data-elementor-type=\"wp-page\" data-elementor-id=\"3736\" class=\"elementor elementor-3736\" data-elementor-settings=\"{&quot;ha_cmc_init_switcher&quot;:&quot;no&quot;}\" data-elementor-post-type=\"page\">\n\t\t\t\t<div class=\"elementor-element elementor-element-edf6dc3 e-flex e-con-boxed e-con e-parent\" data-id=\"edf6dc3\" data-element_type=\"container\" data-e-type=\"container\" data-settings=\"{&quot;background_background&quot;:&quot;classic&quot;}\">\n\t\t\t\t\t<div class=\"e-con-inner\">\n\t\t\t\t<div class=\"elementor-element elementor-element-e9fbd46 elementor-widget elementor-widget-heading\" data-id=\"e9fbd46\" data-element_type=\"widget\" data-e-type=\"widget\" data-widget_type=\"heading.default\">\n\t\t\t\t<div class=\"elementor-widget-container\">\n\t\t\t\t\t<h2 class=\"elementor-heading-title elementor-size-default\">Villkor och anvisningar<\/h2>\t\t\t\t<\/div>\n\t\t\t\t<\/div>\n\t\t\t\t\t<\/div>\n\t\t\t\t<\/div>\n\t\t<div class=\"elementor-element elementor-element-1b44bdf7 e-flex e-con-boxed e-con e-parent\" data-id=\"1b44bdf7\" data-element_type=\"container\" data-e-type=\"container\">\n\t\t\t\t\t<div class=\"e-con-inner\">\n\t\t\t\t<div class=\"elementor-element elementor-element-2937e714 elementor-widget elementor-widget-text-editor\" data-id=\"2937e714\" data-element_type=\"widget\" data-e-type=\"widget\" data-widget_type=\"text-editor.default\">\n\t\t\t\t<div class=\"elementor-widget-container\">\n\t\t\t\t\t\t\t\t\t<p>V\u00e4lkommen till L&amp;Q ARMY:s webbplats<a href=\"https:\/\/lqcompany.com\/\" target=\"_blank\" rel=\"noopener\">www.lqompany.com<\/a>\uff09. Genom att g\u00e5 in p\u00e5 eller anv\u00e4nda den h\u00e4r webbplatsen samtycker du till att f\u00f6lja och vara bunden av f\u00f6ljande villkor. L\u00e4s dem noggrant innan du anv\u00e4nder v\u00e5r webbplats.<\/p><h3>1. Inledning<\/h3><p>Dessa villkor beskriver reglerna och best\u00e4mmelserna f\u00f6r anv\u00e4ndningen av L&amp;Q ARMYs webbplats. Genom att anv\u00e4nda denna webbplats accepterar du dessa villkor i sin helhet. Om du inte h\u00e5ller med om n\u00e5gon del av dessa villkor och best\u00e4mmelser f\u00e5r du inte anv\u00e4nda v\u00e5r webbplats.<\/p><h3>\u00a02. Immateriella r\u00e4ttigheter<\/h3><p>Om inte annat anges \u00e4ger L&amp;Q ARMY och\/eller dess licensgivare de immateriella r\u00e4ttigheterna till webbplatsen och materialet p\u00e5 webbplatsen. Alla dessa immateriella r\u00e4ttigheter \u00e4r reserverade. Du f\u00e5r visa, ladda ner f\u00f6r cachningssyfte och skriva ut sidor eller annat inneh\u00e5ll fr\u00e5n webbplatsen f\u00f6r personligt bruk, med f\u00f6rbeh\u00e5ll f\u00f6r de begr\u00e4nsningar som anges nedan och p\u00e5 andra st\u00e4llen i dessa villkor.<\/p><h3>\u00a03. Licens att anv\u00e4nda webbplatsen<\/h3><p>Du f\u00e5r visa, ladda ner f\u00f6r cachning endast, och skriva ut sidor eller annat inneh\u00e5ll fr\u00e5n webbplatsen f\u00f6r personligt bruk, med f\u00f6rbeh\u00e5ll f\u00f6r de begr\u00e4nsningar som anges nedan och p\u00e5 andra st\u00e4llen i dessa villkor. Du f\u00e5r inte:<br \/>- \u00c5terpublicera material fr\u00e5n denna webbplats (inklusive \u00e5terpublicering p\u00e5 en annan webbplats);<br \/>- S\u00e4lja, hyra ut eller underlicensiera material fr\u00e5n webbplatsen;<br \/>- Visa allt material fr\u00e5n webbplatsen offentligt;<br \/>- Reproducera, duplicera, kopiera eller p\u00e5 annat s\u00e4tt utnyttja material p\u00e5 v\u00e5r webbplats f\u00f6r ett kommersiellt syfte;<br \/>- redigera eller p\u00e5 annat s\u00e4tt \u00e4ndra n\u00e5got material p\u00e5 webbplatsen; eller<br \/>- Vidaredistribuera material fr\u00e5n denna webbplats med undantag f\u00f6r inneh\u00e5ll som specifikt och uttryckligen gjorts tillg\u00e4ngligt f\u00f6r vidaredistribution.<\/p><h3>4. Godtagbar anv\u00e4ndning<\/h3><p>Du f\u00e5r inte anv\u00e4nda v\u00e5r webbplats p\u00e5 n\u00e5got s\u00e4tt som orsakar, eller kan orsaka, skada p\u00e5 webbplatsen eller f\u00f6rs\u00e4mring av webbplatsens tillg\u00e4nglighet eller \u00e5tkomlighet; eller p\u00e5 n\u00e5got s\u00e4tt som \u00e4r olagligt, olagligt, bedr\u00e4gligt eller skadligt, eller i samband med n\u00e5got olagligt, olagligt, bedr\u00e4gligt eller skadligt syfte eller aktivitet. Du f\u00e5r inte anv\u00e4nda v\u00e5r webbplats f\u00f6r att kopiera, lagra, hosta, \u00f6verf\u00f6ra, skicka, anv\u00e4nda, publicera eller distribuera n\u00e5got material som best\u00e5r av (eller \u00e4r l\u00e4nkat till) spionprogram, datavirus, trojanska h\u00e4star, maskar, keystroke loggers, rootkit eller annan skadlig programvara. Du f\u00e5r inte genomf\u00f6ra n\u00e5gon systematisk eller automatiserad datainsamlingsverksamhet (inklusive, men inte begr\u00e4nsat till, skrapning, datautvinning, dataextraktion och datask\u00f6rd) p\u00e5 eller i f\u00f6rh\u00e5llande till v\u00e5r webbplats utan v\u00e5rt uttryckliga skriftliga medgivande.<\/p><h3>\u00a05. Begr\u00e4nsad \u00e5tkomst<\/h3><p>Tillg\u00e5ngen till vissa delar av v\u00e5r webbplats \u00e4r begr\u00e4nsad. Vi f\u00f6rbeh\u00e5ller oss r\u00e4tten att efter eget gottfinnande begr\u00e4nsa \u00e5tkomsten till andra delar av v\u00e5r webbplats, eller till hela v\u00e5r webbplats. Om vi ger dig ett anv\u00e4ndar-ID och l\u00f6senord f\u00f6r att du ska kunna f\u00e5 tillg\u00e5ng till begr\u00e4nsade delar av v\u00e5r webbplats eller annat inneh\u00e5ll eller tj\u00e4nster, m\u00e5ste du se till att anv\u00e4ndar-ID och l\u00f6senord h\u00e5lls konfidentiella. Vi kan inaktivera ditt anv\u00e4ndar-ID och l\u00f6senord efter eget gottfinnande utan f\u00f6reg\u00e5ende meddelande eller f\u00f6rklaring.<\/p><h3>6. Anv\u00e4ndarinneh\u00e5ll<\/h3><p>I dessa villkor avser \"ditt anv\u00e4ndarinneh\u00e5ll\" material (inklusive, men inte begr\u00e4nsat till, text, bilder, ljudmaterial, videomaterial och audiovisuellt material) som du skickar till v\u00e5r webbplats, oavsett syfte. Du ger oss en v\u00e4rldsomsp\u00e4nnande, o\u00e5terkallelig, icke-exklusiv, royaltyfri licens att anv\u00e4nda, reproducera, anpassa, publicera, \u00f6vers\u00e4tta och distribuera ditt anv\u00e4ndarinneh\u00e5ll i alla befintliga eller framtida medier. Du ger oss ocks\u00e5 r\u00e4tt att underlicensiera dessa r\u00e4ttigheter och r\u00e4tt att v\u00e4cka talan om intr\u00e5ng i dessa r\u00e4ttigheter.<\/p><h3>7. Hyperl\u00e4nkar till v\u00e5rt inneh\u00e5ll<\/h3><p>F\u00f6ljande organisationer f\u00e5r l\u00e4nka till v\u00e5r webbplats utan f\u00f6reg\u00e5ende skriftligt godk\u00e4nnande:<br \/>- Statliga myndigheter;<br \/>- S\u00f6kmotorer;<br \/>- Nyhetsorganisationer;<br \/>- Onlinekatalogdistribut\u00f6rer kan l\u00e4nka till v\u00e5r webbplats p\u00e5 samma s\u00e4tt som de l\u00e4nkar till webbplatserna f\u00f6r andra listade f\u00f6retag; och<br \/>- Systemomfattande ackrediterade f\u00f6retag utom v\u00e4rvande ideella organisationer, v\u00e4lg\u00f6renhetsk\u00f6pcentrum och v\u00e4lg\u00f6renhetsinsamlingsgrupper som inte f\u00e5r hyperl\u00e4nka till v\u00e5r webbplats.<\/p><p>Dessa organisationer f\u00e5r l\u00e4nka till v\u00e5r hemsida, till publikationer eller till annan information p\u00e5 webbplatsen s\u00e5 l\u00e4nge l\u00e4nken (a) inte p\u00e5 n\u00e5got s\u00e4tt \u00e4r vilseledande; (b) inte falskeligen antyder sponsring, st\u00f6d eller godk\u00e4nnande av den l\u00e4nkande parten och dess produkter och\/eller tj\u00e4nster; och (c) passar in i sammanhanget p\u00e5 den l\u00e4nkande partens webbplats.<\/p><p>Vi kan \u00f6verv\u00e4ga och godk\u00e4nna andra l\u00e4nkf\u00f6rfr\u00e5gningar fr\u00e5n f\u00f6ljande typer av organisationer:<br \/>- Allm\u00e4nt k\u00e4nda informationsk\u00e4llor f\u00f6r konsumenter och\/eller f\u00f6retag;<br \/>- Dot.com community webbplatser;<br \/>- F\u00f6reningar eller andra grupper som f\u00f6retr\u00e4der v\u00e4lg\u00f6renhetsorganisationer;<br \/>- Distribut\u00f6rer av kataloger online;<br \/>- Internetportaler;<br \/>- revisions-, advokat- och konsultf\u00f6retag; och<br \/>- Utbildningsinstitutioner och branschorganisationer.<\/p><p>Vi kommer att godk\u00e4nna l\u00e4nkf\u00f6rfr\u00e5gningar fr\u00e5n dessa organisationer om vi beslutar att: (a) l\u00e4nken inte skulle f\u00e5 oss att framst\u00e5 som of\u00f6rdelaktiga f\u00f6r oss sj\u00e4lva eller f\u00f6r v\u00e5ra ackrediterade f\u00f6retag; (b) organisationen inte har n\u00e5gra negativa uppgifter om oss; (c) f\u00f6rdelen f\u00f6r oss med hyperl\u00e4nkens synlighet kompenserar avsaknaden av L&amp;Q ARMY; och (d) l\u00e4nken \u00e4r i samband med allm\u00e4n resursinformation.<\/p><p>Dessa organisationer f\u00e5r l\u00e4nka till v\u00e5r hemsida s\u00e5 l\u00e4nge som l\u00e4nken (a) inte p\u00e5 n\u00e5got s\u00e4tt \u00e4r vilseledande; (b) inte falskeligen antyder sponsring, st\u00f6d eller godk\u00e4nnande av den l\u00e4nkande parten och dess produkter eller tj\u00e4nster; och (c) passar in i sammanhanget p\u00e5 den l\u00e4nkande partens webbplats.<\/p><p>Om du \u00e4r en av de organisationer som anges i punkt 2 ovan och \u00e4r intresserad av att l\u00e4nka till v\u00e5r webbplats m\u00e5ste du informera oss genom att skicka ett e-postmeddelande till L&amp;Q ARMY. Ange ditt namn, din organisations namn, kontaktuppgifter samt webbadressen till din webbplats, en lista \u00f6ver alla webbadresser fr\u00e5n vilka du avser att l\u00e4nka till v\u00e5r webbplats och en lista \u00f6ver de webbadresser p\u00e5 v\u00e5r webbplats som du vill l\u00e4nka till. V\u00e4nta 2-3 veckor p\u00e5 svar.<\/p><p>Godk\u00e4nda organisationer f\u00e5r hyperl\u00e4nka till v\u00e5r webbplats p\u00e5 f\u00f6ljande s\u00e4tt:<br \/>- Genom anv\u00e4ndning av v\u00e5rt f\u00f6retagsnamn; eller<br \/>- Genom att anv\u00e4nda den enhetliga resurslokalisator som l\u00e4nkas till; eller<br \/>- Genom att anv\u00e4nda n\u00e5gon annan beskrivning av v\u00e5r webbplats som l\u00e4nkas till som \u00e4r meningsfull inom ramen f\u00f6r sammanhanget och formatet f\u00f6r inneh\u00e5llet p\u00e5 den l\u00e4nkande partens webbplats.<\/p><p>Ingen anv\u00e4ndning av L&amp;Q ARMY:s logotyp eller andra illustrationer kommer att till\u00e5tas f\u00f6r l\u00e4nkning utan ett varum\u00e4rkeslicensavtal.<\/p><h3>8. Ansvar f\u00f6r inneh\u00e5ll<\/h3><p>Vi ska inte h\u00e5llas ansvariga f\u00f6r n\u00e5got inneh\u00e5ll som visas p\u00e5 din webbplats. Du samtycker till att skydda och f\u00f6rsvara oss mot alla p\u00e5st\u00e5enden som framf\u00f6rs p\u00e5 din webbplats. Ingen l\u00e4nk ska visas p\u00e5 n\u00e5gon webbplats som kan tolkas som \u00e4rekr\u00e4nkande, obscen eller brottslig, eller som g\u00f6r intr\u00e5ng i, p\u00e5 annat s\u00e4tt bryter mot eller f\u00f6respr\u00e5kar intr\u00e5ng i eller annan \u00f6vertr\u00e4delse av tredje parts r\u00e4ttigheter.<\/p><h3>9. F\u00f6rbeh\u00e5ll f\u00f6r r\u00e4ttigheter<\/h3><p>Vi f\u00f6rbeh\u00e5ller oss r\u00e4tten att beg\u00e4ra att du tar bort alla l\u00e4nkar eller n\u00e5gon s\u00e4rskild l\u00e4nk till v\u00e5r webbplats. Du godk\u00e4nner att omedelbart ta bort alla l\u00e4nkar till v\u00e5r webbplats p\u00e5 beg\u00e4ran. Vi f\u00f6rbeh\u00e5ller oss ocks\u00e5 r\u00e4tten att n\u00e4r som helst \u00e4ndra dessa villkor och dess l\u00e4nkpolicy. Genom att kontinuerligt l\u00e4nka till v\u00e5r webbplats samtycker du till att vara bunden av och f\u00f6lja dessa villkor f\u00f6r l\u00e4nkning.<\/p><h3>10. Borttagning av l\u00e4nkar fr\u00e5n v\u00e5r webbplats<\/h3><p>Om du hittar n\u00e5gon l\u00e4nk p\u00e5 v\u00e5r webbplats som \u00e4r st\u00f6tande av n\u00e5gon anledning, \u00e4r du v\u00e4lkommen att kontakta och informera oss n\u00e4r som helst. Vi kommer att \u00f6verv\u00e4ga f\u00f6rfr\u00e5gningar om att ta bort l\u00e4nkar, men vi \u00e4r inte skyldiga att g\u00f6ra det eller att svara dig direkt. Vi garanterar inte att informationen p\u00e5 den h\u00e4r webbplatsen \u00e4r korrekt. Vi garanterar inte att den \u00e4r fullst\u00e4ndig eller korrekt, och vi lovar inte heller att se till att webbplatsen f\u00f6rblir tillg\u00e4nglig eller att materialet p\u00e5 webbplatsen h\u00e5lls uppdaterat.<\/p><h2>11. Ansvarsfriskrivning<\/h2><p>I den utstr\u00e4ckning som till\u00e5ts enligt till\u00e4mplig lag utesluter vi alla utf\u00e4stelser, garantier och villkor som r\u00f6r v\u00e5r webbplats och anv\u00e4ndningen av denna webbplats. Ingenting i denna ansvarsfriskrivning kommer:<br \/>- Begr\u00e4nsa eller utesluta v\u00e5rt eller ert ansvar f\u00f6r d\u00f6dsfall eller personskada;<br \/>- Begr\u00e4nsa eller utesluta v\u00e5rt eller ert ansvar f\u00f6r bedr\u00e4geri eller bedr\u00e4glig felaktig framst\u00e4llning;<br \/>- begr\u00e4nsa n\u00e5got av v\u00e5ra eller dina ansvar p\u00e5 n\u00e5got s\u00e4tt som inte \u00e4r till\u00e5tet enligt till\u00e4mplig lag; eller<br \/>- Utesluta n\u00e5got av v\u00e5ra eller era ansvar som inte f\u00e5r uteslutas enligt till\u00e4mplig lag.<\/p><p>De begr\u00e4nsningar och f\u00f6rbud mot ansvar som anges i detta avsnitt och p\u00e5 andra st\u00e4llen i denna friskrivningsklausul: (a) omfattas av f\u00f6reg\u00e5ende stycke; och (b) reglerar alla skyldigheter som uppst\u00e5r enligt friskrivningsklausulen, inklusive skyldigheter som uppst\u00e5r i kontrakt, i skadest\u00e5nd och f\u00f6r brott mot lagstadgad skyldighet.<\/p><p>S\u00e5 l\u00e4nge webbplatsen och informationen och tj\u00e4nsterna p\u00e5 webbplatsen tillhandah\u00e5lls kostnadsfritt \u00e4r vi inte ansvariga f\u00f6r n\u00e5gon f\u00f6rlust eller skada av n\u00e5got slag.<\/p>\t\t\t\t\t\t\t\t<\/div>\n\t\t\t\t<\/div>\n\t\t\t\t\t<\/div>\n\t\t\t\t<\/div>\n\t\t<div class=\"elementor-element elementor-element-1aa4a921 e-con-full e-flex e-con e-parent\" data-id=\"1aa4a921\" data-element_type=\"container\" data-e-type=\"container\">\n\t\t<div class=\"elementor-element elementor-element-475459a8 e-con-full e-flex e-con e-child\" data-id=\"475459a8\" data-element_type=\"container\" data-e-type=\"container\">\n\t\t\t\t<div class=\"elementor-element elementor-element-2d325b8a elementor-widget elementor-widget-image\" data-id=\"2d325b8a\" data-element_type=\"widget\" data-e-type=\"widget\" data-widget_type=\"image.default\">\n\t\t\t\t<div class=\"elementor-widget-container\">\n\t\t\t\t\t\t\t\t\t\t\t\t\t\t\t<img loading=\"lazy\" decoding=\"async\" width=\"150\" height=\"150\" src=\"https:\/\/www.lqcompany.com\/wp-content\/uploads\/2024\/04\/lq_army_logo-1-150x150.png\" class=\"attachment-thumbnail size-thumbnail wp-image-1442\" alt=\"lq_army_logo\" srcset=\"https:\/\/www.lqcompany.com\/wp-content\/uploads\/2024\/04\/lq_army_logo-1-150x150.png 150w, https:\/\/www.lqcompany.com\/wp-content\/uploads\/2024\/04\/lq_army_logo-1-12x12.png 12w, https:\/\/www.lqcompany.com\/wp-content\/uploads\/2024\/04\/lq_army_logo-1.png 200w\" sizes=\"auto, (max-width: 150px) 100vw, 150px\" \/>\t\t\t\t\t\t\t\t\t\t\t\t\t\t\t<\/div>\n\t\t\t\t<\/div>\n\t\t\t\t<\/div>\n\t\t<div class=\"elementor-element elementor-element-7705a737 e-con-full e-flex e-con e-child\" data-id=\"7705a737\" data-element_type=\"container\" data-e-type=\"container\">\n\t\t\t\t<div class=\"elementor-element elementor-element-47b982c4 elementor-widget elementor-widget-heading\" data-id=\"47b982c4\" data-element_type=\"widget\" data-e-type=\"widget\" data-widget_type=\"heading.default\">\n\t\t\t\t<div class=\"elementor-widget-container\">\n\t\t\t\t\t<h2 class=\"elementor-heading-title elementor-size-default\">V\u00e4lj det betrodda namnet inom taktisk utrustning: L&amp;Q<\/h2>\t\t\t\t<\/div>\n\t\t\t\t<\/div>\n\t\t\t\t<div class=\"elementor-element elementor-element-5ef53ee5 elementor-widget elementor-widget-text-editor\" data-id=\"5ef53ee5\" data-element_type=\"widget\" data-e-type=\"widget\" data-widget_type=\"text-editor.default\">\n\t\t\t\t<div class=\"elementor-widget-container\">\n\t\t\t\t\t\t\t\t\t<p>Din p\u00e5litliga partner f\u00f6r \u00f6verl\u00e4gsna utrustningsl\u00f6sningar<\/p>\t\t\t\t\t\t\t\t<\/div>\n\t\t\t\t<\/div>\n\t\t\t\t<\/div>\n\t\t<div class=\"elementor-element elementor-element-5297cf20 e-con-full e-flex e-con e-child\" data-id=\"5297cf20\" data-element_type=\"container\" data-e-type=\"container\">\n\t\t\t\t<div class=\"elementor-element elementor-element-6b7fe368 elementor-position-top elementor-widget elementor-widget-image-box\" data-id=\"6b7fe368\" data-element_type=\"widget\" data-e-type=\"widget\" data-widget_type=\"image-box.default\">\n\t\t\t\t<div class=\"elementor-widget-container\">\n\t\t\t\t\t<div class=\"elementor-image-box-wrapper\"><figure class=\"elementor-image-box-img\"><img loading=\"lazy\" decoding=\"async\" width=\"352\" height=\"185\" src=\"https:\/\/www.lqcompany.com\/wp-content\/uploads\/2024\/04\/u30186643243330800651fm253fmtautoapp138fJPEG.jpg\" class=\"attachment-full size-full wp-image-2373\" alt=\"\" srcset=\"https:\/\/www.lqcompany.com\/wp-content\/uploads\/2024\/04\/u30186643243330800651fm253fmtautoapp138fJPEG-300x158.jpg 300w, https:\/\/www.lqcompany.com\/wp-content\/uploads\/2024\/04\/u30186643243330800651fm253fmtautoapp138fJPEG-18x9.jpg 18w, https:\/\/www.lqcompany.com\/wp-content\/uploads\/2024\/04\/u30186643243330800651fm253fmtautoapp138fJPEG.jpg 352w\" sizes=\"auto, (max-width: 352px) 100vw, 352px\" \/><\/figure><div class=\"elementor-image-box-content\"><p class=\"elementor-image-box-title\">Kalifornien(Kontor och lager)<\/p><p class=\"elementor-image-box-description\">1951 S Parco Ave Unit E Ontario CA 91761, USA<\/p><\/div><\/div>\t\t\t\t<\/div>\n\t\t\t\t<\/div>\n\t\t\t\t<div class=\"elementor-element elementor-element-1ea5ca4f elementor-widget elementor-widget-heading\" data-id=\"1ea5ca4f\" data-element_type=\"widget\" data-e-type=\"widget\" data-widget_type=\"heading.default\">\n\t\t\t\t<div class=\"elementor-widget-container\">\n\t\t\t\t\t<p class=\"elementor-heading-title elementor-size-default\">Texas(Kontor och lager)<\/p>\t\t\t\t<\/div>\n\t\t\t\t<\/div>\n\t\t\t\t<div class=\"elementor-element elementor-element-b87c48d elementor-widget elementor-widget-text-editor\" data-id=\"b87c48d\" data-element_type=\"widget\" data-e-type=\"widget\" data-widget_type=\"text-editor.default\">\n\t\t\t\t<div class=\"elementor-widget-container\">\n\t\t\t\t\t\t\t\t\t<p>4755 Alpine Drive, Suite 125, Stafford, TX77477, USA<\/p>\t\t\t\t\t\t\t\t<\/div>\n\t\t\t\t<\/div>\n\t\t\t\t<\/div>\n\t\t<div class=\"elementor-element elementor-element-24c13391 e-con-full e-flex e-con e-child\" data-id=\"24c13391\" data-element_type=\"container\" data-e-type=\"container\">\n\t\t\t\t<div class=\"elementor-element elementor-element-19c7e7ef elementor-position-top elementor-widget elementor-widget-image-box\" data-id=\"19c7e7ef\" data-element_type=\"widget\" data-e-type=\"widget\" data-widget_type=\"image-box.default\">\n\t\t\t\t<div class=\"elementor-widget-container\">\n\t\t\t\t\t<div class=\"elementor-image-box-wrapper\"><figure class=\"elementor-image-box-img\"><img loading=\"lazy\" decoding=\"async\" width=\"536\" height=\"357\" src=\"https:\/\/www.lqcompany.com\/wp-content\/uploads\/2024\/04\/d0c8a786c9177f3e67097eaf9c852cc79f3df8dcf874.png\" class=\"attachment-full size-full wp-image-2374\" alt=\"\" srcset=\"https:\/\/www.lqcompany.com\/wp-content\/uploads\/2024\/04\/d0c8a786c9177f3e67097eaf9c852cc79f3df8dcf874-300x200.png 300w, https:\/\/www.lqcompany.com\/wp-content\/uploads\/2024\/04\/d0c8a786c9177f3e67097eaf9c852cc79f3df8dcf874-18x12.png 18w, https:\/\/www.lqcompany.com\/wp-content\/uploads\/2024\/04\/d0c8a786c9177f3e67097eaf9c852cc79f3df8dcf874.png 536w\" sizes=\"auto, (max-width: 536px) 100vw, 536px\" \/><\/figure><div class=\"elementor-image-box-content\"><p class=\"elementor-image-box-title\">Kina(Verkstad och kontor)<\/p><p class=\"elementor-image-box-description\">No.368 , HaoXin Building , ChongHong Street,Quanzhou City ,Fujian Province<\/p><\/div><\/div>\t\t\t\t<\/div>\n\t\t\t\t<\/div>\n\t\t\t\t<div class=\"elementor-element elementor-element-493cb81 elementor-widget elementor-widget-heading\" data-id=\"493cb81\" data-element_type=\"widget\" data-e-type=\"widget\" data-widget_type=\"heading.default\">\n\t\t\t\t<div class=\"elementor-widget-container\">\n\t\t\t\t\t<p class=\"elementor-heading-title elementor-size-default\">Vietnam (kontor &amp; verkstad)<\/p>\t\t\t\t<\/div>\n\t\t\t\t<\/div>\n\t\t\t\t<div class=\"elementor-element elementor-element-48bf693 elementor-widget elementor-widget-text-editor\" data-id=\"48bf693\" data-element_type=\"widget\" data-e-type=\"widget\" data-widget_type=\"text-editor.default\">\n\t\t\t\t<div class=\"elementor-widget-container\">\n\t\t\t\t\t\t\t\t\t<p>Kommer snart<\/p>\t\t\t\t\t\t\t\t<\/div>\n\t\t\t\t<\/div>\n\t\t\t\t<\/div>\n\t\t<div class=\"elementor-element elementor-element-8b326f2 e-con-full e-flex e-con e-child\" data-id=\"8b326f2\" data-element_type=\"container\" data-e-type=\"container\">\n\t\t\t\t<div class=\"elementor-element elementor-element-2893ee6f elementor-widget elementor-widget-heading\" data-id=\"2893ee6f\" data-element_type=\"widget\" data-e-type=\"widget\" data-widget_type=\"heading.default\">\n\t\t\t\t<div class=\"elementor-widget-container\">\n\t\t\t\t\t<h2 class=\"elementor-heading-title elementor-size-default\">F\u00f6rs\u00e4ljning &amp; Offert<\/h2>\t\t\t\t<\/div>\n\t\t\t\t<\/div>\n\t\t\t\t<div class=\"elementor-element elementor-element-2f836a71 elementor-widget elementor-widget-text-editor\" data-id=\"2f836a71\" data-element_type=\"widget\" data-e-type=\"widget\" data-widget_type=\"text-editor.default\">\n\t\t\t\t<div class=\"elementor-widget-container\">\n\t\t\t\t\t\t\t\t\t<p><a href=\"mailto:xixi@aetgear.com\">xixi@aetgear.com<\/a><\/p>\t\t\t\t\t\t\t\t<\/div>\n\t\t\t\t<\/div>\n\t\t\t\t<div class=\"elementor-element elementor-element-7176a130 elementor-widget elementor-widget-heading\" data-id=\"7176a130\" data-element_type=\"widget\" data-e-type=\"widget\" data-widget_type=\"heading.default\">\n\t\t\t\t<div class=\"elementor-widget-container\">\n\t\t\t\t\t<h2 class=\"elementor-heading-title elementor-size-default\">Allm\u00e4nna f\u00f6rfr\u00e5gningar<\/h2>\t\t\t\t<\/div>\n\t\t\t\t<\/div>\n\t\t\t\t<div class=\"elementor-element elementor-element-6d0e9953 elementor-widget elementor-widget-text-editor\" data-id=\"6d0e9953\" data-element_type=\"widget\" data-e-type=\"widget\" data-widget_type=\"text-editor.default\">\n\t\t\t\t<div class=\"elementor-widget-container\">\n\t\t\t\t\t\t\t\t\t<p><a href=\"mailto:sisii@lqcompany.com\" rel=\"nofollow\">sisii@lqcompany.com<\/a><\/p>\t\t\t\t\t\t\t\t<\/div>\n\t\t\t\t<\/div>\n\t\t\t\t<div class=\"elementor-element elementor-element-741847d5 elementor-widget elementor-widget-heading\" data-id=\"741847d5\" data-element_type=\"widget\" data-e-type=\"widget\" data-widget_type=\"heading.default\">\n\t\t\t\t<div class=\"elementor-widget-container\">\n\t\t\t\t\t<h2 class=\"elementor-heading-title elementor-size-default\">Klagom\u00e5l och f\u00f6rslag<\/h2>\t\t\t\t<\/div>\n\t\t\t\t<\/div>\n\t\t\t\t<div class=\"elementor-element elementor-element-741db32f elementor-widget elementor-widget-text-editor\" data-id=\"741db32f\" data-element_type=\"widget\" data-e-type=\"widget\" data-widget_type=\"text-editor.default\">\n\t\t\t\t<div class=\"elementor-widget-container\">\n\t\t\t\t\t\t\t\t\t<p><a href=\"mailto:info@aetgear.com\">info@aetgear.com<\/a><\/p>\t\t\t\t\t\t\t\t<\/div>\n\t\t\t\t<\/div>\n\t\t\t\t<\/div>\n\t\t\t\t<\/div>\n\t\t\t\t<\/div>","protected":false},"excerpt":{"rendered":"<p>Terms &#038; Conditions Welcome to L&amp;Q ARMY&#8217;s website\uff08www.lqompany.com\uff09. By accessing or using this website, you agree to comply with and be bound by the following terms and conditions. Please read them carefully before using our site. 1. Introduction These terms and conditions outline the rules and regulations for the use of L&amp;Q ARMY&#8217;s Website. By [&hellip;]<\/p>\n","protected":false},"author":1,"featured_media":0,"parent":0,"menu_order":0,"comment_status":"closed","ping_status":"open","template":"","meta":{"_acf_changed":false,"footnotes":""},"class_list":["post-3736","page","type-page","status-publish","hentry"],"blocksy_meta":[],"acf":[],"_links":{"self":[{"href":"https:\/\/www.lqcompany.com\/sv\/wp-json\/wp\/v2\/pages\/3736","targetHints":{"allow":["GET"]}}],"collection":[{"href":"https:\/\/www.lqcompany.com\/sv\/wp-json\/wp\/v2\/pages"}],"about":[{"href":"https:\/\/www.lqcompany.com\/sv\/wp-json\/wp\/v2\/types\/page"}],"author":[{"embeddable":true,"href":"https:\/\/www.lqcompany.com\/sv\/wp-json\/wp\/v2\/users\/1"}],"replies":[{"embeddable":true,"href":"https:\/\/www.lqcompany.com\/sv\/wp-json\/wp\/v2\/comments?post=3736"}],"version-history":[{"count":0,"href":"https:\/\/www.lqcompany.com\/sv\/wp-json\/wp\/v2\/pages\/3736\/revisions"}],"wp:attachment":[{"href":"https:\/\/www.lqcompany.com\/sv\/wp-json\/wp\/v2\/media?parent=3736"}],"curies":[{"name":"wp","href":"https:\/\/api.w.org\/{rel}","templated":true}]}}