{"id":3887,"date":"2024-05-23T05:41:56","date_gmt":"2024-05-23T05:41:56","guid":{"rendered":"https:\/\/lqcompany.com\/?page_id=3887"},"modified":"2024-05-23T05:43:41","modified_gmt":"2024-05-23T05:43:41","slug":"careers","status":"publish","type":"page","link":"https:\/\/www.lqcompany.com\/ro\/careers\/","title":{"rendered":"Cariere"},"content":{"rendered":"<div data-elementor-type=\"wp-page\" data-elementor-id=\"3887\" class=\"elementor elementor-3887\" data-elementor-settings=\"{&quot;ha_cmc_init_switcher&quot;:&quot;no&quot;}\" data-elementor-post-type=\"page\">\n\t\t\t\t<div class=\"elementor-element elementor-element-f4f339d e-flex e-con-boxed e-con e-parent\" data-id=\"f4f339d\" data-element_type=\"container\" data-e-type=\"container\" data-settings=\"{&quot;background_background&quot;:&quot;classic&quot;}\">\n\t\t\t\t\t<div class=\"e-con-inner\">\n\t\t\t\t<div class=\"elementor-element elementor-element-80035c5 elementor-widget elementor-widget-heading\" data-id=\"80035c5\" data-element_type=\"widget\" data-e-type=\"widget\" data-widget_type=\"heading.default\">\n\t\t\t\t<div class=\"elementor-widget-container\">\n\t\t\t\t\t<h1 class=\"elementor-heading-title elementor-size-default\">CARIERE<\/h1>\t\t\t\t<\/div>\n\t\t\t\t<\/div>\n\t\t\t\t\t<\/div>\n\t\t\t\t<\/div>\n\t\t<div class=\"elementor-element elementor-element-0370e5e e-flex e-con-boxed e-con e-parent\" data-id=\"0370e5e\" data-element_type=\"container\" data-e-type=\"container\">\n\t\t\t\t\t<div class=\"e-con-inner\">\n\t\t\t\t<div class=\"elementor-element elementor-element-53995dd elementor-widget elementor-widget-text-editor\" data-id=\"53995dd\" data-element_type=\"widget\" data-e-type=\"widget\" data-widget_type=\"text-editor.default\">\n\t\t\t\t<div class=\"elementor-widget-container\">\n\t\t\t\t\t\t\t\t\t<h2><strong>Al\u0103tura\u021bi-v\u0103 echipei LQ ARMY<\/strong><\/h2><p>La LQ ARMY, c\u0103ut\u0103m profesioni\u0219ti dedica\u021bi care s\u0103 se al\u0103ture echipei noastre la unitatea noastr\u0103 de produc\u021bie din california. Oferim un mediu de lucru dinamic, cu oportunit\u0103\u021bi de cre\u0219tere \u0219i dezvoltare. Arunca\u021bi o privire la posturile noastre actuale de mai jos \u0219i anun\u021ba\u021bi-ne dac\u0103 v\u0103 potrivi\u021bi perfect pentru echipa noastr\u0103!<\/p><p><strong>POZI\u021aII DESCHISE<\/strong><\/p><h3>Inspector pentru controlul calit\u0103\u021bii<\/h3><p><strong>Responsabilit\u0103\u021bi<\/strong>:<\/p><ul><li>Efectua\u021bi procese de asamblare \u0219i inspec\u021bie de baz\u0103 \u0219i avansate a produselor cu o supraveghere minim\u0103.<\/li><li>Efectuarea controlului calit\u0103\u021bii \u0219i ambalarea cu aten\u021bie la detalii.<\/li><li>Demonstrarea cuno\u0219tin\u021belor despre modele, materiale \u0219i utilizarea produselor.<\/li><\/ul><p><strong>Calific\u0103ri necesare<\/strong>:<\/p><ul><li>Aten\u021bie la detalii \u0219i capacitatea de a ridica p\u00e2n\u0103 la 50 lbs.<\/li><li>Autorizat s\u0103 lucreze \u00een SUA.<\/li><\/ul><p><strong>Calific\u0103ri preferate<\/strong>:<\/p><ul><li>Persoan\u0103 auto-motivat\u0103 cu abilit\u0103\u021bi excelente de rezolvare a problemelor.<\/li><\/ul><p><strong>Ce oferim<\/strong>:<\/p><ul><li>Asigur\u0103ri de s\u0103n\u0103tate, dentare, de vedere \u0219i suplimentare disponibile<\/li><li>Programul de asisten\u021b\u0103 pentru angaja\u021bi<\/li><li>401K \u0219i timp liber pl\u0103tit<\/li><li>Cre\u0219tere \u0219i dezvoltare profesional\u0103<\/li><li>Mediu de lucru unic<\/li><li>Salariu competitiv<\/li><li>S\u0103rb\u0103tori pl\u0103tite<\/li><\/ul><p>Pentru a aplica, v\u0103 rug\u0103m s\u0103 v\u0103 trimite\u021bi CV-ul la <a href=\"mailto:jobs@lqcompany.com\">jobs@lqcompany.com<\/a>.<\/p><p>\u00a0<\/p><p>\u00a0<\/p><h3>Tehnician de \u00eentre\u021binere<\/h3><p><strong>Responsabilit\u0103\u021bi<\/strong>:<\/p><ul><li>Sprijini\u021bi \u0219i gestiona\u021bi nevoile tehnice ale opera\u021biunilor de produc\u021bie.<\/li><li>Efectua\u021bi \u00eentre\u021binerea preventiv\u0103 \u0219i reactiv\u0103 a utilajelor de produc\u021bie industrial\u0103.<\/li><li>Gestionarea personalului \u0219i sus\u021binerea programelor de siguran\u021b\u0103.<\/li><\/ul><p><strong>Calific\u0103ri necesare<\/strong>:<\/p><ul><li>Abilitatea de a ridica p\u00e2n\u0103 la 50 de kilograme \u0219i de a lucra 40 de ore pe s\u0103pt\u0103m\u00e2n\u0103.<\/li><li>Autorizat s\u0103 lucreze \u00een SUA.<\/li><\/ul><p><strong>Calific\u0103ri preferate<\/strong>:<\/p><ul><li>Experien\u021b\u0103 anterioar\u0103 \u00een repararea \u0219i \u00eentre\u021binerea ma\u0219inilor industriale.<\/li><\/ul><p><strong>Ce oferim<\/strong>:<\/p><ul><li>Asigur\u0103ri de s\u0103n\u0103tate, dentare, de vedere \u0219i suplimentare disponibile<\/li><li>401K \u0219i timp liber pl\u0103tit<\/li><li>Cre\u0219tere \u0219i dezvoltare profesional\u0103<\/li><li>Mediu de lucru unic<\/li><li>Salariu competitiv<\/li><li>S\u0103rb\u0103tori pl\u0103tite<\/li><\/ul><p><strong>Pentru a aplica, v\u0103 rug\u0103m s\u0103 v\u0103 trimite\u021bi CV-ul la <a href=\"mailto:jobs@lqcompany.com\">jobs@lqcompany.com<\/a>.<\/strong><\/p><p>\u00a0<\/p><p>\u00a0<\/p><h3>Reprezentant servicii clien\u021bi<\/h3><p><strong>Responsabilit\u0103\u021bi<\/strong>:<\/p><ul><li>Gestiona\u021bi solicit\u0103rile clien\u021bilor \u0219i oferi\u021bi asisten\u021b\u0103 \u00een timp util.<\/li><li>Coordonarea cu diverse departamente pentru a asigura satisfac\u021bia clien\u021bilor.<\/li><li>Men\u021binerea cuno\u0219tin\u021belor despre produse \u0219i asistarea clien\u021bilor \u00een consecin\u021b\u0103.<\/li><\/ul><p><strong>Calific\u0103ri necesare<\/strong>:<\/p><ul><li>Experien\u021b\u0103 anterioar\u0103 \u00een domeniul asisten\u021bei pentru clien\u021bi.<\/li><li>Autorizat s\u0103 lucreze \u00een SUA.<\/li><\/ul><p><strong>Calific\u0103ri preferate<\/strong>:<\/p><ul><li>Familiaritate cu platformele de comer\u021b electronic.<\/li><\/ul><p><strong>Ce oferim<\/strong>:<\/p><ul><li>Asigur\u0103ri de s\u0103n\u0103tate, dentare, de vedere \u0219i suplimentare disponibile<\/li><li>401K \u0219i timp liber pl\u0103tit<\/li><li>\u00a0Cre\u0219tere \u0219i dezvoltare profesional\u0103<\/li><li>\u00a0Mediu de lucru unic<\/li><li>Salariu competitiv<\/li><li>S\u0103rb\u0103tori pl\u0103tite<\/li><\/ul><p><strong>Pentru a aplica, v\u0103 rug\u0103m s\u0103 v\u0103 trimite\u021bi CV-ul la <a href=\"mailto:jobs@lqcompany.com\">jobs@lqcompany.com<\/a>.<\/strong><\/p><p>\u00a0<\/p><p>\u00a0<\/p><h3>Operator ma\u0219ini de cusut<\/h3><p><strong>Responsabilit\u0103\u021bi<\/strong>:<\/p><ul><li>Efectuarea func\u021biilor de baz\u0103 de coasere \u0219i men\u021binerea controlului calit\u0103\u021bii.<\/li><li>S\u0103 interpreteze pachetele tehnice de cusut \u0219i s\u0103 urmeze instruc\u021biunile.<\/li><\/ul><p><strong>Calific\u0103ri necesare<\/strong>:<\/p><ul><li>Abilitatea de a lucra 40 de ore pe s\u0103pt\u0103m\u00e2n\u0103 \u0219i de a ridica p\u00e2n\u0103 la 50 lbs.<\/li><li>Autorizat s\u0103 lucreze \u00een SUA.<\/li><\/ul><p><strong>Calific\u0103ri preferate<\/strong>:<\/p><ul><li>Mare aten\u021bie la detalii \u0219i abilit\u0103\u021bi organizatorice.<\/li><\/ul><p><strong>Ce oferim<\/strong>:<\/p><ul><li>Asigur\u0103ri de s\u0103n\u0103tate, dentare, de vedere \u0219i suplimentare disponibile<\/li><li>401K \u0219i timp liber pl\u0103tit<\/li><li>Cre\u0219tere \u0219i dezvoltare profesional\u0103<\/li><li>Mediu de lucru unic<\/li><li>\u00a0Salariu competitiv<\/li><li>S\u0103rb\u0103tori pl\u0103tite<\/li><\/ul><p><strong>Pentru a aplica, v\u0103 rug\u0103m s\u0103 v\u0103 trimite\u021bi CV-ul la <a href=\"mailto:jobs@lqcompany.com\">jobs@lqcompany.com<\/a>.<\/strong><\/p><p>\u00a0<\/p><p>\u00a0<\/p><h3>Egalitate de \u0219anse la angajare<\/h3><p><strong>ARMATA LQ<\/strong> se angajeaz\u0103 s\u0103 ofere \u0219anse egale la angajare (EEO). Apreciem diversitatea \u0219i nu discrimin\u0103m angaja\u021bii sau candida\u021bii pe baz\u0103 de ras\u0103, credin\u021b\u0103, culoare, origine na\u021bional\u0103, orientare sexual\u0103, handicap, statut militar, stare civil\u0103 sau orice alt\u0103 caracteristic\u0103 protejat\u0103 prin lege.<\/p>\t\t\t\t\t\t\t\t<\/div>\n\t\t\t\t<\/div>\n\t\t\t\t\t<\/div>\n\t\t\t\t<\/div>\n\t\t\t\t<\/div>","protected":false},"excerpt":{"rendered":"<p>CAREERS Join the LQ ARMY Team At LQ ARMY, we&#8217;re on the lookout for dedicated professionals to join our team at our manufacturing facility in california. We offer a dynamic work environment with opportunities for growth and development. Take a look at our current job openings below and let us know if you&#8217;re the perfect [&hellip;]<\/p>\n","protected":false},"author":1,"featured_media":0,"parent":0,"menu_order":0,"comment_status":"closed","ping_status":"closed","template":"","meta":{"_acf_changed":false,"footnotes":""},"class_list":["post-3887","page","type-page","status-publish","hentry"],"blocksy_meta":[],"acf":[],"_links":{"self":[{"href":"https:\/\/www.lqcompany.com\/ro\/wp-json\/wp\/v2\/pages\/3887","targetHints":{"allow":["GET"]}}],"collection":[{"href":"https:\/\/www.lqcompany.com\/ro\/wp-json\/wp\/v2\/pages"}],"about":[{"href":"https:\/\/www.lqcompany.com\/ro\/wp-json\/wp\/v2\/types\/page"}],"author":[{"embeddable":true,"href":"https:\/\/www.lqcompany.com\/ro\/wp-json\/wp\/v2\/users\/1"}],"replies":[{"embeddable":true,"href":"https:\/\/www.lqcompany.com\/ro\/wp-json\/wp\/v2\/comments?post=3887"}],"version-history":[{"count":0,"href":"https:\/\/www.lqcompany.com\/ro\/wp-json\/wp\/v2\/pages\/3887\/revisions"}],"wp:attachment":[{"href":"https:\/\/www.lqcompany.com\/ro\/wp-json\/wp\/v2\/media?parent=3887"}],"curies":[{"name":"wp","href":"https:\/\/api.w.org\/{rel}","templated":true}]}}