{"id":3736,"date":"2024-05-21T03:36:29","date_gmt":"2024-05-21T03:36:29","guid":{"rendered":"https:\/\/lqcompany.com\/?page_id=3736"},"modified":"2024-05-21T03:46:15","modified_gmt":"2024-05-21T03:46:15","slug":"terms-conditions","status":"publish","type":"page","link":"https:\/\/www.lqcompany.com\/ro\/terms-conditions\/","title":{"rendered":"Termeni \u0219i condi\u021bii"},"content":{"rendered":"<div data-elementor-type=\"wp-page\" data-elementor-id=\"3736\" class=\"elementor elementor-3736\" data-elementor-settings=\"{&quot;ha_cmc_init_switcher&quot;:&quot;no&quot;}\" data-elementor-post-type=\"page\">\n\t\t\t\t<div class=\"elementor-element elementor-element-edf6dc3 e-flex e-con-boxed e-con e-parent\" data-id=\"edf6dc3\" data-element_type=\"container\" data-e-type=\"container\" data-settings=\"{&quot;background_background&quot;:&quot;classic&quot;}\">\n\t\t\t\t\t<div class=\"e-con-inner\">\n\t\t\t\t<div class=\"elementor-element elementor-element-e9fbd46 elementor-widget elementor-widget-heading\" data-id=\"e9fbd46\" data-element_type=\"widget\" data-e-type=\"widget\" data-widget_type=\"heading.default\">\n\t\t\t\t<div class=\"elementor-widget-container\">\n\t\t\t\t\t<h2 class=\"elementor-heading-title elementor-size-default\">Termeni \u0219i condi\u021bii<\/h2>\t\t\t\t<\/div>\n\t\t\t\t<\/div>\n\t\t\t\t\t<\/div>\n\t\t\t\t<\/div>\n\t\t<div class=\"elementor-element elementor-element-1b44bdf7 e-flex e-con-boxed e-con e-parent\" data-id=\"1b44bdf7\" data-element_type=\"container\" data-e-type=\"container\">\n\t\t\t\t\t<div class=\"e-con-inner\">\n\t\t\t\t<div class=\"elementor-element elementor-element-2937e714 elementor-widget elementor-widget-text-editor\" data-id=\"2937e714\" data-element_type=\"widget\" data-e-type=\"widget\" data-widget_type=\"text-editor.default\">\n\t\t\t\t<div class=\"elementor-widget-container\">\n\t\t\t\t\t\t\t\t\t<p>Bine a\u021bi venit pe site-ul L&amp;Q ARMY\uff08<a href=\"https:\/\/lqcompany.com\/\" target=\"_blank\" rel=\"noopener\">www.lqompany.com<\/a>\uff09. Prin accesarea sau utilizarea acestui site, sunte\u021bi de acord s\u0103 respecta\u021bi \u0219i s\u0103 v\u0103 supune\u021bi urm\u0103torilor termeni \u0219i condi\u021bii. V\u0103 rug\u0103m s\u0103 le citi\u021bi cu aten\u021bie \u00eenainte de a utiliza site-ul nostru.<\/p><h3>1. Introducere<\/h3><p>Ace\u0219ti termeni \u0219i condi\u021bii prezint\u0103 regulile \u0219i reglement\u0103rile de utilizare a site-ului L&amp;Q ARMY. Prin utilizarea acestui site, accepta\u021bi integral ace\u0219ti termeni \u0219i condi\u021bii. Dac\u0103 nu sunte\u021bi de acord cu orice parte a acestor termeni \u0219i condi\u021bii, nu trebuie s\u0103 utiliza\u021bi site-ul nostru.<\/p><h3>\u00a02. Drepturile de proprietate intelectual\u0103<\/h3><p>Cu excep\u021bia cazului \u00een care se prevede altfel, L&amp;Q ARMY \u0219i\/sau licen\u021biatorii s\u0103i de\u021bin drepturile de proprietate intelectual\u0103 asupra site-ului \u0219i a materialelor de pe site. Toate aceste drepturi de proprietate intelectual\u0103 sunt rezervate. Pute\u021bi vizualiza, desc\u0103rca numai \u00een scopuri de caching \u0219i tip\u0103ri pagini sau alt con\u021binut de pe site pentru uz personal, sub rezerva restric\u021biilor stabilite mai jos \u0219i \u00een alt\u0103 parte \u00een ace\u0219ti termeni \u0219i condi\u021bii.<\/p><h3>\u00a03. Licen\u021ba de utilizare a site-ului web<\/h3><p>Pute\u021bi vizualiza, desc\u0103rca numai \u00een scopuri de caching \u0219i tip\u0103ri pagini sau alt con\u021binut de pe site pentru uz personal, sub rezerva restric\u021biilor stabilite mai jos \u0219i \u00een alt\u0103 parte \u00een ace\u0219ti termeni \u0219i condi\u021bii. Nu trebuie s\u0103:<br \/>- Republicarea materialelor de pe acest site (inclusiv republicarea pe un alt site);<br \/>- S\u0103 vinde\u021bi, s\u0103 \u00eenchiria\u021bi sau s\u0103 sublicen\u021bia\u021bi materiale de pe site;<br \/>- Ar\u0103ta\u021bi \u00een public orice material de pe site;<br \/>- Reproducerea, duplicarea, copierea sau exploatarea \u00een alt mod a materialelor de pe site-ul nostru web \u00een scopuri comerciale;<br \/>- s\u0103 edita\u021bi sau s\u0103 modifica\u021bi \u00een alt mod orice material de pe site; sau<br \/>- Redistribuirea materialelor de pe acest site, cu excep\u021bia con\u021binutului disponibil \u00een mod specific \u0219i expres pentru redistribuire.<\/p><h3>4. Utilizare acceptabil\u0103<\/h3><p>Nu trebuie s\u0103 utiliza\u021bi site-ul nostru \u00een niciun mod care cauzeaz\u0103 sau poate cauza daune site-ului sau afectarea disponibilit\u0103\u021bii sau accesibilit\u0103\u021bii site-ului; sau \u00een niciun mod care este ilegal, ilegal, fraudulos sau d\u0103un\u0103tor, sau \u00een leg\u0103tur\u0103 cu orice scop sau activitate ilegal\u0103, ilegal\u0103, frauduloas\u0103 sau d\u0103un\u0103toare. Nu trebuie s\u0103 utiliza\u021bi site-ul nostru web pentru a copia, stoca, g\u0103zdui, transmite, trimite, utiliza, publica sau distribui orice material care const\u0103 \u00een (sau este legat de) orice spyware, virus informatic, cal troian, vierme, keystroke logger, rootkit sau alt software r\u0103u inten\u021bionat. Nu trebuie s\u0103 desf\u0103\u0219ura\u021bi nicio activitate sistematic\u0103 sau automat\u0103 de colectare a datelor (inclusiv, f\u0103r\u0103 limitare, scraping, data mining, data extraction \u0219i data harvesting) pe sau \u00een leg\u0103tur\u0103 cu site-ul nostru f\u0103r\u0103 consim\u021b\u0103m\u00e2ntul nostru expres scris.<\/p><h3>\u00a05. Acces restric\u021bionat<\/h3><p>Accesul la anumite zone ale site-ului nostru web este restric\u021bionat. Ne rezerv\u0103m dreptul de a restric\u021biona accesul la alte zone ale site-ului nostru sau chiar la \u00eentregul nostru site, la discre\u021bia noastr\u0103. \u00cen cazul \u00een care v\u0103 furniz\u0103m un ID utilizator \u0219i o parol\u0103 pentru a v\u0103 permite s\u0103 accesa\u021bi zone restric\u021bionate ale site-ului nostru sau alte con\u021binuturi sau servicii, trebuie s\u0103 v\u0103 asigura\u021bi c\u0103 ID-ul utilizator \u0219i parola sunt p\u0103strate confiden\u021biale. V\u0103 putem dezactiva ID-ul de utilizator \u0219i parola la propria noastr\u0103 discre\u021bie, f\u0103r\u0103 notificare sau explica\u021bie.<\/p><h3>6. Con\u021binutul utilizatorului<\/h3><p>\u00cen ace\u0219ti termeni \u0219i condi\u021bii, \"con\u021binutul dvs. de utilizator\" \u00eenseamn\u0103 materiale (inclusiv, f\u0103r\u0103 limitare, texte, imagini, materiale audio, materiale video \u0219i materiale audiovizuale) pe care le trimite\u021bi pe site-ul nostru, indiferent de scop. Ne acorda\u021bi o licen\u021b\u0103 mondial\u0103, irevocabil\u0103, neexclusiv\u0103 \u0219i f\u0103r\u0103 redeven\u021be de a utiliza, reproduce, adapta, publica, traduce \u0219i distribui con\u021binutul dvs. de utilizator \u00een orice mediu existent sau viitor. De asemenea, ne acorda\u021bi dreptul de a sublicen\u021bia aceste drepturi \u0219i dreptul de a intenta o ac\u021biune pentru \u00eenc\u0103lcarea acestor drepturi.<\/p><h3>7. Hyperlinking c\u0103tre con\u021binutul nostru<\/h3><p>Urm\u0103toarele organiza\u021bii se pot conecta la site-ul nostru f\u0103r\u0103 aprobare scris\u0103 prealabil\u0103:<br \/>- Agen\u021bii guvernamentale;<br \/>- Motoare de c\u0103utare;<br \/>- Organiza\u021bii de pres\u0103;<br \/>- Distribuitorii de anuare online pot face link c\u0103tre site-ul nostru web \u00een acela\u0219i mod \u00een care fac hyperlink c\u0103tre site-urile web ale altor \u00eentreprinderi listate; \u0219i<br \/>- \u00centreprinderile acreditate la nivel de sistem, cu excep\u021bia organiza\u021biilor non-profit, a centrelor comerciale caritabile \u0219i a grupurilor de str\u00e2ngere de fonduri caritabile, care nu pot face hyperlink c\u0103tre site-ul nostru web.<\/p><p>Aceste organiza\u021bii se pot conecta la pagina noastr\u0103 de pornire, la publica\u021bii sau la alte informa\u021bii de pe site, at\u00e2ta timp c\u00e2t leg\u0103tura: (a) nu este \u00een niciun fel \u00een\u0219el\u0103toare; (b) nu implic\u0103 \u00een mod fals sponsorizarea, sus\u021binerea sau aprobarea p\u0103r\u021bii care face leg\u0103tura \u0219i a produselor \u0219i\/sau serviciilor sale; \u0219i (c) se \u00eencadreaz\u0103 \u00een contextul site-ului p\u0103r\u021bii care face leg\u0103tura.<\/p><p>Putem lua \u00een considerare \u0219i aproba alte cereri de link din partea urm\u0103toarelor tipuri de organiza\u021bii:<br \/>- Surse de informa\u021bii pentru consumatori \u0219i\/sau \u00eentreprinderi cunoscute \u00een mod obi\u0219nuit;<br \/>- Site-uri ale comunit\u0103\u021bii Dot.com;<br \/>- Asocia\u021bii sau alte grupuri care reprezint\u0103 organiza\u021bii caritabile;<br \/>- Distribuitori de directoare online;<br \/>- Portaluri internet;<br \/>- firme de contabilitate, de avocatur\u0103 \u0219i de consultan\u021b\u0103; \u0219i<br \/>- Institu\u021bii de \u00eenv\u0103\u021b\u0103m\u00e2nt \u0219i asocia\u021bii profesionale.<\/p><p>Vom aproba cererile de link din partea acestor organiza\u021bii dac\u0103 vom decide c\u0103: (a) link-ul nu ne-ar face s\u0103 avem o imagine nefavorabil\u0103 despre noi sau despre afacerile noastre acreditate; (b) organiza\u021bia nu are \u00eenregistr\u0103ri negative cu noi; (c) beneficiul pe care ni-l aduce vizibilitatea hiperlinkului compenseaz\u0103 absen\u021ba L&amp;Q ARMY; \u0219i (d) link-ul este \u00een contextul informa\u021biilor generale despre resurse.<\/p><p>Aceste organiza\u021bii pot avea un link c\u0103tre pagina noastr\u0103 principal\u0103 at\u00e2ta timp c\u00e2t link-ul: (a) nu este \u00een niciun fel \u00een\u0219el\u0103toare; (b) nu implic\u0103 \u00een mod fals sponsorizarea, sus\u021binerea sau aprobarea p\u0103r\u021bii care face leg\u0103tura \u0219i a produselor sau serviciilor sale; \u0219i (c) se \u00eencadreaz\u0103 \u00een contextul site-ului p\u0103r\u021bii care face leg\u0103tura.<\/p><p>Dac\u0103 sunte\u021bi una dintre organiza\u021biile enumerate la punctul 2 de mai sus \u0219i sunte\u021bi interesat s\u0103 v\u0103 conecta\u021bi la site-ul nostru, trebuie s\u0103 ne informa\u021bi prin trimiterea unui e-mail c\u0103tre L&amp;Q ARMY. V\u0103 rug\u0103m s\u0103 include\u021bi numele dumneavoastr\u0103, numele organiza\u021biei, informa\u021biile de contact, precum \u0219i URL-ul site-ului dumneavoastr\u0103, o list\u0103 a oric\u0103ror URL-uri de la care inten\u021biona\u021bi s\u0103 v\u0103 conecta\u021bi la site-ul nostru web \u0219i o list\u0103 a URL-urilor de pe site-ul nostru la care dori\u021bi s\u0103 v\u0103 conecta\u021bi. A\u0219tepta\u021bi 2-3 s\u0103pt\u0103m\u00e2ni pentru un r\u0103spuns.<\/p><p>Organiza\u021biile aprobate pot face hyperlink c\u0103tre site-ul nostru web dup\u0103 cum urmeaz\u0103:<br \/>- Prin utilizarea denumirii noastre sociale; sau<br \/>- prin utilizarea localizatorului uniform de resurse la care se face leg\u0103tura; sau<br \/>- Prin utilizarea oric\u0103rei alte descrieri a site-ului nostru web la care se face leg\u0103tura, care are sens \u00een contextul \u0219i formatul con\u021binutului de pe site-ul p\u0103r\u021bii care face leg\u0103tura.<\/p><p>Nu va fi permis\u0103 utilizarea logo-ului L&amp;Q ARMY sau a altor lucr\u0103ri de art\u0103 pentru crearea de linkuri \u00een absen\u021ba unui acord de licen\u021b\u0103 privind marca comercial\u0103.<\/p><h3>8. R\u0103spunderea pentru con\u021binut<\/h3><p>Nu vom fi considera\u021bi responsabili pentru niciun con\u021binut care apare pe site-ul dvs. web. Sunte\u021bi de acord s\u0103 ne proteja\u021bi \u0219i s\u0103 ne ap\u0103ra\u021bi \u00eempotriva tuturor reclama\u021biilor care apar pe site-ul dvs. web. Pe niciun site web nu trebuie s\u0103 apar\u0103 niciun link care poate fi interpretat ca fiind def\u0103im\u0103tor, obscen sau criminal sau care \u00eencalc\u0103, violeaz\u0103 \u00een alt mod sau sus\u021bine \u00eenc\u0103lcarea sau alte \u00eenc\u0103lc\u0103ri ale drepturilor ter\u021bilor.<\/p><h3>9. Rezervarea drepturilor<\/h3><p>Ne rezerv\u0103m dreptul de a v\u0103 solicita s\u0103 elimina\u021bi toate leg\u0103turile sau o anumit\u0103 leg\u0103tur\u0103 c\u0103tre site-ul nostru. Sunte\u021bi de acord s\u0103 elimina\u021bi imediat toate linkurile c\u0103tre site-ul nostru la cerere. De asemenea, ne rezerv\u0103m dreptul de a modifica \u00een orice moment ace\u0219ti termeni \u0219i condi\u021bii \u0219i politica sa privind leg\u0103turile. Prin conectarea continu\u0103 la site-ul nostru web, sunte\u021bi de acord s\u0103 v\u0103 supune\u021bi \u0219i s\u0103 respecta\u021bi ace\u0219ti termeni \u0219i condi\u021bii de conectare.<\/p><h3>10. \u00cenl\u0103turarea linkurilor de pe site-ul nostru<\/h3><p>Dac\u0103 g\u0103si\u021bi un link pe site-ul nostru care este ofensator din orice motiv, sunte\u021bi liber s\u0103 ne contacta\u021bi \u0219i s\u0103 ne informa\u021bi \u00een orice moment. Vom lua \u00een considerare cererile de eliminare a linkurilor, dar nu suntem obliga\u021bi s\u0103 facem acest lucru sau s\u0103 v\u0103 r\u0103spundem direct. Nu ne asigur\u0103m c\u0103 informa\u021biile de pe acest site sunt corecte. Nu garant\u0103m exhaustivitatea sau acurate\u021bea acestora \u0219i nici nu promitem s\u0103 ne asigur\u0103m c\u0103 site-ul r\u0103m\u00e2ne disponibil sau c\u0103 materialele de pe site sunt actualizate.<\/p><h2>11. Disclaimer<\/h2><p>\u00cen m\u0103sura maxim\u0103 permis\u0103 de legea aplicabil\u0103, excludem toate declara\u021biile, garan\u021biile \u0219i condi\u021biile referitoare la site-ul nostru \u0219i la utilizarea acestui site. Nimic din aceast\u0103 clauz\u0103 de exonerare de r\u0103spundere nu va:<br \/>- Limitarea sau excluderea r\u0103spunderii noastre sau a dumneavoastr\u0103 pentru deces sau v\u0103t\u0103mare corporal\u0103;<br \/>- Limitarea sau excluderea r\u0103spunderii noastre sau a dumneavoastr\u0103 pentru fraud\u0103 sau declara\u021bii false frauduloase;<br \/>- limita\u021bi oricare dintre responsabilit\u0103\u021bile noastre sau ale dumneavoastr\u0103 \u00een orice mod care nu este permis de legisla\u021bia aplicabil\u0103; sau<br \/>- Excluderea oric\u0103ror r\u0103spunderi ale noastre sau ale dumneavoastr\u0103 care nu pot fi excluse \u00een temeiul legisla\u021biei aplicabile.<\/p><p>Limit\u0103rile \u0219i interdic\u021biile de r\u0103spundere stabilite \u00een aceast\u0103 sec\u021biune \u0219i \u00een alte p\u0103r\u021bi ale acestei clauze de exonerare de r\u0103spundere: (a) sunt supuse paragrafului precedent; \u0219i (b) reglementeaz\u0103 toate r\u0103spunderile care decurg din aceast\u0103 clauz\u0103 de exonerare de r\u0103spundere, inclusiv r\u0103spunderile care decurg din contract, delict civil \u0219i \u00eenc\u0103lcarea obliga\u021biilor legale.<\/p><p>At\u00e2t timp c\u00e2t site-ul web \u0219i informa\u021biile \u0219i serviciile de pe site sunt furnizate gratuit, nu vom fi responsabili pentru nicio pierdere sau daun\u0103 de orice natur\u0103.<\/p>\t\t\t\t\t\t\t\t<\/div>\n\t\t\t\t<\/div>\n\t\t\t\t\t<\/div>\n\t\t\t\t<\/div>\n\t\t<div class=\"elementor-element elementor-element-1aa4a921 e-con-full e-flex e-con e-parent\" data-id=\"1aa4a921\" data-element_type=\"container\" data-e-type=\"container\">\n\t\t<div class=\"elementor-element elementor-element-475459a8 e-con-full e-flex e-con e-child\" data-id=\"475459a8\" data-element_type=\"container\" data-e-type=\"container\">\n\t\t\t\t<div class=\"elementor-element elementor-element-2d325b8a elementor-widget elementor-widget-image\" data-id=\"2d325b8a\" data-element_type=\"widget\" data-e-type=\"widget\" data-widget_type=\"image.default\">\n\t\t\t\t<div class=\"elementor-widget-container\">\n\t\t\t\t\t\t\t\t\t\t\t\t\t\t\t<img loading=\"lazy\" decoding=\"async\" width=\"150\" height=\"150\" src=\"https:\/\/www.lqcompany.com\/wp-content\/uploads\/2024\/04\/lq_army_logo-1-150x150.png\" class=\"attachment-thumbnail size-thumbnail wp-image-1442\" alt=\"lq_army_logo\" srcset=\"https:\/\/www.lqcompany.com\/wp-content\/uploads\/2024\/04\/lq_army_logo-1-150x150.png 150w, https:\/\/www.lqcompany.com\/wp-content\/uploads\/2024\/04\/lq_army_logo-1-12x12.png 12w, https:\/\/www.lqcompany.com\/wp-content\/uploads\/2024\/04\/lq_army_logo-1.png 200w\" sizes=\"auto, (max-width: 150px) 100vw, 150px\" \/>\t\t\t\t\t\t\t\t\t\t\t\t\t\t\t<\/div>\n\t\t\t\t<\/div>\n\t\t\t\t<\/div>\n\t\t<div class=\"elementor-element elementor-element-7705a737 e-con-full e-flex e-con e-child\" data-id=\"7705a737\" data-element_type=\"container\" data-e-type=\"container\">\n\t\t\t\t<div class=\"elementor-element elementor-element-47b982c4 elementor-widget elementor-widget-heading\" data-id=\"47b982c4\" data-element_type=\"widget\" data-e-type=\"widget\" data-widget_type=\"heading.default\">\n\t\t\t\t<div class=\"elementor-widget-container\">\n\t\t\t\t\t<h2 class=\"elementor-heading-title elementor-size-default\">Alege\u021bi numele de \u00eencredere \u00een echipamente tactice: L&amp;Q<\/h2>\t\t\t\t<\/div>\n\t\t\t\t<\/div>\n\t\t\t\t<div class=\"elementor-element elementor-element-5ef53ee5 elementor-widget elementor-widget-text-editor\" data-id=\"5ef53ee5\" data-element_type=\"widget\" data-e-type=\"widget\" data-widget_type=\"text-editor.default\">\n\t\t\t\t<div class=\"elementor-widget-container\">\n\t\t\t\t\t\t\t\t\t<p>Partenerul dumneavoastr\u0103 de \u00eencredere pentru solu\u021bii de echipamente superioare<\/p>\t\t\t\t\t\t\t\t<\/div>\n\t\t\t\t<\/div>\n\t\t\t\t<\/div>\n\t\t<div class=\"elementor-element elementor-element-5297cf20 e-con-full e-flex e-con e-child\" data-id=\"5297cf20\" data-element_type=\"container\" data-e-type=\"container\">\n\t\t\t\t<div class=\"elementor-element elementor-element-6b7fe368 elementor-position-top elementor-widget elementor-widget-image-box\" data-id=\"6b7fe368\" data-element_type=\"widget\" data-e-type=\"widget\" data-widget_type=\"image-box.default\">\n\t\t\t\t<div class=\"elementor-widget-container\">\n\t\t\t\t\t<div class=\"elementor-image-box-wrapper\"><figure class=\"elementor-image-box-img\"><img loading=\"lazy\" decoding=\"async\" width=\"352\" height=\"185\" src=\"https:\/\/www.lqcompany.com\/wp-content\/uploads\/2024\/04\/u30186643243330800651fm253fmtautoapp138fJPEG.jpg\" class=\"attachment-full size-full wp-image-2373\" alt=\"\" srcset=\"https:\/\/www.lqcompany.com\/wp-content\/uploads\/2024\/04\/u30186643243330800651fm253fmtautoapp138fJPEG-300x158.jpg 300w, https:\/\/www.lqcompany.com\/wp-content\/uploads\/2024\/04\/u30186643243330800651fm253fmtautoapp138fJPEG-18x9.jpg 18w, https:\/\/www.lqcompany.com\/wp-content\/uploads\/2024\/04\/u30186643243330800651fm253fmtautoapp138fJPEG.jpg 352w\" sizes=\"auto, (max-width: 352px) 100vw, 352px\" \/><\/figure><div class=\"elementor-image-box-content\"><p class=\"elementor-image-box-title\">California (birouri \u0219i depozite)<\/p><p class=\"elementor-image-box-description\">1951 S Parco Ave Unit E Ontario CA 91761, Statele Unite ale Americii<\/p><\/div><\/div>\t\t\t\t<\/div>\n\t\t\t\t<\/div>\n\t\t\t\t<div class=\"elementor-element elementor-element-1ea5ca4f elementor-widget elementor-widget-heading\" data-id=\"1ea5ca4f\" data-element_type=\"widget\" data-e-type=\"widget\" data-widget_type=\"heading.default\">\n\t\t\t\t<div class=\"elementor-widget-container\">\n\t\t\t\t\t<p class=\"elementor-heading-title elementor-size-default\">Texas (birouri \u0219i depozite)<\/p>\t\t\t\t<\/div>\n\t\t\t\t<\/div>\n\t\t\t\t<div class=\"elementor-element elementor-element-b87c48d elementor-widget elementor-widget-text-editor\" data-id=\"b87c48d\" data-element_type=\"widget\" data-e-type=\"widget\" data-widget_type=\"text-editor.default\">\n\t\t\t\t<div class=\"elementor-widget-container\">\n\t\t\t\t\t\t\t\t\t<p>4755 Alpine Drive, Suite 125, Stafford, TX77477, Statele Unite ale Americii<\/p>\t\t\t\t\t\t\t\t<\/div>\n\t\t\t\t<\/div>\n\t\t\t\t<\/div>\n\t\t<div class=\"elementor-element elementor-element-24c13391 e-con-full e-flex e-con e-child\" data-id=\"24c13391\" data-element_type=\"container\" data-e-type=\"container\">\n\t\t\t\t<div class=\"elementor-element elementor-element-19c7e7ef elementor-position-top elementor-widget elementor-widget-image-box\" data-id=\"19c7e7ef\" data-element_type=\"widget\" data-e-type=\"widget\" data-widget_type=\"image-box.default\">\n\t\t\t\t<div class=\"elementor-widget-container\">\n\t\t\t\t\t<div class=\"elementor-image-box-wrapper\"><figure class=\"elementor-image-box-img\"><img loading=\"lazy\" decoding=\"async\" width=\"536\" height=\"357\" src=\"https:\/\/www.lqcompany.com\/wp-content\/uploads\/2024\/04\/d0c8a786c9177f3e67097eaf9c852cc79f3df8dcf874.png\" class=\"attachment-full size-full wp-image-2374\" alt=\"\" srcset=\"https:\/\/www.lqcompany.com\/wp-content\/uploads\/2024\/04\/d0c8a786c9177f3e67097eaf9c852cc79f3df8dcf874-300x200.png 300w, https:\/\/www.lqcompany.com\/wp-content\/uploads\/2024\/04\/d0c8a786c9177f3e67097eaf9c852cc79f3df8dcf874-18x12.png 18w, https:\/\/www.lqcompany.com\/wp-content\/uploads\/2024\/04\/d0c8a786c9177f3e67097eaf9c852cc79f3df8dcf874.png 536w\" sizes=\"auto, (max-width: 536px) 100vw, 536px\" \/><\/figure><div class=\"elementor-image-box-content\"><p class=\"elementor-image-box-title\">China (atelier \u0219i birou)<\/p><p class=\"elementor-image-box-description\">No.368 , HaoXin Building , ChongHong Street,Quanzhou City ,Fujian Province<\/p><\/div><\/div>\t\t\t\t<\/div>\n\t\t\t\t<\/div>\n\t\t\t\t<div class=\"elementor-element elementor-element-493cb81 elementor-widget elementor-widget-heading\" data-id=\"493cb81\" data-element_type=\"widget\" data-e-type=\"widget\" data-widget_type=\"heading.default\">\n\t\t\t\t<div class=\"elementor-widget-container\">\n\t\t\t\t\t<p class=\"elementor-heading-title elementor-size-default\">Vietnam (birou \u0219i atelier)<\/p>\t\t\t\t<\/div>\n\t\t\t\t<\/div>\n\t\t\t\t<div class=\"elementor-element elementor-element-48bf693 elementor-widget elementor-widget-text-editor\" data-id=\"48bf693\" data-element_type=\"widget\" data-e-type=\"widget\" data-widget_type=\"text-editor.default\">\n\t\t\t\t<div class=\"elementor-widget-container\">\n\t\t\t\t\t\t\t\t\t<p>\u00cen cur\u00e2nd<\/p>\t\t\t\t\t\t\t\t<\/div>\n\t\t\t\t<\/div>\n\t\t\t\t<\/div>\n\t\t<div class=\"elementor-element elementor-element-8b326f2 e-con-full e-flex e-con e-child\" data-id=\"8b326f2\" data-element_type=\"container\" data-e-type=\"container\">\n\t\t\t\t<div class=\"elementor-element elementor-element-2893ee6f elementor-widget elementor-widget-heading\" data-id=\"2893ee6f\" data-element_type=\"widget\" data-e-type=\"widget\" data-widget_type=\"heading.default\">\n\t\t\t\t<div class=\"elementor-widget-container\">\n\t\t\t\t\t<h2 class=\"elementor-heading-title elementor-size-default\">V\u00e2nz\u0103ri \u0219i cota\u021bii<\/h2>\t\t\t\t<\/div>\n\t\t\t\t<\/div>\n\t\t\t\t<div class=\"elementor-element elementor-element-2f836a71 elementor-widget elementor-widget-text-editor\" data-id=\"2f836a71\" data-element_type=\"widget\" data-e-type=\"widget\" data-widget_type=\"text-editor.default\">\n\t\t\t\t<div class=\"elementor-widget-container\">\n\t\t\t\t\t\t\t\t\t<p><a href=\"mailto:xixi@aetgear.com\">xixi@aetgear.com<\/a><\/p>\t\t\t\t\t\t\t\t<\/div>\n\t\t\t\t<\/div>\n\t\t\t\t<div class=\"elementor-element elementor-element-7176a130 elementor-widget elementor-widget-heading\" data-id=\"7176a130\" data-element_type=\"widget\" data-e-type=\"widget\" data-widget_type=\"heading.default\">\n\t\t\t\t<div class=\"elementor-widget-container\">\n\t\t\t\t\t<h2 class=\"elementor-heading-title elementor-size-default\">\u00centreb\u0103ri generale<\/h2>\t\t\t\t<\/div>\n\t\t\t\t<\/div>\n\t\t\t\t<div class=\"elementor-element elementor-element-6d0e9953 elementor-widget elementor-widget-text-editor\" data-id=\"6d0e9953\" data-element_type=\"widget\" data-e-type=\"widget\" data-widget_type=\"text-editor.default\">\n\t\t\t\t<div class=\"elementor-widget-container\">\n\t\t\t\t\t\t\t\t\t<p><a href=\"mailto:sisii@lqcompany.com\" rel=\"nofollow\">sisii@lqcompany.com<\/a><\/p>\t\t\t\t\t\t\t\t<\/div>\n\t\t\t\t<\/div>\n\t\t\t\t<div class=\"elementor-element elementor-element-741847d5 elementor-widget elementor-widget-heading\" data-id=\"741847d5\" data-element_type=\"widget\" data-e-type=\"widget\" data-widget_type=\"heading.default\">\n\t\t\t\t<div class=\"elementor-widget-container\">\n\t\t\t\t\t<h2 class=\"elementor-heading-title elementor-size-default\">Reclama\u021bii \u0219i sugestii<\/h2>\t\t\t\t<\/div>\n\t\t\t\t<\/div>\n\t\t\t\t<div class=\"elementor-element elementor-element-741db32f elementor-widget elementor-widget-text-editor\" data-id=\"741db32f\" data-element_type=\"widget\" data-e-type=\"widget\" data-widget_type=\"text-editor.default\">\n\t\t\t\t<div class=\"elementor-widget-container\">\n\t\t\t\t\t\t\t\t\t<p><a href=\"mailto:info@aetgear.com\">info@aetgear.com<\/a><\/p>\t\t\t\t\t\t\t\t<\/div>\n\t\t\t\t<\/div>\n\t\t\t\t<\/div>\n\t\t\t\t<\/div>\n\t\t\t\t<\/div>","protected":false},"excerpt":{"rendered":"<p>Terms &#038; Conditions Welcome to L&amp;Q ARMY&#8217;s website\uff08www.lqompany.com\uff09. By accessing or using this website, you agree to comply with and be bound by the following terms and conditions. Please read them carefully before using our site. 1. Introduction These terms and conditions outline the rules and regulations for the use of L&amp;Q ARMY&#8217;s Website. By [&hellip;]<\/p>\n","protected":false},"author":1,"featured_media":0,"parent":0,"menu_order":0,"comment_status":"closed","ping_status":"open","template":"","meta":{"_acf_changed":false,"footnotes":""},"class_list":["post-3736","page","type-page","status-publish","hentry"],"blocksy_meta":[],"acf":[],"_links":{"self":[{"href":"https:\/\/www.lqcompany.com\/ro\/wp-json\/wp\/v2\/pages\/3736","targetHints":{"allow":["GET"]}}],"collection":[{"href":"https:\/\/www.lqcompany.com\/ro\/wp-json\/wp\/v2\/pages"}],"about":[{"href":"https:\/\/www.lqcompany.com\/ro\/wp-json\/wp\/v2\/types\/page"}],"author":[{"embeddable":true,"href":"https:\/\/www.lqcompany.com\/ro\/wp-json\/wp\/v2\/users\/1"}],"replies":[{"embeddable":true,"href":"https:\/\/www.lqcompany.com\/ro\/wp-json\/wp\/v2\/comments?post=3736"}],"version-history":[{"count":0,"href":"https:\/\/www.lqcompany.com\/ro\/wp-json\/wp\/v2\/pages\/3736\/revisions"}],"wp:attachment":[{"href":"https:\/\/www.lqcompany.com\/ro\/wp-json\/wp\/v2\/media?parent=3736"}],"curies":[{"name":"wp","href":"https:\/\/api.w.org\/{rel}","templated":true}]}}