{"id":3887,"date":"2024-05-23T05:41:56","date_gmt":"2024-05-23T05:41:56","guid":{"rendered":"https:\/\/lqcompany.com\/?page_id=3887"},"modified":"2024-05-23T05:43:41","modified_gmt":"2024-05-23T05:43:41","slug":"careers","status":"publish","type":"page","link":"https:\/\/www.lqcompany.com\/pt\/careers\/","title":{"rendered":"Carreiras"},"content":{"rendered":"<div data-elementor-type=\"wp-page\" data-elementor-id=\"3887\" class=\"elementor elementor-3887\" data-elementor-settings=\"{&quot;ha_cmc_init_switcher&quot;:&quot;no&quot;}\" data-elementor-post-type=\"page\">\n\t\t\t\t<div class=\"elementor-element elementor-element-f4f339d e-flex e-con-boxed e-con e-parent\" data-id=\"f4f339d\" data-element_type=\"container\" data-e-type=\"container\" data-settings=\"{&quot;background_background&quot;:&quot;classic&quot;}\">\n\t\t\t\t\t<div class=\"e-con-inner\">\n\t\t\t\t<div class=\"elementor-element elementor-element-80035c5 elementor-widget elementor-widget-heading\" data-id=\"80035c5\" data-element_type=\"widget\" data-e-type=\"widget\" data-widget_type=\"heading.default\">\n\t\t\t\t<div class=\"elementor-widget-container\">\n\t\t\t\t\t<h1 class=\"elementor-heading-title elementor-size-default\">CARREIRAS<\/h1>\t\t\t\t<\/div>\n\t\t\t\t<\/div>\n\t\t\t\t\t<\/div>\n\t\t\t\t<\/div>\n\t\t<div class=\"elementor-element elementor-element-0370e5e e-flex e-con-boxed e-con e-parent\" data-id=\"0370e5e\" data-element_type=\"container\" data-e-type=\"container\">\n\t\t\t\t\t<div class=\"e-con-inner\">\n\t\t\t\t<div class=\"elementor-element elementor-element-53995dd elementor-widget elementor-widget-text-editor\" data-id=\"53995dd\" data-element_type=\"widget\" data-e-type=\"widget\" data-widget_type=\"text-editor.default\">\n\t\t\t\t<div class=\"elementor-widget-container\">\n\t\t\t\t\t\t\t\t\t<h2><strong>Junte-se \u00e0 equipa LQ ARMY<\/strong><\/h2><p>Na LQ ARMY, estamos \u00e0 procura de profissionais dedicados para se juntarem \u00e0 nossa equipa nas nossas instala\u00e7\u00f5es de fabrico na Calif\u00f3rnia. Oferecemos um ambiente de trabalho din\u00e2mico com oportunidades de crescimento e desenvolvimento. Veja as nossas vagas actuais abaixo e diga-nos se \u00e9 a pessoa ideal para a nossa equipa!<\/p><p><strong>POSI\u00c7\u00d5ES EM ABERTO<\/strong><\/p><h3>Inspetor de Controlo de Qualidade<\/h3><p><strong>Responsabilidades<\/strong>:<\/p><ul><li>Realizar processos b\u00e1sicos e avan\u00e7ados de montagem e inspe\u00e7\u00e3o de produtos com um m\u00ednimo de supervis\u00e3o.<\/li><li>Efetuar o controlo de qualidade e a embalagem com aten\u00e7\u00e3o aos pormenores.<\/li><li>Demonstrar conhecimento de padr\u00f5es, materiais e utiliza\u00e7\u00f5es de produtos.<\/li><\/ul><p><strong>Qualifica\u00e7\u00f5es exigidas<\/strong>:<\/p><ul><li>Aten\u00e7\u00e3o aos pormenores e capacidade para levantar at\u00e9 50 lbs.<\/li><li>Autorizado a trabalhar nos EUA.<\/li><\/ul><p><strong>Qualifica\u00e7\u00f5es preferenciais<\/strong>:<\/p><ul><li>Indiv\u00edduo auto-motivado com excelentes capacidades de resolu\u00e7\u00e3o de problemas.<\/li><\/ul><p><strong>O que oferecemos<\/strong>:<\/p><ul><li>Seguro de sa\u00fade, dent\u00e1rio, de vis\u00e3o e suplementar dispon\u00edvel<\/li><li>Programa de assist\u00eancia aos empregados<\/li><li>401K e tempo livre remunerado<\/li><li>Crescimento e desenvolvimento profissional<\/li><li>Ambiente de trabalho \u00fanico<\/li><li>Remunera\u00e7\u00e3o competitiva<\/li><li>F\u00e9rias pagas<\/li><\/ul><p>Para se candidatar, envie o seu curr\u00edculo para <a href=\"mailto:jobs@lqcompany.com\">jobs@lqcompany.com<\/a>.<\/p><p>\u00a0<\/p><p>\u00a0<\/p><h3>T\u00e9cnico de manuten\u00e7\u00e3o<\/h3><p><strong>Responsabilidades<\/strong>:<\/p><ul><li>Apoiar e gerir as necessidades t\u00e9cnicas das opera\u00e7\u00f5es de produ\u00e7\u00e3o.<\/li><li>Efetuar a manuten\u00e7\u00e3o preventiva e reactiva de m\u00e1quinas de produ\u00e7\u00e3o industrial.<\/li><li>Gerir o pessoal e apoiar os programas de seguran\u00e7a.<\/li><\/ul><p><strong>Qualifica\u00e7\u00f5es exigidas<\/strong>:<\/p><ul><li>Capacidade para levantar at\u00e9 50 lbs e trabalhar 40 horas por semana.<\/li><li>Autorizado a trabalhar nos EUA.<\/li><\/ul><p><strong>Qualifica\u00e7\u00f5es preferenciais<\/strong>:<\/p><ul><li>Experi\u00eancia pr\u00e9via em repara\u00e7\u00e3o e manuten\u00e7\u00e3o de m\u00e1quinas industriais.<\/li><\/ul><p><strong>O que oferecemos<\/strong>:<\/p><ul><li>Seguro de sa\u00fade, dent\u00e1rio, de vis\u00e3o e suplementar dispon\u00edvel<\/li><li>401K e tempo livre remunerado<\/li><li>Crescimento e desenvolvimento profissional<\/li><li>Ambiente de trabalho \u00fanico<\/li><li>Remunera\u00e7\u00e3o competitiva<\/li><li>F\u00e9rias pagas<\/li><\/ul><p><strong>Para se candidatar, envie o seu curr\u00edculo para <a href=\"mailto:jobs@lqcompany.com\">jobs@lqcompany.com<\/a>.<\/strong><\/p><p>\u00a0<\/p><p>\u00a0<\/p><h3>Representante do servi\u00e7o de apoio ao cliente<\/h3><p><strong>Responsabilidades<\/strong>:<\/p><ul><li>Gerir os pedidos de informa\u00e7\u00e3o dos clientes e prestar apoio atempado.<\/li><li>Coordenar com v\u00e1rios departamentos para garantir a satisfa\u00e7\u00e3o do cliente.<\/li><li>Manter o conhecimento dos produtos e prestar assist\u00eancia aos clientes em conformidade.<\/li><\/ul><p><strong>Qualifica\u00e7\u00f5es exigidas<\/strong>:<\/p><ul><li>Experi\u00eancia anterior de apoio ao cliente.<\/li><li>Autorizado a trabalhar nos EUA.<\/li><\/ul><p><strong>Qualifica\u00e7\u00f5es preferenciais<\/strong>:<\/p><ul><li>Familiaridade com plataformas de com\u00e9rcio eletr\u00f3nico.<\/li><\/ul><p><strong>O que oferecemos<\/strong>:<\/p><ul><li>Seguro de sa\u00fade, dent\u00e1rio, de vis\u00e3o e suplementar dispon\u00edvel<\/li><li>401K e tempo livre remunerado<\/li><li>\u00a0Crescimento e desenvolvimento profissional<\/li><li>\u00a0Ambiente de trabalho \u00fanico<\/li><li>Remunera\u00e7\u00e3o competitiva<\/li><li>F\u00e9rias pagas<\/li><\/ul><p><strong>Para se candidatar, envie o seu curr\u00edculo para <a href=\"mailto:jobs@lqcompany.com\">jobs@lqcompany.com<\/a>.<\/strong><\/p><p>\u00a0<\/p><p>\u00a0<\/p><h3>Operador de m\u00e1quinas de costura<\/h3><p><strong>Responsabilidades<\/strong>:<\/p><ul><li>Executar fun\u00e7\u00f5es b\u00e1sicas de costura e manter o controlo de qualidade.<\/li><li>Interpretar as fichas t\u00e9cnicas de costura e seguir as instru\u00e7\u00f5es.<\/li><\/ul><p><strong>Qualifica\u00e7\u00f5es exigidas<\/strong>:<\/p><ul><li>Capacidade para trabalhar 40 horas por semana e levantar at\u00e9 50 lbs.<\/li><li>Autorizado a trabalhar nos EUA.<\/li><\/ul><p><strong>Qualifica\u00e7\u00f5es preferenciais<\/strong>:<\/p><ul><li>Grande aten\u00e7\u00e3o aos pormenores e capacidade de organiza\u00e7\u00e3o.<\/li><\/ul><p><strong>O que oferecemos<\/strong>:<\/p><ul><li>Seguro de sa\u00fade, dent\u00e1rio, de vis\u00e3o e suplementar dispon\u00edvel<\/li><li>401K e tempo livre remunerado<\/li><li>Crescimento e desenvolvimento profissional<\/li><li>Ambiente de trabalho \u00fanico<\/li><li>\u00a0Remunera\u00e7\u00e3o competitiva<\/li><li>F\u00e9rias pagas<\/li><\/ul><p><strong>Para se candidatar, envie o seu curr\u00edculo para <a href=\"mailto:jobs@lqcompany.com\">jobs@lqcompany.com<\/a>.<\/strong><\/p><p>\u00a0<\/p><p>\u00a0<\/p><h3>Igualdade de oportunidades de emprego<\/h3><p><strong>LQ ARMY<\/strong> est\u00e1 empenhada na igualdade de oportunidades de emprego (EEO). Valorizamos a diversidade e n\u00e3o discriminamos funcion\u00e1rios ou candidatos com base na ra\u00e7a, credo, cor, nacionalidade, orienta\u00e7\u00e3o sexual, defici\u00eancia, estatuto militar, estado civil ou qualquer outra carater\u00edstica protegida por lei.<\/p>\t\t\t\t\t\t\t\t<\/div>\n\t\t\t\t<\/div>\n\t\t\t\t\t<\/div>\n\t\t\t\t<\/div>\n\t\t\t\t<\/div>","protected":false},"excerpt":{"rendered":"<p>CAREERS Join the LQ ARMY Team At LQ ARMY, we&#8217;re on the lookout for dedicated professionals to join our team at our manufacturing facility in california. We offer a dynamic work environment with opportunities for growth and development. Take a look at our current job openings below and let us know if you&#8217;re the perfect [&hellip;]<\/p>\n","protected":false},"author":1,"featured_media":0,"parent":0,"menu_order":0,"comment_status":"closed","ping_status":"closed","template":"","meta":{"_acf_changed":false,"footnotes":""},"class_list":["post-3887","page","type-page","status-publish","hentry"],"blocksy_meta":[],"acf":[],"_links":{"self":[{"href":"https:\/\/www.lqcompany.com\/pt\/wp-json\/wp\/v2\/pages\/3887","targetHints":{"allow":["GET"]}}],"collection":[{"href":"https:\/\/www.lqcompany.com\/pt\/wp-json\/wp\/v2\/pages"}],"about":[{"href":"https:\/\/www.lqcompany.com\/pt\/wp-json\/wp\/v2\/types\/page"}],"author":[{"embeddable":true,"href":"https:\/\/www.lqcompany.com\/pt\/wp-json\/wp\/v2\/users\/1"}],"replies":[{"embeddable":true,"href":"https:\/\/www.lqcompany.com\/pt\/wp-json\/wp\/v2\/comments?post=3887"}],"version-history":[{"count":0,"href":"https:\/\/www.lqcompany.com\/pt\/wp-json\/wp\/v2\/pages\/3887\/revisions"}],"wp:attachment":[{"href":"https:\/\/www.lqcompany.com\/pt\/wp-json\/wp\/v2\/media?parent=3887"}],"curies":[{"name":"wp","href":"https:\/\/api.w.org\/{rel}","templated":true}]}}