{"id":3736,"date":"2024-05-21T03:36:29","date_gmt":"2024-05-21T03:36:29","guid":{"rendered":"https:\/\/lqcompany.com\/?page_id=3736"},"modified":"2024-05-21T03:46:15","modified_gmt":"2024-05-21T03:46:15","slug":"terms-conditions","status":"publish","type":"page","link":"https:\/\/www.lqcompany.com\/pt\/terms-conditions\/","title":{"rendered":"Termos e condi\u00e7\u00f5es"},"content":{"rendered":"<div data-elementor-type=\"wp-page\" data-elementor-id=\"3736\" class=\"elementor elementor-3736\" data-elementor-settings=\"{&quot;ha_cmc_init_switcher&quot;:&quot;no&quot;}\" data-elementor-post-type=\"page\">\n\t\t\t\t<div class=\"elementor-element elementor-element-edf6dc3 e-flex e-con-boxed e-con e-parent\" data-id=\"edf6dc3\" data-element_type=\"container\" data-e-type=\"container\" data-settings=\"{&quot;background_background&quot;:&quot;classic&quot;}\">\n\t\t\t\t\t<div class=\"e-con-inner\">\n\t\t\t\t<div class=\"elementor-element elementor-element-e9fbd46 elementor-widget elementor-widget-heading\" data-id=\"e9fbd46\" data-element_type=\"widget\" data-e-type=\"widget\" data-widget_type=\"heading.default\">\n\t\t\t\t<div class=\"elementor-widget-container\">\n\t\t\t\t\t<h2 class=\"elementor-heading-title elementor-size-default\">Termos e condi\u00e7\u00f5es<\/h2>\t\t\t\t<\/div>\n\t\t\t\t<\/div>\n\t\t\t\t\t<\/div>\n\t\t\t\t<\/div>\n\t\t<div class=\"elementor-element elementor-element-1b44bdf7 e-flex e-con-boxed e-con e-parent\" data-id=\"1b44bdf7\" data-element_type=\"container\" data-e-type=\"container\">\n\t\t\t\t\t<div class=\"e-con-inner\">\n\t\t\t\t<div class=\"elementor-element elementor-element-2937e714 elementor-widget elementor-widget-text-editor\" data-id=\"2937e714\" data-element_type=\"widget\" data-e-type=\"widget\" data-widget_type=\"text-editor.default\">\n\t\t\t\t<div class=\"elementor-widget-container\">\n\t\t\t\t\t\t\t\t\t<p>Bem-vindo ao s\u00edtio Web da L&amp;Q ARMY\uff08<a href=\"https:\/\/lqcompany.com\/\" target=\"_blank\" rel=\"noopener\">www.lqompany.com<\/a>\uff09. Ao aceder ou utilizar este s\u00edtio Web, o utilizador concorda em cumprir e ficar vinculado aos seguintes termos e condi\u00e7\u00f5es. Leia-os atentamente antes de utilizar o nosso s\u00edtio.<\/p><h3>1. Introdu\u00e7\u00e3o<\/h3><p>Estes termos e condi\u00e7\u00f5es descrevem as regras e regulamentos para a utiliza\u00e7\u00e3o do s\u00edtio Web da L&amp;Q ARMY. Ao utilizar este s\u00edtio Web, o utilizador aceita estes termos e condi\u00e7\u00f5es na \u00edntegra. Se n\u00e3o concordar com qualquer parte destes termos e condi\u00e7\u00f5es, n\u00e3o deve utilizar o nosso s\u00edtio Web.<\/p><h3>\u00a02. Direitos de propriedade intelectual<\/h3><p>Salvo indica\u00e7\u00e3o em contr\u00e1rio, a L&amp;Q ARMY e\/ou os seus licenciantes det\u00eam os direitos de propriedade intelectual do s\u00edtio Web e do material nele contido. Todos estes direitos de propriedade intelectual s\u00e3o reservados. O utilizador pode visualizar, descarregar apenas para fins de caching e imprimir p\u00e1ginas ou outros conte\u00fados do s\u00edtio Web para seu uso pessoal, sujeito \u00e0s restri\u00e7\u00f5es definidas abaixo e noutras partes dos presentes termos e condi\u00e7\u00f5es.<\/p><h3>\u00a03. Licen\u00e7a de utiliza\u00e7\u00e3o do s\u00edtio Web<\/h3><p>O utilizador pode visualizar, descarregar apenas para fins de cache e imprimir p\u00e1ginas ou outros conte\u00fados do s\u00edtio Web para seu uso pessoal, sujeito \u00e0s restri\u00e7\u00f5es definidas abaixo e noutras partes destes termos e condi\u00e7\u00f5es. O utilizador n\u00e3o deve:<br \/>- Republicar material deste s\u00edtio Web (incluindo a republica\u00e7\u00e3o noutro s\u00edtio Web);<br \/>- Vender, alugar ou sublicenciar material do s\u00edtio Web;<br \/>- Mostrar qualquer material do s\u00edtio Web em p\u00fablico;<br \/>- Reproduzir, duplicar, copiar ou explorar de outra forma o material do nosso s\u00edtio Web para fins comerciais;<br \/>- Editar ou modificar de outra forma qualquer material no s\u00edtio Web; ou<br \/>- Redistribuir o material deste s\u00edtio Web, exceto os conte\u00fados espec\u00edfica e expressamente disponibilizados para redistribui\u00e7\u00e3o.<\/p><h3>4. Utiliza\u00e7\u00e3o aceit\u00e1vel<\/h3><p>O utilizador n\u00e3o deve utilizar o nosso s\u00edtio Web de forma a causar, ou poder causar, danos no s\u00edtio Web ou prejudicar a disponibilidade ou acessibilidade do s\u00edtio Web; ou de qualquer forma que seja il\u00edcita, ilegal, fraudulenta ou prejudicial, ou em liga\u00e7\u00e3o com qualquer finalidade ou atividade il\u00edcita, ilegal, fraudulenta ou prejudicial. O utilizador n\u00e3o deve utilizar o nosso s\u00edtio Web para copiar, armazenar, alojar, transmitir, enviar, utilizar, publicar ou distribuir qualquer material que consista em (ou esteja ligado a) qualquer spyware, v\u00edrus inform\u00e1tico, cavalo de Troia, worm, keystroke logger, rootkit ou outro software inform\u00e1tico malicioso. N\u00e3o deve realizar quaisquer actividades sistem\u00e1ticas ou automatizadas de recolha de dados (incluindo, sem limita\u00e7\u00e3o, raspagem, extra\u00e7\u00e3o de dados, extra\u00e7\u00e3o de dados e recolha de dados) no ou em rela\u00e7\u00e3o ao nosso s\u00edtio Web sem o nosso consentimento expresso por escrito.<\/p><h3>\u00a05. Acesso restrito<\/h3><p>O acesso a determinadas \u00e1reas do nosso s\u00edtio Web \u00e9 restrito. Reservamo-nos o direito de restringir o acesso a outras \u00e1reas do nosso s\u00edtio Web, ou mesmo a todo o nosso s\u00edtio Web, \u00e0 nossa discri\u00e7\u00e3o. Se lhe fornecermos uma ID de utilizador e uma palavra-passe para lhe permitir aceder a \u00e1reas restritas do nosso s\u00edtio Web ou a outros conte\u00fados ou servi\u00e7os, o utilizador deve garantir que a ID de utilizador e a palavra-passe s\u00e3o mantidas confidenciais. Podemos desativar a ID de utilizador e a palavra-passe do utilizador \u00e0 nossa inteira discri\u00e7\u00e3o, sem aviso pr\u00e9vio ou explica\u00e7\u00e3o.<\/p><h3>6. Conte\u00fado do utilizador<\/h3><p>Nestes termos e condi\u00e7\u00f5es, \"o conte\u00fado do utilizador\" significa material (incluindo, sem limita\u00e7\u00e3o, texto, imagens, material \u00e1udio, material de v\u00eddeo e material audiovisual) que o utilizador submete ao nosso s\u00edtio Web, independentemente da finalidade. O utilizador concede-nos uma licen\u00e7a mundial, irrevog\u00e1vel, n\u00e3o exclusiva e isenta de royalties para utilizar, reproduzir, adaptar, publicar, traduzir e distribuir o seu conte\u00fado de utilizador em qualquer suporte existente ou futuro. O utilizador tamb\u00e9m nos concede o direito de sublicenciar estes direitos e o direito de intentar uma a\u00e7\u00e3o por viola\u00e7\u00e3o destes direitos.<\/p><h3>7. Hiperliga\u00e7\u00e3o ao nosso conte\u00fado<\/h3><p>As seguintes organiza\u00e7\u00f5es podem estabelecer liga\u00e7\u00f5es ao nosso s\u00edtio Web sem autoriza\u00e7\u00e3o pr\u00e9via por escrito:<br \/>- Ag\u00eancias governamentais;<br \/>- Motores de pesquisa;<br \/>- Organiza\u00e7\u00f5es noticiosas;<br \/>- Os distribuidores de direct\u00f3rios em linha podem estabelecer liga\u00e7\u00f5es ao nosso s\u00edtio Web da mesma forma que estabelecem hiperliga\u00e7\u00f5es para os s\u00edtios Web de outras empresas listadas; e<br \/>- Empresas acreditadas em todo o sistema, exceto organiza\u00e7\u00f5es sem fins lucrativos, centros comerciais de benefic\u00eancia e grupos de angaria\u00e7\u00e3o de fundos de benefic\u00eancia que n\u00e3o podem estabelecer hiperliga\u00e7\u00f5es para o nosso Website.<\/p><p>Estas organiza\u00e7\u00f5es podem estabelecer liga\u00e7\u00f5es \u00e0 nossa p\u00e1gina inicial, a publica\u00e7\u00f5es ou a outras informa\u00e7\u00f5es do s\u00edtio Web, desde que a liga\u00e7\u00e3o (a) n\u00e3o seja de forma alguma enganadora; (b) n\u00e3o implique falsamente o patroc\u00ednio, o endosso ou a aprova\u00e7\u00e3o da parte que estabelece a liga\u00e7\u00e3o e dos seus produtos e\/ou servi\u00e7os; e (c) se enquadre no contexto do s\u00edtio da parte que estabelece a liga\u00e7\u00e3o.<\/p><p>Podemos considerar e aprovar outros pedidos de liga\u00e7\u00e3o dos seguintes tipos de organiza\u00e7\u00f5es:<br \/>- Fontes de informa\u00e7\u00e3o comummente conhecidas dos consumidores e\/ou das empresas;<br \/>- S\u00edtios de comunidades Dot.com;<br \/>- Associa\u00e7\u00f5es ou outros grupos que representem institui\u00e7\u00f5es de solidariedade social;<br \/>- Distribuidores de direct\u00f3rios em linha;<br \/>- Portais Internet;<br \/>- Empresas de contabilidade, advocacia e consultoria; e<br \/>- Institui\u00e7\u00f5es de ensino e associa\u00e7\u00f5es profissionais.<\/p><p>Aprovaremos os pedidos de hiperliga\u00e7\u00e3o destas organiza\u00e7\u00f5es se decidirmos que: (a) a hiperliga\u00e7\u00e3o n\u00e3o nos prejudica a n\u00f3s pr\u00f3prios ou \u00e0s nossas empresas acreditadas; (b) a organiza\u00e7\u00e3o n\u00e3o tem quaisquer registos negativos connosco; (c) o benef\u00edcio para n\u00f3s da visibilidade da hiperliga\u00e7\u00e3o compensa a aus\u00eancia da L&amp;Q ARMY; e (d) a hiperliga\u00e7\u00e3o est\u00e1 no contexto de informa\u00e7\u00f5es gerais sobre recursos.<\/p><p>Estas organiza\u00e7\u00f5es podem estabelecer uma liga\u00e7\u00e3o \u00e0 nossa p\u00e1gina inicial, desde que essa liga\u00e7\u00e3o (a) n\u00e3o seja de forma alguma enganadora; (b) n\u00e3o implique falsamente o patroc\u00ednio, o endosso ou a aprova\u00e7\u00e3o da parte que estabelece a liga\u00e7\u00e3o e dos seus produtos ou servi\u00e7os; e (c) se enquadre no contexto do s\u00edtio da parte que estabelece a liga\u00e7\u00e3o.<\/p><p>Se for uma das organiza\u00e7\u00f5es enumeradas no par\u00e1grafo 2 acima e estiver interessado em estabelecer uma liga\u00e7\u00e3o ao nosso s\u00edtio Web, deve informar-nos enviando uma mensagem de correio eletr\u00f3nico para a L&amp;Q ARMY. Inclua o seu nome, o nome da sua organiza\u00e7\u00e3o, informa\u00e7\u00f5es de contacto, bem como o URL do seu s\u00edtio, uma lista de quaisquer URLs a partir dos quais tenciona estabelecer uma liga\u00e7\u00e3o ao nosso s\u00edtio Web e uma lista dos URLs do nosso s\u00edtio aos quais gostaria de estabelecer uma liga\u00e7\u00e3o. Aguarde 2-3 semanas por uma resposta.<\/p><p>As organiza\u00e7\u00f5es aprovadas podem criar hiperliga\u00e7\u00f5es para o nosso s\u00edtio Web da seguinte forma:<br \/>- Atrav\u00e9s da utiliza\u00e7\u00e3o da nossa denomina\u00e7\u00e3o social; ou<br \/>- Atrav\u00e9s da utiliza\u00e7\u00e3o do localizador uniforme de recursos que est\u00e1 a ser ligado; ou<br \/>- Atrav\u00e9s da utiliza\u00e7\u00e3o de qualquer outra descri\u00e7\u00e3o do nosso S\u00edtio Web que esteja a ser ligado e que fa\u00e7a sentido no contexto e formato do conte\u00fado do s\u00edtio da parte que estabelece a liga\u00e7\u00e3o.<\/p><p>N\u00e3o ser\u00e1 permitida a utiliza\u00e7\u00e3o do log\u00f3tipo da L&amp;Q ARMY ou de outro trabalho art\u00edstico para liga\u00e7\u00e3o sem um acordo de licen\u00e7a de marca registada.<\/p><h3>8. Responsabilidade pelo conte\u00fado<\/h3><p>N\u00e3o podemos ser responsabilizados por qualquer conte\u00fado que apare\u00e7a no seu s\u00edtio Web. O utilizador concorda em proteger-nos e defender-nos contra todas as queixas apresentadas no seu s\u00edtio Web. N\u00e3o devem aparecer liga\u00e7\u00f5es em nenhum s\u00edtio Web que possam ser interpretadas como difamat\u00f3rias, obscenas ou criminosas, ou que infrinjam, violem ou defendam a infra\u00e7\u00e3o ou outra viola\u00e7\u00e3o de quaisquer direitos de terceiros.<\/p><h3>9. Reserva de direitos<\/h3><p>Reservamo-nos o direito de solicitar a remo\u00e7\u00e3o de todas as liga\u00e7\u00f5es ou de qualquer liga\u00e7\u00e3o espec\u00edfica ao nosso s\u00edtio Web. O utilizador aprova a remo\u00e7\u00e3o imediata de todas as hiperliga\u00e7\u00f5es para o nosso s\u00edtio Web mediante pedido. Tamb\u00e9m nos reservamos o direito de alterar estes termos e condi\u00e7\u00f5es e a sua pol\u00edtica de liga\u00e7\u00e3o em qualquer altura. Ao estabelecer continuamente uma liga\u00e7\u00e3o ao nosso s\u00edtio Web, o utilizador concorda em respeitar e seguir os presentes termos e condi\u00e7\u00f5es de liga\u00e7\u00e3o.<\/p><h3>10. Remo\u00e7\u00e3o de liga\u00e7\u00f5es do nosso s\u00edtio Web<\/h3><p>Se encontrar uma hiperliga\u00e7\u00e3o no nosso s\u00edtio Web que seja ofensiva por qualquer motivo, pode contactar-nos e informar-nos a qualquer momento. Teremos em considera\u00e7\u00e3o os pedidos de remo\u00e7\u00e3o de liga\u00e7\u00f5es, mas n\u00e3o somos obrigados a faz\u00ea-lo ou a responder-lhe diretamente. N\u00e3o garantimos que as informa\u00e7\u00f5es contidas neste s\u00edtio Web estejam correctas. N\u00e3o garantimos a sua integridade ou exatid\u00e3o, nem prometemos assegurar que o s\u00edtio Web permanece dispon\u00edvel ou que o material no s\u00edtio Web \u00e9 mantido atualizado.<\/p><h2>11. Isen\u00e7\u00e3o de responsabilidade<\/h2><p>Na medida m\u00e1xima permitida pela legisla\u00e7\u00e3o aplic\u00e1vel, exclu\u00edmos todas as representa\u00e7\u00f5es, garantias e condi\u00e7\u00f5es relacionadas com o nosso s\u00edtio Web e a utiliza\u00e7\u00e3o do mesmo. Nada nesta declara\u00e7\u00e3o de exonera\u00e7\u00e3o de responsabilidade ser\u00e1:<br \/>- Limitar ou excluir a nossa ou a sua responsabilidade por morte ou danos pessoais;<br \/>- Limitar ou excluir a nossa ou a sua responsabilidade por fraude ou falsas declara\u00e7\u00f5es fraudulentas;<br \/>- Limitar qualquer uma das nossas ou das suas responsabilidades de qualquer forma que n\u00e3o seja permitida pela lei aplic\u00e1vel; ou<br \/>- Excluir qualquer responsabilidade nossa ou do utilizador que n\u00e3o possa ser exclu\u00edda ao abrigo da legisla\u00e7\u00e3o aplic\u00e1vel.<\/p><p>As limita\u00e7\u00f5es e proibi\u00e7\u00f5es de responsabilidade estabelecidas nesta sec\u00e7\u00e3o e noutras partes da presente declara\u00e7\u00e3o de exonera\u00e7\u00e3o de responsabilidade: (a) est\u00e3o sujeitas ao par\u00e1grafo anterior; e (b) regem todas as responsabilidades decorrentes da declara\u00e7\u00e3o de exonera\u00e7\u00e3o de responsabilidade, incluindo as responsabilidades decorrentes de contrato, de delito e de viola\u00e7\u00e3o de deveres legais.<\/p><p>Enquanto o s\u00edtio Web e as informa\u00e7\u00f5es e servi\u00e7os nele contidos forem fornecidos gratuitamente, n\u00e3o seremos respons\u00e1veis por quaisquer perdas ou danos de qualquer natureza.<\/p>\t\t\t\t\t\t\t\t<\/div>\n\t\t\t\t<\/div>\n\t\t\t\t\t<\/div>\n\t\t\t\t<\/div>\n\t\t<div class=\"elementor-element elementor-element-1aa4a921 e-con-full e-flex e-con e-parent\" data-id=\"1aa4a921\" data-element_type=\"container\" data-e-type=\"container\">\n\t\t<div class=\"elementor-element elementor-element-475459a8 e-con-full e-flex e-con e-child\" data-id=\"475459a8\" data-element_type=\"container\" data-e-type=\"container\">\n\t\t\t\t<div class=\"elementor-element elementor-element-2d325b8a elementor-widget elementor-widget-image\" data-id=\"2d325b8a\" data-element_type=\"widget\" data-e-type=\"widget\" data-widget_type=\"image.default\">\n\t\t\t\t<div class=\"elementor-widget-container\">\n\t\t\t\t\t\t\t\t\t\t\t\t\t\t\t<img loading=\"lazy\" decoding=\"async\" width=\"150\" height=\"150\" src=\"https:\/\/www.lqcompany.com\/wp-content\/uploads\/2024\/04\/lq_army_logo-1-150x150.png\" class=\"attachment-thumbnail size-thumbnail wp-image-1442\" alt=\"lq_army_logo\" srcset=\"https:\/\/www.lqcompany.com\/wp-content\/uploads\/2024\/04\/lq_army_logo-1-150x150.png 150w, https:\/\/www.lqcompany.com\/wp-content\/uploads\/2024\/04\/lq_army_logo-1-12x12.png 12w, https:\/\/www.lqcompany.com\/wp-content\/uploads\/2024\/04\/lq_army_logo-1.png 200w\" sizes=\"auto, (max-width: 150px) 100vw, 150px\" \/>\t\t\t\t\t\t\t\t\t\t\t\t\t\t\t<\/div>\n\t\t\t\t<\/div>\n\t\t\t\t<\/div>\n\t\t<div class=\"elementor-element elementor-element-7705a737 e-con-full e-flex e-con e-child\" data-id=\"7705a737\" data-element_type=\"container\" data-e-type=\"container\">\n\t\t\t\t<div class=\"elementor-element elementor-element-47b982c4 elementor-widget elementor-widget-heading\" data-id=\"47b982c4\" data-element_type=\"widget\" data-e-type=\"widget\" data-widget_type=\"heading.default\">\n\t\t\t\t<div class=\"elementor-widget-container\">\n\t\t\t\t\t<h2 class=\"elementor-heading-title elementor-size-default\">Escolha o nome de confian\u00e7a em equipamento t\u00e1tico: L&amp;Q<\/h2>\t\t\t\t<\/div>\n\t\t\t\t<\/div>\n\t\t\t\t<div class=\"elementor-element elementor-element-5ef53ee5 elementor-widget elementor-widget-text-editor\" data-id=\"5ef53ee5\" data-element_type=\"widget\" data-e-type=\"widget\" data-widget_type=\"text-editor.default\">\n\t\t\t\t<div class=\"elementor-widget-container\">\n\t\t\t\t\t\t\t\t\t<p>O seu parceiro de confian\u00e7a para solu\u00e7\u00f5es de equipamento superiores<\/p>\t\t\t\t\t\t\t\t<\/div>\n\t\t\t\t<\/div>\n\t\t\t\t<\/div>\n\t\t<div class=\"elementor-element elementor-element-5297cf20 e-con-full e-flex e-con e-child\" data-id=\"5297cf20\" data-element_type=\"container\" data-e-type=\"container\">\n\t\t\t\t<div class=\"elementor-element elementor-element-6b7fe368 elementor-position-top elementor-widget elementor-widget-image-box\" data-id=\"6b7fe368\" data-element_type=\"widget\" data-e-type=\"widget\" data-widget_type=\"image-box.default\">\n\t\t\t\t<div class=\"elementor-widget-container\">\n\t\t\t\t\t<div class=\"elementor-image-box-wrapper\"><figure class=\"elementor-image-box-img\"><img loading=\"lazy\" decoding=\"async\" width=\"352\" height=\"185\" src=\"https:\/\/www.lqcompany.com\/wp-content\/uploads\/2024\/04\/u30186643243330800651fm253fmtautoapp138fJPEG.jpg\" class=\"attachment-full size-full wp-image-2373\" alt=\"\" srcset=\"https:\/\/www.lqcompany.com\/wp-content\/uploads\/2024\/04\/u30186643243330800651fm253fmtautoapp138fJPEG-300x158.jpg 300w, https:\/\/www.lqcompany.com\/wp-content\/uploads\/2024\/04\/u30186643243330800651fm253fmtautoapp138fJPEG-18x9.jpg 18w, https:\/\/www.lqcompany.com\/wp-content\/uploads\/2024\/04\/u30186643243330800651fm253fmtautoapp138fJPEG.jpg 352w\" sizes=\"auto, (max-width: 352px) 100vw, 352px\" \/><\/figure><div class=\"elementor-image-box-content\"><p class=\"elementor-image-box-title\">Calif\u00f3rnia(Escrit\u00f3rios e armaz\u00e9ns)<\/p><p class=\"elementor-image-box-description\">1951 S Parco Ave Unit E Ontario CA 91761, EUA<\/p><\/div><\/div>\t\t\t\t<\/div>\n\t\t\t\t<\/div>\n\t\t\t\t<div class=\"elementor-element elementor-element-1ea5ca4f elementor-widget elementor-widget-heading\" data-id=\"1ea5ca4f\" data-element_type=\"widget\" data-e-type=\"widget\" data-widget_type=\"heading.default\">\n\t\t\t\t<div class=\"elementor-widget-container\">\n\t\t\t\t\t<p class=\"elementor-heading-title elementor-size-default\">Texas(Escrit\u00f3rios e armaz\u00e9ns)<\/p>\t\t\t\t<\/div>\n\t\t\t\t<\/div>\n\t\t\t\t<div class=\"elementor-element elementor-element-b87c48d elementor-widget elementor-widget-text-editor\" data-id=\"b87c48d\" data-element_type=\"widget\" data-e-type=\"widget\" data-widget_type=\"text-editor.default\">\n\t\t\t\t<div class=\"elementor-widget-container\">\n\t\t\t\t\t\t\t\t\t<p>4755 Alpine Drive, Suite 125, Stafford, TX77477, EUA<\/p>\t\t\t\t\t\t\t\t<\/div>\n\t\t\t\t<\/div>\n\t\t\t\t<\/div>\n\t\t<div class=\"elementor-element elementor-element-24c13391 e-con-full e-flex e-con e-child\" data-id=\"24c13391\" data-element_type=\"container\" data-e-type=\"container\">\n\t\t\t\t<div class=\"elementor-element elementor-element-19c7e7ef elementor-position-top elementor-widget elementor-widget-image-box\" data-id=\"19c7e7ef\" data-element_type=\"widget\" data-e-type=\"widget\" data-widget_type=\"image-box.default\">\n\t\t\t\t<div class=\"elementor-widget-container\">\n\t\t\t\t\t<div class=\"elementor-image-box-wrapper\"><figure class=\"elementor-image-box-img\"><img loading=\"lazy\" decoding=\"async\" width=\"536\" height=\"357\" src=\"https:\/\/www.lqcompany.com\/wp-content\/uploads\/2024\/04\/d0c8a786c9177f3e67097eaf9c852cc79f3df8dcf874.png\" class=\"attachment-full size-full wp-image-2374\" alt=\"\" srcset=\"https:\/\/www.lqcompany.com\/wp-content\/uploads\/2024\/04\/d0c8a786c9177f3e67097eaf9c852cc79f3df8dcf874-300x200.png 300w, https:\/\/www.lqcompany.com\/wp-content\/uploads\/2024\/04\/d0c8a786c9177f3e67097eaf9c852cc79f3df8dcf874-18x12.png 18w, https:\/\/www.lqcompany.com\/wp-content\/uploads\/2024\/04\/d0c8a786c9177f3e67097eaf9c852cc79f3df8dcf874.png 536w\" sizes=\"auto, (max-width: 536px) 100vw, 536px\" \/><\/figure><div class=\"elementor-image-box-content\"><p class=\"elementor-image-box-title\">China (oficina e escrit\u00f3rio)<\/p><p class=\"elementor-image-box-description\">No.368, Edif\u00edcio HaoXin, Rua ChongHong, Cidade de Quanzhou, Prov\u00edncia de Fujian<\/p><\/div><\/div>\t\t\t\t<\/div>\n\t\t\t\t<\/div>\n\t\t\t\t<div class=\"elementor-element elementor-element-493cb81 elementor-widget elementor-widget-heading\" data-id=\"493cb81\" data-element_type=\"widget\" data-e-type=\"widget\" data-widget_type=\"heading.default\">\n\t\t\t\t<div class=\"elementor-widget-container\">\n\t\t\t\t\t<p class=\"elementor-heading-title elementor-size-default\">Vietname (escrit\u00f3rio e oficina)<\/p>\t\t\t\t<\/div>\n\t\t\t\t<\/div>\n\t\t\t\t<div class=\"elementor-element elementor-element-48bf693 elementor-widget elementor-widget-text-editor\" data-id=\"48bf693\" data-element_type=\"widget\" data-e-type=\"widget\" data-widget_type=\"text-editor.default\">\n\t\t\t\t<div class=\"elementor-widget-container\">\n\t\t\t\t\t\t\t\t\t<p>Em breve<\/p>\t\t\t\t\t\t\t\t<\/div>\n\t\t\t\t<\/div>\n\t\t\t\t<\/div>\n\t\t<div class=\"elementor-element elementor-element-8b326f2 e-con-full e-flex e-con e-child\" data-id=\"8b326f2\" data-element_type=\"container\" data-e-type=\"container\">\n\t\t\t\t<div class=\"elementor-element elementor-element-2893ee6f elementor-widget elementor-widget-heading\" data-id=\"2893ee6f\" data-element_type=\"widget\" data-e-type=\"widget\" data-widget_type=\"heading.default\">\n\t\t\t\t<div class=\"elementor-widget-container\">\n\t\t\t\t\t<h2 class=\"elementor-heading-title elementor-size-default\">Vendas e cota\u00e7\u00e3o<\/h2>\t\t\t\t<\/div>\n\t\t\t\t<\/div>\n\t\t\t\t<div class=\"elementor-element elementor-element-2f836a71 elementor-widget elementor-widget-text-editor\" data-id=\"2f836a71\" data-element_type=\"widget\" data-e-type=\"widget\" data-widget_type=\"text-editor.default\">\n\t\t\t\t<div class=\"elementor-widget-container\">\n\t\t\t\t\t\t\t\t\t<p><a href=\"mailto:xixi@aetgear.com\">xixi@aetgear.com<\/a><\/p>\t\t\t\t\t\t\t\t<\/div>\n\t\t\t\t<\/div>\n\t\t\t\t<div class=\"elementor-element elementor-element-7176a130 elementor-widget elementor-widget-heading\" data-id=\"7176a130\" data-element_type=\"widget\" data-e-type=\"widget\" data-widget_type=\"heading.default\">\n\t\t\t\t<div class=\"elementor-widget-container\">\n\t\t\t\t\t<h2 class=\"elementor-heading-title elementor-size-default\">Quest\u00f5es de car\u00e1cter geral<\/h2>\t\t\t\t<\/div>\n\t\t\t\t<\/div>\n\t\t\t\t<div class=\"elementor-element elementor-element-6d0e9953 elementor-widget elementor-widget-text-editor\" data-id=\"6d0e9953\" data-element_type=\"widget\" data-e-type=\"widget\" data-widget_type=\"text-editor.default\">\n\t\t\t\t<div class=\"elementor-widget-container\">\n\t\t\t\t\t\t\t\t\t<p><a href=\"mailto:sisii@lqcompany.com\" rel=\"nofollow\">sisii@lqcompany.com<\/a><\/p>\t\t\t\t\t\t\t\t<\/div>\n\t\t\t\t<\/div>\n\t\t\t\t<div class=\"elementor-element elementor-element-741847d5 elementor-widget elementor-widget-heading\" data-id=\"741847d5\" data-element_type=\"widget\" data-e-type=\"widget\" data-widget_type=\"heading.default\">\n\t\t\t\t<div class=\"elementor-widget-container\">\n\t\t\t\t\t<h2 class=\"elementor-heading-title elementor-size-default\">Reclama\u00e7\u00f5es e sugest\u00f5es<\/h2>\t\t\t\t<\/div>\n\t\t\t\t<\/div>\n\t\t\t\t<div class=\"elementor-element elementor-element-741db32f elementor-widget elementor-widget-text-editor\" data-id=\"741db32f\" data-element_type=\"widget\" data-e-type=\"widget\" data-widget_type=\"text-editor.default\">\n\t\t\t\t<div class=\"elementor-widget-container\">\n\t\t\t\t\t\t\t\t\t<p><a href=\"mailto:info@aetgear.com\">info@aetgear.com<\/a><\/p>\t\t\t\t\t\t\t\t<\/div>\n\t\t\t\t<\/div>\n\t\t\t\t<\/div>\n\t\t\t\t<\/div>\n\t\t\t\t<\/div>","protected":false},"excerpt":{"rendered":"<p>Terms &#038; Conditions Welcome to L&amp;Q ARMY&#8217;s website\uff08www.lqompany.com\uff09. By accessing or using this website, you agree to comply with and be bound by the following terms and conditions. Please read them carefully before using our site. 1. Introduction These terms and conditions outline the rules and regulations for the use of L&amp;Q ARMY&#8217;s Website. By [&hellip;]<\/p>\n","protected":false},"author":1,"featured_media":0,"parent":0,"menu_order":0,"comment_status":"closed","ping_status":"open","template":"","meta":{"_acf_changed":false,"footnotes":""},"class_list":["post-3736","page","type-page","status-publish","hentry"],"blocksy_meta":[],"acf":[],"_links":{"self":[{"href":"https:\/\/www.lqcompany.com\/pt\/wp-json\/wp\/v2\/pages\/3736","targetHints":{"allow":["GET"]}}],"collection":[{"href":"https:\/\/www.lqcompany.com\/pt\/wp-json\/wp\/v2\/pages"}],"about":[{"href":"https:\/\/www.lqcompany.com\/pt\/wp-json\/wp\/v2\/types\/page"}],"author":[{"embeddable":true,"href":"https:\/\/www.lqcompany.com\/pt\/wp-json\/wp\/v2\/users\/1"}],"replies":[{"embeddable":true,"href":"https:\/\/www.lqcompany.com\/pt\/wp-json\/wp\/v2\/comments?post=3736"}],"version-history":[{"count":0,"href":"https:\/\/www.lqcompany.com\/pt\/wp-json\/wp\/v2\/pages\/3736\/revisions"}],"wp:attachment":[{"href":"https:\/\/www.lqcompany.com\/pt\/wp-json\/wp\/v2\/media?parent=3736"}],"curies":[{"name":"wp","href":"https:\/\/api.w.org\/{rel}","templated":true}]}}