{"id":3887,"date":"2024-05-23T05:41:56","date_gmt":"2024-05-23T05:41:56","guid":{"rendered":"https:\/\/lqcompany.com\/?page_id=3887"},"modified":"2024-05-23T05:43:41","modified_gmt":"2024-05-23T05:43:41","slug":"careers","status":"publish","type":"page","link":"https:\/\/www.lqcompany.com\/lt\/careers\/","title":{"rendered":"Karjera"},"content":{"rendered":"<div data-elementor-type=\"wp-page\" data-elementor-id=\"3887\" class=\"elementor elementor-3887\" data-elementor-settings=\"{&quot;ha_cmc_init_switcher&quot;:&quot;no&quot;}\" data-elementor-post-type=\"page\">\n\t\t\t\t<div class=\"elementor-element elementor-element-f4f339d e-flex e-con-boxed e-con e-parent\" data-id=\"f4f339d\" data-element_type=\"container\" data-e-type=\"container\" data-settings=\"{&quot;background_background&quot;:&quot;classic&quot;}\">\n\t\t\t\t\t<div class=\"e-con-inner\">\n\t\t\t\t<div class=\"elementor-element elementor-element-80035c5 elementor-widget elementor-widget-heading\" data-id=\"80035c5\" data-element_type=\"widget\" data-e-type=\"widget\" data-widget_type=\"heading.default\">\n\t\t\t\t<div class=\"elementor-widget-container\">\n\t\t\t\t\t<h1 class=\"elementor-heading-title elementor-size-default\">KARJERA<\/h1>\t\t\t\t<\/div>\n\t\t\t\t<\/div>\n\t\t\t\t\t<\/div>\n\t\t\t\t<\/div>\n\t\t<div class=\"elementor-element elementor-element-0370e5e e-flex e-con-boxed e-con e-parent\" data-id=\"0370e5e\" data-element_type=\"container\" data-e-type=\"container\">\n\t\t\t\t\t<div class=\"e-con-inner\">\n\t\t\t\t<div class=\"elementor-element elementor-element-53995dd elementor-widget elementor-widget-text-editor\" data-id=\"53995dd\" data-element_type=\"widget\" data-e-type=\"widget\" data-widget_type=\"text-editor.default\">\n\t\t\t\t<div class=\"elementor-widget-container\">\n\t\t\t\t\t\t\t\t\t<h2><strong>Prisijunkite prie LQ ARMY komandos<\/strong><\/h2><p>LQ ARMY ie\u0161ko atsidavusi\u0173 specialist\u0173, kurie prisijungt\u0173 prie m\u016bs\u0173 komandos gamybos \u012fmon\u0117je Kalifornijoje. Si\u016blome dinami\u0161k\u0105 darbo aplink\u0105 su galimyb\u0117mis augti ir tobul\u0117ti. Per\u017ei\u016br\u0117kite toliau pateiktas \u0161iuo metu laisvas darbo vietas ir prane\u0161kite mums, ar puikiai tinkate m\u016bs\u0173 komandai!<\/p><p><strong>ATIDARYTOS DARBO VIETOS<\/strong><\/p><h3>Kokyb\u0117s kontrol\u0117s inspektorius<\/h3><p><strong>Atsakomyb\u0117<\/strong>:<\/p><ul><li>Atlikti pagrindinius ir pa\u017eangius gamini\u0173 surinkimo ir tikrinimo procesus su minimalia prie\u017ei\u016bra.<\/li><li>Atlikite kokyb\u0117s kontrol\u0119 ir pakavim\u0105, atkreipdami d\u0117mes\u012f \u012f detales.<\/li><li>Pademonstruoti \u017einias apie modelius, med\u017eiagas ir gamini\u0173 naudojim\u0105.<\/li><\/ul><p><strong>Reikalingos kvalifikacijos<\/strong>:<\/p><ul><li>D\u0117mesys detal\u0117ms ir geb\u0117jimas pakelti iki 50 svar\u0173.<\/li><li>Turite leidim\u0105 dirbti JAV.<\/li><\/ul><p><strong>Pageidaujamos kvalifikacijos<\/strong>:<\/p><ul><li>Savaranki\u0161kai motyvuotas asmuo, turintis puiki\u0173 problem\u0173 sprendimo \u012fg\u016bd\u017ei\u0173.<\/li><\/ul><p><strong>K\u0105 si\u016blome<\/strong>:<\/p><ul><li>Sveikatos, dant\u0173, vizijos ir papildomas draudimas<\/li><li>Pagalbos darbuotojams programa<\/li><li>401K ir mokamas laisvas laikas<\/li><li>Augimas ir profesinis tobul\u0117jimas<\/li><li>Unikali darbo aplinka<\/li><li>Konkurencingas darbo u\u017emokestis<\/li><li>Mokamos atostogos<\/li><\/ul><p>Nor\u0117dami pateikti parai\u0161k\u0105, si\u0173skite savo gyvenimo apra\u0161ym\u0105 adresu <a href=\"mailto:jobs@lqcompany.com\">jobs@lqcompany.com<\/a>.<\/p><p>\u00a0<\/p><p>\u00a0<\/p><h3>Technin\u0117s prie\u017ei\u016bros technikas<\/h3><p><strong>Atsakomyb\u0117<\/strong>:<\/p><ul><li>Remti ir valdyti techninius gamybos operacij\u0173 poreikius.<\/li><li>Atlikti prevencin\u0119 ir reaktyvi\u0105j\u0105 pramonin\u0117s gamybos ma\u0161in\u0173 technin\u0119 prie\u017ei\u016br\u0105.<\/li><li>Valdykite personal\u0105 ir palaikykite saugos programas.<\/li><\/ul><p><strong>Reikalingos kvalifikacijos<\/strong>:<\/p><ul><li>Geb\u0117jimas pakelti iki 50 svar\u0173 ir dirbti 40 valand\u0173 per savait\u0119.<\/li><li>Turite leidim\u0105 dirbti JAV.<\/li><\/ul><p><strong>Pageidaujamos kvalifikacijos<\/strong>:<\/p><ul><li>Ankstesn\u0117 patirtis pramonini\u0173 ma\u0161in\u0173 remonto ir technin\u0117s prie\u017ei\u016bros srityje.<\/li><\/ul><p><strong>K\u0105 si\u016blome<\/strong>:<\/p><ul><li>Sveikatos, dant\u0173, vizijos ir papildomas draudimas<\/li><li>401K ir mokamas laisvas laikas<\/li><li>Augimas ir profesinis tobul\u0117jimas<\/li><li>Unikali darbo aplinka<\/li><li>Konkurencingas darbo u\u017emokestis<\/li><li>Mokamos atostogos<\/li><\/ul><p><strong>Nor\u0117dami pateikti parai\u0161k\u0105, si\u0173skite savo gyvenimo apra\u0161ym\u0105 adresu <a href=\"mailto:jobs@lqcompany.com\">jobs@lqcompany.com<\/a>.<\/strong><\/p><p>\u00a0<\/p><p>\u00a0<\/p><h3>Klient\u0173 aptarnavimo atstovas<\/h3><p><strong>Atsakomyb\u0117<\/strong>:<\/p><ul><li>Tvarkykite klient\u0173 u\u017eklausas ir laiku teikite pagalb\u0105.<\/li><li>Koordinuokite veikl\u0105 su \u012fvairiais skyriais, kad u\u017etikrintum\u0117te klient\u0173 pasitenkinim\u0105.<\/li><li>Palaikykite \u017einias apie gaminius ir atitinkamai pad\u0117kite klientams.<\/li><\/ul><p><strong>Reikalingos kvalifikacijos<\/strong>:<\/p><ul><li>Ankstesn\u0117 klient\u0173 aptarnavimo patirtis.<\/li><li>Turite leidim\u0105 dirbti JAV.<\/li><\/ul><p><strong>Pageidaujamos kvalifikacijos<\/strong>:<\/p><ul><li>Susipa\u017einimas su elektronin\u0117s prekybos platformomis.<\/li><\/ul><p><strong>K\u0105 si\u016blome<\/strong>:<\/p><ul><li>Sveikatos, dant\u0173, vizijos ir papildomas draudimas<\/li><li>401K ir mokamas laisvas laikas<\/li><li>\u00a0Augimas ir profesinis tobul\u0117jimas<\/li><li>\u00a0Unikali darbo aplinka<\/li><li>Konkurencingas darbo u\u017emokestis<\/li><li>Mokamos atostogos<\/li><\/ul><p><strong>Nor\u0117dami pateikti parai\u0161k\u0105, si\u0173skite savo gyvenimo apra\u0161ym\u0105 adresu <a href=\"mailto:jobs@lqcompany.com\">jobs@lqcompany.com<\/a>.<\/strong><\/p><p>\u00a0<\/p><p>\u00a0<\/p><h3>Siuvimo ma\u0161in\u0173 operatorius<\/h3><p><strong>Atsakomyb\u0117<\/strong>:<\/p><ul><li>Atlikti pagrindines siuvimo funkcijas ir u\u017etikrinti kokyb\u0117s kontrol\u0119.<\/li><li>ai\u0161kinti siuvimo techninius paketus ir vadovautis instrukcijomis.<\/li><\/ul><p><strong>Reikalingos kvalifikacijos<\/strong>:<\/p><ul><li>Geb\u0117jimas dirbti 40 valand\u0173 per savait\u0119 ir pakelti iki 50 svar\u0173.<\/li><li>Turite leidim\u0105 dirbti JAV.<\/li><\/ul><p><strong>Pageidaujamos kvalifikacijos<\/strong>:<\/p><ul><li>Didelis d\u0117mesys detal\u0117ms ir organizaciniai \u012fg\u016bd\u017eiai.<\/li><\/ul><p><strong>K\u0105 si\u016blome<\/strong>:<\/p><ul><li>Sveikatos, dant\u0173, vizijos ir papildomas draudimas<\/li><li>401K ir mokamas laisvas laikas<\/li><li>Augimas ir profesinis tobul\u0117jimas<\/li><li>Unikali darbo aplinka<\/li><li>\u00a0Konkurencingas darbo u\u017emokestis<\/li><li>Mokamos atostogos<\/li><\/ul><p><strong>Nor\u0117dami pateikti parai\u0161k\u0105, si\u0173skite savo gyvenimo apra\u0161ym\u0105 adresu <a href=\"mailto:jobs@lqcompany.com\">jobs@lqcompany.com<\/a>.<\/strong><\/p><p>\u00a0<\/p><p>\u00a0<\/p><h3>Lygios \u012fdarbinimo galimyb\u0117s<\/h3><p><strong>LQ ARMIJA<\/strong> yra \u012fsipareigojusi u\u017etikrinti lygias \u012fdarbinimo galimybes (EEO). Vertiname \u012fvairov\u0119 ir nediskriminuojame darbuotoj\u0173 ar kandidat\u0173 d\u0117l ras\u0117s, tik\u0117jimo, odos spalvos, tautyb\u0117s, seksualin\u0117s orientacijos, negalios, karinio statuso, \u0161eimin\u0117s pad\u0117ties ar kit\u0173 \u012fstatym\u0173 saugom\u0173 savybi\u0173.<\/p>\t\t\t\t\t\t\t\t<\/div>\n\t\t\t\t<\/div>\n\t\t\t\t\t<\/div>\n\t\t\t\t<\/div>\n\t\t\t\t<\/div>","protected":false},"excerpt":{"rendered":"<p>CAREERS Join the LQ ARMY Team At LQ ARMY, we&#8217;re on the lookout for dedicated professionals to join our team at our manufacturing facility in california. We offer a dynamic work environment with opportunities for growth and development. Take a look at our current job openings below and let us know if you&#8217;re the perfect [&hellip;]<\/p>\n","protected":false},"author":1,"featured_media":0,"parent":0,"menu_order":0,"comment_status":"closed","ping_status":"closed","template":"","meta":{"_acf_changed":false,"footnotes":""},"class_list":["post-3887","page","type-page","status-publish","hentry"],"blocksy_meta":[],"acf":[],"_links":{"self":[{"href":"https:\/\/www.lqcompany.com\/lt\/wp-json\/wp\/v2\/pages\/3887","targetHints":{"allow":["GET"]}}],"collection":[{"href":"https:\/\/www.lqcompany.com\/lt\/wp-json\/wp\/v2\/pages"}],"about":[{"href":"https:\/\/www.lqcompany.com\/lt\/wp-json\/wp\/v2\/types\/page"}],"author":[{"embeddable":true,"href":"https:\/\/www.lqcompany.com\/lt\/wp-json\/wp\/v2\/users\/1"}],"replies":[{"embeddable":true,"href":"https:\/\/www.lqcompany.com\/lt\/wp-json\/wp\/v2\/comments?post=3887"}],"version-history":[{"count":0,"href":"https:\/\/www.lqcompany.com\/lt\/wp-json\/wp\/v2\/pages\/3887\/revisions"}],"wp:attachment":[{"href":"https:\/\/www.lqcompany.com\/lt\/wp-json\/wp\/v2\/media?parent=3887"}],"curies":[{"name":"wp","href":"https:\/\/api.w.org\/{rel}","templated":true}]}}