{"id":3736,"date":"2024-05-21T03:36:29","date_gmt":"2024-05-21T03:36:29","guid":{"rendered":"https:\/\/lqcompany.com\/?page_id=3736"},"modified":"2024-05-21T03:46:15","modified_gmt":"2024-05-21T03:46:15","slug":"terms-conditions","status":"publish","type":"page","link":"https:\/\/www.lqcompany.com\/lt\/terms-conditions\/","title":{"rendered":"Taisykl\u0117s ir s\u0105lygos"},"content":{"rendered":"<div data-elementor-type=\"wp-page\" data-elementor-id=\"3736\" class=\"elementor elementor-3736\" data-elementor-settings=\"{&quot;ha_cmc_init_switcher&quot;:&quot;no&quot;}\" data-elementor-post-type=\"page\">\n\t\t\t\t<div class=\"elementor-element elementor-element-edf6dc3 e-flex e-con-boxed e-con e-parent\" data-id=\"edf6dc3\" data-element_type=\"container\" data-e-type=\"container\" data-settings=\"{&quot;background_background&quot;:&quot;classic&quot;}\">\n\t\t\t\t\t<div class=\"e-con-inner\">\n\t\t\t\t<div class=\"elementor-element elementor-element-e9fbd46 elementor-widget elementor-widget-heading\" data-id=\"e9fbd46\" data-element_type=\"widget\" data-e-type=\"widget\" data-widget_type=\"heading.default\">\n\t\t\t\t<div class=\"elementor-widget-container\">\n\t\t\t\t\t<h2 class=\"elementor-heading-title elementor-size-default\">Taisykl\u0117s ir s\u0105lygos<\/h2>\t\t\t\t<\/div>\n\t\t\t\t<\/div>\n\t\t\t\t\t<\/div>\n\t\t\t\t<\/div>\n\t\t<div class=\"elementor-element elementor-element-1b44bdf7 e-flex e-con-boxed e-con e-parent\" data-id=\"1b44bdf7\" data-element_type=\"container\" data-e-type=\"container\">\n\t\t\t\t\t<div class=\"e-con-inner\">\n\t\t\t\t<div class=\"elementor-element elementor-element-2937e714 elementor-widget elementor-widget-text-editor\" data-id=\"2937e714\" data-element_type=\"widget\" data-e-type=\"widget\" data-widget_type=\"text-editor.default\">\n\t\t\t\t<div class=\"elementor-widget-container\">\n\t\t\t\t\t\t\t\t\t<p>Sveiki atvyk\u0119 \u012f L&amp;Q ARMY svetain\u0119\uff08<a href=\"https:\/\/lqcompany.com\/\" target=\"_blank\" rel=\"noopener\">www.lqompany.com<\/a>\uff09. Prisijungdami prie \u0161ios svetain\u0117s arba ja naudodamiesi sutinkate laikytis \u0161i\u0173 s\u0105lyg\u0173 ir nuostat\u0173. Prie\u0161 naudodamiesi m\u016bs\u0173 svetaine, atid\u017eiai jas perskaitykite.<\/p><h3>1. \u012evadas<\/h3><p>\u0160iose taisykl\u0117se ir s\u0105lygose pateikiamos \"L&amp;Q ARMY\" interneto svetain\u0117s naudojimo taisykl\u0117s ir nuostatos. Naudodamiesi \u0161ia svetaine, j\u016bs visi\u0161kai sutinkate su \u0161iomis taisykl\u0117mis ir s\u0105lygomis. Jei nesutinkate su kuria nors \u0161i\u0173 s\u0105lyg\u0173 dalimi, negalite naudotis m\u016bs\u0173 svetaine.<\/p><h3>\u00a02. Intelektin\u0117s nuosavyb\u0117s teis\u0117s<\/h3><p>Jei nenurodyta kitaip, \"L&amp;Q ARMY\" ir (arba) jos licencij\u0173 teik\u0117jams priklauso intelektin\u0117s nuosavyb\u0117s teis\u0117s \u012f svetain\u0119 ir joje esan\u010di\u0105 med\u017eiag\u0105. Visos \u0161ios intelektin\u0117s nuosavyb\u0117s teis\u0117s yra saugomos. Galite per\u017ei\u016br\u0117ti, atsisi\u0173sti tik spartinimo tikslais ir spausdinti svetain\u0117s puslapius ar kit\u0105 turin\u012f savo asmeniniam naudojimui, laikydamiesi toliau ir kitur \u0161iose s\u0105lygose nustatyt\u0173 apribojim\u0173.<\/p><h3>\u00a03. Licencija naudotis svetaine<\/h3><p>Galite per\u017ei\u016br\u0117ti, atsisi\u0173sti tik spartinimo tikslais ir spausdinti puslapius ar kit\u0105 svetain\u0117s turin\u012f savo asmeniniam naudojimui, laikydamiesi toliau ir kitur \u0161iose s\u0105lygose nustatyt\u0173 apribojim\u0173. Jums draud\u017eiama:<br \/>- perspausdinti \u0161ios svetain\u0117s med\u017eiag\u0105 (\u012fskaitant perspausdinim\u0105 kitoje svetain\u0117je);<br \/>- Parduoti, nuomoti ar sublicencijuoti svetain\u0117je esan\u010di\u0105 med\u017eiag\u0105;<br \/>- vie\u0161ai rodyti bet koki\u0105 svetain\u0117je esan\u010di\u0105 med\u017eiag\u0105;<br \/>- Reprodukuoti, kopijuoti, dubliuoti ar kitaip naudoti m\u016bs\u0173 svetain\u0117je esan\u010di\u0105 med\u017eiag\u0105 komerciniais tikslais;<br \/>- redaguoti ar kitaip keisti bet koki\u0105 svetain\u0117je esan\u010di\u0105 med\u017eiag\u0105; arba<br \/>- platinti \u0161ios svetain\u0117s med\u017eiag\u0105, i\u0161skyrus turin\u012f, kuris specialiai ir ai\u0161kiai pateiktas platinti.<\/p><h3>4. Priimtinas naudojimas<\/h3><p>Negalima naudotis m\u016bs\u0173 svetaine jokiu b\u016bdu, kuris sukelia ar gali sukelti \u017eal\u0105 svetainei arba pabloginti svetain\u0117s pasiekiamum\u0105 ar prieinamum\u0105, arba bet kokiu neteis\u0117tu, nelegaliu, nes\u0105\u017einingu ar \u017ealingu b\u016bdu, arba ry\u0161ium su bet kokiu neteis\u0117tu, nelegaliu, nes\u0105\u017einingu ar \u017ealingu tikslu ar veikla. Draud\u017eiama naudoti m\u016bs\u0173 svetain\u0119 kopijuoti, saugoti, talpinti, perduoti, si\u0173sti, naudoti, skelbti ar platinti bet koki\u0105 med\u017eiag\u0105, kuri\u0105 sudaro (arba kuri yra susijusi su) bet kokia \u0161nipin\u0117jimo programa, kompiuteriniu virusu, Trojos arkliu, kirminu, klavi\u0161\u0173 paspaudim\u0173 registratoriumi, \u0161akn\u0173 rinkikliu ar kita kenk\u0117ji\u0161ka kompiuterine programine \u012franga. Be m\u016bs\u0173 ai\u0161kaus ra\u0161ti\u0161ko sutikimo neturite vykdyti jokios sistemingos ar automatin\u0117s duomen\u0173 rinkimo veiklos (\u012fskaitant, bet neapsiribojant, duomen\u0173 nuskaitym\u0105, duomen\u0173 gavyb\u0105, duomen\u0173 i\u0161traukim\u0105 ir duomen\u0173 rinkim\u0105) m\u016bs\u0173 svetain\u0117je ar su ja susijusioje srityje.<\/p><h3>\u00a05. Ribota prieiga<\/h3><p>Prieiga prie tam tikr\u0173 m\u016bs\u0173 svetain\u0117s sri\u010di\u0173 yra ribota. Pasiliekame teis\u0119 savo nuo\u017ei\u016bra apriboti prieig\u0105 prie kit\u0173 m\u016bs\u0173 svetain\u0117s sri\u010di\u0173 arba visos svetain\u0117s. Jei jums suteikiame naudotojo ID ir slapta\u017eod\u012f, kad gal\u0117tum\u0117te naudotis riboto naudojimo m\u016bs\u0173 svetain\u0117s sritimis arba kitu turiniu ar paslaugomis, privalote u\u017etikrinti, kad naudotojo ID ir slapta\u017eodis b\u016bt\u0173 saugomi konfidencialiai. Mes galime savo nuo\u017ei\u016bra, neprane\u0161\u0119 ir nepaai\u0161kin\u0119, i\u0161jungti j\u016bs\u0173 naudotojo ID ir slapta\u017eod\u012f.<\/p><h3>6. Vartotojo turinys<\/h3><p>\u0160iose taisykl\u0117se ir s\u0105lygose \"j\u016bs\u0173 naudotojo turinys\" rei\u0161kia med\u017eiag\u0105 (\u012fskaitant, bet neapsiribojant, tekst\u0105, paveiksl\u0117lius, garso med\u017eiag\u0105, vaizdo med\u017eiag\u0105 ir audiovizualin\u0119 med\u017eiag\u0105), kuri\u0105 bet kokiu tikslu pateikiate m\u016bs\u0173 svetain\u0117je. Suteikiate mums pasaulin\u0119, neat\u0161aukiam\u0105, nei\u0161imtin\u0119, nemokam\u0105 licencij\u0105 naudoti, atkurti, pritaikyti, skelbti, versti ir platinti j\u016bs\u0173 naudotojo turin\u012f bet kokioje esamoje ar b\u016bsimoje terp\u0117je. Taip pat suteikiate mums teis\u0119 suteikti sublicencij\u0105 \u0161ioms teis\u0117ms ir teis\u0119 pareik\u0161ti ie\u0161kin\u012f d\u0117l \u0161i\u0173 teisi\u0173 pa\u017eeidimo.<\/p><h3>7. Nuorodos \u012f m\u016bs\u0173 turin\u012f<\/h3><p>Toliau i\u0161vardytos organizacijos gali pateikti nuorodas \u012f m\u016bs\u0173 Svetain\u0119 be i\u0161ankstinio ra\u0161ti\u0161ko sutikimo:<br \/>- Vyriausybin\u0117s agent\u016bros;<br \/>- Paie\u0161kos varikliai;<br \/>- Naujien\u0173 organizacijos;<br \/>- Internetini\u0173 \u017einyn\u0173 platintojai gali pateikti nuorodas \u012f m\u016bs\u0173 Svetain\u0119 taip pat, kaip ir nuorodas \u012f kit\u0173 \u012f s\u0105ra\u0161\u0105 \u012ftraukt\u0173 \u012fmoni\u0173 Svetaines; ir<br \/>- Visos sistemos akredituotos \u012fmon\u0117s, i\u0161skyrus ne pelno siekian\u010dias organizacijas, labdaros prekybos centrus ir labdaros l\u0117\u0161\u0173 rinkimo grupes, kurios negali pateikti nuorod\u0173 \u012f m\u016bs\u0173 svetain\u0119.<\/p><p>\u0160ios organizacijos gali pateikti nuorodas \u012f m\u016bs\u0173 pagrindin\u012f puslap\u012f, leidinius ar kit\u0105 Svetain\u0117s informacij\u0105, jei nuoroda yra: (a) jokiu b\u016bdu n\u0117ra apgaulinga; (b) neteisingai nerei\u0161kia, kad nuorod\u0105 pateikusi \u0161alis ir jos produktai ir (arba) paslaugos yra remiami, patvirtinami ar patvirtinami; ir (c) atitinka nuorod\u0105 pateikusios \u0161alies svetain\u0117s kontekst\u0105.<\/p><p>Galime apsvarstyti ir patvirtinti kit\u0173 tip\u0173 organizacij\u0173 pra\u0161ymus d\u0117l nuorod\u0173:<br \/>- Bendrai \u017einomi vartotoj\u0173 ir (arba) verslo informacijos \u0161altiniai;<br \/>- Dot.com bendruomen\u0117s svetain\u0117s;<br \/>- Asociacijos ar kitos labdaros organizacijoms atstovaujan\u010dios grup\u0117s;<br \/>- Internetini\u0173 katalog\u0173 platintojai;<br \/>- Interneto portalai;<br \/>- Apskaitos, teis\u0117s ir konsultacin\u0117s \u012fmon\u0117s; ir<br \/>- \u0160vietimo \u012fstaigos ir prekybos asociacijos.<\/p><p>\u0160i\u0173 organizacij\u0173 nuorod\u0173 pra\u0161ymus patvirtinsime, jei taip nuspr\u0119sime: (a) d\u0117l nuorodos mes nepasirodysime nepalankiai sau ar m\u016bs\u0173 akredituotoms \u012fmon\u0117ms; (b) organizacija neturi joki\u0173 neigiam\u0173 \u012fra\u0161\u0173 m\u016bs\u0173 at\u017evilgiu; (c) hipersait\u0173 matomumo nauda mums kompensuoja L&amp;Q ARMY nebuvim\u0105; ir (d) nuoroda yra susijusi su bendra informacija apie i\u0161teklius.<\/p><p>\u0160ios organizacijos gali pateikti nuorod\u0105 \u012f m\u016bs\u0173 pagrindin\u012f puslap\u012f, jei nuoroda: (a) jokiu b\u016bdu n\u0117ra apgaulinga; (b) neteisingai nerei\u0161kia, kad nuorod\u0105 pateikusi \u0161alis ir jos produktai ar paslaugos yra remiami, tvirtinami ar patvirtinami; ir (c) atitinka nuorod\u0105 pateikusios \u0161alies svetain\u0117s kontekst\u0105.<\/p><p>Jei esate viena i\u0161 2 dalyje i\u0161vardyt\u0173 organizacij\u0173 ir norite pateikti nuorod\u0105 \u012f m\u016bs\u0173 svetain\u0119, turite mus apie tai informuoti el. pa\u0161tu L&amp;Q ARMY. Nurodykite savo vard\u0105, pavard\u0119, organizacijos pavadinim\u0105, kontaktin\u0119 informacij\u0105, taip pat savo svetain\u0117s URL, vis\u0173 URL, i\u0161 kuri\u0173 ketinate pateikti nuorod\u0105 \u012f m\u016bs\u0173 svetain\u0119, s\u0105ra\u0161\u0105 ir m\u016bs\u0173 svetain\u0117s URL, \u012f kuriuos nor\u0117tum\u0117te pateikti nuorod\u0105, s\u0105ra\u0161\u0105. Atsakymo laukite 2-3 savaites.<\/p><p>Patvirtintos organizacijos gali pateikti hipersaitus \u012f m\u016bs\u0173 Svetain\u0119 taip:<br \/>- naudojant m\u016bs\u0173 \u012fmon\u0117s pavadinim\u0105; arba<br \/>- naudojant vienod\u0105 i\u0161tekli\u0173 lokatori\u0173, \u012f kur\u012f pateikiama nuoroda; arba<br \/>- Naudojant bet kok\u012f kit\u0105 m\u016bs\u0173 Svetain\u0117s, \u012f kuri\u0105 pateikiama nuoroda, apra\u0161ym\u0105, kuris yra prasmingas pagal nuorodos pateik\u0117jo svetain\u0117s turinio kontekst\u0105 ir format\u0105.<\/p><p>Nesudarius preki\u0173 \u017eenklo licencijos sutarties, neleid\u017eiama naudoti L&amp;Q ARMY logotipo ar kito meno k\u016brinio nuorodoms.<\/p><h3>8. Atsakomyb\u0117 u\u017e turin\u012f<\/h3><p>Mes neatsakome u\u017e jok\u012f turin\u012f, kuris pateikiamas j\u016bs\u0173 Svetain\u0117je. J\u016bs sutinkate mus apsaugoti ir ginti nuo vis\u0173 pretenzij\u0173, kurios bus pareik\u0161tos d\u0117l j\u016bs\u0173 Svetain\u0117s. Jokioje Svetain\u0117je netur\u0117t\u0173 b\u016bti nuorod\u0173, kurios gali b\u016bti interpretuojamos kaip \u0161mei\u017eiki\u0161kos, nepadorios ar nusikalstamos, pa\u017eeid\u017eian\u010dios, kitaip pa\u017eeid\u017eian\u010dios ar skatinan\u010dios pa\u017eeisti ar kitaip pa\u017eeisti tre\u010di\u0173j\u0173 \u0161ali\u0173 teises.<\/p><h3>9. Teisi\u0173 i\u0161lyga<\/h3><p>Pasiliekame teis\u0119 reikalauti, kad pa\u0161alintum\u0117te visas nuorodas arba bet kuri\u0105 konkre\u010di\u0105 nuorod\u0105 \u012f m\u016bs\u0173 Svetain\u0119. J\u016bs sutinkate nedelsiant pa\u0161alinti visas nuorodas \u012f m\u016bs\u0173 Svetain\u0119, jei to pra\u0161oma. Mes taip pat pasiliekame teis\u0119 bet kuriuo metu keisti \u0161ias s\u0105lygas ir savo nuorod\u0173 politik\u0105. Nuolat pateikdami nuorodas \u012f m\u016bs\u0173 Svetain\u0119, j\u016bs sutinkate laikytis \u0161i\u0173 nuorod\u0173 pateikimo s\u0105lyg\u0173 ir nuostat\u0173.<\/p><h3>10. Nuorod\u0173 pa\u0161alinimas i\u0161 m\u016bs\u0173 svetain\u0117s<\/h3><p>Jei m\u016bs\u0173 Svetain\u0117je aptiksite nuorod\u0105, kuri d\u0117l koki\u0173 nors prie\u017eas\u010di\u0173 yra \u012f\u017eeid\u017eianti, galite bet kuriuo metu susisiekti su mumis ir prane\u0161ti mums. Apsvarstysime pra\u0161ymus pa\u0161alinti nuorodas, ta\u010diau neprivalome to padaryti ar atsakyti jums tiesiogiai. Mes neu\u017etikriname, kad \u0161ioje svetain\u0117je pateikta informacija b\u016bt\u0173 teisinga. Negarantuojame jos i\u0161samumo ar tikslumo, taip pat ne\u017eadame u\u017etikrinti, kad svetain\u0117 bus prieinama ir kad joje esanti med\u017eiaga bus nuolat atnaujinama.<\/p><h2>11. Atsakomyb\u0117s apribojimas<\/h2><p>Kiek tai leid\u017eia galiojantys \u012fstatymai, mes atmetame visus parei\u0161kimus, garantijas ir s\u0105lygas, susijusias su m\u016bs\u0173 svetaine ir \u0161ios svetain\u0117s naudojimu. Jokia \u0161ios atsakomyb\u0117s atsisakymo nuostata:<br \/>- apriboti arba panaikinti m\u016bs\u0173 arba j\u016bs\u0173 atsakomyb\u0119 u\u017e mirt\u012f ar k\u016bno su\u017ealojim\u0105;<br \/>- apriboti arba panaikinti m\u016bs\u0173 arba j\u016bs\u0173 atsakomyb\u0119 u\u017e suk\u010diavim\u0105 arba apgauling\u0105 i\u0161kraipym\u0105;<br \/>- apriboti bet kokius m\u016bs\u0173 ar j\u016bs\u0173 \u012fsipareigojimus bet kokiu b\u016bdu, kuris n\u0117ra leid\u017eiamas pagal galiojan\u010dius \u012fstatymus; arba<br \/>- I\u0161skyrus bet kokius m\u016bs\u0173 ar j\u016bs\u0173 \u012fsipareigojimus, kurie negali b\u016bti pa\u0161alinti pagal galiojan\u010dius \u012fstatymus.<\/p><p>\u0160iame skirsnyje ir kitose \u0161io atsisakymo nuo atsakomyb\u0117s vietose nustatyti atsakomyb\u0117s apribojimai ir draudimai: (a) taikomi atsi\u017evelgiant \u012f ankstesn\u0119 pastraip\u0105; ir (b) taikomi visiems \u012fsipareigojimams, atsirandantiems pagal atsisakym\u0105 nuo atsakomyb\u0117s, \u012fskaitant \u012fsipareigojimus, atsirandan\u010dius d\u0117l sutarties, delikto ir \u012fstatymuose nustatyt\u0173 pareig\u0173 pa\u017eeidimo.<\/p><p>Kol svetain\u0117 ir joje esanti informacija bei paslaugos teikiamos nemokamai, mes neatsakome u\u017e jokius bet kokio pob\u016bd\u017eio nuostolius ar \u017eal\u0105.<\/p>\t\t\t\t\t\t\t\t<\/div>\n\t\t\t\t<\/div>\n\t\t\t\t\t<\/div>\n\t\t\t\t<\/div>\n\t\t<div class=\"elementor-element elementor-element-1aa4a921 e-con-full e-flex e-con e-parent\" data-id=\"1aa4a921\" data-element_type=\"container\" data-e-type=\"container\">\n\t\t<div class=\"elementor-element elementor-element-475459a8 e-con-full e-flex e-con e-child\" data-id=\"475459a8\" data-element_type=\"container\" data-e-type=\"container\">\n\t\t\t\t<div class=\"elementor-element elementor-element-2d325b8a elementor-widget elementor-widget-image\" data-id=\"2d325b8a\" data-element_type=\"widget\" data-e-type=\"widget\" data-widget_type=\"image.default\">\n\t\t\t\t<div class=\"elementor-widget-container\">\n\t\t\t\t\t\t\t\t\t\t\t\t\t\t\t<img loading=\"lazy\" decoding=\"async\" width=\"150\" height=\"150\" src=\"https:\/\/www.lqcompany.com\/wp-content\/uploads\/2024\/04\/lq_army_logo-1-150x150.png\" class=\"attachment-thumbnail size-thumbnail wp-image-1442\" alt=\"lq_army_logo\" srcset=\"https:\/\/www.lqcompany.com\/wp-content\/uploads\/2024\/04\/lq_army_logo-1-150x150.png 150w, https:\/\/www.lqcompany.com\/wp-content\/uploads\/2024\/04\/lq_army_logo-1-12x12.png 12w, https:\/\/www.lqcompany.com\/wp-content\/uploads\/2024\/04\/lq_army_logo-1.png 200w\" sizes=\"auto, (max-width: 150px) 100vw, 150px\" \/>\t\t\t\t\t\t\t\t\t\t\t\t\t\t\t<\/div>\n\t\t\t\t<\/div>\n\t\t\t\t<\/div>\n\t\t<div class=\"elementor-element elementor-element-7705a737 e-con-full e-flex e-con e-child\" data-id=\"7705a737\" data-element_type=\"container\" data-e-type=\"container\">\n\t\t\t\t<div class=\"elementor-element elementor-element-47b982c4 elementor-widget elementor-widget-heading\" data-id=\"47b982c4\" data-element_type=\"widget\" data-e-type=\"widget\" data-widget_type=\"heading.default\">\n\t\t\t\t<div class=\"elementor-widget-container\">\n\t\t\t\t\t<h2 class=\"elementor-heading-title elementor-size-default\">Pasirinkite patikim\u0105 vard\u0105 taktin\u0117je \u012frangoje: \"L&amp;Q\": GERIAUSIAS TAKTIN\u0116S TAKTIKOS GAMINTOJAS: \"L&amp;Q<\/h2>\t\t\t\t<\/div>\n\t\t\t\t<\/div>\n\t\t\t\t<div class=\"elementor-element elementor-element-5ef53ee5 elementor-widget elementor-widget-text-editor\" data-id=\"5ef53ee5\" data-element_type=\"widget\" data-e-type=\"widget\" data-widget_type=\"text-editor.default\">\n\t\t\t\t<div class=\"elementor-widget-container\">\n\t\t\t\t\t\t\t\t\t<p>J\u016bs\u0173 patikimas partneris, teikiantis auk\u0161\u010diausios kokyb\u0117s \u012frangos sprendimus<\/p>\t\t\t\t\t\t\t\t<\/div>\n\t\t\t\t<\/div>\n\t\t\t\t<\/div>\n\t\t<div class=\"elementor-element elementor-element-5297cf20 e-con-full e-flex e-con e-child\" data-id=\"5297cf20\" data-element_type=\"container\" data-e-type=\"container\">\n\t\t\t\t<div class=\"elementor-element elementor-element-6b7fe368 elementor-position-top elementor-widget elementor-widget-image-box\" data-id=\"6b7fe368\" data-element_type=\"widget\" data-e-type=\"widget\" data-widget_type=\"image-box.default\">\n\t\t\t\t<div class=\"elementor-widget-container\">\n\t\t\t\t\t<div class=\"elementor-image-box-wrapper\"><figure class=\"elementor-image-box-img\"><img loading=\"lazy\" decoding=\"async\" width=\"352\" height=\"185\" src=\"https:\/\/www.lqcompany.com\/wp-content\/uploads\/2024\/04\/u30186643243330800651fm253fmtautoapp138fJPEG.jpg\" class=\"attachment-full size-full wp-image-2373\" alt=\"\" srcset=\"https:\/\/www.lqcompany.com\/wp-content\/uploads\/2024\/04\/u30186643243330800651fm253fmtautoapp138fJPEG-300x158.jpg 300w, https:\/\/www.lqcompany.com\/wp-content\/uploads\/2024\/04\/u30186643243330800651fm253fmtautoapp138fJPEG-18x9.jpg 18w, https:\/\/www.lqcompany.com\/wp-content\/uploads\/2024\/04\/u30186643243330800651fm253fmtautoapp138fJPEG.jpg 352w\" sizes=\"auto, (max-width: 352px) 100vw, 352px\" \/><\/figure><div class=\"elementor-image-box-content\"><p class=\"elementor-image-box-title\">Kalifornija (biurai ir sand\u0117liai)<\/p><p class=\"elementor-image-box-description\">1951 S Parco Ave Unit E Ontario CA 91761, JAV<\/p><\/div><\/div>\t\t\t\t<\/div>\n\t\t\t\t<\/div>\n\t\t\t\t<div class=\"elementor-element elementor-element-1ea5ca4f elementor-widget elementor-widget-heading\" data-id=\"1ea5ca4f\" data-element_type=\"widget\" data-e-type=\"widget\" data-widget_type=\"heading.default\">\n\t\t\t\t<div class=\"elementor-widget-container\">\n\t\t\t\t\t<p class=\"elementor-heading-title elementor-size-default\">Teksasas (biurai ir sand\u0117liai)<\/p>\t\t\t\t<\/div>\n\t\t\t\t<\/div>\n\t\t\t\t<div class=\"elementor-element elementor-element-b87c48d elementor-widget elementor-widget-text-editor\" data-id=\"b87c48d\" data-element_type=\"widget\" data-e-type=\"widget\" data-widget_type=\"text-editor.default\">\n\t\t\t\t<div class=\"elementor-widget-container\">\n\t\t\t\t\t\t\t\t\t<p>4755 Alpine Drive, Suite 125, Stafordas, TX77477, JAV<\/p>\t\t\t\t\t\t\t\t<\/div>\n\t\t\t\t<\/div>\n\t\t\t\t<\/div>\n\t\t<div class=\"elementor-element elementor-element-24c13391 e-con-full e-flex e-con e-child\" data-id=\"24c13391\" data-element_type=\"container\" data-e-type=\"container\">\n\t\t\t\t<div class=\"elementor-element elementor-element-19c7e7ef elementor-position-top elementor-widget elementor-widget-image-box\" data-id=\"19c7e7ef\" data-element_type=\"widget\" data-e-type=\"widget\" data-widget_type=\"image-box.default\">\n\t\t\t\t<div class=\"elementor-widget-container\">\n\t\t\t\t\t<div class=\"elementor-image-box-wrapper\"><figure class=\"elementor-image-box-img\"><img loading=\"lazy\" decoding=\"async\" width=\"536\" height=\"357\" src=\"https:\/\/www.lqcompany.com\/wp-content\/uploads\/2024\/04\/d0c8a786c9177f3e67097eaf9c852cc79f3df8dcf874.png\" class=\"attachment-full size-full wp-image-2374\" alt=\"\" srcset=\"https:\/\/www.lqcompany.com\/wp-content\/uploads\/2024\/04\/d0c8a786c9177f3e67097eaf9c852cc79f3df8dcf874-300x200.png 300w, https:\/\/www.lqcompany.com\/wp-content\/uploads\/2024\/04\/d0c8a786c9177f3e67097eaf9c852cc79f3df8dcf874-18x12.png 18w, https:\/\/www.lqcompany.com\/wp-content\/uploads\/2024\/04\/d0c8a786c9177f3e67097eaf9c852cc79f3df8dcf874.png 536w\" sizes=\"auto, (max-width: 536px) 100vw, 536px\" \/><\/figure><div class=\"elementor-image-box-content\"><p class=\"elementor-image-box-title\">Kinija (dirbtuv\u0117s ir biuras)<\/p><p class=\"elementor-image-box-description\">Nr. 368 , HaoXin pastatas, ChongHong gatv\u0117, Quanzhou miestas, Fujian provincija<\/p><\/div><\/div>\t\t\t\t<\/div>\n\t\t\t\t<\/div>\n\t\t\t\t<div class=\"elementor-element elementor-element-493cb81 elementor-widget elementor-widget-heading\" data-id=\"493cb81\" data-element_type=\"widget\" data-e-type=\"widget\" data-widget_type=\"heading.default\">\n\t\t\t\t<div class=\"elementor-widget-container\">\n\t\t\t\t\t<p class=\"elementor-heading-title elementor-size-default\">Vietnamas (biuras ir dirbtuv\u0117s)<\/p>\t\t\t\t<\/div>\n\t\t\t\t<\/div>\n\t\t\t\t<div class=\"elementor-element elementor-element-48bf693 elementor-widget elementor-widget-text-editor\" data-id=\"48bf693\" data-element_type=\"widget\" data-e-type=\"widget\" data-widget_type=\"text-editor.default\">\n\t\t\t\t<div class=\"elementor-widget-container\">\n\t\t\t\t\t\t\t\t\t<p>Netrukus pasirodys<\/p>\t\t\t\t\t\t\t\t<\/div>\n\t\t\t\t<\/div>\n\t\t\t\t<\/div>\n\t\t<div class=\"elementor-element elementor-element-8b326f2 e-con-full e-flex e-con e-child\" data-id=\"8b326f2\" data-element_type=\"container\" data-e-type=\"container\">\n\t\t\t\t<div class=\"elementor-element elementor-element-2893ee6f elementor-widget elementor-widget-heading\" data-id=\"2893ee6f\" data-element_type=\"widget\" data-e-type=\"widget\" data-widget_type=\"heading.default\">\n\t\t\t\t<div class=\"elementor-widget-container\">\n\t\t\t\t\t<h2 class=\"elementor-heading-title elementor-size-default\">Pardavimai ir citavimas<\/h2>\t\t\t\t<\/div>\n\t\t\t\t<\/div>\n\t\t\t\t<div class=\"elementor-element elementor-element-2f836a71 elementor-widget elementor-widget-text-editor\" data-id=\"2f836a71\" data-element_type=\"widget\" data-e-type=\"widget\" data-widget_type=\"text-editor.default\">\n\t\t\t\t<div class=\"elementor-widget-container\">\n\t\t\t\t\t\t\t\t\t<p><a href=\"mailto:xixi@aetgear.com\">xixi@aetgear.com<\/a><\/p>\t\t\t\t\t\t\t\t<\/div>\n\t\t\t\t<\/div>\n\t\t\t\t<div class=\"elementor-element elementor-element-7176a130 elementor-widget elementor-widget-heading\" data-id=\"7176a130\" data-element_type=\"widget\" data-e-type=\"widget\" data-widget_type=\"heading.default\">\n\t\t\t\t<div class=\"elementor-widget-container\">\n\t\t\t\t\t<h2 class=\"elementor-heading-title elementor-size-default\">Bendrosios u\u017eklausos<\/h2>\t\t\t\t<\/div>\n\t\t\t\t<\/div>\n\t\t\t\t<div class=\"elementor-element elementor-element-6d0e9953 elementor-widget elementor-widget-text-editor\" data-id=\"6d0e9953\" data-element_type=\"widget\" data-e-type=\"widget\" data-widget_type=\"text-editor.default\">\n\t\t\t\t<div class=\"elementor-widget-container\">\n\t\t\t\t\t\t\t\t\t<p><a href=\"mailto:sisii@lqcompany.com\" rel=\"nofollow\">sisii@lqcompany.com<\/a><\/p>\t\t\t\t\t\t\t\t<\/div>\n\t\t\t\t<\/div>\n\t\t\t\t<div class=\"elementor-element elementor-element-741847d5 elementor-widget elementor-widget-heading\" data-id=\"741847d5\" data-element_type=\"widget\" data-e-type=\"widget\" data-widget_type=\"heading.default\">\n\t\t\t\t<div class=\"elementor-widget-container\">\n\t\t\t\t\t<h2 class=\"elementor-heading-title elementor-size-default\">Skundai ir pasi\u016blymai<\/h2>\t\t\t\t<\/div>\n\t\t\t\t<\/div>\n\t\t\t\t<div class=\"elementor-element elementor-element-741db32f elementor-widget elementor-widget-text-editor\" data-id=\"741db32f\" data-element_type=\"widget\" data-e-type=\"widget\" data-widget_type=\"text-editor.default\">\n\t\t\t\t<div class=\"elementor-widget-container\">\n\t\t\t\t\t\t\t\t\t<p><a href=\"mailto:info@aetgear.com\">info@aetgear.com<\/a><\/p>\t\t\t\t\t\t\t\t<\/div>\n\t\t\t\t<\/div>\n\t\t\t\t<\/div>\n\t\t\t\t<\/div>\n\t\t\t\t<\/div>","protected":false},"excerpt":{"rendered":"<p>Terms &#038; Conditions Welcome to L&amp;Q ARMY&#8217;s website\uff08www.lqompany.com\uff09. By accessing or using this website, you agree to comply with and be bound by the following terms and conditions. Please read them carefully before using our site. 1. Introduction These terms and conditions outline the rules and regulations for the use of L&amp;Q ARMY&#8217;s Website. By [&hellip;]<\/p>\n","protected":false},"author":1,"featured_media":0,"parent":0,"menu_order":0,"comment_status":"closed","ping_status":"open","template":"","meta":{"_acf_changed":false,"footnotes":""},"class_list":["post-3736","page","type-page","status-publish","hentry"],"blocksy_meta":[],"acf":[],"_links":{"self":[{"href":"https:\/\/www.lqcompany.com\/lt\/wp-json\/wp\/v2\/pages\/3736","targetHints":{"allow":["GET"]}}],"collection":[{"href":"https:\/\/www.lqcompany.com\/lt\/wp-json\/wp\/v2\/pages"}],"about":[{"href":"https:\/\/www.lqcompany.com\/lt\/wp-json\/wp\/v2\/types\/page"}],"author":[{"embeddable":true,"href":"https:\/\/www.lqcompany.com\/lt\/wp-json\/wp\/v2\/users\/1"}],"replies":[{"embeddable":true,"href":"https:\/\/www.lqcompany.com\/lt\/wp-json\/wp\/v2\/comments?post=3736"}],"version-history":[{"count":0,"href":"https:\/\/www.lqcompany.com\/lt\/wp-json\/wp\/v2\/pages\/3736\/revisions"}],"wp:attachment":[{"href":"https:\/\/www.lqcompany.com\/lt\/wp-json\/wp\/v2\/media?parent=3736"}],"curies":[{"name":"wp","href":"https:\/\/api.w.org\/{rel}","templated":true}]}}