{"id":3,"date":"2024-04-01T07:52:41","date_gmt":"2024-04-01T07:52:41","guid":{"rendered":"https:\/\/lqcompany.com\/?page_id=3"},"modified":"2024-07-11T03:58:51","modified_gmt":"2024-07-11T03:58:51","slug":"privacy-policy","status":"publish","type":"page","link":"https:\/\/www.lqcompany.com\/lt\/privacy-policy\/","title":{"rendered":"Privatumo politika"},"content":{"rendered":"<div data-elementor-type=\"wp-page\" data-elementor-id=\"3\" class=\"elementor elementor-3\" data-elementor-settings=\"{&quot;ha_cmc_init_switcher&quot;:&quot;no&quot;}\" data-elementor-post-type=\"page\">\n\t\t\t\t<div class=\"elementor-element elementor-element-edf6dc3 e-flex e-con-boxed e-con e-parent\" data-id=\"edf6dc3\" data-element_type=\"container\" data-e-type=\"container\" data-settings=\"{&quot;background_background&quot;:&quot;classic&quot;}\">\n\t\t\t\t\t<div class=\"e-con-inner\">\n\t\t\t\t<div class=\"elementor-element elementor-element-e9fbd46 elementor-widget elementor-widget-heading\" data-id=\"e9fbd46\" data-element_type=\"widget\" data-e-type=\"widget\" data-widget_type=\"heading.default\">\n\t\t\t\t<div class=\"elementor-widget-container\">\n\t\t\t\t\t<h2 class=\"elementor-heading-title elementor-size-default\">Privatumo politika<\/h2>\t\t\t\t<\/div>\n\t\t\t\t<\/div>\n\t\t\t\t\t<\/div>\n\t\t\t\t<\/div>\n\t\t<div class=\"elementor-element elementor-element-1b44bdf7 e-flex e-con-boxed e-con e-parent\" data-id=\"1b44bdf7\" data-element_type=\"container\" data-e-type=\"container\">\n\t\t\t\t\t<div class=\"e-con-inner\">\n\t\t\t\t<div class=\"elementor-element elementor-element-2937e714 elementor-widget elementor-widget-text-editor\" data-id=\"2937e714\" data-element_type=\"widget\" data-e-type=\"widget\" data-widget_type=\"text-editor.default\">\n\t\t\t\t<div class=\"elementor-widget-container\">\n\t\t\t\t\t\t\t\t\t<div id=\"text_block-5-3\" class=\"ct-text-block\" data-sider-select-id=\"0b714804-48e7-48ac-84cc-ad5d87326939\"><p>\u0160ioje privatumo politikoje apra\u0161oma M\u016bs\u0173 politika ir proced\u016bros, susijusios su J\u016bs\u0173 informacijos rinkimu, naudojimu ir atskleidimu, kai naudojat\u0117s Paslauga, ir informuojama apie J\u016bs\u0173 privatumo teises bei apie tai, kaip Jus gina \u012fstatymai.<\/p><p>J\u016bs\u0173 Asmens duomenis naudojame Paslaugai teikti ir tobulinti. Naudodamiesi Paslauga sutinkate, kad informacija b\u016bt\u0173 renkama ir naudojama pagal \u0161i\u0105 privatumo politik\u0105.<\/p><\/div><h2 id=\"headline-8-3\" class=\"ct-headline heading-mobile-font-size\">Ai\u0161kinimas ir apibr\u0117\u017etys<\/h2><div id=\"_rich_text-4-3\" class=\"oxy-rich-text\"><h3>Vertimas<\/h3><p>\u017dod\u017eiai, kuri\u0173 pradin\u0117 raid\u0117 ra\u0161oma did\u017ei\u0105ja raide, turi reik\u0161mes, apibr\u0117\u017etas toliau nurodytomis s\u0105lygomis. Toliau pateiktos s\u0105vok\u0173 apibr\u0117\u017etys turi t\u0105 pa\u010di\u0105 reik\u0161m\u0119, neatsi\u017evelgiant \u012f tai, ar jos pateiktos vienaskaita, ar daugiskaita.<\/p><h3>Apibr\u0117\u017etys<\/h3><p>\u0160ioje privatumo politikoje:<\/p><ul><li><strong>S\u0105skaita<\/strong>\u00a0rei\u0161kia unikali\u0105 paskyr\u0105, sukurt\u0105 Jums, kad gal\u0117tum\u0117te naudotis m\u016bs\u0173 Paslauga ar jos dalimis.<\/li><li><strong>\u012emon\u0117<\/strong> (\u0161ioje Sutartyje vadinama \"Bendrov\u0117\", \"Mes\", \"Mes\" arba \"M\u016bs\u0173\") rei\u0161kia \"L&amp;Q ARMY\".<\/li><li><strong>Slapukai<\/strong>\u00a0tai nedideli failai, kuriuos svetain\u0117 patalpina J\u016bs\u0173 kompiuteryje, mobiliajame \u012frenginyje ar bet kuriame kitame \u012frenginyje ir kuriuose, be daugelio kit\u0173 paskir\u010di\u0173, yra J\u016bs\u0173 nar\u0161ymo toje svetain\u0117je istorijos duomenys.<\/li><li><strong>\u0160alis<\/strong> rei\u0161kia: JAV\/Kinija<\/li><li><strong>\u012erenginys<\/strong>\u00a0tai bet koks \u012frenginys, kuriuo galima naudotis Paslauga, pavyzd\u017eiui, kompiuteris, mobilusis telefonas arba skaitmenin\u0117 plan\u0161et\u0117.<\/li><li><strong>Asmens duomenys<\/strong>\u00a0tai bet kokia informacija, susijusi su identifikuotu arba identifikuojamu asmeniu.<\/li><li><strong>Paslauga<\/strong>\u00a0nurodo \u012f Svetain\u0119.<\/li><li><strong>Paslaug\u0173 teik\u0117jas<\/strong>\u00a0tai bet kuris fizinis ar juridinis asmuo, kuris tvarko duomenis Bendrov\u0117s vardu. Tai rei\u0161kia tre\u010di\u0173j\u0173 \u0161ali\u0173 \u012fmones ar asmenis, kuriuos Bendrov\u0117 samdo tam, kad palengvint\u0173 Paslaugos teikim\u0105, teikt\u0173 Paslaug\u0105 Bendrov\u0117s vardu, teikt\u0173 su Paslauga susijusias paslaugas arba pad\u0117t\u0173 Bendrovei analizuoti, kaip naudojama Paslauga.<\/li><li><strong>Naudojimo duomenys<\/strong>\u00a0tai automati\u0161kai renkami duomenys, kurie gaunami naudojantis Paslauga arba i\u0161 pa\u010dios Paslaugos infrastrukt\u016bros (pvz., apsilankymo puslapyje trukm\u0117).<\/li><li><strong>Interneto svetain\u0117<\/strong>\u00a0nuoroda \u012f LQ ARMY, \u012f kuri\u0105 galima patekti i\u0161\u00a0<a href=\"https:\/\/www.handbagio.com\/\" target=\"_blank\" rel=\"external nofollow noopener\">https:\/\/lqcompany.com\/<\/a><\/li><li><strong>J\u016bs<\/strong>\u00a0tai fizinis asmuo, kuris naudojasi Paslauga arba naudojasi Paslauga, arba \u012fmon\u0117, arba kitas juridinis asmuo, kurio vardu toks fizinis asmuo naudojasi Paslauga arba naudojasi Paslauga.<\/li><\/ul><\/div><h2 id=\"headline-31-3\" class=\"ct-headline heading-mobile-font-size\">J\u016bs\u0173 asmenini\u0173 duomen\u0173 rinkimas ir naudojimas<\/h2><div id=\"_rich_text-30-3\" class=\"oxy-rich-text\"><h3>Renkam\u0173 duomen\u0173 tipai<\/h3><h4>Asmens duomenys<\/h4><p>Naudodamiesi m\u016bs\u0173 Paslauga, galime papra\u0161yti j\u016bs\u0173 pateikti mums tam tikr\u0105 asmenin\u0119 informacij\u0105, kuri gali b\u016bti naudojama susisiekti su jumis arba nustatyti j\u016bs\u0173 tapatyb\u0119. Asmen\u012f identifikuojanti informacija gali apimti, bet neapsiriboti:<\/p><ul><li>El. pa\u0161to adresas<\/li><li>Vardas ir pavard\u0117<\/li><li>Naudojimo duomenys<\/li><\/ul><h4>Naudojimo duomenys<\/h4><p>Naudojimo duomenys renkami automati\u0161kai, kai naudojat\u0117s Paslauga.<\/p><p>Naudojimo duomenys gali apimti toki\u0105 informacij\u0105, kaip j\u016bs\u0173 \u012erenginio interneto protokolo adresas (pvz., IP adresas), nar\u0161ykl\u0117s tipas, nar\u0161ykl\u0117s versija, m\u016bs\u0173 Paslaugos puslapiai, kuriuose lankot\u0117s, apsilankymo laikas ir data, \u0161iuose puslapiuose praleistas laikas, unikal\u016bs \u012frenginio identifikatoriai ir kiti diagnostiniai duomenys.<\/p><p>Kai Paslaug\u0105 pasiekiate mobiliuoju \u012frenginiu arba per j\u012f, mes galime automati\u0161kai rinkti tam tikr\u0105 informacij\u0105, \u012fskaitant, bet neapsiribojant, j\u016bs\u0173 naudojamo mobiliojo \u012frenginio tip\u0105, j\u016bs\u0173 mobiliojo \u012frenginio unikal\u0173 ID, j\u016bs\u0173 mobiliojo \u012frenginio IP adres\u0105, j\u016bs\u0173 mobili\u0105j\u0105 operacin\u0119 sistem\u0105, j\u016bs\u0173 naudojamos mobiliosios interneto nar\u0161ykl\u0117s tip\u0105, unikalius \u012frenginio identifikatorius ir kitus diagnostinius duomenis.<\/p><p>Taip pat galime rinkti informacij\u0105, kuri\u0105 j\u016bs\u0173 nar\u0161ykl\u0117 siun\u010dia kiekvien\u0105 kart\u0105, kai lankot\u0117s m\u016bs\u0173 Paslaugoje arba kai Paslaug\u0105 pasiekiate mobiliuoju \u012frenginiu arba per j\u012f.<\/p><h4>Sekimo technologijos ir slapukai<\/h4><p>Mes naudojame slapukus ir pana\u0161ias sekimo technologijas, kad gal\u0117tume steb\u0117ti veikl\u0105 M\u016bs\u0173 Paslaugoje ir saugoti tam tikr\u0105 informacij\u0105. Naudojamos sekimo technologijos yra \u0161vyturiai, \u017eymos ir scenarijai, skirti informacijai rinkti ir sekti bei M\u016bs\u0173 Paslaugai tobulinti ir analizuoti. M\u016bs\u0173 naudojamos technologijos gali b\u016bti \u0161ios:<\/p><ul><li><strong>Slapukai arba nar\u0161ykl\u0117s slapukai.<\/strong>\u00a0Slapukas - tai nedidelis failas, patalpintas J\u016bs\u0173 Prietaise. Galite nurodyti savo nar\u0161yklei atsisakyti vis\u0173 slapuk\u0173 arba nurodyti, kada slapukas siun\u010diamas. Ta\u010diau, jei nesutinkate su Slapukais, galite negal\u0117ti naudotis kai kuriomis m\u016bs\u0173 Paslaugos dalimis. Jei nesureguliavote savo nar\u0161ykl\u0117s nustatym\u0173 taip, kad ji atsisakyt\u0173 Slapuk\u0173, m\u016bs\u0173 Paslaugoje gali b\u016bti naudojami Slapukai.<\/li><li><strong>\"Flash\" slapukai.<\/strong>\u00a0Tam tikrose m\u016bs\u0173 Paslaugos funkcijose gali b\u016bti naudojami vietiniai saugomi objektai (arba \"Flash\" slapukai), kad b\u016bt\u0173 renkama ir saugoma informacija apie j\u016bs\u0173 nuostatas arba j\u016bs\u0173 veikl\u0105 m\u016bs\u0173 Paslaugoje. \"Flash\" slapukai n\u0117ra valdomi pagal tuos pa\u010dius nar\u0161ykl\u0117s nustatymus, kurie naudojami nar\u0161ykl\u0117s slapukams. Daugiau informacijos apie tai, kaip galite i\u0161trinti \"Flash\" slapukus, rasite skyriuje \"Kur galiu pakeisti vietini\u0173 bendr\u0173j\u0173 objekt\u0173 i\u0161jungimo arba i\u0161trynimo nustatymus?\".\u00a0<\/li><li><strong>\u017einiatinklio \u0161vyturiai.<\/strong>\u00a0Tam tikruose m\u016bs\u0173 Paslaugos skyriuose ir el. lai\u0161kuose gali b\u016bti ma\u017e\u0173 elektronini\u0173 fail\u0173, vadinam\u0173 \u017einiatinklio \u0161vytur\u0117liais (taip pat vadinam\u0173 ai\u0161kiomis dovan\u0117l\u0117mis, pikseli\u0173 \u017eym\u0117mis ir vieno pikselio dovan\u0117l\u0117mis), kurie leid\u017eia Bendrovei, pavyzd\u017eiui, suskai\u010diuoti naudotojus, kurie apsilank\u0117 tuose puslapiuose arba atidar\u0117 el. lai\u0161k\u0105, ir atlikti kit\u0105 susijusi\u0105 svetain\u0117s statistik\u0105 (pavyzd\u017eiui, registruoti tam tikro skyriaus populiarum\u0105 ir tikrinti sistemos bei serverio vientisum\u0105).<\/li><\/ul><p>Slapukai gali b\u016bti nuolatiniai arba sesijos slapukai. Nuolatiniai slapukai lieka J\u016bs\u0173 asmeniniame kompiuteryje ar mobiliajame \u012frenginyje, kai J\u016bs i\u0161einate i\u0161 interneto, o sesijos slapukai i\u0161trinami, kai tik u\u017edarote savo interneto nar\u0161ykl\u0119.<\/p><p>Toliau nurodytais tikslais naudojame ir sesijos, ir nuolatinius slapukus:<\/p><ul><li><strong>B\u016btini \/ esminiai slapukai<\/strong>Tipas: Sesijos slapukai<p>Administruoja: .<\/p><p>Tikslas: \u0160ie slapukai yra b\u016btini, kad gal\u0117tum\u0117te naudotis Svetain\u0117je teikiamomis paslaugomis ir naudotis kai kuriomis jos funkcijomis. Jie padeda nustatyti naudotoj\u0173 autenti\u0161kum\u0105 ir u\u017ekirsti keli\u0105 nes\u0105\u017einingam naudotoj\u0173 paskyr\u0173 naudojimui. Be \u0161i\u0173 Slapuk\u0173 neb\u016bt\u0173 galima teikti paslaug\u0173, kuri\u0173 pra\u0161\u0117te, ir Mes naudojame \u0161iuos Slapukus tik tam, kad gal\u0117tume Jums teikti \u0161ias paslaugas.<\/p><\/li><li><strong>Slapuk\u0173 politika \/ prane\u0161imas Pri\u0117mimas Slapukai<\/strong>Tipas: Nuolatiniai slapukai<p>Administruoja: .<\/p><p>Paskirtis: \u0160ie slapukai nustato, ar naudotojai sutiko, kad Svetain\u0117je b\u016bt\u0173 naudojami slapukai.<\/p><\/li><li><strong>Funkciniai slapukai<\/strong>Tipas: Nuolatiniai slapukai<p>Administruoja: .<\/p><p>Tikslas: \u0160ie slapukai leid\u017eia mums \u012fsiminti J\u016bs\u0173 pasirinkimus, kuriuos darote naudodamiesi Svetaine, pvz., \u012fsiminti J\u016bs\u0173 prisijungimo duomenis arba pasirinkt\u0105 kalb\u0105. \u0160i\u0173 Slapuk\u0173 paskirtis - suteikti Jums asmeni\u0161kesn\u0119 patirt\u012f ir i\u0161vengti, kad kiekvien\u0105 kart\u0105, kai naudojat\u0117s Svetaine, Jums nereik\u0117t\u0173 i\u0161 naujo \u012fvesti savo nuostat\u0173.<\/p><\/li><\/ul><p>Daugiau informacijos apie m\u016bs\u0173 naudojamus slapukus ir j\u016bs\u0173 pasirinkimus, susijusius su slapukais, rasite m\u016bs\u0173 Slapuk\u0173 politikoje arba Privatumo politikos skyriuje Slapukai.<\/p><h3>J\u016bs\u0173 asmenini\u0173 duomen\u0173 naudojimas<\/h3><p>Bendrov\u0117 gali naudoti Asmens duomenis \u0161iais tikslais:<\/p><ul><li><strong>Teikti ir pri\u017ei\u016br\u0117ti m\u016bs\u0173 Paslaug\u0105<\/strong>, \u012fskaitant m\u016bs\u0173 Paslaugos naudojimo steb\u0117sen\u0105.<\/li><li><strong>Nor\u0117dami tvarkyti savo Paskyr\u0105:<\/strong>\u00a0tvarkyti J\u016bs\u0173, kaip Paslaugos naudotojo, registracij\u0105. J\u016bs\u0173 pateikti asmens duomenys gali suteikti Jums prieig\u0105 prie \u012fvairi\u0173 Paslaugos funkcij\u0173, kuriomis galite naudotis kaip registruotas naudotojas.<\/li><li><strong>Sutarties vykdymui:<\/strong>\u00a0produkt\u0173, daikt\u0173 ar paslaug\u0173, kuriuos \u012fsigijote, pirkimo sutarties ar bet kokios kitos sutarties su mumis, sudarytos naudojantis Paslauga, parengim\u0105, laikym\u0105si ir vykdym\u0105.<\/li><li><strong>Susisiekti su Jumis:<\/strong>\u00a0susisiekti su Jumis el. pa\u0161tu, telefono skambu\u010diais, SMS \u017einut\u0117mis ar kitomis lygiavert\u0117mis elektroninio ry\u0161io formomis, pavyzd\u017eiui, mobiliosios program\u0117l\u0117s stumiamaisiais prane\u0161imais d\u0117l atnaujinim\u0173 ar informacini\u0173 prane\u0161im\u0173, susijusi\u0173 su funkcijomis, produktais ar u\u017esakytomis paslaugomis, \u012fskaitant saugumo atnaujinimus, kai tai b\u016btina ar pagr\u012fsta j\u0173 \u012fgyvendinimui.<\/li><li><strong>Suteikti Jums<\/strong>\u00a0su naujienomis, specialiais pasi\u016blymais ir bendra informacija apie kitas m\u016bs\u0173 si\u016blomas prekes, paslaugas ir renginius, pana\u0161ius \u012f tuos, kuriuos jau \u012fsigijote arba d\u0117l kuri\u0173 jau teiravot\u0117s, nebent pasirinkote negauti tokios informacijos.<\/li><li><strong>tvarkyti J\u016bs\u0173 u\u017eklausas:<\/strong>\u00a0Dalyvauti ir tvarkyti J\u016bs\u0173 pra\u0161ymus mums.<\/li><li><strong>Verslo perdavimams:<\/strong>\u00a0J\u016bs\u0173 informacij\u0105 galime naudoti vertindami arba vykdydami susijungim\u0105, pardavim\u0105, restrukt\u016brizavim\u0105, reorganizavim\u0105, likvidavim\u0105 ar kitok\u012f dalies arba viso M\u016bs\u0173 turto pardavim\u0105 ar perdavim\u0105, nesvarbu, ar tai b\u016bt\u0173 veikiantis verslas, ar bankroto, likvidavimo ar pana\u0161ios proced\u016bros dalis, kai tarp perduodamo turto yra ir M\u016bs\u0173 turimi Asmens duomenys apie Paslaug\u0173 naudotojus.<\/li><li><strong>Kitais tikslais<\/strong>: J\u016bs\u0173 informacij\u0105 galime naudoti kitais tikslais, pavyzd\u017eiui, duomen\u0173 analizei, naudojimo tendencijoms nustatyti, reklamini\u0173 kampanij\u0173 veiksmingumui nustatyti ir m\u016bs\u0173 Paslaugai, produktams, paslaugoms, rinkodarai ir j\u016bs\u0173 patir\u010diai vertinti bei tobulinti.<\/li><\/ul><p>J\u016bs\u0173 asmenine informacija galime dalytis toliau nurodytais atvejais:<\/p><ul><li><strong>su paslaug\u0173 teik\u0117jais:<\/strong>\u00a0J\u016bs\u0173 asmenin\u0119 informacij\u0105 galime bendrinti su Paslaug\u0173 teik\u0117jais, kad gal\u0117tume steb\u0117ti ir analizuoti m\u016bs\u0173 Paslaugos naudojim\u0105, susisiekti su Jumis.<\/li><li><strong>Verslo perdavimams:<\/strong>\u00a0Mes galime dalytis j\u016bs\u0173 asmenine informacija arba j\u0105 perduoti d\u0117l bet kokio susijungimo, Bendrov\u0117s turto pardavimo, finansavimo ar viso ar dalies M\u016bs\u0173 verslo \u012fsigijimo kitai bendrovei arba deryb\u0173 d\u0117l tokio susijungimo, Bendrov\u0117s turto pardavimo, finansavimo ar \u012fsigijimo metu.<\/li><li><strong>Su filialais:<\/strong>\u00a0Galime dalytis j\u016bs\u0173 informacija su savo filialais ir tokiu atveju reikalausime, kad \u0161ie filialai laikyt\u0173si \u0161ios privatumo politikos. Susijusios \u012fmon\u0117s apima M\u016bs\u0173 patronuojan\u010di\u0105j\u0105 \u012fmon\u0119 ir bet kurias kitas dukterines \u012fmones, bendr\u0173 \u012fmoni\u0173 partnerius ar kitas \u012fmones, kurias Mes kontroliuojame arba kurios yra bendrai su mumis kontroliuojamos.<\/li><li><strong>Su verslo partneriais:<\/strong>\u00a0J\u016bs\u0173 informacija galime dalytis su savo verslo partneriais, kad gal\u0117tume Jums pasi\u016blyti tam tikr\u0173 produkt\u0173, paslaug\u0173 ar akcij\u0173.<\/li><li><strong>Su kitais naudotojais:<\/strong>\u00a0kai dalijat\u0117s asmenine informacija arba kitaip bendraujate vie\u0161osiose srityse su kitais naudotojais, toki\u0105 informacij\u0105 gali matyti visi naudotojai ir ji gali b\u016bti vie\u0161ai platinama i\u0161or\u0117je.<\/li><li><strong>J\u016bs\u0173 sutikimu<\/strong>: Gav\u0119 j\u016bs\u0173 sutikim\u0105, galime atskleisti j\u016bs\u0173 asmenin\u0119 informacij\u0105 bet kokiu kitu tikslu.<\/li><\/ul><h3>J\u016bs\u0173 asmens duomen\u0173 saugojimas<\/h3><p>Bendrov\u0117 saugos j\u016bs\u0173 asmens duomenis tik tiek, kiek tai bus b\u016btina \u0161ioje privatumo politikoje nurodytiems tikslams pasiekti. J\u016bs\u0173 Asmens duomenis saugosime ir naudosime tiek, kiek tai b\u016btina, kad gal\u0117tume laikytis savo teisini\u0173 \u012fsipareigojim\u0173 (pavyzd\u017eiui, jei privalome saugoti j\u016bs\u0173 duomenis, kad laikytum\u0117m\u0117s galiojan\u010di\u0173 \u012fstatym\u0173), spr\u0119sti gin\u010dus ir u\u017etikrinti m\u016bs\u0173 teisini\u0173 susitarim\u0173 ir politikos vykdym\u0105.<\/p><p>Bendrov\u0117 taip pat saugos Naudojimo duomenis vidaus analiz\u0117s tikslais. Naudojimo duomenys paprastai saugomi trumpesn\u012f laik\u0105, i\u0161skyrus atvejus, kai \u0161ie duomenys naudojami siekiant sustiprinti m\u016bs\u0173 Paslaugos saugum\u0105 ar pagerinti jos funkcionalum\u0105 arba kai esame teisi\u0161kai \u012fpareigoti saugoti \u0161iuos duomenis ilgesn\u012f laik\u0105.<\/p><h3>J\u016bs\u0173 asmens duomen\u0173 perdavimas<\/h3><p>J\u016bs\u0173 informacija, \u012fskaitant asmens duomenis, tvarkoma Bendrov\u0117s veiklos biuruose ir kitose vietose, kuriose yra su tvarkymu susijusios \u0161alys. Tai rei\u0161kia, kad \u0161i informacija gali b\u016bti perduodama \u012f kompiuterius, esan\u010dius u\u017e J\u016bs\u0173 valstyb\u0117s, provincijos, \u0161alies ar kitos valstybin\u0117s jurisdikcijos rib\u0173, kur duomen\u0173 apsaugos \u012fstatymai gali skirtis nuo J\u016bs\u0173 jurisdikcijos \u012fstatym\u0173.<\/p><p>J\u016bs\u0173 sutikimas su \u0161ia privatumo politika ir tokios informacijos pateikimas rei\u0161kia J\u016bs\u0173 sutikim\u0105 su tokiu perdavimu.<\/p><p>Bendrov\u0117 imsis vis\u0173 pagr\u012fstai b\u016btin\u0173 veiksm\u0173, kad u\u017etikrint\u0173, jog J\u016bs\u0173 duomenys b\u016bt\u0173 tvarkomi saugiai ir laikantis \u0161ios privatumo politikos, ir joks J\u016bs\u0173 asmens duomen\u0173 perdavimas nebus vykdomas \u012f organizacij\u0105 ar \u0161al\u012f, jei nebus \u012fdiegtos tinkamos kontrol\u0117s priemon\u0117s, \u012fskaitant J\u016bs\u0173 duomen\u0173 ir kitos asmenin\u0117s informacijos saugum\u0105.<\/p><h3>J\u016bs\u0173 asmens duomen\u0173 atskleidimas<\/h3><h4>Verslo sandoriai<\/h4><p>Jei Bendrov\u0117 dalyvauja susijungime, \u012fsigijime ar turto pardavime, J\u016bs\u0173 Asmens duomenys gali b\u016bti perduoti. Prie\u0161 perduodant J\u016bs\u0173 Asmens duomenis ir pradedant taikyti kit\u0105 privatumo politik\u0105, mes apie tai informuosime.<\/p><h4>Teis\u0117sauga<\/h4><p>Tam tikromis aplinkyb\u0117mis Bendrov\u0117 gali b\u016bti \u012fpareigota atskleisti J\u016bs\u0173 Asmens duomenis, jei to reikalauja \u012fstatymai arba valstyb\u0117s institucijos (pvz., teismas ar vyriausybin\u0117 agent\u016bra).<\/p><h4>Kiti teisiniai reikalavimai<\/h4><p>Bendrov\u0117 gali atskleisti j\u016bs\u0173 Asmens duomenis, jei s\u0105\u017einingai tiki, kad toks veiksmas yra b\u016btinas, kad:<\/p><ul><li>laikytis teisinio \u012fsipareigojimo<\/li><li>saugoti ir ginti Bendrov\u0117s teises ar nuosavyb\u0119.<\/li><li>u\u017ekirsti keli\u0105 galimiems su Paslauga susijusiems pa\u017eeidimams arba juos tirti.<\/li><li>apsaugoti Paslaugos naudotoj\u0173 ar visuomen\u0117s asmenin\u012f saugum\u0105.<\/li><li>Apsaugokite nuo teisin\u0117s atsakomyb\u0117s<\/li><\/ul><h3>J\u016bs\u0173 asmenini\u0173 duomen\u0173 saugumas<\/h3><p>Mums svarbus J\u016bs\u0173 Asmens duomen\u0173 saugumas, ta\u010diau nepamir\u0161kite, kad joks perdavimo internetu ar elektroninio saugojimo b\u016bdas n\u0117ra saugus. Nors Mes stengiam\u0117s naudoti komerci\u0161kai priimtinas priemones J\u016bs\u0173 Asmens duomenims apsaugoti, negalime garantuoti visi\u0161ko j\u0173 saugumo.<\/p><\/div><h2 id=\"headline-33-3\" class=\"ct-headline heading-mobile-font-size\">Vaik\u0173 privatumas<\/h2><div id=\"text_block-42-3\" class=\"ct-text-block\"><p>M\u016bs\u0173 Paslauga n\u0117ra skirta jaunesniems nei 13 met\u0173 asmenims. Mes s\u0105moningai nerenkame asmenin\u0117s informacijos i\u0161 jaunesni\u0173 nei 13 met\u0173 asmen\u0173. Jei esate vienas i\u0161 t\u0117v\u0173 arba glob\u0117j\u0173 ir \u017einote, kad j\u016bs\u0173 vaikas mums pateik\u0117 asmeninius duomenis, susisiekite su mumis. Jei su\u017einome, kad surinkome Asmens duomenis i\u0161 jaunesni\u0173 nei 13 met\u0173 asmen\u0173, nepatikrin\u0119 t\u0117v\u0173 sutikimo, imam\u0117s priemoni\u0173 pa\u0161alinti \u0161i\u0105 informacij\u0105 i\u0161 Savo serveri\u0173.<\/p><p>Jei mums reikia remtis sutikimu kaip teisiniu pagrindu tvarkyti j\u016bs\u0173 informacij\u0105, o j\u016bs\u0173 \u0161alyje reikalaujama vieno i\u0161 t\u0117v\u0173 sutikimo, prie\u0161 rinkdami ir naudodami \u0161i\u0105 informacij\u0105 galime papra\u0161yti j\u016bs\u0173 t\u0117v\u0173 sutikimo.<\/p><\/div><h2 id=\"headline-34-3\" class=\"ct-headline heading-mobile-font-size\">Nuorodos \u012f kitas svetaines<\/h2><div id=\"text_block-35-3\" class=\"ct-text-block\"><p>M\u016bs\u0173 Paslaugoje gali b\u016bti nuorod\u0173 \u012f kitas svetaines, kuri\u0173 Mes nevaldome. Jei spustel\u0117site tre\u010diosios \u0161alies nuorod\u0105, b\u016bsite nukreipti \u012f tos tre\u010diosios \u0161alies svetain\u0119. Mes primygtinai patariame per\u017ei\u016br\u0117ti kiekvienos svetain\u0117s, kurioje lankot\u0117s, privatumo politik\u0105.<\/p><p>Mes nekontroliuojame ir neprisiimame jokios atsakomyb\u0117s u\u017e tre\u010di\u0173j\u0173 \u0161ali\u0173 svetaini\u0173 ar paslaug\u0173 turin\u012f, privatumo politik\u0105 ar praktik\u0105.<\/p><\/div><h2 id=\"headline-36-3\" class=\"ct-headline heading-mobile-font-size\">\u0160ios privatumo politikos pakeitimai<\/h2><div id=\"text_block-38-3\" class=\"ct-text-block\"><p>Kartais galime atnaujinti savo privatumo politik\u0105. Apie bet kokius pakeitimus Jus informuosime paskelbdami nauj\u0105 privatumo politik\u0105 \u0161iame puslapyje.<\/p><p>Prie\u0161 \u012fsigaliojant pakeitimui, mes jums apie tai prane\u0161ime el. pa\u0161tu ir (arba) matomame prane\u0161ime m\u016bs\u0173 Paslaugoje ir atnaujinsime \u0161ios privatumo politikos vir\u0161uje esan\u010di\u0105 \"Paskutinio atnaujinimo\" dat\u0105.<\/p><p>Patariama periodi\u0161kai per\u017ei\u016br\u0117ti \u0161i\u0105 privatumo politik\u0105, kad su\u017einotum\u0117te apie bet kokius jos pakeitimus. Privatumo politikos pakeitimai \u012fsigalioja, kai jie paskelbiami \u0161iame puslapyje.<\/p><\/div><h2 id=\"headline-40-3\" class=\"ct-headline heading-mobile-font-size\">Susisiekite su mumis<\/h2><div id=\"_rich_text-32-3\" class=\"oxy-rich-text\"><p>Jei turite klausim\u0173 apie \u0161i\u0105 privatumo politik\u0105, galite susisiekti su mumis:<a href=\"mailto:leon@aetgear.com\">leon@aetgear.com<\/a><\/p><\/div>\t\t\t\t\t\t\t\t<\/div>\n\t\t\t\t<\/div>\n\t\t\t\t\t<\/div>\n\t\t\t\t<\/div>\n\t\t\t\t<\/div>","protected":false},"excerpt":{"rendered":"<p>Privacy Policy This Privacy Policy describes Our policies and procedures on the collection, use and disclosure of Your information when You use the Service and tells You about Your privacy rights and how the law protects You. We use Your Personal data to provide and improve the Service. By using the Service, You agree to [&hellip;]<\/p>\n","protected":false},"author":1,"featured_media":0,"parent":0,"menu_order":0,"comment_status":"closed","ping_status":"open","template":"","meta":{"_acf_changed":false,"footnotes":""},"class_list":["post-3","page","type-page","status-publish","hentry"],"blocksy_meta":[],"acf":[],"_links":{"self":[{"href":"https:\/\/www.lqcompany.com\/lt\/wp-json\/wp\/v2\/pages\/3","targetHints":{"allow":["GET"]}}],"collection":[{"href":"https:\/\/www.lqcompany.com\/lt\/wp-json\/wp\/v2\/pages"}],"about":[{"href":"https:\/\/www.lqcompany.com\/lt\/wp-json\/wp\/v2\/types\/page"}],"author":[{"embeddable":true,"href":"https:\/\/www.lqcompany.com\/lt\/wp-json\/wp\/v2\/users\/1"}],"replies":[{"embeddable":true,"href":"https:\/\/www.lqcompany.com\/lt\/wp-json\/wp\/v2\/comments?post=3"}],"version-history":[{"count":0,"href":"https:\/\/www.lqcompany.com\/lt\/wp-json\/wp\/v2\/pages\/3\/revisions"}],"wp:attachment":[{"href":"https:\/\/www.lqcompany.com\/lt\/wp-json\/wp\/v2\/media?parent=3"}],"curies":[{"name":"wp","href":"https:\/\/api.w.org\/{rel}","templated":true}]}}