{"id":3736,"date":"2024-05-21T03:36:29","date_gmt":"2024-05-21T03:36:29","guid":{"rendered":"https:\/\/lqcompany.com\/?page_id=3736"},"modified":"2024-05-21T03:46:15","modified_gmt":"2024-05-21T03:46:15","slug":"terms-conditions","status":"publish","type":"page","link":"https:\/\/www.lqcompany.com\/it\/terms-conditions\/","title":{"rendered":"Termini e condizioni"},"content":{"rendered":"<div data-elementor-type=\"wp-page\" data-elementor-id=\"3736\" class=\"elementor elementor-3736\" data-elementor-settings=\"{&quot;ha_cmc_init_switcher&quot;:&quot;no&quot;}\" data-elementor-post-type=\"page\">\n\t\t\t\t<div class=\"elementor-element elementor-element-edf6dc3 e-flex e-con-boxed e-con e-parent\" data-id=\"edf6dc3\" data-element_type=\"container\" data-e-type=\"container\" data-settings=\"{&quot;background_background&quot;:&quot;classic&quot;}\">\n\t\t\t\t\t<div class=\"e-con-inner\">\n\t\t\t\t<div class=\"elementor-element elementor-element-e9fbd46 elementor-widget elementor-widget-heading\" data-id=\"e9fbd46\" data-element_type=\"widget\" data-e-type=\"widget\" data-widget_type=\"heading.default\">\n\t\t\t\t<div class=\"elementor-widget-container\">\n\t\t\t\t\t<h2 class=\"elementor-heading-title elementor-size-default\">Termini e condizioni<\/h2>\t\t\t\t<\/div>\n\t\t\t\t<\/div>\n\t\t\t\t\t<\/div>\n\t\t\t\t<\/div>\n\t\t<div class=\"elementor-element elementor-element-1b44bdf7 e-flex e-con-boxed e-con e-parent\" data-id=\"1b44bdf7\" data-element_type=\"container\" data-e-type=\"container\">\n\t\t\t\t\t<div class=\"e-con-inner\">\n\t\t\t\t<div class=\"elementor-element elementor-element-2937e714 elementor-widget elementor-widget-text-editor\" data-id=\"2937e714\" data-element_type=\"widget\" data-e-type=\"widget\" data-widget_type=\"text-editor.default\">\n\t\t\t\t<div class=\"elementor-widget-container\">\n\t\t\t\t\t\t\t\t\t<p>Benvenuti nel sito web di L&amp;Q ARMY\uff08<a href=\"https:\/\/lqcompany.com\/\" target=\"_blank\" rel=\"noopener\">www.lqompany.com<\/a>\uff09. Accedendo o utilizzando questo sito web, l'utente accetta di rispettare ed essere vincolato dai seguenti termini e condizioni. Si prega di leggerli attentamente prima di utilizzare il nostro sito.<\/p><h3>1. Introduzione<\/h3><p>Questi termini e condizioni delineano le norme e i regolamenti per l'utilizzo del sito web di L&amp;Q ARMY. Utilizzando questo sito web, l'utente accetta integralmente tali termini e condizioni. Se non siete d'accordo con una qualsiasi parte di questi termini e condizioni, non dovete utilizzare il nostro sito web.<\/p><h3>\u00a02. Diritti di propriet\u00e0 intellettuale<\/h3><p>Se non diversamente indicato, L&amp;Q ARMY e\/o i suoi licenziatari detengono i diritti di propriet\u00e0 intellettuale del sito web e del materiale in esso contenuto. Tutti questi diritti di propriet\u00e0 intellettuale sono riservati. \u00c8 possibile visualizzare, scaricare solo per scopi di caching e stampare pagine o altri contenuti del sito web per uso personale, nel rispetto delle restrizioni indicate di seguito e in altri punti dei presenti termini e condizioni.<\/p><h3>\u00a03. Licenza d'uso del sito web<\/h3><p>\u00c8 possibile visualizzare, scaricare solo a scopo di caching e stampare pagine o altri contenuti del sito web per uso personale, nel rispetto delle limitazioni indicate di seguito e in altre parti dei presenti termini e condizioni. L'utente non deve:<br \/>- Ripubblicare materiale da questo sito web (compresa la ripubblicazione su un altro sito web);<br \/>- Vendere, affittare o concedere in sublicenza il materiale del sito web;<br \/>- Mostrare in pubblico qualsiasi materiale tratto dal sito web;<br \/>- Riprodurre, duplicare, copiare o sfruttare in altro modo il materiale presente sul nostro sito web per scopi commerciali;<br \/>- modificare o alterare in altro modo qualsiasi materiale presente sul sito web; oppure<br \/>- Ridistribuire il materiale di questo sito web, ad eccezione dei contenuti specificamente ed espressamente resi disponibili per la ridistribuzione.<\/p><h3>4. Uso accettabile<\/h3><p>Non dovete utilizzare il nostro sito web in alcun modo che causi, o possa causare, danni al sito web o compromettere la disponibilit\u00e0 o l'accessibilit\u00e0 del sito web; o in alcun modo che sia illegale, illecito, fraudolento o dannoso, o in connessione con qualsiasi scopo o attivit\u00e0 illegale, illecita, fraudolenta o dannosa. Non \u00e8 consentito utilizzare il nostro sito web per copiare, archiviare, ospitare, trasmettere, inviare, utilizzare, pubblicare o distribuire materiale che consiste in (o \u00e8 collegato a) spyware, virus informatici, cavalli di Troia, worm, keystroke logger, rootkit o altri software informatici dannosi. Non \u00e8 consentito condurre attivit\u00e0 sistematiche o automatizzate di raccolta dati (inclusi, a titolo esemplificativo, scraping, data mining, data extraction e data harvesting) su o in relazione al nostro sito web senza il nostro esplicito consenso scritto.<\/p><h3>\u00a05. Accesso limitato<\/h3><p>L'accesso ad alcune aree del nostro sito web \u00e8 limitato. Ci riserviamo il diritto di limitare l'accesso ad altre aree del nostro sito web, o addirittura all'intero sito web, a nostra discrezione. Se vi forniamo un ID utente e una password per permettervi di accedere ad aree riservate del nostro sito web o ad altri contenuti o servizi, dovete assicurarvi che l'ID utente e la password siano mantenuti riservati. Possiamo disabilitare l'ID utente e la password a nostra esclusiva discrezione senza preavviso o spiegazione.<\/p><h3>6. Contenuto dell'utente<\/h3><p>In questi termini e condizioni, per \"contenuto dell'utente\" si intende il materiale (inclusi, senza limitazioni, testo, immagini, materiale audio, materiale video e materiale audiovisivo) che l'utente invia al nostro sito web, per qualsiasi scopo. L'utente ci concede una licenza mondiale, irrevocabile, non esclusiva ed esente da royalty per l'utilizzo, la riproduzione, l'adattamento, la pubblicazione, la traduzione e la distribuzione del suo contenuto utente in qualsiasi mezzo di comunicazione esistente o futuro. L'utente ci concede inoltre il diritto di concedere in sublicenza tali diritti e il diritto di intentare un'azione legale per violazione di tali diritti.<\/p><h3>7. Collegamento ipertestuale ai nostri contenuti<\/h3><p>Le seguenti organizzazioni possono collegarsi al nostro sito web senza previa approvazione scritta:<br \/>- Agenzie governative;<br \/>- Motori di ricerca;<br \/>- Organizzazioni giornalistiche;<br \/>- I distributori di elenchi online possono collegarsi al nostro sito web nello stesso modo in cui si collegano ai siti web di altre aziende elencate; e<br \/>- Le aziende accreditate a livello di sistema, ad eccezione delle organizzazioni no-profit, dei centri commerciali di beneficenza e dei gruppi di raccolta fondi di beneficenza che non possono collegarsi al nostro sito web.<\/p><p>Queste organizzazioni possono inserire un link alla nostra home page, alle pubblicazioni o ad altre informazioni del sito web, a condizione che il link: (a) non sia in alcun modo ingannevole; (b) non implichi falsamente la sponsorizzazione, l'avallo o l'approvazione del linkante e dei suoi prodotti e\/o servizi; e (c) si inserisca nel contesto del sito del linkante.<\/p><p>Possiamo prendere in considerazione e approvare altre richieste di link da parte dei seguenti tipi di organizzazioni:<br \/>- Fonti di informazione comunemente conosciute dai consumatori e\/o dalle aziende;<br \/>- Siti di comunit\u00e0 dot.com;<br \/>- Associazioni o altri gruppi che rappresentano enti di beneficenza;<br \/>- Distributori di elenchi online;<br \/>- Portali Internet;<br \/>- Societ\u00e0 di contabilit\u00e0, di diritto e di consulenza; e<br \/>- Istituzioni educative e associazioni di categoria.<\/p><p>Approveremo le richieste di link da parte di queste organizzazioni se decideremo che: (a) il link non ci faccia apparire sfavorevoli a noi stessi o alle nostre aziende accreditate; (b) l'organizzazione non abbia precedenti negativi con noi; (c) il beneficio per noi derivante dalla visibilit\u00e0 del collegamento ipertestuale compensi l'assenza di L&amp;Q ARMY; e (d) il link sia nel contesto di informazioni generali sulle risorse.<\/p><p>Queste organizzazioni possono collegarsi alla nostra home page a condizione che il link: (a) non sia in alcun modo ingannevole; (b) non implichi falsamente la sponsorizzazione, l'avallo o l'approvazione del linkante e dei suoi prodotti o servizi; e (c) si inserisca nel contesto del sito del linkante.<\/p><p>Se siete una delle organizzazioni elencate nel precedente paragrafo 2 e siete interessati a collegarvi al nostro sito web, dovete informarci inviando un'e-mail a L&amp;Q ARMY. Includete il vostro nome, il nome della vostra organizzazione, le informazioni di contatto e l'URL del vostro sito, un elenco di tutti gli URL da cui intendete collegarvi al nostro sito web e un elenco degli URL del nostro sito a cui vorreste collegarvi. Attendere 2-3 settimane per una risposta.<\/p><p>Le organizzazioni autorizzate possono collegarsi al nostro sito web come segue:<br \/>- Utilizzando la nostra ragione sociale; o<br \/>- Tramite l'uso del localizzatore uniforme di risorse a cui si \u00e8 collegati; oppure<br \/>- Utilizzando qualsiasi altra descrizione del nostro sito web a cui si \u00e8 collegati che abbia senso nel contesto e nel formato del contenuto del sito della parte collegata.<\/p><p>Non sar\u00e0 consentito l'uso del logo o di altre opere d'arte di L&amp;Q ARMY per il collegamento senza un accordo di licenza del marchio.<\/p><h3>8. Responsabilit\u00e0 per i contenuti<\/h3><p>Non saremo ritenuti responsabili di alcun contenuto che appaia sul vostro sito web. L'utente accetta di proteggerci e difenderci da tutte le richieste di risarcimento sollevate dal suo sito web. In nessun sito web devono comparire link che possano essere interpretati come diffamatori, osceni o criminali, o che infrangano, violino in altro modo o promuovano la violazione di diritti di terzi.<\/p><h3>9. Riserva di diritti<\/h3><p>Ci riserviamo il diritto di richiedere la rimozione di tutti i link o di un particolare link al nostro sito web. L'utente accetta di rimuovere immediatamente tutti i link al nostro sito web su richiesta. Ci riserviamo inoltre il diritto di modificare i presenti termini e condizioni e la politica di collegamento in qualsiasi momento. Collegandovi continuamente al nostro Sito web, accettate di essere vincolati e di seguire i presenti termini e condizioni di collegamento.<\/p><h3>10. Rimozione di link dal nostro sito web<\/h3><p>Se sul nostro Sito Web trovate un link offensivo per qualsiasi motivo, siete liberi di contattarci e informarci in qualsiasi momento. Prenderemo in considerazione le richieste di rimozione dei link, ma non siamo obbligati a farlo o a rispondere direttamente all'utente. Non garantiamo che le informazioni contenute in questo sito web siano corrette. Non ne garantiamo la completezza o l'accuratezza, n\u00e9 ci impegniamo a garantire che il sito web rimanga disponibile o che il materiale in esso contenuto sia aggiornato.<\/p><h2>11. Esclusione di responsabilit\u00e0<\/h2><p>Nella misura massima consentita dalla legge applicabile, escludiamo tutte le dichiarazioni, garanzie e condizioni relative al nostro sito web e all'uso di questo sito web. Nulla di quanto contenuto nella presente clausola di esclusione della responsabilit\u00e0:<br \/>- Limitare o escludere la nostra o la vostra responsabilit\u00e0 per morte o lesioni personali;<br \/>- Limitare o escludere la nostra o la vostra responsabilit\u00e0 per frode o falsa dichiarazione fraudolenta;<br \/>- limitare una qualsiasi delle nostre o vostre responsabilit\u00e0 in qualsiasi modo che non sia consentito dalla legge applicabile; oppure<br \/>- Escludere qualsiasi responsabilit\u00e0 nostra o vostra che non possa essere esclusa ai sensi della legge applicabile.<\/p><p>Le limitazioni e i divieti di responsabilit\u00e0 indicati in questa sezione e in altri punti della presente clausola di esclusione della responsabilit\u00e0: (a) sono soggetti al paragrafo precedente; e (b) disciplinano tutte le responsabilit\u00e0 derivanti dalla clausola di esclusione della responsabilit\u00e0, comprese le responsabilit\u00e0 derivanti da contratto, da illecito civile e da violazione di obblighi di legge.<\/p><p>Finch\u00e9 il sito web e le informazioni e i servizi presenti sul sito web sono forniti gratuitamente, non saremo responsabili di eventuali perdite o danni di qualsiasi natura.<\/p>\t\t\t\t\t\t\t\t<\/div>\n\t\t\t\t<\/div>\n\t\t\t\t\t<\/div>\n\t\t\t\t<\/div>\n\t\t<div class=\"elementor-element elementor-element-1aa4a921 e-con-full e-flex e-con e-parent\" data-id=\"1aa4a921\" data-element_type=\"container\" data-e-type=\"container\">\n\t\t<div class=\"elementor-element elementor-element-475459a8 e-con-full e-flex e-con e-child\" data-id=\"475459a8\" data-element_type=\"container\" data-e-type=\"container\">\n\t\t\t\t<div class=\"elementor-element elementor-element-2d325b8a elementor-widget elementor-widget-image\" data-id=\"2d325b8a\" data-element_type=\"widget\" data-e-type=\"widget\" data-widget_type=\"image.default\">\n\t\t\t\t<div class=\"elementor-widget-container\">\n\t\t\t\t\t\t\t\t\t\t\t\t\t\t\t<img loading=\"lazy\" decoding=\"async\" width=\"150\" height=\"150\" src=\"https:\/\/www.lqcompany.com\/wp-content\/uploads\/2024\/04\/lq_army_logo-1-150x150.png\" class=\"attachment-thumbnail size-thumbnail wp-image-1442\" alt=\"lq_army_logo\" srcset=\"https:\/\/www.lqcompany.com\/wp-content\/uploads\/2024\/04\/lq_army_logo-1-150x150.png 150w, https:\/\/www.lqcompany.com\/wp-content\/uploads\/2024\/04\/lq_army_logo-1-12x12.png 12w, https:\/\/www.lqcompany.com\/wp-content\/uploads\/2024\/04\/lq_army_logo-1.png 200w\" sizes=\"auto, (max-width: 150px) 100vw, 150px\" \/>\t\t\t\t\t\t\t\t\t\t\t\t\t\t\t<\/div>\n\t\t\t\t<\/div>\n\t\t\t\t<\/div>\n\t\t<div class=\"elementor-element elementor-element-7705a737 e-con-full e-flex e-con e-child\" data-id=\"7705a737\" data-element_type=\"container\" data-e-type=\"container\">\n\t\t\t\t<div class=\"elementor-element elementor-element-47b982c4 elementor-widget elementor-widget-heading\" data-id=\"47b982c4\" data-element_type=\"widget\" data-e-type=\"widget\" data-widget_type=\"heading.default\">\n\t\t\t\t<div class=\"elementor-widget-container\">\n\t\t\t\t\t<h2 class=\"elementor-heading-title elementor-size-default\">Scegliete il nome affidabile dell'attrezzatura tattica: L&amp;Q<\/h2>\t\t\t\t<\/div>\n\t\t\t\t<\/div>\n\t\t\t\t<div class=\"elementor-element elementor-element-5ef53ee5 elementor-widget elementor-widget-text-editor\" data-id=\"5ef53ee5\" data-element_type=\"widget\" data-e-type=\"widget\" data-widget_type=\"text-editor.default\">\n\t\t\t\t<div class=\"elementor-widget-container\">\n\t\t\t\t\t\t\t\t\t<p>Il vostro partner affidabile per soluzioni di qualit\u00e0 superiore<\/p>\t\t\t\t\t\t\t\t<\/div>\n\t\t\t\t<\/div>\n\t\t\t\t<\/div>\n\t\t<div class=\"elementor-element elementor-element-5297cf20 e-con-full e-flex e-con e-child\" data-id=\"5297cf20\" data-element_type=\"container\" data-e-type=\"container\">\n\t\t\t\t<div class=\"elementor-element elementor-element-6b7fe368 elementor-position-top elementor-widget elementor-widget-image-box\" data-id=\"6b7fe368\" data-element_type=\"widget\" data-e-type=\"widget\" data-widget_type=\"image-box.default\">\n\t\t\t\t<div class=\"elementor-widget-container\">\n\t\t\t\t\t<div class=\"elementor-image-box-wrapper\"><figure class=\"elementor-image-box-img\"><img loading=\"lazy\" decoding=\"async\" width=\"352\" height=\"185\" src=\"https:\/\/www.lqcompany.com\/wp-content\/uploads\/2024\/04\/u30186643243330800651fm253fmtautoapp138fJPEG.jpg\" class=\"attachment-full size-full wp-image-2373\" alt=\"\" srcset=\"https:\/\/www.lqcompany.com\/wp-content\/uploads\/2024\/04\/u30186643243330800651fm253fmtautoapp138fJPEG-300x158.jpg 300w, https:\/\/www.lqcompany.com\/wp-content\/uploads\/2024\/04\/u30186643243330800651fm253fmtautoapp138fJPEG-18x9.jpg 18w, https:\/\/www.lqcompany.com\/wp-content\/uploads\/2024\/04\/u30186643243330800651fm253fmtautoapp138fJPEG.jpg 352w\" sizes=\"auto, (max-width: 352px) 100vw, 352px\" \/><\/figure><div class=\"elementor-image-box-content\"><p class=\"elementor-image-box-title\">California(Uffici e magazzini)<\/p><p class=\"elementor-image-box-description\">1951 S Parco Ave Unit E Ontario CA 91761, USA<\/p><\/div><\/div>\t\t\t\t<\/div>\n\t\t\t\t<\/div>\n\t\t\t\t<div class=\"elementor-element elementor-element-1ea5ca4f elementor-widget elementor-widget-heading\" data-id=\"1ea5ca4f\" data-element_type=\"widget\" data-e-type=\"widget\" data-widget_type=\"heading.default\">\n\t\t\t\t<div class=\"elementor-widget-container\">\n\t\t\t\t\t<p class=\"elementor-heading-title elementor-size-default\">Texas(Uffici e magazzini)<\/p>\t\t\t\t<\/div>\n\t\t\t\t<\/div>\n\t\t\t\t<div class=\"elementor-element elementor-element-b87c48d elementor-widget elementor-widget-text-editor\" data-id=\"b87c48d\" data-element_type=\"widget\" data-e-type=\"widget\" data-widget_type=\"text-editor.default\">\n\t\t\t\t<div class=\"elementor-widget-container\">\n\t\t\t\t\t\t\t\t\t<p>4755 Alpine Drive, Suite 125, Stafford, TX77477, USA<\/p>\t\t\t\t\t\t\t\t<\/div>\n\t\t\t\t<\/div>\n\t\t\t\t<\/div>\n\t\t<div class=\"elementor-element elementor-element-24c13391 e-con-full e-flex e-con e-child\" data-id=\"24c13391\" data-element_type=\"container\" data-e-type=\"container\">\n\t\t\t\t<div class=\"elementor-element elementor-element-19c7e7ef elementor-position-top elementor-widget elementor-widget-image-box\" data-id=\"19c7e7ef\" data-element_type=\"widget\" data-e-type=\"widget\" data-widget_type=\"image-box.default\">\n\t\t\t\t<div class=\"elementor-widget-container\">\n\t\t\t\t\t<div class=\"elementor-image-box-wrapper\"><figure class=\"elementor-image-box-img\"><img loading=\"lazy\" decoding=\"async\" width=\"536\" height=\"357\" src=\"https:\/\/www.lqcompany.com\/wp-content\/uploads\/2024\/04\/d0c8a786c9177f3e67097eaf9c852cc79f3df8dcf874.png\" class=\"attachment-full size-full wp-image-2374\" alt=\"\" srcset=\"https:\/\/www.lqcompany.com\/wp-content\/uploads\/2024\/04\/d0c8a786c9177f3e67097eaf9c852cc79f3df8dcf874-300x200.png 300w, https:\/\/www.lqcompany.com\/wp-content\/uploads\/2024\/04\/d0c8a786c9177f3e67097eaf9c852cc79f3df8dcf874-18x12.png 18w, https:\/\/www.lqcompany.com\/wp-content\/uploads\/2024\/04\/d0c8a786c9177f3e67097eaf9c852cc79f3df8dcf874.png 536w\" sizes=\"auto, (max-width: 536px) 100vw, 536px\" \/><\/figure><div class=\"elementor-image-box-content\"><p class=\"elementor-image-box-title\">Cina (officina e ufficio)<\/p><p class=\"elementor-image-box-description\">No.368, HaoXin Building, ChongHong Street, citt\u00e0 di Quanzhou, provincia del Fujian<\/p><\/div><\/div>\t\t\t\t<\/div>\n\t\t\t\t<\/div>\n\t\t\t\t<div class=\"elementor-element elementor-element-493cb81 elementor-widget elementor-widget-heading\" data-id=\"493cb81\" data-element_type=\"widget\" data-e-type=\"widget\" data-widget_type=\"heading.default\">\n\t\t\t\t<div class=\"elementor-widget-container\">\n\t\t\t\t\t<p class=\"elementor-heading-title elementor-size-default\">Vietnam (ufficio e laboratorio)<\/p>\t\t\t\t<\/div>\n\t\t\t\t<\/div>\n\t\t\t\t<div class=\"elementor-element elementor-element-48bf693 elementor-widget elementor-widget-text-editor\" data-id=\"48bf693\" data-element_type=\"widget\" data-e-type=\"widget\" data-widget_type=\"text-editor.default\">\n\t\t\t\t<div class=\"elementor-widget-container\">\n\t\t\t\t\t\t\t\t\t<p>Prossimamente<\/p>\t\t\t\t\t\t\t\t<\/div>\n\t\t\t\t<\/div>\n\t\t\t\t<\/div>\n\t\t<div class=\"elementor-element elementor-element-8b326f2 e-con-full e-flex e-con e-child\" data-id=\"8b326f2\" data-element_type=\"container\" data-e-type=\"container\">\n\t\t\t\t<div class=\"elementor-element elementor-element-2893ee6f elementor-widget elementor-widget-heading\" data-id=\"2893ee6f\" data-element_type=\"widget\" data-e-type=\"widget\" data-widget_type=\"heading.default\">\n\t\t\t\t<div class=\"elementor-widget-container\">\n\t\t\t\t\t<h2 class=\"elementor-heading-title elementor-size-default\">Vendite e preventivi<\/h2>\t\t\t\t<\/div>\n\t\t\t\t<\/div>\n\t\t\t\t<div class=\"elementor-element elementor-element-2f836a71 elementor-widget elementor-widget-text-editor\" data-id=\"2f836a71\" data-element_type=\"widget\" data-e-type=\"widget\" data-widget_type=\"text-editor.default\">\n\t\t\t\t<div class=\"elementor-widget-container\">\n\t\t\t\t\t\t\t\t\t<p><a href=\"mailto:xixi@aetgear.com\">xixi@aetgear.com<\/a><\/p>\t\t\t\t\t\t\t\t<\/div>\n\t\t\t\t<\/div>\n\t\t\t\t<div class=\"elementor-element elementor-element-7176a130 elementor-widget elementor-widget-heading\" data-id=\"7176a130\" data-element_type=\"widget\" data-e-type=\"widget\" data-widget_type=\"heading.default\">\n\t\t\t\t<div class=\"elementor-widget-container\">\n\t\t\t\t\t<h2 class=\"elementor-heading-title elementor-size-default\">Richieste generali<\/h2>\t\t\t\t<\/div>\n\t\t\t\t<\/div>\n\t\t\t\t<div class=\"elementor-element elementor-element-6d0e9953 elementor-widget elementor-widget-text-editor\" data-id=\"6d0e9953\" data-element_type=\"widget\" data-e-type=\"widget\" data-widget_type=\"text-editor.default\">\n\t\t\t\t<div class=\"elementor-widget-container\">\n\t\t\t\t\t\t\t\t\t<p><a href=\"mailto:sisii@lqcompany.com\" rel=\"nofollow\">sisii@lqcompany.com<\/a><\/p>\t\t\t\t\t\t\t\t<\/div>\n\t\t\t\t<\/div>\n\t\t\t\t<div class=\"elementor-element elementor-element-741847d5 elementor-widget elementor-widget-heading\" data-id=\"741847d5\" data-element_type=\"widget\" data-e-type=\"widget\" data-widget_type=\"heading.default\">\n\t\t\t\t<div class=\"elementor-widget-container\">\n\t\t\t\t\t<h2 class=\"elementor-heading-title elementor-size-default\">Reclami e suggerimenti<\/h2>\t\t\t\t<\/div>\n\t\t\t\t<\/div>\n\t\t\t\t<div class=\"elementor-element elementor-element-741db32f elementor-widget elementor-widget-text-editor\" data-id=\"741db32f\" data-element_type=\"widget\" data-e-type=\"widget\" data-widget_type=\"text-editor.default\">\n\t\t\t\t<div class=\"elementor-widget-container\">\n\t\t\t\t\t\t\t\t\t<p><a href=\"mailto:info@aetgear.com\">info@aetgear.com<\/a><\/p>\t\t\t\t\t\t\t\t<\/div>\n\t\t\t\t<\/div>\n\t\t\t\t<\/div>\n\t\t\t\t<\/div>\n\t\t\t\t<\/div>","protected":false},"excerpt":{"rendered":"<p>Terms &#038; Conditions Welcome to L&amp;Q ARMY&#8217;s website\uff08www.lqompany.com\uff09. By accessing or using this website, you agree to comply with and be bound by the following terms and conditions. Please read them carefully before using our site. 1. Introduction These terms and conditions outline the rules and regulations for the use of L&amp;Q ARMY&#8217;s Website. By [&hellip;]<\/p>\n","protected":false},"author":1,"featured_media":0,"parent":0,"menu_order":0,"comment_status":"closed","ping_status":"open","template":"","meta":{"_acf_changed":false,"footnotes":""},"class_list":["post-3736","page","type-page","status-publish","hentry"],"blocksy_meta":[],"acf":[],"_links":{"self":[{"href":"https:\/\/www.lqcompany.com\/it\/wp-json\/wp\/v2\/pages\/3736","targetHints":{"allow":["GET"]}}],"collection":[{"href":"https:\/\/www.lqcompany.com\/it\/wp-json\/wp\/v2\/pages"}],"about":[{"href":"https:\/\/www.lqcompany.com\/it\/wp-json\/wp\/v2\/types\/page"}],"author":[{"embeddable":true,"href":"https:\/\/www.lqcompany.com\/it\/wp-json\/wp\/v2\/users\/1"}],"replies":[{"embeddable":true,"href":"https:\/\/www.lqcompany.com\/it\/wp-json\/wp\/v2\/comments?post=3736"}],"version-history":[{"count":0,"href":"https:\/\/www.lqcompany.com\/it\/wp-json\/wp\/v2\/pages\/3736\/revisions"}],"wp:attachment":[{"href":"https:\/\/www.lqcompany.com\/it\/wp-json\/wp\/v2\/media?parent=3736"}],"curies":[{"name":"wp","href":"https:\/\/api.w.org\/{rel}","templated":true}]}}