{"id":967,"date":"2022-08-31T07:14:53","date_gmt":"2022-08-31T07:14:53","guid":{"rendered":"https:\/\/demo.creativethemes.com\/elementor\/charity\/?page_id=967"},"modified":"2025-07-03T08:29:57","modified_gmt":"2025-07-03T08:29:57","slug":"portfolio","status":"publish","type":"page","link":"https:\/\/www.lqcompany.com\/fr\/portfolio\/","title":{"rendered":"Portefeuille"},"content":{"rendered":"<div data-elementor-type=\"wp-page\" data-elementor-id=\"967\" class=\"elementor elementor-967\" data-elementor-settings=\"{&quot;ha_cmc_init_switcher&quot;:&quot;no&quot;}\" data-elementor-post-type=\"page\">\n\t\t\t\t\t\t<section class=\"elementor-section elementor-top-section elementor-element elementor-element-2122f9d9 elementor-section-height-min-height elementor-section-boxed elementor-section-height-default elementor-section-items-middle\" data-id=\"2122f9d9\" data-element_type=\"section\" data-e-type=\"section\" data-settings=\"{&quot;background_background&quot;:&quot;classic&quot;}\">\n\t\t\t\t\t\t\t<div class=\"elementor-background-overlay\"><\/div>\n\t\t\t\t\t\t\t<div class=\"elementor-container elementor-column-gap-default\">\n\t\t\t\t\t<div class=\"elementor-column elementor-col-50 elementor-top-column elementor-element elementor-element-120d904a\" data-id=\"120d904a\" data-element_type=\"column\" data-e-type=\"column\" data-settings=\"{&quot;background_background&quot;:&quot;classic&quot;}\">\n\t\t\t<div class=\"elementor-widget-wrap elementor-element-populated\">\n\t\t\t\t\t\t<div class=\"elementor-element elementor-element-52740acb elementor-widget elementor-widget-heading\" data-id=\"52740acb\" data-element_type=\"widget\" data-e-type=\"widget\" data-widget_type=\"heading.default\">\n\t\t\t\t<div class=\"elementor-widget-container\">\n\t\t\t\t\t<h1 class=\"elementor-heading-title elementor-size-default\">Portefeuille d'\u00e9quipements tactiques<\/h1>\t\t\t\t<\/div>\n\t\t\t\t<\/div>\n\t\t\t\t<div class=\"elementor-element elementor-element-2a6f8cba elementor-mobile-align-left elementor-widget elementor-widget-button\" data-id=\"2a6f8cba\" data-element_type=\"widget\" data-e-type=\"widget\" data-widget_type=\"button.default\">\n\t\t\t\t<div class=\"elementor-widget-container\">\n\t\t\t\t\t\t\t\t\t<div class=\"elementor-button-wrapper\">\n\t\t\t\t\t<a class=\"elementor-button elementor-button-link elementor-size-sm elementor-animation-grow\" href=\"#elementor-action%3Aaction%3Dpopup%3Aopen%26settings%3DeyJpZCI6IjM4MDIiLCJ0b2dnbGUiOmZhbHNlfQ%3D%3D\">\n\t\t\t\t\t\t<span class=\"elementor-button-content-wrapper\">\n\t\t\t\t\t\t\t\t\t<span class=\"elementor-button-text\">Inquire Now<\/span>\n\t\t\t\t\t<\/span>\n\t\t\t\t\t<\/a>\n\t\t\t\t<\/div>\n\t\t\t\t\t\t\t\t<\/div>\n\t\t\t\t<\/div>\n\t\t\t\t\t<\/div>\n\t\t<\/div>\n\t\t\t\t<div class=\"elementor-column elementor-col-50 elementor-top-column elementor-element elementor-element-7100a45e\" data-id=\"7100a45e\" data-element_type=\"column\" data-e-type=\"column\">\n\t\t\t<div class=\"elementor-widget-wrap elementor-element-populated\">\n\t\t\t\t\t\t<div class=\"elementor-element elementor-element-6432668c elementor-widget elementor-widget-text-editor\" data-id=\"6432668c\" data-element_type=\"widget\" data-e-type=\"widget\" data-widget_type=\"text-editor.default\">\n\t\t\t\t<div class=\"elementor-widget-container\">\n\t\t\t\t\t\t\t\t\t<p><a href=\"https:\/\/lqcompany.com\/\" target=\"_blank\" rel=\"noopener\">Accueil<\/a> &gt; Ressources &gt; Portefeuille<\/p>\t\t\t\t\t\t\t\t<\/div>\n\t\t\t\t<\/div>\n\t\t\t\t\t<\/div>\n\t\t<\/div>\n\t\t\t\t\t<\/div>\n\t\t<\/section>\n\t\t<div class=\"elementor-element elementor-element-a73e5f7 e-flex e-con-boxed e-con e-parent\" data-id=\"a73e5f7\" data-element_type=\"container\" data-e-type=\"container\">\n\t\t\t\t\t<div class=\"e-con-inner\">\n\t\t<div class=\"elementor-element elementor-element-7b8ed7e e-con-full e-flex e-con e-child\" data-id=\"7b8ed7e\" data-element_type=\"container\" data-e-type=\"container\">\n\t\t\t\t<div class=\"elementor-element elementor-element-73d9737 ha-pre--top elementor-widget elementor-widget-ha-hover-box happy-addon ha-hover-box happy-addon-pro\" data-id=\"73d9737\" data-element_type=\"widget\" data-e-type=\"widget\" data-widget_type=\"ha-hover-box.default\">\n\t\t\t\t<div class=\"elementor-widget-container\">\n\t\t\t\t\t\n                    <a class=\"ha-flip-btn\" href=\"https:\/\/www.lqcompany.com\/fr\/tactical-backpack\/30l-molle-army-assault-backpack\/\">\n        \n            <div class=\"ha-hover-box-main\">\n                <div class=\"ha-hover-box-wrapper reverse\">\n                    <div class=\"ha-hover-box-content\">\n\n                        \n                        <div>\n                            <p class=\"ha-hover-title\">Sac \u00e0 dos d'assaut MOLLE pour l'arm\u00e9e<\/p>\n                                                            <p class=\"ha-hover-description\">\n                                    parfait pour les forces de l'ordre et les amateurs d'activit\u00e9s de plein air. Le sac comporte quatre compartiments extensibles qui offrent jusqu'\u00e0 30 litres de rangement.                                <\/p>\n                                                    <\/div>\n                    <\/div>\n                <\/div>\n            <\/div>\n                   <\/a>\n        \n        \t\t\t\t<\/div>\n\t\t\t\t<\/div>\n\t\t<div class=\"elementor-element elementor-element-c61415b e-grid e-con-boxed e-con e-child\" data-id=\"c61415b\" data-element_type=\"container\" data-e-type=\"container\">\n\t\t\t\t\t<div class=\"e-con-inner\">\n\t\t\t\t<div class=\"elementor-element elementor-element-36804ff ha-pre--top elementor-widget elementor-widget-ha-hover-box happy-addon ha-hover-box happy-addon-pro\" data-id=\"36804ff\" data-element_type=\"widget\" data-e-type=\"widget\" data-widget_type=\"ha-hover-box.default\">\n\t\t\t\t<div class=\"elementor-widget-container\">\n\t\t\t\t\t\n        \n            <div class=\"ha-hover-box-main\">\n                <div class=\"ha-hover-box-wrapper reverse\">\n                    <div class=\"ha-hover-box-content\">\n\n                        \n                        <div>\n                            <h4 class=\"ha-hover-title\">Sacoche militaire<\/h4>\n                                                    <\/div>\n                    <\/div>\n                <\/div>\n            <\/div>\n        \n        \t\t\t\t<\/div>\n\t\t\t\t<\/div>\n\t\t\t\t<div class=\"elementor-element elementor-element-bb97f16 ha-pre--top elementor-widget elementor-widget-ha-hover-box happy-addon ha-hover-box happy-addon-pro\" data-id=\"bb97f16\" data-element_type=\"widget\" data-e-type=\"widget\" data-widget_type=\"ha-hover-box.default\">\n\t\t\t\t<div class=\"elementor-widget-container\">\n\t\t\t\t\t\n        \n            <div class=\"ha-hover-box-main\">\n                <div class=\"ha-hover-box-wrapper reverse\">\n                    <div class=\"ha-hover-box-content\">\n\n                        \n                        <div>\n                            <h4 class=\"ha-hover-title\">Sac \u00e0 dos \u00e0 armature interne<\/h4>\n                                                            <p class=\"ha-hover-description\">\n                                    Fabriqu\u00e9 en tissu Oxford 900D r\u00e9sistant, il offre de nombreux rangements, des sangles r\u00e9glables et un cadre m\u00e9tallique renforc\u00e9 pour une excellente r\u00e9partition du poids.                                 <\/p>\n                                                    <\/div>\n                    <\/div>\n                <\/div>\n            <\/div>\n        \n        \t\t\t\t<\/div>\n\t\t\t\t<\/div>\n\t\t\t\t\t<\/div>\n\t\t\t\t<\/div>\n\t\t<div class=\"elementor-element elementor-element-8a23173 e-flex e-con-boxed e-con e-child\" data-id=\"8a23173\" data-element_type=\"container\" data-e-type=\"container\">\n\t\t\t\t\t<div class=\"e-con-inner\">\n\t\t\t\t<div class=\"elementor-element elementor-element-82e3c0e ha-pre--top elementor-widget elementor-widget-ha-hover-box happy-addon ha-hover-box happy-addon-pro\" data-id=\"82e3c0e\" data-element_type=\"widget\" data-e-type=\"widget\" data-widget_type=\"ha-hover-box.default\">\n\t\t\t\t<div class=\"elementor-widget-container\">\n\t\t\t\t\t\n                    <a class=\"ha-flip-btn\" href=\"https:\/\/www.lqcompany.com\/fr\/modular-pouches\/triple-pistol-mag-pouch-molle\/\">\n        \n            <div class=\"ha-hover-box-main\">\n                <div class=\"ha-hover-box-wrapper reverse\">\n                    <div class=\"ha-hover-box-content\">\n\n                        \n                        <div>\n                            <h4 class=\"ha-hover-title\">Pochette \u00e0 pistolet triple Molle<\/h4>\n                                                    <\/div>\n                    <\/div>\n                <\/div>\n            <\/div>\n                   <\/a>\n        \n        \t\t\t\t<\/div>\n\t\t\t\t<\/div>\n\t\t\t\t\t<\/div>\n\t\t\t\t<\/div>\n\t\t\t\t<\/div>\n\t\t<div class=\"elementor-element elementor-element-741c0a2 e-con-full e-flex e-con e-child\" data-id=\"741c0a2\" data-element_type=\"container\" data-e-type=\"container\">\n\t\t<div class=\"elementor-element elementor-element-480882f e-grid e-con-boxed e-con e-child\" data-id=\"480882f\" data-element_type=\"container\" data-e-type=\"container\">\n\t\t\t\t\t<div class=\"e-con-inner\">\n\t\t\t\t<div class=\"elementor-element elementor-element-bc05d96 ha-pre--top elementor-widget elementor-widget-ha-hover-box happy-addon ha-hover-box happy-addon-pro\" data-id=\"bc05d96\" data-element_type=\"widget\" data-e-type=\"widget\" data-widget_type=\"ha-hover-box.default\">\n\t\t\t\t<div class=\"elementor-widget-container\">\n\t\t\t\t\t\n                    <a class=\"ha-flip-btn\" href=\"https:\/\/www.lqcompany.com\/tactical-backpack\/tactical-sling-backpack\/\">\n        \n            <div class=\"ha-hover-box-main\">\n                <div class=\"ha-hover-box-wrapper reverse\">\n                    <div class=\"ha-hover-box-content\">\n\n                        \n                        <div>\n                            <p class=\"ha-hover-title\">Sac \u00e0 dos tactique<\/p>\n                                                            <p class=\"ha-hover-description\">\n                                    Ce sac \u00e0 dos tactique en bandouli\u00e8re est fabriqu\u00e9 en polyester 600D durable, ce qui le rend l\u00e9ger, spacieux et r\u00e9sistant \u00e0 l'eau.                                <\/p>\n                                                    <\/div>\n                    <\/div>\n                <\/div>\n            <\/div>\n                   <\/a>\n        \n        \t\t\t\t<\/div>\n\t\t\t\t<\/div>\n\t\t\t\t<div class=\"elementor-element elementor-element-f45027e ha-pre--top elementor-widget elementor-widget-ha-hover-box happy-addon ha-hover-box happy-addon-pro\" data-id=\"f45027e\" data-element_type=\"widget\" data-e-type=\"widget\" data-widget_type=\"ha-hover-box.default\">\n\t\t\t\t<div class=\"elementor-widget-container\">\n\t\t\t\t\t\n        \n            <div class=\"ha-hover-box-main\">\n                <div class=\"ha-hover-box-wrapper reverse\">\n                    <div class=\"ha-hover-box-content\">\n\n                        \n                        <div>\n                            <h4 class=\"ha-hover-title\">Sacoche tactique EDC<\/h4>\n                                                            <p class=\"ha-hover-description\">\n                                    Ce sac tactique EDC en bandouli\u00e8re est con\u00e7u pour ceux qui ont besoin d'un acc\u00e8s rapide \u00e0 des articles essentiels lors de leurs d\u00e9placements.                                <\/p>\n                                                    <\/div>\n                    <\/div>\n                <\/div>\n            <\/div>\n        \n        \t\t\t\t<\/div>\n\t\t\t\t<\/div>\n\t\t\t\t\t<\/div>\n\t\t\t\t<\/div>\n\t\t\t\t<div class=\"elementor-element elementor-element-e3cff3a ha-pre--top elementor-widget elementor-widget-ha-hover-box happy-addon ha-hover-box happy-addon-pro\" data-id=\"e3cff3a\" data-element_type=\"widget\" data-e-type=\"widget\" data-widget_type=\"ha-hover-box.default\">\n\t\t\t\t<div class=\"elementor-widget-container\">\n\t\t\t\t\t\n                    <a class=\"ha-flip-btn\" href=\"https:\/\/www.lqcompany.com\/fr\/tactical-backpack\/tactical-laptop-backpack\/\">\n        \n            <div class=\"ha-hover-box-main\">\n                <div class=\"ha-hover-box-wrapper reverse\">\n                    <div class=\"ha-hover-box-content\">\n\n                        \n                        <div>\n                            <h4 class=\"ha-hover-title\">Sac \u00e0 dos tactique pour ordinateur portable<\/h4>\n                                                            <p class=\"ha-hover-description\">\n                                    Id\u00e9al pour les navetteurs urbains, les amateurs d'activit\u00e9s de plein air et tous ceux qui ont besoin d'un moyen de transport fiable au quotidien, ce sac \u00e0 dos peut accueillir confortablement un ordinateur portable et d'autres objets essentiels.                                <\/p>\n                                                    <\/div>\n                    <\/div>\n                <\/div>\n            <\/div>\n                   <\/a>\n        \n        \t\t\t\t<\/div>\n\t\t\t\t<\/div>\n\t\t\t\t<div class=\"elementor-element elementor-element-69b887b ha-pre--top elementor-widget elementor-widget-ha-hover-box happy-addon ha-hover-box happy-addon-pro\" data-id=\"69b887b\" data-element_type=\"widget\" data-e-type=\"widget\" data-widget_type=\"ha-hover-box.default\">\n\t\t\t\t<div class=\"elementor-widget-container\">\n\t\t\t\t\t\n        \n            <div class=\"ha-hover-box-main\">\n                <div class=\"ha-hover-box-wrapper reverse\">\n                    <div class=\"ha-hover-box-content\">\n\n                        \n                        <div>\n                            <h4 class=\"ha-hover-title\">Porte-plaques pour gilets militaires<\/h4>\n                                                    <\/div>\n                    <\/div>\n                <\/div>\n            <\/div>\n        \n        \t\t\t\t<\/div>\n\t\t\t\t<\/div>\n\t\t\t\t<\/div>\n\t\t\t\t\t<\/div>\n\t\t\t\t<\/div>\n\t\t<div class=\"elementor-element elementor-element-e25c185 e-flex e-con-boxed e-con e-parent\" data-id=\"e25c185\" data-element_type=\"container\" data-e-type=\"container\">\n\t\t\t\t\t<div class=\"e-con-inner\">\n\t\t<div class=\"elementor-element elementor-element-312dc6c e-con-full e-flex e-con e-child\" data-id=\"312dc6c\" data-element_type=\"container\" data-e-type=\"container\">\n\t\t<div class=\"elementor-element elementor-element-ffa3f0e e-grid e-con-boxed e-con e-child\" data-id=\"ffa3f0e\" data-element_type=\"container\" data-e-type=\"container\">\n\t\t\t\t\t<div class=\"e-con-inner\">\n\t\t\t\t<div class=\"elementor-element elementor-element-50f2253 ha-pre--top elementor-widget elementor-widget-ha-hover-box happy-addon ha-hover-box happy-addon-pro\" data-id=\"50f2253\" data-element_type=\"widget\" data-e-type=\"widget\" data-widget_type=\"ha-hover-box.default\">\n\t\t\t\t<div class=\"elementor-widget-container\">\n\t\t\t\t\t\n                    <a class=\"ha-flip-btn\" href=\"https:\/\/www.lqcompany.com\/fr\/tactical-vest\/plate-carrier-for-airsoft\/\">\n        \n            <div class=\"ha-hover-box-main\">\n                <div class=\"ha-hover-box-wrapper reverse\">\n                    <div class=\"ha-hover-box-content\">\n\n                        \n                        <div>\n                            <h4 class=\"ha-hover-title\">Porte-plaque pour Airsoft<\/h4>\n                                                            <p class=\"ha-hover-description\">\n                                    Ce porte-plaque pour airsoft est \u00e9quip\u00e9 de plusieurs poches modulaires, offrant un acc\u00e8s rapide aux chargeurs et \u00e0 l'\u00e9quipement essentiel lors des escarmouches d'airsoft.                                <\/p>\n                                                    <\/div>\n                    <\/div>\n                <\/div>\n            <\/div>\n                   <\/a>\n        \n        \t\t\t\t<\/div>\n\t\t\t\t<\/div>\n\t\t\t\t<div class=\"elementor-element elementor-element-e5eba49 ha-pre--top elementor-widget elementor-widget-ha-hover-box happy-addon ha-hover-box happy-addon-pro\" data-id=\"e5eba49\" data-element_type=\"widget\" data-e-type=\"widget\" data-widget_type=\"ha-hover-box.default\">\n\t\t\t\t<div class=\"elementor-widget-container\">\n\t\t\t\t\t\n                    <a class=\"ha-flip-btn\" href=\"https:\/\/www.lqcompany.com\/fr\/tactical-vest\/load-bearing-chest-rig\/\">\n        \n            <div class=\"ha-hover-box-main\">\n                <div class=\"ha-hover-box-wrapper reverse\">\n                    <div class=\"ha-hover-box-content\">\n\n                        \n                        <div>\n                            <h4 class=\"ha-hover-title\">Appareil thoracique avec support de charge<\/h4>\n                                                            <p class=\"ha-hover-description\">\n                                    Cette ceinture thoracique porteuse est une solution tactique tr\u00e8s fonctionnelle et robuste, con\u00e7ue pour une organisation et une mobilit\u00e9 maximales de l'\u00e9quipement dans des environnements exigeants.                                <\/p>\n                                                    <\/div>\n                    <\/div>\n                <\/div>\n            <\/div>\n                   <\/a>\n        \n        \t\t\t\t<\/div>\n\t\t\t\t<\/div>\n\t\t\t\t\t<\/div>\n\t\t\t\t<\/div>\n\t\t\t\t<div class=\"elementor-element elementor-element-be353a1 ha-pre--top elementor-widget elementor-widget-ha-hover-box happy-addon ha-hover-box happy-addon-pro\" data-id=\"be353a1\" data-element_type=\"widget\" data-e-type=\"widget\" data-widget_type=\"ha-hover-box.default\">\n\t\t\t\t<div class=\"elementor-widget-container\">\n\t\t\t\t\t\n                    <a class=\"ha-flip-btn\" href=\"https:\/\/www.lqcompany.com\/fr\/tactical-backpack\/80l-large-military-rucksack-with-frame\/\">\n        \n            <div class=\"ha-hover-box-main\">\n                <div class=\"ha-hover-box-wrapper reverse\">\n                    <div class=\"ha-hover-box-content\">\n\n                        \n                        <div>\n                            <h4 class=\"ha-hover-title\">Grand sac \u00e0 dos militaire avec cadre<\/h4>\n                                                            <p class=\"ha-hover-description\">\n                                    avec cadre interne comporte deux haubans en aluminium pour un meilleur soutien et une plus grande stabilit\u00e9.                                 <\/p>\n                                                    <\/div>\n                    <\/div>\n                <\/div>\n            <\/div>\n                   <\/a>\n        \n        \t\t\t\t<\/div>\n\t\t\t\t<\/div>\n\t\t\t\t<div class=\"elementor-element elementor-element-da77830 ha-pre--top elementor-widget elementor-widget-ha-hover-box happy-addon ha-hover-box happy-addon-pro\" data-id=\"da77830\" data-element_type=\"widget\" data-e-type=\"widget\" data-widget_type=\"ha-hover-box.default\">\n\t\t\t\t<div class=\"elementor-widget-container\">\n\t\t\t\t\t\n                    <a class=\"ha-flip-btn\" href=\"https:\/\/www.lqcompany.com\/fr\/tactical-vest\/military-grade-plate-carrier\/\">\n        \n            <div class=\"ha-hover-box-main\">\n                <div class=\"ha-hover-box-wrapper reverse\">\n                    <div class=\"ha-hover-box-content\">\n\n                        \n                        <div>\n                            <h4 class=\"ha-hover-title\">Porte-plaque de qualit\u00e9 militaire<\/h4>\n                                                    <\/div>\n                    <\/div>\n                <\/div>\n            <\/div>\n                   <\/a>\n        \n        \t\t\t\t<\/div>\n\t\t\t\t<\/div>\n\t\t\t\t<\/div>\n\t\t<div class=\"elementor-element elementor-element-af8987f e-con-full e-flex e-con e-child\" data-id=\"af8987f\" data-element_type=\"container\" data-e-type=\"container\">\n\t\t\t\t<div class=\"elementor-element elementor-element-46d0ae1 ha-pre--top elementor-widget elementor-widget-ha-hover-box happy-addon ha-hover-box happy-addon-pro\" data-id=\"46d0ae1\" data-element_type=\"widget\" data-e-type=\"widget\" data-widget_type=\"ha-hover-box.default\">\n\t\t\t\t<div class=\"elementor-widget-container\">\n\t\t\t\t\t\n                    <a class=\"ha-flip-btn\" href=\"https:\/\/www.lqcompany.com\/fr\/gun-bags\/double-rifle-bag\/\">\n        \n            <div class=\"ha-hover-box-main\">\n                <div class=\"ha-hover-box-wrapper reverse\">\n                    <div class=\"ha-hover-box-content\">\n\n                        \n                        <div>\n                            <h4 class=\"ha-hover-title\">Sac \u00e0 fusil double<\/h4>\n                                                            <p class=\"ha-hover-description\">\n                                    Les gaines de protection int\u00e9rieures prot\u00e8gent la crosse, \u00e9vitant ainsi tout dommage. L'ext\u00e9rieur est fabriqu\u00e9 en tissu Oxford 600D durable, ce qui lui permet de r\u00e9sister aux conditions difficiles, tandis que les boucles en plastique robustes et les fermetures \u00e0 glissi\u00e8re en paracorde assurent une fermeture s\u00fbre.                                <\/p>\n                                                    <\/div>\n                    <\/div>\n                <\/div>\n            <\/div>\n                   <\/a>\n        \n        \t\t\t\t<\/div>\n\t\t\t\t<\/div>\n\t\t<div class=\"elementor-element elementor-element-13cfabf e-grid e-con-boxed e-con e-child\" data-id=\"13cfabf\" data-element_type=\"container\" data-e-type=\"container\">\n\t\t\t\t\t<div class=\"e-con-inner\">\n\t\t\t\t<div class=\"elementor-element elementor-element-ba5321d ha-pre--top elementor-widget elementor-widget-ha-hover-box happy-addon ha-hover-box happy-addon-pro\" data-id=\"ba5321d\" data-element_type=\"widget\" data-e-type=\"widget\" data-widget_type=\"ha-hover-box.default\">\n\t\t\t\t<div class=\"elementor-widget-container\">\n\t\t\t\t\t\n        \n            <div class=\"ha-hover-box-main\">\n                <div class=\"ha-hover-box-wrapper\">\n                    <div class=\"ha-hover-box-content\">\n\n                        \n                        <div>\n                            \n                                                    <\/div>\n                    <\/div>\n                <\/div>\n            <\/div>\n        \n        \t\t\t\t<\/div>\n\t\t\t\t<\/div>\n\t\t\t\t<div class=\"elementor-element elementor-element-b21a703 ha-pre--top elementor-widget elementor-widget-ha-hover-box happy-addon ha-hover-box happy-addon-pro\" data-id=\"b21a703\" data-element_type=\"widget\" data-e-type=\"widget\" data-widget_type=\"ha-hover-box.default\">\n\t\t\t\t<div class=\"elementor-widget-container\">\n\t\t\t\t\t\n        \n            <div class=\"ha-hover-box-main\">\n                <div class=\"ha-hover-box-wrapper\">\n                    <div class=\"ha-hover-box-content\">\n\n                        \n                        <div>\n                            \n                                                    <\/div>\n                    <\/div>\n                <\/div>\n            <\/div>\n        \n        \t\t\t\t<\/div>\n\t\t\t\t<\/div>\n\t\t\t\t\t<\/div>\n\t\t\t\t<\/div>\n\t\t<div class=\"elementor-element elementor-element-e98cc3c e-flex e-con-boxed e-con e-child\" data-id=\"e98cc3c\" data-element_type=\"container\" data-e-type=\"container\">\n\t\t\t\t\t<div class=\"e-con-inner\">\n\t\t\t\t<div class=\"elementor-element elementor-element-bf0bffc ha-pre--top elementor-widget elementor-widget-ha-hover-box happy-addon ha-hover-box happy-addon-pro\" data-id=\"bf0bffc\" data-element_type=\"widget\" data-e-type=\"widget\" data-widget_type=\"ha-hover-box.default\">\n\t\t\t\t<div class=\"elementor-widget-container\">\n\t\t\t\t\t\n                    <a class=\"ha-flip-btn\" href=\"https:\/\/www.lqcompany.com\/tactical-vest\/quick-release-plate-carrier\/\">\n        \n            <div class=\"ha-hover-box-main\">\n                <div class=\"ha-hover-box-wrapper\">\n                    <div class=\"ha-hover-box-content\">\n\n                        \n                        <div>\n                            <h4 class=\"ha-hover-title\">Support de plaque \u00e0 d\u00e9gagement rapide<\/h4>\n                                                    <\/div>\n                    <\/div>\n                <\/div>\n            <\/div>\n                   <\/a>\n        \n        \t\t\t\t<\/div>\n\t\t\t\t<\/div>\n\t\t\t\t\t<\/div>\n\t\t\t\t<\/div>\n\t\t\t\t<\/div>\n\t\t\t\t\t<\/div>\n\t\t\t\t<\/div>\n\t\t\t\t<\/div>","protected":false},"excerpt":{"rendered":"<p>Tactical Gear Portfolio Inquire Now Home &gt; Resources &gt; Portfolio MOLLE Army Assault Backpack perfect for law enforcement and outdoor enthusiasts. The pack has four expanding compartments that provide up to 30 liters of storage. Military Sling Bag Internal Frame Backpack Made from tough 900D Oxford cloth, it features ample storage, adjustable straps, and a [&hellip;]<\/p>\n","protected":false},"author":1,"featured_media":0,"parent":0,"menu_order":0,"comment_status":"closed","ping_status":"closed","template":"elementor_header_footer","meta":{"_acf_changed":false,"footnotes":""},"class_list":["post-967","page","type-page","status-publish","hentry"],"blocksy_meta":{"styles_descriptor":{"styles":{"desktop":"","tablet":"","mobile":""},"google_fonts":[],"version":6}},"acf":[],"_links":{"self":[{"href":"https:\/\/www.lqcompany.com\/fr\/wp-json\/wp\/v2\/pages\/967","targetHints":{"allow":["GET"]}}],"collection":[{"href":"https:\/\/www.lqcompany.com\/fr\/wp-json\/wp\/v2\/pages"}],"about":[{"href":"https:\/\/www.lqcompany.com\/fr\/wp-json\/wp\/v2\/types\/page"}],"author":[{"embeddable":true,"href":"https:\/\/www.lqcompany.com\/fr\/wp-json\/wp\/v2\/users\/1"}],"replies":[{"embeddable":true,"href":"https:\/\/www.lqcompany.com\/fr\/wp-json\/wp\/v2\/comments?post=967"}],"version-history":[{"count":5,"href":"https:\/\/www.lqcompany.com\/fr\/wp-json\/wp\/v2\/pages\/967\/revisions"}],"predecessor-version":[{"id":12552,"href":"https:\/\/www.lqcompany.com\/fr\/wp-json\/wp\/v2\/pages\/967\/revisions\/12552"}],"wp:attachment":[{"href":"https:\/\/www.lqcompany.com\/fr\/wp-json\/wp\/v2\/media?parent=967"}],"curies":[{"name":"wp","href":"https:\/\/api.w.org\/{rel}","templated":true}]}}