{"id":8408,"date":"2024-10-22T07:26:32","date_gmt":"2024-10-22T07:26:32","guid":{"rendered":"http:\/\/www.lqcompany.com\/?page_id=8408"},"modified":"2024-10-22T07:48:59","modified_gmt":"2024-10-22T07:48:59","slug":"tactical-gear-solutions","status":"publish","type":"page","link":"https:\/\/www.lqcompany.com\/fr\/tactical-gear-solutions\/","title":{"rendered":"Solutions d'\u00e9quipement tactique"},"content":{"rendered":"<div data-elementor-type=\"wp-page\" data-elementor-id=\"8408\" class=\"elementor elementor-8408\" data-elementor-settings=\"{&quot;ha_cmc_init_switcher&quot;:&quot;no&quot;}\" data-elementor-post-type=\"page\">\n\t\t\t\t<div class=\"elementor-element elementor-element-81f9bae e-flex e-con-boxed e-con e-parent\" data-id=\"81f9bae\" data-element_type=\"container\" data-e-type=\"container\" data-settings=\"{&quot;background_background&quot;:&quot;classic&quot;}\">\n\t\t\t\t\t<div class=\"e-con-inner\">\n\t\t\t\t<div class=\"elementor-element elementor-element-992eb78 elementor-widget elementor-widget-heading\" data-id=\"992eb78\" data-element_type=\"widget\" data-e-type=\"widget\" data-widget_type=\"heading.default\">\n\t\t\t\t<div class=\"elementor-widget-container\">\n\t\t\t\t\t<h1 class=\"elementor-heading-title elementor-size-default\">Solutions d'\u00e9quipement tactique<\/h1>\t\t\t\t<\/div>\n\t\t\t\t<\/div>\n\t\t\t\t<div class=\"elementor-element elementor-element-57af609 elementor-widget elementor-widget-text-editor\" data-id=\"57af609\" data-element_type=\"widget\" data-e-type=\"widget\" data-widget_type=\"text-editor.default\">\n\t\t\t\t<div class=\"elementor-widget-container\">\n\t\t\t\t\t\t\t\t\t<p>Tactical Gear Solutions propose des \u00e9quipements tactiques de haute qualit\u00e9 pour les militaires, les forces de l'ordre et les amateurs d'activit\u00e9s de plein air.<\/p>\t\t\t\t\t\t\t\t<\/div>\n\t\t\t\t<\/div>\n\t\t\t\t<div class=\"elementor-element elementor-element-f380287 elementor-align-left elementor-widget elementor-widget-button\" data-id=\"f380287\" data-element_type=\"widget\" data-e-type=\"widget\" data-widget_type=\"button.default\">\n\t\t\t\t<div class=\"elementor-widget-container\">\n\t\t\t\t\t\t\t\t\t<div class=\"elementor-button-wrapper\">\n\t\t\t\t\t<a class=\"elementor-button elementor-button-link elementor-size-sm\" href=\"#elementor-action%3Aaction%3Dpopup%3Aopen%26settings%3DeyJpZCI6IjM4MDIiLCJ0b2dnbGUiOmZhbHNlfQ%3D%3D\">\n\t\t\t\t\t\t<span class=\"elementor-button-content-wrapper\">\n\t\t\t\t\t\t\t\t\t<span class=\"elementor-button-text\">Personnaliser maintenant<\/span>\n\t\t\t\t\t<\/span>\n\t\t\t\t\t<\/a>\n\t\t\t\t<\/div>\n\t\t\t\t\t\t\t\t<\/div>\n\t\t\t\t<\/div>\n\t\t\t\t\t<\/div>\n\t\t\t\t<\/div>\n\t\t<div class=\"elementor-element elementor-element-36c0b82 e-flex e-con-boxed e-con e-parent\" data-id=\"36c0b82\" data-element_type=\"container\" data-e-type=\"container\">\n\t\t\t\t\t<div class=\"e-con-inner\">\n\t\t\t\t<div class=\"elementor-element elementor-element-6fc360f elementor-widget elementor-widget-heading\" data-id=\"6fc360f\" data-element_type=\"widget\" data-e-type=\"widget\" data-widget_type=\"heading.default\">\n\t\t\t\t<div class=\"elementor-widget-container\">\n\t\t\t\t\t<h2 class=\"elementor-heading-title elementor-size-default\">Notre gamme de produits<\/h2>\t\t\t\t<\/div>\n\t\t\t\t<\/div>\n\t\t\t\t<div class=\"elementor-element elementor-element-c5c993b elementor-widget elementor-widget-text-editor\" data-id=\"c5c993b\" data-element_type=\"widget\" data-e-type=\"widget\" data-widget_type=\"text-editor.default\">\n\t\t\t\t<div class=\"elementor-widget-container\">\n\t\t\t\t\t\t\t\t\t<p>Chez Tactical Gear Solutions, nous comprenons que chaque utilisateur a des besoins uniques. C'est pourquoi nous proposons des options de personnalisation compl\u00e8tes, qui vous permettent d'adapter votre \u00e9quipement \u00e0 vos besoins sp\u00e9cifiques.<\/p>\t\t\t\t\t\t\t\t<\/div>\n\t\t\t\t<\/div>\n\t\t\t\t\t<\/div>\n\t\t\t\t<\/div>\n\t\t<div class=\"elementor-element elementor-element-8e8eff8 e-flex e-con-boxed e-con e-parent\" data-id=\"8e8eff8\" data-element_type=\"container\" data-e-type=\"container\" data-settings=\"{&quot;background_background&quot;:&quot;classic&quot;}\">\n\t\t\t\t\t<div class=\"e-con-inner\">\n\t\t<div class=\"elementor-element elementor-element-b52a0ba e-con-full e-flex e-con e-child\" data-id=\"b52a0ba\" data-element_type=\"container\" data-e-type=\"container\">\n\t\t\t\t<div class=\"elementor-element elementor-element-307210e elementor-widget elementor-widget-image\" data-id=\"307210e\" data-element_type=\"widget\" data-e-type=\"widget\" data-widget_type=\"image.default\">\n\t\t\t\t<div class=\"elementor-widget-container\">\n\t\t\t\t\t\t\t\t\t\t\t\t<figure class=\"wp-caption\">\n\t\t\t\t\t\t\t\t\t\t\t<a href=\"https:\/\/www.lqcompany.com\/tactical-backpack\/\">\n\t\t\t\t\t\t\t<img loading=\"lazy\" decoding=\"async\" width=\"800\" height=\"800\" src=\"https:\/\/www.lqcompany.com\/wp-content\/uploads\/2024\/09\/Hb2a747649c064468b584df1cbb304b93B.webp\" class=\"elementor-animation-shrink attachment-large size-large wp-image-6313\" alt=\"mini sac \u00e0 dos tactique camo\" srcset=\"https:\/\/www.lqcompany.com\/wp-content\/uploads\/2024\/09\/Hb2a747649c064468b584df1cbb304b93B-300x300.webp 300w, https:\/\/www.lqcompany.com\/wp-content\/uploads\/2024\/09\/Hb2a747649c064468b584df1cbb304b93B-150x150.webp 150w, https:\/\/www.lqcompany.com\/wp-content\/uploads\/2024\/09\/Hb2a747649c064468b584df1cbb304b93B-768x768.webp 768w, https:\/\/www.lqcompany.com\/wp-content\/uploads\/2024\/09\/Hb2a747649c064468b584df1cbb304b93B-12x12.webp 12w, https:\/\/www.lqcompany.com\/wp-content\/uploads\/2024\/09\/Hb2a747649c064468b584df1cbb304b93B.webp 800w\" sizes=\"auto, (max-width: 800px) 100vw, 800px\" \/>\t\t\t\t\t\t\t\t<\/a>\n\t\t\t\t\t\t\t\t\t\t\t<figcaption class=\"widget-image-caption wp-caption-text\">Sacs \u00e0 dos en gros de styles et d'utilisations vari\u00e9s<\/figcaption>\n\t\t\t\t\t\t\t\t\t\t<\/figure>\n\t\t\t\t\t\t\t\t\t<\/div>\n\t\t\t\t<\/div>\n\t\t\t\t<\/div>\n\t\t<div class=\"elementor-element elementor-element-cf0719c e-con-full e-flex e-con e-child\" data-id=\"cf0719c\" data-element_type=\"container\" data-e-type=\"container\">\n\t\t\t\t<div class=\"elementor-element elementor-element-d2ed82b elementor-widget elementor-widget-image\" data-id=\"d2ed82b\" data-element_type=\"widget\" data-e-type=\"widget\" data-widget_type=\"image.default\">\n\t\t\t\t<div class=\"elementor-widget-container\">\n\t\t\t\t\t\t\t\t\t\t\t\t<figure class=\"wp-caption\">\n\t\t\t\t\t\t\t\t\t\t\t<a href=\"https:\/\/www.lqcompany.com\/tactical-bag\/\">\n\t\t\t\t\t\t\t<img loading=\"lazy\" decoding=\"async\" width=\"800\" height=\"800\" src=\"https:\/\/www.lqcompany.com\/wp-content\/uploads\/2024\/10\/DM_20241009130731_001.webp\" class=\"elementor-animation-shrink attachment-large size-large wp-image-7610\" alt=\"grand sac de sport tactique\" srcset=\"https:\/\/www.lqcompany.com\/wp-content\/uploads\/2024\/10\/DM_20241009130731_001-300x300.webp 300w, https:\/\/www.lqcompany.com\/wp-content\/uploads\/2024\/10\/DM_20241009130731_001-150x150.webp 150w, https:\/\/www.lqcompany.com\/wp-content\/uploads\/2024\/10\/DM_20241009130731_001-768x768.webp 768w, https:\/\/www.lqcompany.com\/wp-content\/uploads\/2024\/10\/DM_20241009130731_001-12x12.webp 12w, https:\/\/www.lqcompany.com\/wp-content\/uploads\/2024\/10\/DM_20241009130731_001.webp 800w\" sizes=\"auto, (max-width: 800px) 100vw, 800px\" \/>\t\t\t\t\t\t\t\t<\/a>\n\t\t\t\t\t\t\t\t\t\t\t<figcaption class=\"widget-image-caption wp-caption-text\">Packs tactiques personnalis\u00e9s en stock<\/figcaption>\n\t\t\t\t\t\t\t\t\t\t<\/figure>\n\t\t\t\t\t\t\t\t\t<\/div>\n\t\t\t\t<\/div>\n\t\t\t\t<\/div>\n\t\t<div class=\"elementor-element elementor-element-421243c e-con-full e-flex e-con e-child\" data-id=\"421243c\" data-element_type=\"container\" data-e-type=\"container\">\n\t\t\t\t<div class=\"elementor-element elementor-element-6b8d3ce elementor-widget elementor-widget-image\" data-id=\"6b8d3ce\" data-element_type=\"widget\" data-e-type=\"widget\" data-widget_type=\"image.default\">\n\t\t\t\t<div class=\"elementor-widget-container\">\n\t\t\t\t\t\t\t\t\t\t\t\t<figure class=\"wp-caption\">\n\t\t\t\t\t\t\t\t\t\t\t<a href=\"https:\/\/www.lqcompany.com\/gun-bags\/\">\n\t\t\t\t\t\t\t<img loading=\"lazy\" decoding=\"async\" width=\"800\" height=\"800\" src=\"https:\/\/www.lqcompany.com\/wp-content\/uploads\/2024\/09\/HTB1YQdMbs_vK1Rjy0Fo760IxVXaa.png_64x64.webp\" class=\"elementor-animation-shrink attachment-large size-large wp-image-6833\" alt=\"sac \u00e0 dos pour armes \u00e0 feu\" srcset=\"https:\/\/www.lqcompany.com\/wp-content\/uploads\/2024\/09\/HTB1YQdMbs_vK1Rjy0Fo760IxVXaa.png_64x64-300x300.webp 300w, https:\/\/www.lqcompany.com\/wp-content\/uploads\/2024\/09\/HTB1YQdMbs_vK1Rjy0Fo760IxVXaa.png_64x64-150x150.webp 150w, https:\/\/www.lqcompany.com\/wp-content\/uploads\/2024\/09\/HTB1YQdMbs_vK1Rjy0Fo760IxVXaa.png_64x64-768x768.webp 768w, https:\/\/www.lqcompany.com\/wp-content\/uploads\/2024\/09\/HTB1YQdMbs_vK1Rjy0Fo760IxVXaa.png_64x64-12x12.webp 12w, https:\/\/www.lqcompany.com\/wp-content\/uploads\/2024\/09\/HTB1YQdMbs_vK1Rjy0Fo760IxVXaa.png_64x64.webp 800w\" sizes=\"auto, (max-width: 800px) 100vw, 800px\" \/>\t\t\t\t\t\t\t\t<\/a>\n\t\t\t\t\t\t\t\t\t\t\t<figcaption class=\"widget-image-caption wp-caption-text\">Sacoche d'armes tactique de haute qualit\u00e9<\/figcaption>\n\t\t\t\t\t\t\t\t\t\t<\/figure>\n\t\t\t\t\t\t\t\t\t<\/div>\n\t\t\t\t<\/div>\n\t\t\t\t<\/div>\n\t\t<div class=\"elementor-element elementor-element-37b6e6a e-con-full e-flex e-con e-child\" data-id=\"37b6e6a\" data-element_type=\"container\" data-e-type=\"container\">\n\t\t\t\t<div class=\"elementor-element elementor-element-bf0f460 elementor-widget elementor-widget-image\" data-id=\"bf0f460\" data-element_type=\"widget\" data-e-type=\"widget\" data-widget_type=\"image.default\">\n\t\t\t\t<div class=\"elementor-widget-container\">\n\t\t\t\t\t\t\t\t\t\t\t\t<figure class=\"wp-caption\">\n\t\t\t\t\t\t\t\t\t\t\t<a href=\"https:\/\/www.lqcompany.com\/modular-pouches\/\">\n\t\t\t\t\t\t\t<img loading=\"lazy\" decoding=\"async\" width=\"500\" height=\"500\" src=\"https:\/\/www.lqcompany.com\/wp-content\/uploads\/2024\/09\/\u4e3b\u56fe_004-17.webp\" class=\"elementor-animation-shrink attachment-large size-large wp-image-7504\" alt=\"pochette triple pour pistolet molle\" srcset=\"https:\/\/www.lqcompany.com\/wp-content\/uploads\/2024\/09\/\u4e3b\u56fe_004-17-300x300.webp 300w, https:\/\/www.lqcompany.com\/wp-content\/uploads\/2024\/09\/\u4e3b\u56fe_004-17-150x150.webp 150w, https:\/\/www.lqcompany.com\/wp-content\/uploads\/2024\/09\/\u4e3b\u56fe_004-17-12x12.webp 12w, https:\/\/www.lqcompany.com\/wp-content\/uploads\/2024\/09\/\u4e3b\u56fe_004-17.webp 500w\" sizes=\"auto, (max-width: 500px) 100vw, 500px\" \/>\t\t\t\t\t\t\t\t<\/a>\n\t\t\t\t\t\t\t\t\t\t\t<figcaption class=\"widget-image-caption wp-caption-text\">Vente directe d'usine de pochettes \u00e0 usages multiples<\/figcaption>\n\t\t\t\t\t\t\t\t\t\t<\/figure>\n\t\t\t\t\t\t\t\t\t<\/div>\n\t\t\t\t<\/div>\n\t\t\t\t<\/div>\n\t\t<div class=\"elementor-element elementor-element-e58f32c e-con-full e-flex e-con e-child\" data-id=\"e58f32c\" data-element_type=\"container\" data-e-type=\"container\">\n\t\t\t\t<div class=\"elementor-element elementor-element-8474718 elementor-widget elementor-widget-image\" data-id=\"8474718\" data-element_type=\"widget\" data-e-type=\"widget\" data-widget_type=\"image.default\">\n\t\t\t\t<div class=\"elementor-widget-container\">\n\t\t\t\t\t\t\t\t\t\t\t\t<figure class=\"wp-caption\">\n\t\t\t\t\t\t\t\t\t\t\t<a href=\"https:\/\/www.lqcompany.com\/tactical-vest\/\">\n\t\t\t\t\t\t\t<img loading=\"lazy\" decoding=\"async\" width=\"800\" height=\"800\" src=\"https:\/\/www.lqcompany.com\/wp-content\/uploads\/2024\/05\/DM_20240510140410_009.jpg\" class=\"elementor-animation-shrink attachment-large size-large wp-image-3139\" alt=\"support de plaque \u00e0 d\u00e9gagement rapide\" srcset=\"https:\/\/www.lqcompany.com\/wp-content\/uploads\/2024\/05\/DM_20240510140410_009-300x300.jpg 300w, https:\/\/www.lqcompany.com\/wp-content\/uploads\/2024\/05\/DM_20240510140410_009-150x150.jpg 150w, https:\/\/www.lqcompany.com\/wp-content\/uploads\/2024\/05\/DM_20240510140410_009-768x768.jpg 768w, https:\/\/www.lqcompany.com\/wp-content\/uploads\/2024\/05\/DM_20240510140410_009-12x12.jpg 12w, https:\/\/www.lqcompany.com\/wp-content\/uploads\/2024\/05\/DM_20240510140410_009.jpg 800w\" sizes=\"auto, (max-width: 800px) 100vw, 800px\" \/>\t\t\t\t\t\t\t\t<\/a>\n\t\t\t\t\t\t\t\t\t\t\t<figcaption class=\"widget-image-caption wp-caption-text\">Vente en gros de gilets tactiques de haute qualit\u00e9 sur mesure<\/figcaption>\n\t\t\t\t\t\t\t\t\t\t<\/figure>\n\t\t\t\t\t\t\t\t\t<\/div>\n\t\t\t\t<\/div>\n\t\t\t\t<\/div>\n\t\t<div class=\"elementor-element elementor-element-f90aea5 e-con-full e-flex e-con e-child\" data-id=\"f90aea5\" data-element_type=\"container\" data-e-type=\"container\">\n\t\t\t\t<div class=\"elementor-element elementor-element-b9a4cc0 elementor-widget elementor-widget-image\" data-id=\"b9a4cc0\" data-element_type=\"widget\" data-e-type=\"widget\" data-widget_type=\"image.default\">\n\t\t\t\t<div class=\"elementor-widget-container\">\n\t\t\t\t\t\t\t\t\t\t\t\t<figure class=\"wp-caption\">\n\t\t\t\t\t\t\t\t\t\t\t<a href=\"https:\/\/www.lqcompany.com\/fr\/tactical-accessories-factory\/\">\n\t\t\t\t\t\t\t<img loading=\"lazy\" decoding=\"async\" width=\"720\" height=\"720\" src=\"https:\/\/www.lqcompany.com\/wp-content\/uploads\/2024\/05\/\u4e3b\u56fe_003-3.jpg\" class=\"elementor-animation-shrink attachment-large size-large wp-image-3842\" alt=\"Ceinture de gr\u00e9eur avec boucle Cobra\" srcset=\"https:\/\/www.lqcompany.com\/wp-content\/uploads\/2024\/05\/\u4e3b\u56fe_003-3-300x300.jpg 300w, https:\/\/www.lqcompany.com\/wp-content\/uploads\/2024\/05\/\u4e3b\u56fe_003-3-150x150.jpg 150w, https:\/\/www.lqcompany.com\/wp-content\/uploads\/2024\/05\/\u4e3b\u56fe_003-3-12x12.jpg 12w, https:\/\/www.lqcompany.com\/wp-content\/uploads\/2024\/05\/\u4e3b\u56fe_003-3.jpg 720w\" sizes=\"auto, (max-width: 720px) 100vw, 720px\" \/>\t\t\t\t\t\t\t\t<\/a>\n\t\t\t\t\t\t\t\t\t\t\t<figcaption class=\"widget-image-caption wp-caption-text\">Revendeur d'accessoires tactiques<\/figcaption>\n\t\t\t\t\t\t\t\t\t\t<\/figure>\n\t\t\t\t\t\t\t\t\t<\/div>\n\t\t\t\t<\/div>\n\t\t\t\t<\/div>\n\t\t\t\t\t<\/div>\n\t\t\t\t<\/div>\n\t\t\t\t<\/div>","protected":false},"excerpt":{"rendered":"<p>Tactical Gear Solutions Tactical Gear Solutions offers high-quality tactical equipment for military, law enforcement, and outdoor enthusiasts. Customize Now Our Product Range At Tactical Gear Solutions, we understand that each user has unique requirements. That\u2019s why we offer comprehensive customization options, allowing you to personalize your gear to fit your specific needs. Wholesale backpacks of [&hellip;]<\/p>\n","protected":false},"author":1,"featured_media":0,"parent":0,"menu_order":0,"comment_status":"closed","ping_status":"closed","template":"","meta":{"_acf_changed":false,"footnotes":""},"class_list":["post-8408","page","type-page","status-publish","hentry"],"blocksy_meta":[],"acf":[],"_links":{"self":[{"href":"https:\/\/www.lqcompany.com\/fr\/wp-json\/wp\/v2\/pages\/8408","targetHints":{"allow":["GET"]}}],"collection":[{"href":"https:\/\/www.lqcompany.com\/fr\/wp-json\/wp\/v2\/pages"}],"about":[{"href":"https:\/\/www.lqcompany.com\/fr\/wp-json\/wp\/v2\/types\/page"}],"author":[{"embeddable":true,"href":"https:\/\/www.lqcompany.com\/fr\/wp-json\/wp\/v2\/users\/1"}],"replies":[{"embeddable":true,"href":"https:\/\/www.lqcompany.com\/fr\/wp-json\/wp\/v2\/comments?post=8408"}],"version-history":[{"count":0,"href":"https:\/\/www.lqcompany.com\/fr\/wp-json\/wp\/v2\/pages\/8408\/revisions"}],"wp:attachment":[{"href":"https:\/\/www.lqcompany.com\/fr\/wp-json\/wp\/v2\/media?parent=8408"}],"curies":[{"name":"wp","href":"https:\/\/api.w.org\/{rel}","templated":true}]}}