{"id":3887,"date":"2024-05-23T05:41:56","date_gmt":"2024-05-23T05:41:56","guid":{"rendered":"https:\/\/lqcompany.com\/?page_id=3887"},"modified":"2024-05-23T05:43:41","modified_gmt":"2024-05-23T05:43:41","slug":"careers","status":"publish","type":"page","link":"https:\/\/www.lqcompany.com\/fr\/careers\/","title":{"rendered":"Carri\u00e8res"},"content":{"rendered":"<div data-elementor-type=\"wp-page\" data-elementor-id=\"3887\" class=\"elementor elementor-3887\" data-elementor-settings=\"{&quot;ha_cmc_init_switcher&quot;:&quot;no&quot;}\" data-elementor-post-type=\"page\">\n\t\t\t\t<div class=\"elementor-element elementor-element-f4f339d e-flex e-con-boxed e-con e-parent\" data-id=\"f4f339d\" data-element_type=\"container\" data-e-type=\"container\" data-settings=\"{&quot;background_background&quot;:&quot;classic&quot;}\">\n\t\t\t\t\t<div class=\"e-con-inner\">\n\t\t\t\t<div class=\"elementor-element elementor-element-80035c5 elementor-widget elementor-widget-heading\" data-id=\"80035c5\" data-element_type=\"widget\" data-e-type=\"widget\" data-widget_type=\"heading.default\">\n\t\t\t\t<div class=\"elementor-widget-container\">\n\t\t\t\t\t<h1 class=\"elementor-heading-title elementor-size-default\">CARRI\u00c8RES<\/h1>\t\t\t\t<\/div>\n\t\t\t\t<\/div>\n\t\t\t\t\t<\/div>\n\t\t\t\t<\/div>\n\t\t<div class=\"elementor-element elementor-element-0370e5e e-flex e-con-boxed e-con e-parent\" data-id=\"0370e5e\" data-element_type=\"container\" data-e-type=\"container\">\n\t\t\t\t\t<div class=\"e-con-inner\">\n\t\t\t\t<div class=\"elementor-element elementor-element-53995dd elementor-widget elementor-widget-text-editor\" data-id=\"53995dd\" data-element_type=\"widget\" data-e-type=\"widget\" data-widget_type=\"text-editor.default\">\n\t\t\t\t<div class=\"elementor-widget-container\">\n\t\t\t\t\t\t\t\t\t<h2><strong>Rejoindre l'\u00e9quipe LQ ARMY<\/strong><\/h2><p>Chez LQ ARMY, nous sommes \u00e0 la recherche de professionnels d\u00e9vou\u00e9s pour rejoindre notre \u00e9quipe sur notre site de production en Californie. Nous offrons un environnement de travail dynamique avec des opportunit\u00e9s de croissance et de d\u00e9veloppement. Consultez nos offres d'emploi ci-dessous et faites-nous savoir si vous \u00eates le candidat id\u00e9al pour notre \u00e9quipe !<\/p><p><strong>POSTES OUVERTS<\/strong><\/p><h3>Inspecteur du contr\u00f4le de la qualit\u00e9<\/h3><p><strong>Responsabilit\u00e9s<\/strong>:<\/p><ul><li>Effectuer des processus d'assemblage et d'inspection de produits de base et avanc\u00e9s avec une supervision minimale.<\/li><li>Effectuer le contr\u00f4le de la qualit\u00e9 et l'emballage en pr\u00eatant attention aux d\u00e9tails.<\/li><li>D\u00e9montrer sa connaissance des mod\u00e8les, des mat\u00e9riaux et de l'utilisation des produits.<\/li><\/ul><p><strong>Qualifications requises<\/strong>:<\/p><ul><li>Souci du d\u00e9tail et capacit\u00e9 \u00e0 soulever jusqu'\u00e0 50 livres.<\/li><li>Autoris\u00e9 \u00e0 travailler aux \u00c9tats-Unis.<\/li><\/ul><p><strong>Qualifications souhait\u00e9es<\/strong>:<\/p><ul><li>Personne motiv\u00e9e avec d'excellentes comp\u00e9tences en mati\u00e8re de r\u00e9solution de probl\u00e8mes.<\/li><\/ul><p><strong>Ce que nous proposons<\/strong>:<\/p><ul><li>Assurance maladie, assurance dentaire, assurance vision et assurance compl\u00e9mentaire disponibles<\/li><li>Programme d'aide aux employ\u00e9s<\/li><li>401K et temps libre pay\u00e9<\/li><li>Croissance et d\u00e9veloppement professionnel<\/li><li>Un environnement de travail unique<\/li><li>R\u00e9mun\u00e9ration comp\u00e9titive<\/li><li>Cong\u00e9s pay\u00e9s<\/li><\/ul><p>Pour postuler, veuillez envoyer votre CV \u00e0 <a href=\"mailto:jobs@lqcompany.com\">jobs@lqcompany.com<\/a>.<\/p><p>\u00a0<\/p><p>\u00a0<\/p><h3>Technicien de maintenance<\/h3><p><strong>Responsabilit\u00e9s<\/strong>:<\/p><ul><li>Soutenir et g\u00e9rer les besoins techniques des op\u00e9rations de production.<\/li><li>Effectuer la maintenance pr\u00e9ventive et r\u00e9active des machines de production industrielle.<\/li><li>G\u00e9rer le personnel et soutenir les programmes de s\u00e9curit\u00e9.<\/li><\/ul><p><strong>Qualifications requises<\/strong>:<\/p><ul><li>Capacit\u00e9 \u00e0 soulever jusqu'\u00e0 50 livres et \u00e0 travailler 40 heures par semaine.<\/li><li>Autoris\u00e9 \u00e0 travailler aux \u00c9tats-Unis.<\/li><\/ul><p><strong>Qualifications souhait\u00e9es<\/strong>:<\/p><ul><li>Exp\u00e9rience pr\u00e9alable dans la r\u00e9paration et la maintenance de machines industrielles.<\/li><\/ul><p><strong>Ce que nous proposons<\/strong>:<\/p><ul><li>Assurance maladie, assurance dentaire, assurance vision et assurance compl\u00e9mentaire disponibles<\/li><li>401K et temps libre pay\u00e9<\/li><li>Croissance et d\u00e9veloppement professionnel<\/li><li>Un environnement de travail unique<\/li><li>R\u00e9mun\u00e9ration comp\u00e9titive<\/li><li>Cong\u00e9s pay\u00e9s<\/li><\/ul><p><strong>Pour postuler, veuillez envoyer votre CV \u00e0 <a href=\"mailto:jobs@lqcompany.com\">jobs@lqcompany.com<\/a>.<\/strong><\/p><p>\u00a0<\/p><p>\u00a0<\/p><h3>Repr\u00e9sentant du service client\u00e8le<\/h3><p><strong>Responsabilit\u00e9s<\/strong>:<\/p><ul><li>G\u00e9rer les demandes des clients et leur fournir une assistance en temps utile.<\/li><li>Assurer la coordination avec les diff\u00e9rents services pour garantir la satisfaction du client.<\/li><li>Maintenir la connaissance des produits et aider les clients en cons\u00e9quence.<\/li><\/ul><p><strong>Qualifications requises<\/strong>:<\/p><ul><li>Exp\u00e9rience pr\u00e9alable en mati\u00e8re d'assistance \u00e0 la client\u00e8le.<\/li><li>Autoris\u00e9 \u00e0 travailler aux \u00c9tats-Unis.<\/li><\/ul><p><strong>Qualifications souhait\u00e9es<\/strong>:<\/p><ul><li>Familiarit\u00e9 avec les plateformes de commerce \u00e9lectronique.<\/li><\/ul><p><strong>Ce que nous proposons<\/strong>:<\/p><ul><li>Assurance maladie, assurance dentaire, assurance vision et assurance compl\u00e9mentaire disponibles<\/li><li>401K et temps libre pay\u00e9<\/li><li>\u00a0Croissance et d\u00e9veloppement professionnel<\/li><li>\u00a0Un environnement de travail unique<\/li><li>R\u00e9mun\u00e9ration comp\u00e9titive<\/li><li>Cong\u00e9s pay\u00e9s<\/li><\/ul><p><strong>Pour postuler, veuillez envoyer votre CV \u00e0 <a href=\"mailto:jobs@lqcompany.com\">jobs@lqcompany.com<\/a>.<\/strong><\/p><p>\u00a0<\/p><p>\u00a0<\/p><h3>Op\u00e9rateur de machine \u00e0 coudre<\/h3><p><strong>Responsabilit\u00e9s<\/strong>:<\/p><ul><li>Effectuer des t\u00e2ches de couture de base et maintenir le contr\u00f4le de la qualit\u00e9.<\/li><li>Interpr\u00e9ter les paquets techniques de couture et suivre les instructions.<\/li><\/ul><p><strong>Qualifications requises<\/strong>:<\/p><ul><li>Capacit\u00e9 \u00e0 travailler 40 heures par semaine et \u00e0 soulever jusqu'\u00e0 50 livres.<\/li><li>Autoris\u00e9 \u00e0 travailler aux \u00c9tats-Unis.<\/li><\/ul><p><strong>Qualifications souhait\u00e9es<\/strong>:<\/p><ul><li>Un grand sens du d\u00e9tail et de l'organisation.<\/li><\/ul><p><strong>Ce que nous proposons<\/strong>:<\/p><ul><li>Assurance maladie, assurance dentaire, assurance vision et assurance compl\u00e9mentaire disponibles<\/li><li>401K et temps libre pay\u00e9<\/li><li>Croissance et d\u00e9veloppement professionnel<\/li><li>Un environnement de travail unique<\/li><li>\u00a0R\u00e9mun\u00e9ration comp\u00e9titive<\/li><li>Cong\u00e9s pay\u00e9s<\/li><\/ul><p><strong>Pour postuler, veuillez envoyer votre CV \u00e0 <a href=\"mailto:jobs@lqcompany.com\">jobs@lqcompany.com<\/a>.<\/strong><\/p><p>\u00a0<\/p><p>\u00a0<\/p><h3>\u00c9galit\u00e9 des chances en mati\u00e8re d'emploi<\/h3><p><strong>LQ ARMY<\/strong> s'engage \u00e0 respecter l'\u00e9galit\u00e9 des chances en mati\u00e8re d'emploi. Nous valorisons la diversit\u00e9 et ne pratiquons aucune discrimination \u00e0 l'encontre des employ\u00e9s ou des candidats sur la base de la race, des croyances, de la couleur, de l'origine nationale, de l'orientation sexuelle, du handicap, du statut militaire, de la situation matrimoniale ou de toute autre caract\u00e9ristique prot\u00e9g\u00e9e par la loi.<\/p>\t\t\t\t\t\t\t\t<\/div>\n\t\t\t\t<\/div>\n\t\t\t\t\t<\/div>\n\t\t\t\t<\/div>\n\t\t\t\t<\/div>","protected":false},"excerpt":{"rendered":"<p>CAREERS Join the LQ ARMY Team At LQ ARMY, we&#8217;re on the lookout for dedicated professionals to join our team at our manufacturing facility in california. We offer a dynamic work environment with opportunities for growth and development. Take a look at our current job openings below and let us know if you&#8217;re the perfect [&hellip;]<\/p>\n","protected":false},"author":1,"featured_media":0,"parent":0,"menu_order":0,"comment_status":"closed","ping_status":"closed","template":"","meta":{"_acf_changed":false,"footnotes":""},"class_list":["post-3887","page","type-page","status-publish","hentry"],"blocksy_meta":[],"acf":[],"_links":{"self":[{"href":"https:\/\/www.lqcompany.com\/fr\/wp-json\/wp\/v2\/pages\/3887","targetHints":{"allow":["GET"]}}],"collection":[{"href":"https:\/\/www.lqcompany.com\/fr\/wp-json\/wp\/v2\/pages"}],"about":[{"href":"https:\/\/www.lqcompany.com\/fr\/wp-json\/wp\/v2\/types\/page"}],"author":[{"embeddable":true,"href":"https:\/\/www.lqcompany.com\/fr\/wp-json\/wp\/v2\/users\/1"}],"replies":[{"embeddable":true,"href":"https:\/\/www.lqcompany.com\/fr\/wp-json\/wp\/v2\/comments?post=3887"}],"version-history":[{"count":0,"href":"https:\/\/www.lqcompany.com\/fr\/wp-json\/wp\/v2\/pages\/3887\/revisions"}],"wp:attachment":[{"href":"https:\/\/www.lqcompany.com\/fr\/wp-json\/wp\/v2\/media?parent=3887"}],"curies":[{"name":"wp","href":"https:\/\/api.w.org\/{rel}","templated":true}]}}