{"id":3736,"date":"2024-05-21T03:36:29","date_gmt":"2024-05-21T03:36:29","guid":{"rendered":"https:\/\/lqcompany.com\/?page_id=3736"},"modified":"2024-05-21T03:46:15","modified_gmt":"2024-05-21T03:46:15","slug":"terms-conditions","status":"publish","type":"page","link":"https:\/\/www.lqcompany.com\/fr\/terms-conditions\/","title":{"rendered":"Conditions g\u00e9n\u00e9rales d'utilisation"},"content":{"rendered":"<div data-elementor-type=\"wp-page\" data-elementor-id=\"3736\" class=\"elementor elementor-3736\" data-elementor-settings=\"{&quot;ha_cmc_init_switcher&quot;:&quot;no&quot;}\" data-elementor-post-type=\"page\">\n\t\t\t\t<div class=\"elementor-element elementor-element-edf6dc3 e-flex e-con-boxed e-con e-parent\" data-id=\"edf6dc3\" data-element_type=\"container\" data-e-type=\"container\" data-settings=\"{&quot;background_background&quot;:&quot;classic&quot;}\">\n\t\t\t\t\t<div class=\"e-con-inner\">\n\t\t\t\t<div class=\"elementor-element elementor-element-e9fbd46 elementor-widget elementor-widget-heading\" data-id=\"e9fbd46\" data-element_type=\"widget\" data-e-type=\"widget\" data-widget_type=\"heading.default\">\n\t\t\t\t<div class=\"elementor-widget-container\">\n\t\t\t\t\t<h2 class=\"elementor-heading-title elementor-size-default\">Conditions g\u00e9n\u00e9rales d'utilisation<\/h2>\t\t\t\t<\/div>\n\t\t\t\t<\/div>\n\t\t\t\t\t<\/div>\n\t\t\t\t<\/div>\n\t\t<div class=\"elementor-element elementor-element-1b44bdf7 e-flex e-con-boxed e-con e-parent\" data-id=\"1b44bdf7\" data-element_type=\"container\" data-e-type=\"container\">\n\t\t\t\t\t<div class=\"e-con-inner\">\n\t\t\t\t<div class=\"elementor-element elementor-element-2937e714 elementor-widget elementor-widget-text-editor\" data-id=\"2937e714\" data-element_type=\"widget\" data-e-type=\"widget\" data-widget_type=\"text-editor.default\">\n\t\t\t\t<div class=\"elementor-widget-container\">\n\t\t\t\t\t\t\t\t\t<p>Bienvenue sur le site web de L&amp;Q ARMY\uff08<a href=\"https:\/\/lqcompany.com\/\" target=\"_blank\" rel=\"noopener\">www.lqompany.com<\/a>\uff09. En acc\u00e9dant \u00e0 ce site web ou en l'utilisant, vous acceptez de vous conformer aux conditions g\u00e9n\u00e9rales suivantes et d'\u00eatre li\u00e9 par elles. Veuillez les lire attentivement avant d'utiliser notre site.<\/p><h3>1. Introduction<\/h3><p>Les pr\u00e9sentes conditions g\u00e9n\u00e9rales d\u00e9finissent les r\u00e8gles d'utilisation du site web de L&amp;Q ARMY. En utilisant ce site web, vous acceptez l'int\u00e9gralit\u00e9 de ces conditions. Si vous n'\u00eates pas d'accord avec une partie de ces conditions, vous ne devez pas utiliser notre site web.<\/p><h3>\u00a02. Droits de propri\u00e9t\u00e9 intellectuelle<\/h3><p>Sauf indication contraire, L&amp;Q ARMY et\/ou ses conc\u00e9dants de licence d\u00e9tiennent les droits de propri\u00e9t\u00e9 intellectuelle sur le site web et le mat\u00e9riel qui s'y trouve. Tous ces droits de propri\u00e9t\u00e9 intellectuelle sont r\u00e9serv\u00e9s. Vous pouvez consulter, t\u00e9l\u00e9charger \u00e0 des fins de mise en cache uniquement, et imprimer des pages ou d'autres contenus du site web pour votre usage personnel, sous r\u00e9serve des restrictions \u00e9nonc\u00e9es ci-dessous et ailleurs dans les pr\u00e9sentes conditions g\u00e9n\u00e9rales.<\/p><h3>\u00a03. Licence d'utilisation du site web<\/h3><p>Vous pouvez visualiser, t\u00e9l\u00e9charger \u00e0 des fins de mise en cache uniquement, et imprimer des pages ou d'autres contenus du site web pour votre usage personnel, sous r\u00e9serve des restrictions \u00e9nonc\u00e9es ci-dessous et ailleurs dans les pr\u00e9sentes conditions g\u00e9n\u00e9rales. Vous ne devez pas :<br \/>- Republier du mat\u00e9riel provenant de ce site web (y compris la republication sur un autre site web) ;<br \/>- vendre, louer ou conc\u00e9der des sous-licences sur le contenu du site web ;<br \/>- Montrer en public tout mat\u00e9riel provenant du site web ;<br \/>- Reproduire, dupliquer, copier ou exploiter de toute autre mani\u00e8re le contenu de notre site web \u00e0 des fins commerciales ;<br \/>- \u00e9diter ou modifier de quelque mani\u00e8re que ce soit tout \u00e9l\u00e9ment figurant sur le site web ; ou<br \/>- Redistribuer le mat\u00e9riel de ce site web, \u00e0 l'exception du contenu sp\u00e9cifiquement et express\u00e9ment mis \u00e0 disposition pour la redistribution.<\/p><h3>4. Utilisation acceptable<\/h3><p>Vous ne devez pas utiliser notre site web d'une mani\u00e8re qui cause, ou pourrait causer, des dommages au site web ou une atteinte \u00e0 la disponibilit\u00e9 ou \u00e0 l'accessibilit\u00e9 du site web, ou d'une mani\u00e8re ill\u00e9gale, illicite, frauduleuse ou pr\u00e9judiciable, ou en relation avec un objectif ou une activit\u00e9 ill\u00e9gale, illicite, frauduleuse ou pr\u00e9judiciable. Vous ne devez pas utiliser notre site web pour copier, stocker, h\u00e9berger, transmettre, envoyer, utiliser, publier ou distribuer du mat\u00e9riel qui consiste en (ou est li\u00e9 \u00e0) un logiciel espion, un virus informatique, un cheval de Troie, un ver, un enregistreur de frappe, un rootkit ou tout autre logiciel informatique malveillant. Vous ne devez pas mener d'activit\u00e9s syst\u00e9matiques ou automatis\u00e9es de collecte de donn\u00e9es (y compris, mais sans s'y limiter, le scraping, le data mining, l'extraction de donn\u00e9es et la r\u00e9colte de donn\u00e9es) sur notre site web ou en relation avec celui-ci sans notre consentement \u00e9crit expr\u00e8s.<\/p><h3>\u00a05. Acc\u00e8s restreint<\/h3><p>L'acc\u00e8s \u00e0 certaines parties de notre site web est limit\u00e9. Nous nous r\u00e9servons le droit de restreindre l'acc\u00e8s \u00e0 d'autres parties de notre site web, voire \u00e0 l'ensemble de notre site web, \u00e0 notre discr\u00e9tion. Si nous vous fournissons un nom d'utilisateur et un mot de passe pour vous permettre d'acc\u00e9der \u00e0 des zones restreintes de notre site web ou \u00e0 d'autres contenus ou services, vous devez veiller \u00e0 ce que ce nom d'utilisateur et ce mot de passe restent confidentiels. Nous pouvons d\u00e9sactiver votre nom d'utilisateur et votre mot de passe \u00e0 notre seule discr\u00e9tion, sans pr\u00e9avis ni explication.<\/p><h3>6. Contenu de l'utilisateur<\/h3><p>Dans les pr\u00e9sentes conditions g\u00e9n\u00e9rales, on entend par \"votre contenu utilisateur\" le mat\u00e9riel (y compris, mais sans s'y limiter, les textes, les images, le mat\u00e9riel audio, le mat\u00e9riel vid\u00e9o et le mat\u00e9riel audiovisuel) que vous soumettez \u00e0 notre site web, quelle qu'en soit la finalit\u00e9. Vous nous accordez une licence mondiale, irr\u00e9vocable, non exclusive et libre de redevances pour utiliser, reproduire, adapter, publier, traduire et distribuer votre contenu utilisateur dans tout m\u00e9dia existant ou futur. Vous nous accordez \u00e9galement le droit d'accorder des sous-licences pour ces droits et le droit d'intenter une action en cas de violation de ces droits.<\/p><h3>7. Hyperliens vers notre contenu<\/h3><p>Les organisations suivantes peuvent \u00e9tablir un lien avec notre site web sans autorisation \u00e9crite pr\u00e9alable :<br \/>- Agences gouvernementales ;<br \/>- Moteurs de recherche ;<br \/>- Organisations de presse ;<br \/>- Les distributeurs d'annuaires en ligne peuvent \u00e9tablir des liens vers notre site web de la m\u00eame mani\u00e8re qu'ils \u00e9tablissent des liens hypertextes vers les sites web d'autres entreprises r\u00e9pertori\u00e9es ; et<br \/>- Les entreprises accr\u00e9dit\u00e9es \u00e0 l'\u00e9chelle du syst\u00e8me, \u00e0 l'exception des organisations \u00e0 but non lucratif, des centres commerciaux caritatifs et des groupes de collecte de fonds caritatifs, qui ne peuvent pas \u00e9tablir de lien hypertexte avec notre site Web.<\/p><p>Ces organisations peuvent \u00e9tablir un lien avec notre page d'accueil, nos publications ou d'autres informations sur le site web, \u00e0 condition que le lien (a) ne soit en aucun cas trompeur ; (b) n'implique pas faussement le parrainage, l'approbation ou le soutien de la partie qui \u00e9tablit le lien et de ses produits et\/ou services ; et (c) s'inscrive dans le contexte du site de la partie qui \u00e9tablit le lien.<\/p><p>Nous pouvons prendre en consid\u00e9ration et approuver d'autres demandes de liens \u00e9manant des types d'organisations suivants :<br \/>- Sources d'information connues des consommateurs et\/ou des entreprises ;<br \/>- Sites communautaires dot.com ;<br \/>- Associations ou autres groupes repr\u00e9sentant les organismes de bienfaisance ;<br \/>- Distributeurs d'annuaires en ligne ;<br \/>- Portails Internet ;<br \/>- les cabinets d'experts-comptables, d'avocats et de consultants<br \/>- Les \u00e9tablissements d'enseignement et les associations professionnelles.<\/p><p>Nous approuverons les demandes de liens \u00e9manant de ces organisations si nous d\u00e9cidons que : (a) le lien ne donnera pas une image d\u00e9favorable de nous-m\u00eames ou de nos entreprises accr\u00e9dit\u00e9es ; (b) l'organisation n'a pas d'ant\u00e9c\u00e9dents n\u00e9gatifs \u00e0 notre \u00e9gard ; (c) l'avantage que nous tirons de la visibilit\u00e9 du lien hypertexte compense l'absence de L&amp;Q ARMY ; et (d) le lien s'inscrit dans le contexte d'une information g\u00e9n\u00e9rale sur les ressources.<\/p><p>Ces organisations peuvent \u00e9tablir un lien avec notre page d'accueil \u00e0 condition que le lien : (a) ne soit en aucun cas trompeur ; (b) n'implique pas faussement le parrainage, l'approbation ou le soutien de la partie qui \u00e9tablit le lien et de ses produits ou services ; et (c) s'inscrive dans le contexte du site de la partie qui \u00e9tablit le lien.<\/p><p>Si vous \u00eates l'une des organisations \u00e9num\u00e9r\u00e9es au paragraphe 2 ci-dessus et que vous souhaitez \u00e9tablir un lien avec notre site web, vous devez nous en informer en envoyant un courrier \u00e9lectronique \u00e0 L&amp;Q ARMY. Veuillez indiquer votre nom, le nom de votre organisation, vos coordonn\u00e9es ainsi que l'URL de votre site, une liste des URL \u00e0 partir desquels vous avez l'intention de cr\u00e9er un lien vers notre site web, et une liste des URL de notre site vers lesquels vous souhaitez cr\u00e9er un lien. Attendez 2 \u00e0 3 semaines pour obtenir une r\u00e9ponse.<\/p><p>Les organisations agr\u00e9\u00e9es peuvent cr\u00e9er des liens hypertextes vers notre site web de la mani\u00e8re suivante :<br \/>- par l'utilisation de notre raison sociale ; ou<br \/>- par l'utilisation du localisateur de ressources uniformes vers lequel le lien est \u00e9tabli ; ou<br \/>- par l'utilisation de toute autre description de notre site web qui a du sens dans le contexte et le format du contenu du site de la partie qui \u00e9tablit le lien.<\/p><p>Aucune utilisation du logo de L&amp;Q ARMY ou d'autres illustrations ne sera autoris\u00e9e pour l'\u00e9tablissement de liens en l'absence d'un accord de licence de marque.<\/p><h3>8. Responsabilit\u00e9 du contenu<\/h3><p>Nous ne pouvons \u00eatre tenus responsables du contenu qui appara\u00eet sur votre site web. Vous acceptez de nous prot\u00e9ger et de nous d\u00e9fendre contre toute r\u00e9clamation soulev\u00e9e sur votre site web. Aucun lien ne doit appara\u00eetre sur un site web qui pourrait \u00eatre interpr\u00e9t\u00e9 comme diffamatoire, obsc\u00e8ne ou criminel, ou qui enfreint, viole d'une autre mani\u00e8re ou pr\u00e9conise l'enfreinte ou la violation d'autres droits de tiers.<\/p><h3>9. R\u00e9serve de droits<\/h3><p>Nous nous r\u00e9servons le droit de vous demander de supprimer tous les liens ou un lien particulier vers notre site web. Vous acceptez de supprimer imm\u00e9diatement tous les liens vers notre site web sur demande. Nous nous r\u00e9servons \u00e9galement le droit de modifier \u00e0 tout moment les pr\u00e9sentes conditions g\u00e9n\u00e9rales et notre politique en mati\u00e8re de liens. En continuant \u00e0 \u00e9tablir des liens vers notre site web, vous acceptez d'\u00eatre li\u00e9 par les pr\u00e9sentes conditions g\u00e9n\u00e9rales et de les respecter.<\/p><h3>10. Suppression de liens sur notre site web<\/h3><p>Si vous trouvez un lien sur notre site web qui est offensant pour quelque raison que ce soit, vous \u00eates libre de nous contacter et de nous en informer \u00e0 tout moment. Nous examinerons les demandes de suppression de liens, mais nous ne sommes pas oblig\u00e9s de le faire ou de vous r\u00e9pondre directement. Nous ne garantissons pas l'exactitude des informations figurant sur ce site web. Nous ne garantissons pas qu'elles soient compl\u00e8tes ou exactes et nous ne nous engageons pas non plus \u00e0 ce que le site reste disponible ou \u00e0 ce que les informations qu'il contient soient tenues \u00e0 jour.<\/p><h2>11. Clause de non-responsabilit\u00e9<\/h2><p>Dans toute la mesure permise par la loi applicable, nous excluons toutes les repr\u00e9sentations, garanties et conditions relatives \u00e0 notre site web et \u00e0 l'utilisation de ce site. Aucune disposition de la pr\u00e9sente clause de non-responsabilit\u00e9 n'est applicable :<br \/>- limiter ou exclure notre ou votre responsabilit\u00e9 en cas de d\u00e9c\u00e8s ou de dommages corporels ;<br \/>- limiter ou exclure notre ou votre responsabilit\u00e9 en cas de fraude ou de d\u00e9claration frauduleuse ;<br \/>- limiter l'une quelconque de nos ou de vos responsabilit\u00e9s d'une mani\u00e8re qui ne serait pas autoris\u00e9e par le droit applicable ; ou<br \/>- Exclure toute responsabilit\u00e9, la n\u00f4tre ou la v\u00f4tre, qui ne peut \u00eatre exclue en vertu du droit applicable.<\/p><p>Les limitations et interdictions de responsabilit\u00e9 \u00e9nonc\u00e9es dans cette section et ailleurs dans la pr\u00e9sente clause de non-responsabilit\u00e9 : (a) sont soumises au paragraphe pr\u00e9c\u00e9dent ; et (b) r\u00e9gissent toutes les responsabilit\u00e9s d\u00e9coulant de la clause de non-responsabilit\u00e9, y compris les responsabilit\u00e9s contractuelles, d\u00e9lictuelles et en cas de violation d'une obligation l\u00e9gale.<\/p><p>Tant que le site web et les informations et services qu'il contient sont fournis gratuitement, nous ne sommes pas responsables des pertes ou dommages de quelque nature que ce soit.<\/p>\t\t\t\t\t\t\t\t<\/div>\n\t\t\t\t<\/div>\n\t\t\t\t\t<\/div>\n\t\t\t\t<\/div>\n\t\t<div class=\"elementor-element elementor-element-1aa4a921 e-con-full e-flex e-con e-parent\" data-id=\"1aa4a921\" data-element_type=\"container\" data-e-type=\"container\">\n\t\t<div class=\"elementor-element elementor-element-475459a8 e-con-full e-flex e-con e-child\" data-id=\"475459a8\" data-element_type=\"container\" data-e-type=\"container\">\n\t\t\t\t<div class=\"elementor-element elementor-element-2d325b8a elementor-widget elementor-widget-image\" data-id=\"2d325b8a\" data-element_type=\"widget\" data-e-type=\"widget\" data-widget_type=\"image.default\">\n\t\t\t\t<div class=\"elementor-widget-container\">\n\t\t\t\t\t\t\t\t\t\t\t\t\t\t\t<img loading=\"lazy\" decoding=\"async\" width=\"150\" height=\"150\" src=\"https:\/\/www.lqcompany.com\/wp-content\/uploads\/2024\/04\/lq_army_logo-1-150x150.png\" class=\"attachment-thumbnail size-thumbnail wp-image-1442\" alt=\"lq_army_logo\" srcset=\"https:\/\/www.lqcompany.com\/wp-content\/uploads\/2024\/04\/lq_army_logo-1-150x150.png 150w, https:\/\/www.lqcompany.com\/wp-content\/uploads\/2024\/04\/lq_army_logo-1-12x12.png 12w, https:\/\/www.lqcompany.com\/wp-content\/uploads\/2024\/04\/lq_army_logo-1.png 200w\" sizes=\"auto, (max-width: 150px) 100vw, 150px\" \/>\t\t\t\t\t\t\t\t\t\t\t\t\t\t\t<\/div>\n\t\t\t\t<\/div>\n\t\t\t\t<\/div>\n\t\t<div class=\"elementor-element elementor-element-7705a737 e-con-full e-flex e-con e-child\" data-id=\"7705a737\" data-element_type=\"container\" data-e-type=\"container\">\n\t\t\t\t<div class=\"elementor-element elementor-element-47b982c4 elementor-widget elementor-widget-heading\" data-id=\"47b982c4\" data-element_type=\"widget\" data-e-type=\"widget\" data-widget_type=\"heading.default\">\n\t\t\t\t<div class=\"elementor-widget-container\">\n\t\t\t\t\t<h2 class=\"elementor-heading-title elementor-size-default\">Choisissez le nom de confiance en mati\u00e8re d'\u00e9quipement tactique : L&amp;Q<\/h2>\t\t\t\t<\/div>\n\t\t\t\t<\/div>\n\t\t\t\t<div class=\"elementor-element elementor-element-5ef53ee5 elementor-widget elementor-widget-text-editor\" data-id=\"5ef53ee5\" data-element_type=\"widget\" data-e-type=\"widget\" data-widget_type=\"text-editor.default\">\n\t\t\t\t<div class=\"elementor-widget-container\">\n\t\t\t\t\t\t\t\t\t<p>Votre partenaire fiable pour des solutions d'\u00e9quipement sup\u00e9rieures<\/p>\t\t\t\t\t\t\t\t<\/div>\n\t\t\t\t<\/div>\n\t\t\t\t<\/div>\n\t\t<div class=\"elementor-element elementor-element-5297cf20 e-con-full e-flex e-con e-child\" data-id=\"5297cf20\" data-element_type=\"container\" data-e-type=\"container\">\n\t\t\t\t<div class=\"elementor-element elementor-element-6b7fe368 elementor-position-top elementor-widget elementor-widget-image-box\" data-id=\"6b7fe368\" data-element_type=\"widget\" data-e-type=\"widget\" data-widget_type=\"image-box.default\">\n\t\t\t\t<div class=\"elementor-widget-container\">\n\t\t\t\t\t<div class=\"elementor-image-box-wrapper\"><figure class=\"elementor-image-box-img\"><img loading=\"lazy\" decoding=\"async\" width=\"352\" height=\"185\" src=\"https:\/\/www.lqcompany.com\/wp-content\/uploads\/2024\/04\/u30186643243330800651fm253fmtautoapp138fJPEG.jpg\" class=\"attachment-full size-full wp-image-2373\" alt=\"\" srcset=\"https:\/\/www.lqcompany.com\/wp-content\/uploads\/2024\/04\/u30186643243330800651fm253fmtautoapp138fJPEG-300x158.jpg 300w, https:\/\/www.lqcompany.com\/wp-content\/uploads\/2024\/04\/u30186643243330800651fm253fmtautoapp138fJPEG-18x9.jpg 18w, https:\/\/www.lqcompany.com\/wp-content\/uploads\/2024\/04\/u30186643243330800651fm253fmtautoapp138fJPEG.jpg 352w\" sizes=\"auto, (max-width: 352px) 100vw, 352px\" \/><\/figure><div class=\"elementor-image-box-content\"><p class=\"elementor-image-box-title\">Californie(Bureaux et entrep\u00f4ts)<\/p><p class=\"elementor-image-box-description\">1951 S Parco Ave Unit E Ontario CA 91761, USA<\/p><\/div><\/div>\t\t\t\t<\/div>\n\t\t\t\t<\/div>\n\t\t\t\t<div class=\"elementor-element elementor-element-1ea5ca4f elementor-widget elementor-widget-heading\" data-id=\"1ea5ca4f\" data-element_type=\"widget\" data-e-type=\"widget\" data-widget_type=\"heading.default\">\n\t\t\t\t<div class=\"elementor-widget-container\">\n\t\t\t\t\t<p class=\"elementor-heading-title elementor-size-default\">Texas(Bureaux et entrep\u00f4ts)<\/p>\t\t\t\t<\/div>\n\t\t\t\t<\/div>\n\t\t\t\t<div class=\"elementor-element elementor-element-b87c48d elementor-widget elementor-widget-text-editor\" data-id=\"b87c48d\" data-element_type=\"widget\" data-e-type=\"widget\" data-widget_type=\"text-editor.default\">\n\t\t\t\t<div class=\"elementor-widget-container\">\n\t\t\t\t\t\t\t\t\t<p>4755 Alpine Drive, Suite 125, Stafford, TX77477, USA<\/p>\t\t\t\t\t\t\t\t<\/div>\n\t\t\t\t<\/div>\n\t\t\t\t<\/div>\n\t\t<div class=\"elementor-element elementor-element-24c13391 e-con-full e-flex e-con e-child\" data-id=\"24c13391\" data-element_type=\"container\" data-e-type=\"container\">\n\t\t\t\t<div class=\"elementor-element elementor-element-19c7e7ef elementor-position-top elementor-widget elementor-widget-image-box\" data-id=\"19c7e7ef\" data-element_type=\"widget\" data-e-type=\"widget\" data-widget_type=\"image-box.default\">\n\t\t\t\t<div class=\"elementor-widget-container\">\n\t\t\t\t\t<div class=\"elementor-image-box-wrapper\"><figure class=\"elementor-image-box-img\"><img loading=\"lazy\" decoding=\"async\" width=\"536\" height=\"357\" src=\"https:\/\/www.lqcompany.com\/wp-content\/uploads\/2024\/04\/d0c8a786c9177f3e67097eaf9c852cc79f3df8dcf874.png\" class=\"attachment-full size-full wp-image-2374\" alt=\"\" srcset=\"https:\/\/www.lqcompany.com\/wp-content\/uploads\/2024\/04\/d0c8a786c9177f3e67097eaf9c852cc79f3df8dcf874-300x200.png 300w, https:\/\/www.lqcompany.com\/wp-content\/uploads\/2024\/04\/d0c8a786c9177f3e67097eaf9c852cc79f3df8dcf874-18x12.png 18w, https:\/\/www.lqcompany.com\/wp-content\/uploads\/2024\/04\/d0c8a786c9177f3e67097eaf9c852cc79f3df8dcf874.png 536w\" sizes=\"auto, (max-width: 536px) 100vw, 536px\" \/><\/figure><div class=\"elementor-image-box-content\"><p class=\"elementor-image-box-title\">Chine (atelier et bureau)<\/p><p class=\"elementor-image-box-description\">No.368 , HaoXin Building , ChongHong Street,Quanzhou City ,Fujian Province<\/p><\/div><\/div>\t\t\t\t<\/div>\n\t\t\t\t<\/div>\n\t\t\t\t<div class=\"elementor-element elementor-element-493cb81 elementor-widget elementor-widget-heading\" data-id=\"493cb81\" data-element_type=\"widget\" data-e-type=\"widget\" data-widget_type=\"heading.default\">\n\t\t\t\t<div class=\"elementor-widget-container\">\n\t\t\t\t\t<p class=\"elementor-heading-title elementor-size-default\">Vietnam (bureau et atelier)<\/p>\t\t\t\t<\/div>\n\t\t\t\t<\/div>\n\t\t\t\t<div class=\"elementor-element elementor-element-48bf693 elementor-widget elementor-widget-text-editor\" data-id=\"48bf693\" data-element_type=\"widget\" data-e-type=\"widget\" data-widget_type=\"text-editor.default\">\n\t\t\t\t<div class=\"elementor-widget-container\">\n\t\t\t\t\t\t\t\t\t<p>Bient\u00f4t disponible<\/p>\t\t\t\t\t\t\t\t<\/div>\n\t\t\t\t<\/div>\n\t\t\t\t<\/div>\n\t\t<div class=\"elementor-element elementor-element-8b326f2 e-con-full e-flex e-con e-child\" data-id=\"8b326f2\" data-element_type=\"container\" data-e-type=\"container\">\n\t\t\t\t<div class=\"elementor-element elementor-element-2893ee6f elementor-widget elementor-widget-heading\" data-id=\"2893ee6f\" data-element_type=\"widget\" data-e-type=\"widget\" data-widget_type=\"heading.default\">\n\t\t\t\t<div class=\"elementor-widget-container\">\n\t\t\t\t\t<h2 class=\"elementor-heading-title elementor-size-default\">Ventes et devis<\/h2>\t\t\t\t<\/div>\n\t\t\t\t<\/div>\n\t\t\t\t<div class=\"elementor-element elementor-element-2f836a71 elementor-widget elementor-widget-text-editor\" data-id=\"2f836a71\" data-element_type=\"widget\" data-e-type=\"widget\" data-widget_type=\"text-editor.default\">\n\t\t\t\t<div class=\"elementor-widget-container\">\n\t\t\t\t\t\t\t\t\t<p><a href=\"mailto:xixi@aetgear.com\">xixi@aetgear.com<\/a><\/p>\t\t\t\t\t\t\t\t<\/div>\n\t\t\t\t<\/div>\n\t\t\t\t<div class=\"elementor-element elementor-element-7176a130 elementor-widget elementor-widget-heading\" data-id=\"7176a130\" data-element_type=\"widget\" data-e-type=\"widget\" data-widget_type=\"heading.default\">\n\t\t\t\t<div class=\"elementor-widget-container\">\n\t\t\t\t\t<h2 class=\"elementor-heading-title elementor-size-default\">Demandes de renseignements g\u00e9n\u00e9raux<\/h2>\t\t\t\t<\/div>\n\t\t\t\t<\/div>\n\t\t\t\t<div class=\"elementor-element elementor-element-6d0e9953 elementor-widget elementor-widget-text-editor\" data-id=\"6d0e9953\" data-element_type=\"widget\" data-e-type=\"widget\" data-widget_type=\"text-editor.default\">\n\t\t\t\t<div class=\"elementor-widget-container\">\n\t\t\t\t\t\t\t\t\t<p><a href=\"mailto:sisii@lqcompany.com\" rel=\"nofollow\">sisii@lqcompany.com<\/a><\/p>\t\t\t\t\t\t\t\t<\/div>\n\t\t\t\t<\/div>\n\t\t\t\t<div class=\"elementor-element elementor-element-741847d5 elementor-widget elementor-widget-heading\" data-id=\"741847d5\" data-element_type=\"widget\" data-e-type=\"widget\" data-widget_type=\"heading.default\">\n\t\t\t\t<div class=\"elementor-widget-container\">\n\t\t\t\t\t<h2 class=\"elementor-heading-title elementor-size-default\">Plaintes et suggestions<\/h2>\t\t\t\t<\/div>\n\t\t\t\t<\/div>\n\t\t\t\t<div class=\"elementor-element elementor-element-741db32f elementor-widget elementor-widget-text-editor\" data-id=\"741db32f\" data-element_type=\"widget\" data-e-type=\"widget\" data-widget_type=\"text-editor.default\">\n\t\t\t\t<div class=\"elementor-widget-container\">\n\t\t\t\t\t\t\t\t\t<p><a href=\"mailto:info@aetgear.com\">info@aetgear.com<\/a><\/p>\t\t\t\t\t\t\t\t<\/div>\n\t\t\t\t<\/div>\n\t\t\t\t<\/div>\n\t\t\t\t<\/div>\n\t\t\t\t<\/div>","protected":false},"excerpt":{"rendered":"<p>Terms &#038; Conditions Welcome to L&amp;Q ARMY&#8217;s website\uff08www.lqompany.com\uff09. By accessing or using this website, you agree to comply with and be bound by the following terms and conditions. Please read them carefully before using our site. 1. Introduction These terms and conditions outline the rules and regulations for the use of L&amp;Q ARMY&#8217;s Website. By [&hellip;]<\/p>\n","protected":false},"author":1,"featured_media":0,"parent":0,"menu_order":0,"comment_status":"closed","ping_status":"open","template":"","meta":{"_acf_changed":false,"footnotes":""},"class_list":["post-3736","page","type-page","status-publish","hentry"],"blocksy_meta":[],"acf":[],"_links":{"self":[{"href":"https:\/\/www.lqcompany.com\/fr\/wp-json\/wp\/v2\/pages\/3736","targetHints":{"allow":["GET"]}}],"collection":[{"href":"https:\/\/www.lqcompany.com\/fr\/wp-json\/wp\/v2\/pages"}],"about":[{"href":"https:\/\/www.lqcompany.com\/fr\/wp-json\/wp\/v2\/types\/page"}],"author":[{"embeddable":true,"href":"https:\/\/www.lqcompany.com\/fr\/wp-json\/wp\/v2\/users\/1"}],"replies":[{"embeddable":true,"href":"https:\/\/www.lqcompany.com\/fr\/wp-json\/wp\/v2\/comments?post=3736"}],"version-history":[{"count":0,"href":"https:\/\/www.lqcompany.com\/fr\/wp-json\/wp\/v2\/pages\/3736\/revisions"}],"wp:attachment":[{"href":"https:\/\/www.lqcompany.com\/fr\/wp-json\/wp\/v2\/media?parent=3736"}],"curies":[{"name":"wp","href":"https:\/\/api.w.org\/{rel}","templated":true}]}}