{"id":3887,"date":"2024-05-23T05:41:56","date_gmt":"2024-05-23T05:41:56","guid":{"rendered":"https:\/\/lqcompany.com\/?page_id=3887"},"modified":"2024-05-23T05:43:41","modified_gmt":"2024-05-23T05:43:41","slug":"careers","status":"publish","type":"page","link":"https:\/\/www.lqcompany.com\/fi\/careers\/","title":{"rendered":"Ty\u00f6urat"},"content":{"rendered":"<div data-elementor-type=\"wp-page\" data-elementor-id=\"3887\" class=\"elementor elementor-3887\" data-elementor-settings=\"{&quot;ha_cmc_init_switcher&quot;:&quot;no&quot;}\" data-elementor-post-type=\"page\">\n\t\t\t\t<div class=\"elementor-element elementor-element-f4f339d e-flex e-con-boxed e-con e-parent\" data-id=\"f4f339d\" data-element_type=\"container\" data-e-type=\"container\" data-settings=\"{&quot;background_background&quot;:&quot;classic&quot;}\">\n\t\t\t\t\t<div class=\"e-con-inner\">\n\t\t\t\t<div class=\"elementor-element elementor-element-80035c5 elementor-widget elementor-widget-heading\" data-id=\"80035c5\" data-element_type=\"widget\" data-e-type=\"widget\" data-widget_type=\"heading.default\">\n\t\t\t\t<div class=\"elementor-widget-container\">\n\t\t\t\t\t<h1 class=\"elementor-heading-title elementor-size-default\">URAILU<\/h1>\t\t\t\t<\/div>\n\t\t\t\t<\/div>\n\t\t\t\t\t<\/div>\n\t\t\t\t<\/div>\n\t\t<div class=\"elementor-element elementor-element-0370e5e e-flex e-con-boxed e-con e-parent\" data-id=\"0370e5e\" data-element_type=\"container\" data-e-type=\"container\">\n\t\t\t\t\t<div class=\"e-con-inner\">\n\t\t\t\t<div class=\"elementor-element elementor-element-53995dd elementor-widget elementor-widget-text-editor\" data-id=\"53995dd\" data-element_type=\"widget\" data-e-type=\"widget\" data-widget_type=\"text-editor.default\">\n\t\t\t\t<div class=\"elementor-widget-container\">\n\t\t\t\t\t\t\t\t\t<h2><strong>Liity LQ ARMY -tiimiin<\/strong><\/h2><p>LQ ARMY etsii omistautuneita ammattilaisia liittym\u00e4\u00e4n tiimiimme tuotantolaitoksessamme Kaliforniassa. Tarjoamme dynaamisen ty\u00f6ymp\u00e4rist\u00f6n, jossa on mahdollisuuksia kasvuun ja kehittymiseen. Tutustu alla oleviin nykyisiin avoimiin ty\u00f6paikkoihimme ja kerro meille, sopisitko t\u00e4ydellisesti tiimiimme!<\/p><p><strong>AVOIMET ASEMAT<\/strong><\/p><h3>Laadunvalvonnan tarkastaja<\/h3><p><strong>Teht\u00e4v\u00e4t<\/strong>:<\/p><ul><li>Suorita tuotteiden perus ja edistyneen tason kokoonpano- ja tarkastusprosesseja v\u00e4h\u00e4isell\u00e4 valvonnalla.<\/li><li>Suorita laadunvalvonta ja pakkaaminen kiinnitt\u00e4en huomiota yksityiskohtiin.<\/li><li>Osoittaa tiet\u00e4myksens\u00e4 malleista, materiaaleista ja tuotteiden k\u00e4ytt\u00f6tarkoituksista.<\/li><\/ul><p><strong>Vaadittavat p\u00e4tevyydet<\/strong>:<\/p><ul><li>Huomio yksityiskohtiin ja kyky nostaa jopa 50 kiloa.<\/li><li>Lupa ty\u00f6skennell\u00e4 Yhdysvalloissa.<\/li><\/ul><p><strong>Edellytett\u00e4v\u00e4t p\u00e4tevyydet<\/strong>:<\/p><ul><li>Oma-aloitteinen henkil\u00f6, jolla on erinomaiset ongelmanratkaisutaidot.<\/li><\/ul><p><strong>Mit\u00e4 me tarjoamme<\/strong>:<\/p><ul><li>Saatavilla olevat sairaus-, hammas-, n\u00e4k\u00f6- ja lis\u00e4vakuutukset<\/li><li>Ty\u00f6ntekij\u00f6iden avustusohjelma<\/li><li>401K ja palkallinen vapaa-aika<\/li><li>Kasvu ja ammatillinen kehitys<\/li><li>Ainutlaatuinen ty\u00f6ymp\u00e4rist\u00f6<\/li><li>Kilpailukykyinen palkka<\/li><li>Palkalliset vapaap\u00e4iv\u00e4t<\/li><\/ul><p>L\u00e4het\u00e4 ansioluettelosi osoitteeseen <a href=\"mailto:jobs@lqcompany.com\">jobs@lqcompany.com<\/a>.<\/p><p>\u00a0<\/p><p>\u00a0<\/p><h3>Huoltoteknikko<\/h3><p><strong>Teht\u00e4v\u00e4t<\/strong>:<\/p><ul><li>Tuotantotoiminnan teknisten tarpeiden tukeminen ja hallinta.<\/li><li>Teollisuuden tuotantokoneiden ennaltaehk\u00e4isev\u00e4 ja reaktiivinen huolto.<\/li><li>Henkil\u00f6st\u00f6n johtaminen ja turvallisuusohjelmien tukeminen.<\/li><\/ul><p><strong>Vaadittavat p\u00e4tevyydet<\/strong>:<\/p><ul><li>Kyky nostaa jopa 50 kiloa ja ty\u00f6skennell\u00e4 40 tuntia viikossa.<\/li><li>Lupa ty\u00f6skennell\u00e4 Yhdysvalloissa.<\/li><\/ul><p><strong>Edellytett\u00e4v\u00e4t p\u00e4tevyydet<\/strong>:<\/p><ul><li>Aikaisempi kokemus teollisuuskoneiden korjauksesta ja huollosta.<\/li><\/ul><p><strong>Mit\u00e4 me tarjoamme<\/strong>:<\/p><ul><li>Saatavilla olevat sairaus-, hammas-, n\u00e4k\u00f6- ja lis\u00e4vakuutukset<\/li><li>401K ja palkallinen vapaa-aika<\/li><li>Kasvu ja ammatillinen kehitys<\/li><li>Ainutlaatuinen ty\u00f6ymp\u00e4rist\u00f6<\/li><li>Kilpailukykyinen palkka<\/li><li>Palkalliset vapaap\u00e4iv\u00e4t<\/li><\/ul><p><strong>L\u00e4het\u00e4 ansioluettelosi osoitteeseen <a href=\"mailto:jobs@lqcompany.com\">jobs@lqcompany.com<\/a>.<\/strong><\/p><p>\u00a0<\/p><p>\u00a0<\/p><h3>Asiakaspalvelun edustaja<\/h3><p><strong>Teht\u00e4v\u00e4t<\/strong>:<\/p><ul><li>Hallitse asiakastiedusteluja ja anna oikea-aikaista tukea.<\/li><li>Koordinoi eri osastojen kanssa asiakastyytyv\u00e4isyyden varmistamiseksi.<\/li><li>Yll\u00e4pid\u00e4 tuotetuntemusta ja auta asiakkaita sen mukaisesti.<\/li><\/ul><p><strong>Vaadittavat p\u00e4tevyydet<\/strong>:<\/p><ul><li>Aikaisempi kokemus asiakastuesta.<\/li><li>Lupa ty\u00f6skennell\u00e4 Yhdysvalloissa.<\/li><\/ul><p><strong>Edellytett\u00e4v\u00e4t p\u00e4tevyydet<\/strong>:<\/p><ul><li>S\u00e4hk\u00f6isen kaupank\u00e4ynnin alustojen tuntemus.<\/li><\/ul><p><strong>Mit\u00e4 me tarjoamme<\/strong>:<\/p><ul><li>Saatavilla olevat sairaus-, hammas-, n\u00e4k\u00f6- ja lis\u00e4vakuutukset<\/li><li>401K ja palkallinen vapaa-aika<\/li><li>\u00a0Kasvu ja ammatillinen kehitys<\/li><li>\u00a0Ainutlaatuinen ty\u00f6ymp\u00e4rist\u00f6<\/li><li>Kilpailukykyinen palkka<\/li><li>Palkalliset vapaap\u00e4iv\u00e4t<\/li><\/ul><p><strong>L\u00e4het\u00e4 ansioluettelosi osoitteeseen <a href=\"mailto:jobs@lqcompany.com\">jobs@lqcompany.com<\/a>.<\/strong><\/p><p>\u00a0<\/p><p>\u00a0<\/p><h3>Ompelukoneen k\u00e4ytt\u00e4j\u00e4<\/h3><p><strong>Teht\u00e4v\u00e4t<\/strong>:<\/p><ul><li>Suorittaa perusompelutoiminnot ja yll\u00e4pit\u00e4\u00e4 laadunvalvontaa.<\/li><li>Tulkita ompeluteknisi\u00e4 paketteja ja noudattaa ohjeita.<\/li><\/ul><p><strong>Vaadittavat p\u00e4tevyydet<\/strong>:<\/p><ul><li>Kyky ty\u00f6skennell\u00e4 40 tuntia viikossa ja nostaa jopa 50 kiloa.<\/li><li>Lupa ty\u00f6skennell\u00e4 Yhdysvalloissa.<\/li><\/ul><p><strong>Edellytett\u00e4v\u00e4t p\u00e4tevyydet<\/strong>:<\/p><ul><li>Vahva huomio yksityiskohtiin ja organisointikyky.<\/li><\/ul><p><strong>Mit\u00e4 me tarjoamme<\/strong>:<\/p><ul><li>Saatavilla olevat sairaus-, hammas-, n\u00e4k\u00f6- ja lis\u00e4vakuutukset<\/li><li>401K ja palkallinen vapaa-aika<\/li><li>Kasvu ja ammatillinen kehitys<\/li><li>Ainutlaatuinen ty\u00f6ymp\u00e4rist\u00f6<\/li><li>\u00a0Kilpailukykyinen palkka<\/li><li>Palkalliset vapaap\u00e4iv\u00e4t<\/li><\/ul><p><strong>L\u00e4het\u00e4 ansioluettelosi osoitteeseen <a href=\"mailto:jobs@lqcompany.com\">jobs@lqcompany.com<\/a>.<\/strong><\/p><p>\u00a0<\/p><p>\u00a0<\/p><h3>Yhdenvertainen ty\u00f6llistymismahdollisuus<\/h3><p><strong>LQ ARMY<\/strong> on sitoutunut noudattamaan yht\u00e4l\u00e4isi\u00e4 ty\u00f6llistymismahdollisuuksia (EEO). Arvostamme monimuotoisuutta emmek\u00e4 syrji ty\u00f6ntekij\u00f6it\u00e4 tai hakijoita rodun, uskonnon, ihonv\u00e4rin, kansallisen alkuper\u00e4n, seksuaalisen suuntautumisen, vammaisuuden, sotilaallisen aseman, siviilis\u00e4\u00e4dyn tai mink\u00e4\u00e4n muun lain suojaaman ominaisuuden perusteella.<\/p>\t\t\t\t\t\t\t\t<\/div>\n\t\t\t\t<\/div>\n\t\t\t\t\t<\/div>\n\t\t\t\t<\/div>\n\t\t\t\t<\/div>","protected":false},"excerpt":{"rendered":"<p>CAREERS Join the LQ ARMY Team At LQ ARMY, we&#8217;re on the lookout for dedicated professionals to join our team at our manufacturing facility in california. We offer a dynamic work environment with opportunities for growth and development. Take a look at our current job openings below and let us know if you&#8217;re the perfect [&hellip;]<\/p>\n","protected":false},"author":1,"featured_media":0,"parent":0,"menu_order":0,"comment_status":"closed","ping_status":"closed","template":"","meta":{"_acf_changed":false,"footnotes":""},"class_list":["post-3887","page","type-page","status-publish","hentry"],"blocksy_meta":[],"acf":[],"_links":{"self":[{"href":"https:\/\/www.lqcompany.com\/fi\/wp-json\/wp\/v2\/pages\/3887","targetHints":{"allow":["GET"]}}],"collection":[{"href":"https:\/\/www.lqcompany.com\/fi\/wp-json\/wp\/v2\/pages"}],"about":[{"href":"https:\/\/www.lqcompany.com\/fi\/wp-json\/wp\/v2\/types\/page"}],"author":[{"embeddable":true,"href":"https:\/\/www.lqcompany.com\/fi\/wp-json\/wp\/v2\/users\/1"}],"replies":[{"embeddable":true,"href":"https:\/\/www.lqcompany.com\/fi\/wp-json\/wp\/v2\/comments?post=3887"}],"version-history":[{"count":0,"href":"https:\/\/www.lqcompany.com\/fi\/wp-json\/wp\/v2\/pages\/3887\/revisions"}],"wp:attachment":[{"href":"https:\/\/www.lqcompany.com\/fi\/wp-json\/wp\/v2\/media?parent=3887"}],"curies":[{"name":"wp","href":"https:\/\/api.w.org\/{rel}","templated":true}]}}