{"id":3736,"date":"2024-05-21T03:36:29","date_gmt":"2024-05-21T03:36:29","guid":{"rendered":"https:\/\/lqcompany.com\/?page_id=3736"},"modified":"2024-05-21T03:46:15","modified_gmt":"2024-05-21T03:46:15","slug":"terms-conditions","status":"publish","type":"page","link":"https:\/\/www.lqcompany.com\/fi\/terms-conditions\/","title":{"rendered":"Ehdot ja edellytykset"},"content":{"rendered":"<div data-elementor-type=\"wp-page\" data-elementor-id=\"3736\" class=\"elementor elementor-3736\" data-elementor-settings=\"{&quot;ha_cmc_init_switcher&quot;:&quot;no&quot;}\" data-elementor-post-type=\"page\">\n\t\t\t\t<div class=\"elementor-element elementor-element-edf6dc3 e-flex e-con-boxed e-con e-parent\" data-id=\"edf6dc3\" data-element_type=\"container\" data-e-type=\"container\" data-settings=\"{&quot;background_background&quot;:&quot;classic&quot;}\">\n\t\t\t\t\t<div class=\"e-con-inner\">\n\t\t\t\t<div class=\"elementor-element elementor-element-e9fbd46 elementor-widget elementor-widget-heading\" data-id=\"e9fbd46\" data-element_type=\"widget\" data-e-type=\"widget\" data-widget_type=\"heading.default\">\n\t\t\t\t<div class=\"elementor-widget-container\">\n\t\t\t\t\t<h2 class=\"elementor-heading-title elementor-size-default\">Ehdot ja edellytykset<\/h2>\t\t\t\t<\/div>\n\t\t\t\t<\/div>\n\t\t\t\t\t<\/div>\n\t\t\t\t<\/div>\n\t\t<div class=\"elementor-element elementor-element-1b44bdf7 e-flex e-con-boxed e-con e-parent\" data-id=\"1b44bdf7\" data-element_type=\"container\" data-e-type=\"container\">\n\t\t\t\t\t<div class=\"e-con-inner\">\n\t\t\t\t<div class=\"elementor-element elementor-element-2937e714 elementor-widget elementor-widget-text-editor\" data-id=\"2937e714\" data-element_type=\"widget\" data-e-type=\"widget\" data-widget_type=\"text-editor.default\">\n\t\t\t\t<div class=\"elementor-widget-container\">\n\t\t\t\t\t\t\t\t\t<p>Tervetuloa L&amp;Q ARMY:n verkkosivuille\uff08.<a href=\"https:\/\/lqcompany.com\/\" target=\"_blank\" rel=\"noopener\">www.lqompany.com<\/a>\uff09. K\u00e4ym\u00e4ll\u00e4 tai k\u00e4ytt\u00e4m\u00e4ll\u00e4 t\u00e4t\u00e4 verkkosivustoa hyv\u00e4ksyt, ett\u00e4 noudatat ja sitoudut noudattamaan seuraavia ehtoja ja edellytyksi\u00e4. Lue ne huolellisesti ennen sivustomme k\u00e4ytt\u00f6\u00e4.<\/p><h3>1. Johdanto<\/h3><p>N\u00e4iss\u00e4 k\u00e4ytt\u00f6ehdoissa esitet\u00e4\u00e4n L&amp;Q ARMY:n verkkosivuston k\u00e4ytt\u00f6\u00e4 koskevat s\u00e4\u00e4nn\u00f6t ja m\u00e4\u00e4r\u00e4ykset. K\u00e4ytt\u00e4m\u00e4ll\u00e4 t\u00e4t\u00e4 verkkosivustoa hyv\u00e4ksyt n\u00e4m\u00e4 ehdot kokonaisuudessaan. Jos olet eri mielt\u00e4 jostain n\u00e4iden ehtojen osasta, et saa k\u00e4ytt\u00e4\u00e4 verkkosivustoamme.<\/p><h3>\u00a02. Immateriaalioikeudet<\/h3><p>Ellei toisin mainita, L&amp;Q ARMY ja\/tai sen lisenssinantajat omistavat verkkosivuston ja verkkosivustolla olevan materiaalin immateriaalioikeudet. Kaikki n\u00e4m\u00e4 immateriaalioikeudet on pid\u00e4tetty. Voit katsella, ladata sivuja tai muuta sis\u00e4lt\u00f6\u00e4 verkkosivustolta ainoastaan v\u00e4limuistitarkoituksiin ja tulostaa sivuja tai muuta sis\u00e4lt\u00f6\u00e4 verkkosivustolta henkil\u00f6kohtaiseen k\u00e4ytt\u00f6\u00f6n, jos j\u00e4ljemp\u00e4n\u00e4 ja muualla n\u00e4iss\u00e4 k\u00e4ytt\u00f6ehdoissa esitetyist\u00e4 rajoituksista ei muuta johdu.<\/p><h3>\u00a03. Verkkosivuston k\u00e4ytt\u00f6lupa<\/h3><p>Voit katsella, ladata sivuja tai muuta sis\u00e4lt\u00f6\u00e4 verkkosivustolta vain v\u00e4limuistitarkoituksiin ja tulostaa sivuja tai muuta sis\u00e4lt\u00f6\u00e4 verkkosivustolta henkil\u00f6kohtaiseen k\u00e4ytt\u00f6\u00f6si j\u00e4ljemp\u00e4n\u00e4 ja muualla n\u00e4iss\u00e4 k\u00e4ytt\u00f6ehdoissa esitettyjen rajoitusten mukaisesti. Et saa:<br \/>- Julkaista uudelleen materiaalia t\u00e4lt\u00e4 verkkosivustolta (mukaan lukien uudelleenjulkaisu toisella verkkosivustolla);<br \/>- Myyd\u00e4, vuokrata tai alilisensoida verkkosivuston materiaalia;<br \/>- N\u00e4yt\u00e4 julkisesti verkkosivuston materiaalia;<br \/>- j\u00e4ljent\u00e4\u00e4, monistaa, kopioida tai muuten hy\u00f6dynt\u00e4\u00e4 verkkosivustollamme olevaa materiaalia kaupallisessa tarkoituksessa;<br \/>- Muokata tai muutoin muuttaa verkkosivuston materiaalia; tai<br \/>- Jakaa uudelleen t\u00e4m\u00e4n verkkosivuston materiaalia lukuun ottamatta sis\u00e4lt\u00f6\u00e4, joka on nimenomaisesti ja nimenomaisesti annettu uudelleenjakelua varten.<\/p><h3>4. Hyv\u00e4ksytty k\u00e4ytt\u00f6<\/h3><p>Et saa k\u00e4ytt\u00e4\u00e4 verkkosivustoamme mill\u00e4\u00e4n tavalla, joka aiheuttaa tai voi aiheuttaa vahinkoa verkkosivustolle tai heikent\u00e4\u00e4 verkkosivuston saatavuutta tai saavutettavuutta, tai mill\u00e4\u00e4n tavalla, joka on lainvastainen, laiton, petollinen tai haitallinen, tai liittyen johonkin lainvastaiseen, laittomaan, petolliseen tai haitalliseen tarkoitukseen tai toimintaan. Verkkosivustoamme ei saa k\u00e4ytt\u00e4\u00e4 kopioimiseen, tallentamiseen, is\u00e4nn\u00f6intiin, l\u00e4hett\u00e4miseen, l\u00e4hett\u00e4miseen, k\u00e4ytt\u00e4miseen, julkaisemiseen tai jakeluun mit\u00e4\u00e4n aineistoa, joka koostuu (tai on linkitetty) vakoiluohjelmista, tietokoneviruksista, troijalaisista, matoista, n\u00e4pp\u00e4inly\u00f6nnin tallentajista, rootkit-ohjelmista tai muista haitallisista tietokoneohjelmista. Et saa suorittaa systemaattisia tai automatisoituja tiedonkeruutoimia (mukaan lukien rajoituksetta kaavinta, tiedonlouhinta, tietojen louhinta ja tietojen ker\u00e4\u00e4minen) verkkosivustollamme tai siihen liittyen ilman nimenomaista kirjallista suostumustamme.<\/p><h3>\u00a05. Rajoitettu p\u00e4\u00e4sy<\/h3><p>P\u00e4\u00e4sy tietyille verkkosivustomme alueille on rajoitettu. Pid\u00e4t\u00e4mme oikeuden rajoittaa p\u00e4\u00e4sy\u00e4 verkkosivustomme muille alueille tai jopa koko verkkosivustolle harkintamme mukaan. Jos annamme sinulle k\u00e4ytt\u00e4j\u00e4tunnuksen ja salasanan, joiden avulla p\u00e4\u00e4set verkkosivustomme rajoitettuihin alueisiin tai muuhun sis\u00e4lt\u00f6\u00f6n tai palveluihin, sinun on varmistettava, ett\u00e4 k\u00e4ytt\u00e4j\u00e4tunnus ja salasana pidet\u00e4\u00e4n luottamuksellisina. Voimme poistaa k\u00e4ytt\u00e4j\u00e4tunnuksesi ja salasanasi k\u00e4yt\u00f6st\u00e4 oman harkintamme mukaan ilman ennakkoilmoitusta tai selityst\u00e4.<\/p><h3>6. K\u00e4ytt\u00e4j\u00e4n sis\u00e4lt\u00f6<\/h3><p>N\u00e4iss\u00e4 k\u00e4ytt\u00f6ehdoissa \"k\u00e4ytt\u00e4j\u00e4n sis\u00e4ll\u00f6ll\u00e4\" tarkoitetaan materiaalia (mukaan lukien rajoituksetta teksti, kuvat, \u00e4\u00e4ni-, video- ja audiovisuaalinen materiaali), jonka l\u00e4het\u00e4t verkkosivustollemme mihin tahansa tarkoitukseen. My\u00f6nn\u00e4t meille maailmanlaajuisen, peruuttamattoman, ei-yksinomaisen ja rojaltivapaan luvan k\u00e4ytt\u00e4\u00e4, j\u00e4ljent\u00e4\u00e4, mukauttaa, julkaista, k\u00e4\u00e4nt\u00e4\u00e4 ja levitt\u00e4\u00e4 k\u00e4ytt\u00e4j\u00e4sis\u00e4lt\u00f6\u00e4si miss\u00e4 tahansa nykyisess\u00e4 tai tulevassa mediassa. My\u00f6nn\u00e4t meille my\u00f6s oikeuden alilisensoida n\u00e4m\u00e4 oikeudet ja oikeuden nostaa kanne n\u00e4iden oikeuksien loukkaamisesta.<\/p><h3>7. Hyperlinkitys sis\u00e4lt\u00f6\u00f6mme<\/h3><p>Seuraavat organisaatiot voivat linkitt\u00e4\u00e4 verkkosivustollemme ilman kirjallista lupaa:<br \/>- Valtion virastot;<br \/>- Hakukoneet;<br \/>- Uutisorganisaatiot;<br \/>- Verkkohakemistojen jakelijat voivat linkitt\u00e4\u00e4 verkkosivuillemme samalla tavalla kuin ne linkitt\u00e4v\u00e4t muiden listattujen yritysten verkkosivuille; ja<br \/>- J\u00e4rjestelm\u00e4n laajuiset akkreditoidut yritykset lukuun ottamatta voittoa tavoittelemattomia j\u00e4rjest\u00f6j\u00e4, hyv\u00e4ntekev\u00e4isyysostoskeskuksia ja hyv\u00e4ntekev\u00e4isyysvarainhankintaryhmi\u00e4, jotka eiv\u00e4t saa linkitt\u00e4\u00e4 verkkosivustollemme.<\/p><p>N\u00e4m\u00e4 organisaatiot voivat linkitt\u00e4\u00e4 kotisivuillemme, julkaisuihin tai muihin verkkosivuston tietoihin niin kauan kuin linkki on linkki: (a) ei ole mill\u00e4\u00e4n tavoin harhaanjohtava, (b) ei anna v\u00e4\u00e4r\u00e4\u00e4 kuvaa linkin antavan osapuolen ja sen tuotteiden ja\/tai palveluiden sponsoroinnista, tukemisesta tai hyv\u00e4ksymisest\u00e4 ja (c) sopii linkin antavan osapuolen sivuston yhteyteen.<\/p><p>Voimme harkita ja hyv\u00e4ksy\u00e4 muita linkkipyynt\u00f6j\u00e4 seuraavantyyppisilt\u00e4 organisaatioilta:<br \/>- Yleisesti tunnetut kuluttajien ja\/tai yritysten tietol\u00e4hteet;<br \/>- Dot.com-yhteis\u00f6n sivustot;<br \/>- yhdistykset tai muut hyv\u00e4ntekev\u00e4isyysj\u00e4rjest\u00f6j\u00e4 edustavat ryhm\u00e4t;<br \/>- Verkkohakemiston jakelijat;<br \/>- Internet-portaalit;<br \/>- kirjanpito-, laki- ja konsulttiyritykset; ja<br \/>- Oppilaitokset ja ammattij\u00e4rjest\u00f6t.<\/p><p>Hyv\u00e4ksymme n\u00e4iden organisaatioiden linkkipyynn\u00f6t, jos p\u00e4\u00e4t\u00e4mme niin: (a) linkki ei saisi meit\u00e4 n\u00e4ytt\u00e4m\u00e4\u00e4n ep\u00e4edulliselta itsest\u00e4mme tai akkreditoiduista yrityksist\u00e4mme, (b) organisaatiolla ei ole negatiivisia tietoja meist\u00e4, (c) hyperlinkin n\u00e4kyvyydest\u00e4 meille koituva hy\u00f6ty kompensoi L&amp;Q ARMY:n poissaolon ja (d) linkki liittyy yleisiin resurssitietoihin.<\/p><p>N\u00e4m\u00e4 organisaatiot voivat linkitt\u00e4\u00e4 kotisivuillemme niin kauan kuin linkki: (a) ei ole mill\u00e4\u00e4n tavalla harhaanjohtava; (b) ei anna v\u00e4\u00e4r\u00e4\u00e4 kuvaa linkin antavan osapuolen ja sen tuotteiden tai palveluiden sponsoroinnista, hyv\u00e4ksymisest\u00e4 tai hyv\u00e4ksynn\u00e4st\u00e4; ja (c) sopii linkin antavan osapuolen sivuston yhteyteen.<\/p><p>Jos olet yksi edell\u00e4 kohdassa 2 luetelluista organisaatioista ja olet kiinnostunut linkitt\u00e4misest\u00e4 verkkosivuillemme, sinun on ilmoitettava siit\u00e4 meille l\u00e4hett\u00e4m\u00e4ll\u00e4 s\u00e4hk\u00f6postia osoitteeseen L&amp;Q ARMY. Liit\u00e4 mukaan nimesi, organisaatiosi nimi, yhteystietosi sek\u00e4 sivustosi URL-osoite, luettelo kaikista URL-osoitteista, joista aiot linkitt\u00e4\u00e4 sivustollemme, ja luettelo sivustomme URL-osoitteista, joihin haluat linkitt\u00e4\u00e4. Odota vastausta 2-3 viikkoa.<\/p><p>Hyv\u00e4ksytyt organisaatiot voivat luoda hyperlinkkej\u00e4 verkkosivustollemme seuraavasti:<br \/>- Yritysnime\u00e4mme k\u00e4ytt\u00e4m\u00e4ll\u00e4; tai<br \/>- k\u00e4ytt\u00e4m\u00e4ll\u00e4 yhten\u00e4ist\u00e4 resurssinhakutunnusta, johon linkki on osoitettu; tai<br \/>- K\u00e4ytt\u00e4m\u00e4ll\u00e4 mit\u00e4 tahansa muuta linkitett\u00e4v\u00e4n verkkosivustomme kuvausta, joka on j\u00e4rkev\u00e4\u00e4 linkin tarjoavan osapuolen sivuston sis\u00e4ll\u00f6n kontekstissa ja muodossa.<\/p><p>L&amp;Q ARMY:n logon tai muun taideteoksen k\u00e4ytt\u00f6\u00e4 linkitt\u00e4miseen ei sallita ilman tavaramerkin lisenssisopimusta.<\/p><h3>8. Sis\u00e4ll\u00f6llinen vastuu<\/h3><p>Emme ole vastuussa verkkosivustollasi olevasta sis\u00e4ll\u00f6st\u00e4. Sitoudut suojaamaan ja puolustamaan meit\u00e4 kaikkia verkkosivustollasi esitettyj\u00e4 vaatimuksia vastaan. Verkkosivustolla ei saa olla linkkej\u00e4, jotka voidaan tulkita herjaaviksi, s\u00e4\u00e4dytt\u00f6miksi tai rikollisiksi tai jotka loukkaavat tai muutoin rikkovat kolmansien osapuolten oikeuksia tai puoltavat niiden loukkaamista tai muuta rikkomista.<\/p><h3>9. Oikeuksien varaaminen<\/h3><p>Pid\u00e4t\u00e4mme oikeuden pyyt\u00e4\u00e4 sinua poistamaan kaikki linkit tai mink\u00e4 tahansa tietyn linkin verkkosivustollemme. Suostut poistamaan v\u00e4litt\u00f6m\u00e4sti kaikki linkit verkkosivustollemme pyynn\u00f6st\u00e4. Pid\u00e4t\u00e4mme my\u00f6s oikeuden muuttaa n\u00e4it\u00e4 ehtoja ja linkitysk\u00e4yt\u00e4nt\u00f6\u00e4 milloin tahansa. Linkitt\u00e4m\u00e4ll\u00e4 jatkuvasti verkkosivustollemme suostut noudattamaan n\u00e4it\u00e4 linkitysehtoja ja sitoudut noudattamaan niit\u00e4.<\/p><h3>10. Linkkien poistaminen verkkosivustoltamme<\/h3><p>Jos l\u00f6yd\u00e4t verkkosivustollamme linkin, joka on jostain syyst\u00e4 loukkaava, voit ottaa meihin yhteytt\u00e4 ja ilmoittaa siit\u00e4 milloin tahansa. Harkitsemme pyynt\u00f6j\u00e4 linkkien poistamiseksi, mutta emme ole velvollisia tekem\u00e4\u00e4n niin tai vastaamaan sinulle suoraan. Emme varmista, ett\u00e4 t\u00e4ll\u00e4 verkkosivustolla olevat tiedot ovat oikeita. Emme takaa niiden t\u00e4ydellisyytt\u00e4 tai tarkkuutta, emmek\u00e4 lupaa varmistaa, ett\u00e4 verkkosivusto pysyy saatavilla tai ett\u00e4 verkkosivustolla oleva materiaali pidet\u00e4\u00e4n ajan tasalla.<\/p><h2>11. Vastuuvapauslauseke<\/h2><p>Sovellettavan lain sallimissa rajoissa suljemme pois kaikki verkkosivustoomme ja sen k\u00e4ytt\u00f6\u00f6n liittyv\u00e4t vakuutukset, takuut ja ehdot. Mik\u00e4\u00e4n t\u00e4ss\u00e4 vastuuvapauslausekkeessa ei:<br \/>- rajoittaa tai sulkea pois meid\u00e4n tai teid\u00e4n vastuunne kuolemasta tai henkil\u00f6vahingosta;<br \/>- rajoittaa tai sulkea pois meid\u00e4n tai teid\u00e4n vastuunne petoksesta tai vilpillisest\u00e4 harhaanjohtamisesta;<br \/>- rajoittaa meid\u00e4n tai sinun vastuitasi mill\u00e4\u00e4n tavalla, joka ei ole sovellettavan lain mukaan sallittua; tai<br \/>- sulkea pois kaikki meid\u00e4n tai sinun vastuumme, joita ei sovellettavan lain mukaan voida sulkea pois.<\/p><p>T\u00e4ss\u00e4 kohdassa ja muualla t\u00e4ss\u00e4 vastuuvapauslausekkeessa esitetyt vastuunrajoitukset ja -kiellot: (a) ovat edellisen kappaleen alaisia; ja (b) koskevat kaikkia vastuita, jotka johtuvat vastuuvapauslausekkeesta, mukaan lukien sopimuksesta, vahingonkorvausvelvollisuudesta ja lakis\u00e4\u00e4teisen velvollisuuden rikkomisesta johtuvat vastuut.<\/p><p>Niin kauan kuin verkkosivusto ja sen sis\u00e4lt\u00e4m\u00e4t tiedot ja palvelut ovat maksuttomia, emme ole vastuussa mist\u00e4\u00e4n menetyksest\u00e4 tai vahingosta.<\/p>\t\t\t\t\t\t\t\t<\/div>\n\t\t\t\t<\/div>\n\t\t\t\t\t<\/div>\n\t\t\t\t<\/div>\n\t\t<div class=\"elementor-element elementor-element-1aa4a921 e-con-full e-flex e-con e-parent\" data-id=\"1aa4a921\" data-element_type=\"container\" data-e-type=\"container\">\n\t\t<div class=\"elementor-element elementor-element-475459a8 e-con-full e-flex e-con e-child\" data-id=\"475459a8\" data-element_type=\"container\" data-e-type=\"container\">\n\t\t\t\t<div class=\"elementor-element elementor-element-2d325b8a elementor-widget elementor-widget-image\" data-id=\"2d325b8a\" data-element_type=\"widget\" data-e-type=\"widget\" data-widget_type=\"image.default\">\n\t\t\t\t<div class=\"elementor-widget-container\">\n\t\t\t\t\t\t\t\t\t\t\t\t\t\t\t<img loading=\"lazy\" decoding=\"async\" width=\"150\" height=\"150\" src=\"https:\/\/www.lqcompany.com\/wp-content\/uploads\/2024\/04\/lq_army_logo-1-150x150.png\" class=\"attachment-thumbnail size-thumbnail wp-image-1442\" alt=\"lq_armeijan_logo\" srcset=\"https:\/\/www.lqcompany.com\/wp-content\/uploads\/2024\/04\/lq_army_logo-1-150x150.png 150w, https:\/\/www.lqcompany.com\/wp-content\/uploads\/2024\/04\/lq_army_logo-1-12x12.png 12w, https:\/\/www.lqcompany.com\/wp-content\/uploads\/2024\/04\/lq_army_logo-1.png 200w\" sizes=\"auto, (max-width: 150px) 100vw, 150px\" \/>\t\t\t\t\t\t\t\t\t\t\t\t\t\t\t<\/div>\n\t\t\t\t<\/div>\n\t\t\t\t<\/div>\n\t\t<div class=\"elementor-element elementor-element-7705a737 e-con-full e-flex e-con e-child\" data-id=\"7705a737\" data-element_type=\"container\" data-e-type=\"container\">\n\t\t\t\t<div class=\"elementor-element elementor-element-47b982c4 elementor-widget elementor-widget-heading\" data-id=\"47b982c4\" data-element_type=\"widget\" data-e-type=\"widget\" data-widget_type=\"heading.default\">\n\t\t\t\t<div class=\"elementor-widget-container\">\n\t\t\t\t\t<h2 class=\"elementor-heading-title elementor-size-default\">Valitse Tactical Gearin luotettu nimi: L&amp;Q<\/h2>\t\t\t\t<\/div>\n\t\t\t\t<\/div>\n\t\t\t\t<div class=\"elementor-element elementor-element-5ef53ee5 elementor-widget elementor-widget-text-editor\" data-id=\"5ef53ee5\" data-element_type=\"widget\" data-e-type=\"widget\" data-widget_type=\"text-editor.default\">\n\t\t\t\t<div class=\"elementor-widget-container\">\n\t\t\t\t\t\t\t\t\t<p>Luotettava kumppanisi ylivoimaisiin laiteratkaisuihin<\/p>\t\t\t\t\t\t\t\t<\/div>\n\t\t\t\t<\/div>\n\t\t\t\t<\/div>\n\t\t<div class=\"elementor-element elementor-element-5297cf20 e-con-full e-flex e-con e-child\" data-id=\"5297cf20\" data-element_type=\"container\" data-e-type=\"container\">\n\t\t\t\t<div class=\"elementor-element elementor-element-6b7fe368 elementor-position-top elementor-widget elementor-widget-image-box\" data-id=\"6b7fe368\" data-element_type=\"widget\" data-e-type=\"widget\" data-widget_type=\"image-box.default\">\n\t\t\t\t<div class=\"elementor-widget-container\">\n\t\t\t\t\t<div class=\"elementor-image-box-wrapper\"><figure class=\"elementor-image-box-img\"><img loading=\"lazy\" decoding=\"async\" width=\"352\" height=\"185\" src=\"https:\/\/www.lqcompany.com\/wp-content\/uploads\/2024\/04\/u30186643243330800651fm253fmtautoapp138fJPEG.jpg\" class=\"attachment-full size-full wp-image-2373\" alt=\"\" srcset=\"https:\/\/www.lqcompany.com\/wp-content\/uploads\/2024\/04\/u30186643243330800651fm253fmtautoapp138fJPEG-300x158.jpg 300w, https:\/\/www.lqcompany.com\/wp-content\/uploads\/2024\/04\/u30186643243330800651fm253fmtautoapp138fJPEG-18x9.jpg 18w, https:\/\/www.lqcompany.com\/wp-content\/uploads\/2024\/04\/u30186643243330800651fm253fmtautoapp138fJPEG.jpg 352w\" sizes=\"auto, (max-width: 352px) 100vw, 352px\" \/><\/figure><div class=\"elementor-image-box-content\"><p class=\"elementor-image-box-title\">Kalifornia(Toimistot ja varastot)<\/p><p class=\"elementor-image-box-description\">1951 S Parco Ave Unit E Ontario CA 91761, Yhdysvallat<\/p><\/div><\/div>\t\t\t\t<\/div>\n\t\t\t\t<\/div>\n\t\t\t\t<div class=\"elementor-element elementor-element-1ea5ca4f elementor-widget elementor-widget-heading\" data-id=\"1ea5ca4f\" data-element_type=\"widget\" data-e-type=\"widget\" data-widget_type=\"heading.default\">\n\t\t\t\t<div class=\"elementor-widget-container\">\n\t\t\t\t\t<p class=\"elementor-heading-title elementor-size-default\">Texas(Toimistot ja varastot)<\/p>\t\t\t\t<\/div>\n\t\t\t\t<\/div>\n\t\t\t\t<div class=\"elementor-element elementor-element-b87c48d elementor-widget elementor-widget-text-editor\" data-id=\"b87c48d\" data-element_type=\"widget\" data-e-type=\"widget\" data-widget_type=\"text-editor.default\">\n\t\t\t\t<div class=\"elementor-widget-container\">\n\t\t\t\t\t\t\t\t\t<p>4755 Alpine Drive, Suite 125, Stafford, TX77477, Yhdysvallat<\/p>\t\t\t\t\t\t\t\t<\/div>\n\t\t\t\t<\/div>\n\t\t\t\t<\/div>\n\t\t<div class=\"elementor-element elementor-element-24c13391 e-con-full e-flex e-con e-child\" data-id=\"24c13391\" data-element_type=\"container\" data-e-type=\"container\">\n\t\t\t\t<div class=\"elementor-element elementor-element-19c7e7ef elementor-position-top elementor-widget elementor-widget-image-box\" data-id=\"19c7e7ef\" data-element_type=\"widget\" data-e-type=\"widget\" data-widget_type=\"image-box.default\">\n\t\t\t\t<div class=\"elementor-widget-container\">\n\t\t\t\t\t<div class=\"elementor-image-box-wrapper\"><figure class=\"elementor-image-box-img\"><img loading=\"lazy\" decoding=\"async\" width=\"536\" height=\"357\" src=\"https:\/\/www.lqcompany.com\/wp-content\/uploads\/2024\/04\/d0c8a786c9177f3e67097eaf9c852cc79f3df8dcf874.png\" class=\"attachment-full size-full wp-image-2374\" alt=\"\" srcset=\"https:\/\/www.lqcompany.com\/wp-content\/uploads\/2024\/04\/d0c8a786c9177f3e67097eaf9c852cc79f3df8dcf874-300x200.png 300w, https:\/\/www.lqcompany.com\/wp-content\/uploads\/2024\/04\/d0c8a786c9177f3e67097eaf9c852cc79f3df8dcf874-18x12.png 18w, https:\/\/www.lqcompany.com\/wp-content\/uploads\/2024\/04\/d0c8a786c9177f3e67097eaf9c852cc79f3df8dcf874.png 536w\" sizes=\"auto, (max-width: 536px) 100vw, 536px\" \/><\/figure><div class=\"elementor-image-box-content\"><p class=\"elementor-image-box-title\">Kiina (ty\u00f6paja ja toimisto)<\/p><p class=\"elementor-image-box-description\">No.368 , HaoXin Building , ChongHong Street,Quanzhou City ,Fujian Province<\/p><\/div><\/div>\t\t\t\t<\/div>\n\t\t\t\t<\/div>\n\t\t\t\t<div class=\"elementor-element elementor-element-493cb81 elementor-widget elementor-widget-heading\" data-id=\"493cb81\" data-element_type=\"widget\" data-e-type=\"widget\" data-widget_type=\"heading.default\">\n\t\t\t\t<div class=\"elementor-widget-container\">\n\t\t\t\t\t<p class=\"elementor-heading-title elementor-size-default\">Vietnam (toimisto ja ty\u00f6paja)<\/p>\t\t\t\t<\/div>\n\t\t\t\t<\/div>\n\t\t\t\t<div class=\"elementor-element elementor-element-48bf693 elementor-widget elementor-widget-text-editor\" data-id=\"48bf693\" data-element_type=\"widget\" data-e-type=\"widget\" data-widget_type=\"text-editor.default\">\n\t\t\t\t<div class=\"elementor-widget-container\">\n\t\t\t\t\t\t\t\t\t<p>Tulossa pian<\/p>\t\t\t\t\t\t\t\t<\/div>\n\t\t\t\t<\/div>\n\t\t\t\t<\/div>\n\t\t<div class=\"elementor-element elementor-element-8b326f2 e-con-full e-flex e-con e-child\" data-id=\"8b326f2\" data-element_type=\"container\" data-e-type=\"container\">\n\t\t\t\t<div class=\"elementor-element elementor-element-2893ee6f elementor-widget elementor-widget-heading\" data-id=\"2893ee6f\" data-element_type=\"widget\" data-e-type=\"widget\" data-widget_type=\"heading.default\">\n\t\t\t\t<div class=\"elementor-widget-container\">\n\t\t\t\t\t<h2 class=\"elementor-heading-title elementor-size-default\">Myynti ja tarjoukset<\/h2>\t\t\t\t<\/div>\n\t\t\t\t<\/div>\n\t\t\t\t<div class=\"elementor-element elementor-element-2f836a71 elementor-widget elementor-widget-text-editor\" data-id=\"2f836a71\" data-element_type=\"widget\" data-e-type=\"widget\" data-widget_type=\"text-editor.default\">\n\t\t\t\t<div class=\"elementor-widget-container\">\n\t\t\t\t\t\t\t\t\t<p><a href=\"mailto:xixi@aetgear.com\">xixi@aetgear.com<\/a><\/p>\t\t\t\t\t\t\t\t<\/div>\n\t\t\t\t<\/div>\n\t\t\t\t<div class=\"elementor-element elementor-element-7176a130 elementor-widget elementor-widget-heading\" data-id=\"7176a130\" data-element_type=\"widget\" data-e-type=\"widget\" data-widget_type=\"heading.default\">\n\t\t\t\t<div class=\"elementor-widget-container\">\n\t\t\t\t\t<h2 class=\"elementor-heading-title elementor-size-default\">Yleiset tiedustelut<\/h2>\t\t\t\t<\/div>\n\t\t\t\t<\/div>\n\t\t\t\t<div class=\"elementor-element elementor-element-6d0e9953 elementor-widget elementor-widget-text-editor\" data-id=\"6d0e9953\" data-element_type=\"widget\" data-e-type=\"widget\" data-widget_type=\"text-editor.default\">\n\t\t\t\t<div class=\"elementor-widget-container\">\n\t\t\t\t\t\t\t\t\t<p><a href=\"mailto:sisii@lqcompany.com\" rel=\"nofollow\">sisii@lqcompany.com<\/a><\/p>\t\t\t\t\t\t\t\t<\/div>\n\t\t\t\t<\/div>\n\t\t\t\t<div class=\"elementor-element elementor-element-741847d5 elementor-widget elementor-widget-heading\" data-id=\"741847d5\" data-element_type=\"widget\" data-e-type=\"widget\" data-widget_type=\"heading.default\">\n\t\t\t\t<div class=\"elementor-widget-container\">\n\t\t\t\t\t<h2 class=\"elementor-heading-title elementor-size-default\">Valitukset ja ehdotukset<\/h2>\t\t\t\t<\/div>\n\t\t\t\t<\/div>\n\t\t\t\t<div class=\"elementor-element elementor-element-741db32f elementor-widget elementor-widget-text-editor\" data-id=\"741db32f\" data-element_type=\"widget\" data-e-type=\"widget\" data-widget_type=\"text-editor.default\">\n\t\t\t\t<div class=\"elementor-widget-container\">\n\t\t\t\t\t\t\t\t\t<p><a href=\"mailto:info@aetgear.com\">info@aetgear.com<\/a><\/p>\t\t\t\t\t\t\t\t<\/div>\n\t\t\t\t<\/div>\n\t\t\t\t<\/div>\n\t\t\t\t<\/div>\n\t\t\t\t<\/div>","protected":false},"excerpt":{"rendered":"<p>Terms &#038; Conditions Welcome to L&amp;Q ARMY&#8217;s website\uff08www.lqompany.com\uff09. By accessing or using this website, you agree to comply with and be bound by the following terms and conditions. Please read them carefully before using our site. 1. Introduction These terms and conditions outline the rules and regulations for the use of L&amp;Q ARMY&#8217;s Website. By [&hellip;]<\/p>\n","protected":false},"author":1,"featured_media":0,"parent":0,"menu_order":0,"comment_status":"closed","ping_status":"open","template":"","meta":{"_acf_changed":false,"footnotes":""},"class_list":["post-3736","page","type-page","status-publish","hentry"],"blocksy_meta":[],"acf":[],"_links":{"self":[{"href":"https:\/\/www.lqcompany.com\/fi\/wp-json\/wp\/v2\/pages\/3736","targetHints":{"allow":["GET"]}}],"collection":[{"href":"https:\/\/www.lqcompany.com\/fi\/wp-json\/wp\/v2\/pages"}],"about":[{"href":"https:\/\/www.lqcompany.com\/fi\/wp-json\/wp\/v2\/types\/page"}],"author":[{"embeddable":true,"href":"https:\/\/www.lqcompany.com\/fi\/wp-json\/wp\/v2\/users\/1"}],"replies":[{"embeddable":true,"href":"https:\/\/www.lqcompany.com\/fi\/wp-json\/wp\/v2\/comments?post=3736"}],"version-history":[{"count":0,"href":"https:\/\/www.lqcompany.com\/fi\/wp-json\/wp\/v2\/pages\/3736\/revisions"}],"wp:attachment":[{"href":"https:\/\/www.lqcompany.com\/fi\/wp-json\/wp\/v2\/media?parent=3736"}],"curies":[{"name":"wp","href":"https:\/\/api.w.org\/{rel}","templated":true}]}}