{"id":967,"date":"2022-08-31T07:14:53","date_gmt":"2022-08-31T07:14:53","guid":{"rendered":"https:\/\/demo.creativethemes.com\/elementor\/charity\/?page_id=967"},"modified":"2025-07-03T08:29:57","modified_gmt":"2025-07-03T08:29:57","slug":"portfolio","status":"publish","type":"page","link":"https:\/\/www.lqcompany.com\/es\/portfolio\/","title":{"rendered":"Cartera"},"content":{"rendered":"<div data-elementor-type=\"wp-page\" data-elementor-id=\"967\" class=\"elementor elementor-967\" data-elementor-settings=\"{&quot;ha_cmc_init_switcher&quot;:&quot;no&quot;}\" data-elementor-post-type=\"page\">\n\t\t\t\t\t\t<section class=\"elementor-section elementor-top-section elementor-element elementor-element-2122f9d9 elementor-section-height-min-height elementor-section-boxed elementor-section-height-default elementor-section-items-middle\" data-id=\"2122f9d9\" data-element_type=\"section\" data-e-type=\"section\" data-settings=\"{&quot;background_background&quot;:&quot;classic&quot;}\">\n\t\t\t\t\t\t\t<div class=\"elementor-background-overlay\"><\/div>\n\t\t\t\t\t\t\t<div class=\"elementor-container elementor-column-gap-default\">\n\t\t\t\t\t<div class=\"elementor-column elementor-col-50 elementor-top-column elementor-element elementor-element-120d904a\" data-id=\"120d904a\" data-element_type=\"column\" data-e-type=\"column\" data-settings=\"{&quot;background_background&quot;:&quot;classic&quot;}\">\n\t\t\t<div class=\"elementor-widget-wrap elementor-element-populated\">\n\t\t\t\t\t\t<div class=\"elementor-element elementor-element-52740acb elementor-widget elementor-widget-heading\" data-id=\"52740acb\" data-element_type=\"widget\" data-e-type=\"widget\" data-widget_type=\"heading.default\">\n\t\t\t\t<div class=\"elementor-widget-container\">\n\t\t\t\t\t<h1 class=\"elementor-heading-title elementor-size-default\">Cartera de equipo t\u00e1ctico<\/h1>\t\t\t\t<\/div>\n\t\t\t\t<\/div>\n\t\t\t\t<div class=\"elementor-element elementor-element-2a6f8cba elementor-mobile-align-left elementor-widget elementor-widget-button\" data-id=\"2a6f8cba\" data-element_type=\"widget\" data-e-type=\"widget\" data-widget_type=\"button.default\">\n\t\t\t\t<div class=\"elementor-widget-container\">\n\t\t\t\t\t\t\t\t\t<div class=\"elementor-button-wrapper\">\n\t\t\t\t\t<a class=\"elementor-button elementor-button-link elementor-size-sm elementor-animation-grow\" href=\"#elementor-action%3Aaction%3Dpopup%3Aopen%26settings%3DeyJpZCI6IjM4MDIiLCJ0b2dnbGUiOmZhbHNlfQ%3D%3D\">\n\t\t\t\t\t\t<span class=\"elementor-button-content-wrapper\">\n\t\t\t\t\t\t\t\t\t<span class=\"elementor-button-text\">Reserva Ahora<\/span>\n\t\t\t\t\t<\/span>\n\t\t\t\t\t<\/a>\n\t\t\t\t<\/div>\n\t\t\t\t\t\t\t\t<\/div>\n\t\t\t\t<\/div>\n\t\t\t\t\t<\/div>\n\t\t<\/div>\n\t\t\t\t<div class=\"elementor-column elementor-col-50 elementor-top-column elementor-element elementor-element-7100a45e\" data-id=\"7100a45e\" data-element_type=\"column\" data-e-type=\"column\">\n\t\t\t<div class=\"elementor-widget-wrap elementor-element-populated\">\n\t\t\t\t\t\t<div class=\"elementor-element elementor-element-6432668c elementor-widget elementor-widget-text-editor\" data-id=\"6432668c\" data-element_type=\"widget\" data-e-type=\"widget\" data-widget_type=\"text-editor.default\">\n\t\t\t\t<div class=\"elementor-widget-container\">\n\t\t\t\t\t\t\t\t\t<p><a href=\"https:\/\/lqcompany.com\/\" target=\"_blank\" rel=\"noopener\">Casa<\/a> &gt; Recursos &gt; Cartera<\/p>\t\t\t\t\t\t\t\t<\/div>\n\t\t\t\t<\/div>\n\t\t\t\t\t<\/div>\n\t\t<\/div>\n\t\t\t\t\t<\/div>\n\t\t<\/section>\n\t\t<div class=\"elementor-element elementor-element-a73e5f7 e-flex e-con-boxed e-con e-parent\" data-id=\"a73e5f7\" data-element_type=\"container\" data-e-type=\"container\">\n\t\t\t\t\t<div class=\"e-con-inner\">\n\t\t<div class=\"elementor-element elementor-element-7b8ed7e e-con-full e-flex e-con e-child\" data-id=\"7b8ed7e\" data-element_type=\"container\" data-e-type=\"container\">\n\t\t\t\t<div class=\"elementor-element elementor-element-73d9737 ha-pre--top elementor-widget elementor-widget-ha-hover-box happy-addon ha-hover-box happy-addon-pro\" data-id=\"73d9737\" data-element_type=\"widget\" data-e-type=\"widget\" data-widget_type=\"ha-hover-box.default\">\n\t\t\t\t<div class=\"elementor-widget-container\">\n\t\t\t\t\t\n                    <a class=\"ha-flip-btn\" href=\"https:\/\/www.lqcompany.com\/es\/tactical-backpack\/30l-molle-army-assault-backpack\/\">\n        \n            <div class=\"ha-hover-box-main\">\n                <div class=\"ha-hover-box-wrapper reverse\">\n                    <div class=\"ha-hover-box-content\">\n\n                        \n                        <div>\n                            <p class=\"ha-hover-title\">Mochila de asalto militar MOLLE<\/p>\n                                                            <p class=\"ha-hover-description\">\n                                    perfecta para las fuerzas del orden y los entusiastas de las actividades al aire libre. La mochila tiene cuatro compartimentos expansibles que proporcionan hasta 30 litros de almacenamiento.                                <\/p>\n                                                    <\/div>\n                    <\/div>\n                <\/div>\n            <\/div>\n                   <\/a>\n        \n        \t\t\t\t<\/div>\n\t\t\t\t<\/div>\n\t\t<div class=\"elementor-element elementor-element-c61415b e-grid e-con-boxed e-con e-child\" data-id=\"c61415b\" data-element_type=\"container\" data-e-type=\"container\">\n\t\t\t\t\t<div class=\"e-con-inner\">\n\t\t\t\t<div class=\"elementor-element elementor-element-36804ff ha-pre--top elementor-widget elementor-widget-ha-hover-box happy-addon ha-hover-box happy-addon-pro\" data-id=\"36804ff\" data-element_type=\"widget\" data-e-type=\"widget\" data-widget_type=\"ha-hover-box.default\">\n\t\t\t\t<div class=\"elementor-widget-container\">\n\t\t\t\t\t\n        \n            <div class=\"ha-hover-box-main\">\n                <div class=\"ha-hover-box-wrapper reverse\">\n                    <div class=\"ha-hover-box-content\">\n\n                        \n                        <div>\n                            <h4 class=\"ha-hover-title\">Bolsa bandolera militar<\/h4>\n                                                    <\/div>\n                    <\/div>\n                <\/div>\n            <\/div>\n        \n        \t\t\t\t<\/div>\n\t\t\t\t<\/div>\n\t\t\t\t<div class=\"elementor-element elementor-element-bb97f16 ha-pre--top elementor-widget elementor-widget-ha-hover-box happy-addon ha-hover-box happy-addon-pro\" data-id=\"bb97f16\" data-element_type=\"widget\" data-e-type=\"widget\" data-widget_type=\"ha-hover-box.default\">\n\t\t\t\t<div class=\"elementor-widget-container\">\n\t\t\t\t\t\n        \n            <div class=\"ha-hover-box-main\">\n                <div class=\"ha-hover-box-wrapper reverse\">\n                    <div class=\"ha-hover-box-content\">\n\n                        \n                        <div>\n                            <h4 class=\"ha-hover-title\">Mochila de estructura interna<\/h4>\n                                                            <p class=\"ha-hover-description\">\n                                    Fabricada en resistente tela Oxford 900D, cuenta con un amplio espacio de almacenamiento, correas ajustables y un armaz\u00f3n met\u00e1lico reforzado para una excelente distribuci\u00f3n del peso.                                 <\/p>\n                                                    <\/div>\n                    <\/div>\n                <\/div>\n            <\/div>\n        \n        \t\t\t\t<\/div>\n\t\t\t\t<\/div>\n\t\t\t\t\t<\/div>\n\t\t\t\t<\/div>\n\t\t<div class=\"elementor-element elementor-element-8a23173 e-flex e-con-boxed e-con e-child\" data-id=\"8a23173\" data-element_type=\"container\" data-e-type=\"container\">\n\t\t\t\t\t<div class=\"e-con-inner\">\n\t\t\t\t<div class=\"elementor-element elementor-element-82e3c0e ha-pre--top elementor-widget elementor-widget-ha-hover-box happy-addon ha-hover-box happy-addon-pro\" data-id=\"82e3c0e\" data-element_type=\"widget\" data-e-type=\"widget\" data-widget_type=\"ha-hover-box.default\">\n\t\t\t\t<div class=\"elementor-widget-container\">\n\t\t\t\t\t\n                    <a class=\"ha-flip-btn\" href=\"https:\/\/www.lqcompany.com\/es\/modular-pouches\/triple-pistol-mag-pouch-molle\/\">\n        \n            <div class=\"ha-hover-box-main\">\n                <div class=\"ha-hover-box-wrapper reverse\">\n                    <div class=\"ha-hover-box-content\">\n\n                        \n                        <div>\n                            <h4 class=\"ha-hover-title\">Funda triple para pistola Molle<\/h4>\n                                                    <\/div>\n                    <\/div>\n                <\/div>\n            <\/div>\n                   <\/a>\n        \n        \t\t\t\t<\/div>\n\t\t\t\t<\/div>\n\t\t\t\t\t<\/div>\n\t\t\t\t<\/div>\n\t\t\t\t<\/div>\n\t\t<div class=\"elementor-element elementor-element-741c0a2 e-con-full e-flex e-con e-child\" data-id=\"741c0a2\" data-element_type=\"container\" data-e-type=\"container\">\n\t\t<div class=\"elementor-element elementor-element-480882f e-grid e-con-boxed e-con e-child\" data-id=\"480882f\" data-element_type=\"container\" data-e-type=\"container\">\n\t\t\t\t\t<div class=\"e-con-inner\">\n\t\t\t\t<div class=\"elementor-element elementor-element-bc05d96 ha-pre--top elementor-widget elementor-widget-ha-hover-box happy-addon ha-hover-box happy-addon-pro\" data-id=\"bc05d96\" data-element_type=\"widget\" data-e-type=\"widget\" data-widget_type=\"ha-hover-box.default\">\n\t\t\t\t<div class=\"elementor-widget-container\">\n\t\t\t\t\t\n                    <a class=\"ha-flip-btn\" href=\"https:\/\/www.lqcompany.com\/tactical-backpack\/tactical-sling-backpack\/\">\n        \n            <div class=\"ha-hover-box-main\">\n                <div class=\"ha-hover-box-wrapper reverse\">\n                    <div class=\"ha-hover-box-content\">\n\n                        \n                        <div>\n                            <p class=\"ha-hover-title\">Mochila t\u00e1ctica<\/p>\n                                                            <p class=\"ha-hover-description\">\n                                    Esta mochila t\u00e1ctica est\u00e1 fabricada en poli\u00e9ster 600D duradero, lo que la hace ligera, espaciosa y resistente al agua.                                <\/p>\n                                                    <\/div>\n                    <\/div>\n                <\/div>\n            <\/div>\n                   <\/a>\n        \n        \t\t\t\t<\/div>\n\t\t\t\t<\/div>\n\t\t\t\t<div class=\"elementor-element elementor-element-f45027e ha-pre--top elementor-widget elementor-widget-ha-hover-box happy-addon ha-hover-box happy-addon-pro\" data-id=\"f45027e\" data-element_type=\"widget\" data-e-type=\"widget\" data-widget_type=\"ha-hover-box.default\">\n\t\t\t\t<div class=\"elementor-widget-container\">\n\t\t\t\t\t\n        \n            <div class=\"ha-hover-box-main\">\n                <div class=\"ha-hover-box-wrapper reverse\">\n                    <div class=\"ha-hover-box-content\">\n\n                        \n                        <div>\n                            <h4 class=\"ha-hover-title\">Bolsa t\u00e1ctica EDC<\/h4>\n                                                            <p class=\"ha-hover-description\">\n                                    Esta bolsa t\u00e1ctica EDC est\u00e1 dise\u00f1ada para aquellos que necesitan un acceso r\u00e1pido a los art\u00edculos esenciales mientras se mueven.                                <\/p>\n                                                    <\/div>\n                    <\/div>\n                <\/div>\n            <\/div>\n        \n        \t\t\t\t<\/div>\n\t\t\t\t<\/div>\n\t\t\t\t\t<\/div>\n\t\t\t\t<\/div>\n\t\t\t\t<div class=\"elementor-element elementor-element-e3cff3a ha-pre--top elementor-widget elementor-widget-ha-hover-box happy-addon ha-hover-box happy-addon-pro\" data-id=\"e3cff3a\" data-element_type=\"widget\" data-e-type=\"widget\" data-widget_type=\"ha-hover-box.default\">\n\t\t\t\t<div class=\"elementor-widget-container\">\n\t\t\t\t\t\n                    <a class=\"ha-flip-btn\" href=\"https:\/\/www.lqcompany.com\/es\/tactical-backpack\/tactical-laptop-backpack\/\">\n        \n            <div class=\"ha-hover-box-main\">\n                <div class=\"ha-hover-box-wrapper reverse\">\n                    <div class=\"ha-hover-box-content\">\n\n                        \n                        <div>\n                            <h4 class=\"ha-hover-title\">Mochila t\u00e1ctica para port\u00e1til<\/h4>\n                                                            <p class=\"ha-hover-description\">\n                                    Ideal para viajeros urbanos, entusiastas de las actividades al aire libre o cualquier persona que necesite un medio de transporte fiable para el d\u00eda a d\u00eda, esta mochila permite transportar c\u00f3modamente un port\u00e1til y otros objetos esenciales.                                <\/p>\n                                                    <\/div>\n                    <\/div>\n                <\/div>\n            <\/div>\n                   <\/a>\n        \n        \t\t\t\t<\/div>\n\t\t\t\t<\/div>\n\t\t\t\t<div class=\"elementor-element elementor-element-69b887b ha-pre--top elementor-widget elementor-widget-ha-hover-box happy-addon ha-hover-box happy-addon-pro\" data-id=\"69b887b\" data-element_type=\"widget\" data-e-type=\"widget\" data-widget_type=\"ha-hover-box.default\">\n\t\t\t\t<div class=\"elementor-widget-container\">\n\t\t\t\t\t\n        \n            <div class=\"ha-hover-box-main\">\n                <div class=\"ha-hover-box-wrapper reverse\">\n                    <div class=\"ha-hover-box-content\">\n\n                        \n                        <div>\n                            <h4 class=\"ha-hover-title\">Portaplacas para chalecos militares<\/h4>\n                                                    <\/div>\n                    <\/div>\n                <\/div>\n            <\/div>\n        \n        \t\t\t\t<\/div>\n\t\t\t\t<\/div>\n\t\t\t\t<\/div>\n\t\t\t\t\t<\/div>\n\t\t\t\t<\/div>\n\t\t<div class=\"elementor-element elementor-element-e25c185 e-flex e-con-boxed e-con e-parent\" data-id=\"e25c185\" data-element_type=\"container\" data-e-type=\"container\">\n\t\t\t\t\t<div class=\"e-con-inner\">\n\t\t<div class=\"elementor-element elementor-element-312dc6c e-con-full e-flex e-con e-child\" data-id=\"312dc6c\" data-element_type=\"container\" data-e-type=\"container\">\n\t\t<div class=\"elementor-element elementor-element-ffa3f0e e-grid e-con-boxed e-con e-child\" data-id=\"ffa3f0e\" data-element_type=\"container\" data-e-type=\"container\">\n\t\t\t\t\t<div class=\"e-con-inner\">\n\t\t\t\t<div class=\"elementor-element elementor-element-50f2253 ha-pre--top elementor-widget elementor-widget-ha-hover-box happy-addon ha-hover-box happy-addon-pro\" data-id=\"50f2253\" data-element_type=\"widget\" data-e-type=\"widget\" data-widget_type=\"ha-hover-box.default\">\n\t\t\t\t<div class=\"elementor-widget-container\">\n\t\t\t\t\t\n                    <a class=\"ha-flip-btn\" href=\"https:\/\/www.lqcompany.com\/es\/tactical-vest\/plate-carrier-for-airsoft\/\">\n        \n            <div class=\"ha-hover-box-main\">\n                <div class=\"ha-hover-box-wrapper reverse\">\n                    <div class=\"ha-hover-box-content\">\n\n                        \n                        <div>\n                            <h4 class=\"ha-hover-title\">Portaplacas para Airsoft<\/h4>\n                                                            <p class=\"ha-hover-description\">\n                                    Este portaplacas para airsoft est\u00e1 equipado con m\u00faltiples bolsas modulares, que ofrecen un acceso r\u00e1pido a los cargadores y al equipo esencial durante las escaramuzas de airsoft.                                <\/p>\n                                                    <\/div>\n                    <\/div>\n                <\/div>\n            <\/div>\n                   <\/a>\n        \n        \t\t\t\t<\/div>\n\t\t\t\t<\/div>\n\t\t\t\t<div class=\"elementor-element elementor-element-e5eba49 ha-pre--top elementor-widget elementor-widget-ha-hover-box happy-addon ha-hover-box happy-addon-pro\" data-id=\"e5eba49\" data-element_type=\"widget\" data-e-type=\"widget\" data-widget_type=\"ha-hover-box.default\">\n\t\t\t\t<div class=\"elementor-widget-container\">\n\t\t\t\t\t\n                    <a class=\"ha-flip-btn\" href=\"https:\/\/www.lqcompany.com\/es\/tactical-vest\/load-bearing-chest-rig\/\">\n        \n            <div class=\"ha-hover-box-main\">\n                <div class=\"ha-hover-box-wrapper reverse\">\n                    <div class=\"ha-hover-box-content\">\n\n                        \n                        <div>\n                            <h4 class=\"ha-hover-title\">Soporte tor\u00e1cico de carga<\/h4>\n                                                            <p class=\"ha-hover-description\">\n                                    Este equipo pectoral de carga es una soluci\u00f3n t\u00e1ctica altamente funcional y resistente, dise\u00f1ada para una m\u00e1xima organizaci\u00f3n del equipo y movilidad en entornos exigentes.                                <\/p>\n                                                    <\/div>\n                    <\/div>\n                <\/div>\n            <\/div>\n                   <\/a>\n        \n        \t\t\t\t<\/div>\n\t\t\t\t<\/div>\n\t\t\t\t\t<\/div>\n\t\t\t\t<\/div>\n\t\t\t\t<div class=\"elementor-element elementor-element-be353a1 ha-pre--top elementor-widget elementor-widget-ha-hover-box happy-addon ha-hover-box happy-addon-pro\" data-id=\"be353a1\" data-element_type=\"widget\" data-e-type=\"widget\" data-widget_type=\"ha-hover-box.default\">\n\t\t\t\t<div class=\"elementor-widget-container\">\n\t\t\t\t\t\n                    <a class=\"ha-flip-btn\" href=\"https:\/\/www.lqcompany.com\/es\/tactical-backpack\/80l-large-military-rucksack-with-frame\/\">\n        \n            <div class=\"ha-hover-box-main\">\n                <div class=\"ha-hover-box-wrapper reverse\">\n                    <div class=\"ha-hover-box-content\">\n\n                        \n                        <div>\n                            <h4 class=\"ha-hover-title\">Mochila militar grande con armaz\u00f3n<\/h4>\n                                                            <p class=\"ha-hover-description\">\n                                    con armaz\u00f3n interno incorpora dos tirantes de aluminio para mejorar la sujeci\u00f3n y la estabilidad.                                 <\/p>\n                                                    <\/div>\n                    <\/div>\n                <\/div>\n            <\/div>\n                   <\/a>\n        \n        \t\t\t\t<\/div>\n\t\t\t\t<\/div>\n\t\t\t\t<div class=\"elementor-element elementor-element-da77830 ha-pre--top elementor-widget elementor-widget-ha-hover-box happy-addon ha-hover-box happy-addon-pro\" data-id=\"da77830\" data-element_type=\"widget\" data-e-type=\"widget\" data-widget_type=\"ha-hover-box.default\">\n\t\t\t\t<div class=\"elementor-widget-container\">\n\t\t\t\t\t\n                    <a class=\"ha-flip-btn\" href=\"https:\/\/www.lqcompany.com\/es\/tactical-vest\/military-grade-plate-carrier\/\">\n        \n            <div class=\"ha-hover-box-main\">\n                <div class=\"ha-hover-box-wrapper reverse\">\n                    <div class=\"ha-hover-box-content\">\n\n                        \n                        <div>\n                            <h4 class=\"ha-hover-title\">Portaplacas de grado militar<\/h4>\n                                                    <\/div>\n                    <\/div>\n                <\/div>\n            <\/div>\n                   <\/a>\n        \n        \t\t\t\t<\/div>\n\t\t\t\t<\/div>\n\t\t\t\t<\/div>\n\t\t<div class=\"elementor-element elementor-element-af8987f e-con-full e-flex e-con e-child\" data-id=\"af8987f\" data-element_type=\"container\" data-e-type=\"container\">\n\t\t\t\t<div class=\"elementor-element elementor-element-46d0ae1 ha-pre--top elementor-widget elementor-widget-ha-hover-box happy-addon ha-hover-box happy-addon-pro\" data-id=\"46d0ae1\" data-element_type=\"widget\" data-e-type=\"widget\" data-widget_type=\"ha-hover-box.default\">\n\t\t\t\t<div class=\"elementor-widget-container\">\n\t\t\t\t\t\n                    <a class=\"ha-flip-btn\" href=\"https:\/\/www.lqcompany.com\/es\/gun-bags\/double-rifle-bag\/\">\n        \n            <div class=\"ha-hover-box-main\">\n                <div class=\"ha-hover-box-wrapper reverse\">\n                    <div class=\"ha-hover-box-content\">\n\n                        \n                        <div>\n                            <h4 class=\"ha-hover-title\">Funda doble para rifle<\/h4>\n                                                            <p class=\"ha-hover-description\">\n                                    Las fundas protectoras interiores protegen el bozal, evitando cualquier da\u00f1o. El exterior est\u00e1 fabricado con tejido Oxford 600D duradero, lo que garantiza que pueda soportar condiciones duras, mientras que las hebillas de pl\u00e1stico resistentes y las cremalleras de paracord proporcionan un cierre seguro.                                <\/p>\n                                                    <\/div>\n                    <\/div>\n                <\/div>\n            <\/div>\n                   <\/a>\n        \n        \t\t\t\t<\/div>\n\t\t\t\t<\/div>\n\t\t<div class=\"elementor-element elementor-element-13cfabf e-grid e-con-boxed e-con e-child\" data-id=\"13cfabf\" data-element_type=\"container\" data-e-type=\"container\">\n\t\t\t\t\t<div class=\"e-con-inner\">\n\t\t\t\t<div class=\"elementor-element elementor-element-ba5321d ha-pre--top elementor-widget elementor-widget-ha-hover-box happy-addon ha-hover-box happy-addon-pro\" data-id=\"ba5321d\" data-element_type=\"widget\" data-e-type=\"widget\" data-widget_type=\"ha-hover-box.default\">\n\t\t\t\t<div class=\"elementor-widget-container\">\n\t\t\t\t\t\n        \n            <div class=\"ha-hover-box-main\">\n                <div class=\"ha-hover-box-wrapper\">\n                    <div class=\"ha-hover-box-content\">\n\n                        \n                        <div>\n                            \n                                                    <\/div>\n                    <\/div>\n                <\/div>\n            <\/div>\n        \n        \t\t\t\t<\/div>\n\t\t\t\t<\/div>\n\t\t\t\t<div class=\"elementor-element elementor-element-b21a703 ha-pre--top elementor-widget elementor-widget-ha-hover-box happy-addon ha-hover-box happy-addon-pro\" data-id=\"b21a703\" data-element_type=\"widget\" data-e-type=\"widget\" data-widget_type=\"ha-hover-box.default\">\n\t\t\t\t<div class=\"elementor-widget-container\">\n\t\t\t\t\t\n        \n            <div class=\"ha-hover-box-main\">\n                <div class=\"ha-hover-box-wrapper\">\n                    <div class=\"ha-hover-box-content\">\n\n                        \n                        <div>\n                            \n                                                    <\/div>\n                    <\/div>\n                <\/div>\n            <\/div>\n        \n        \t\t\t\t<\/div>\n\t\t\t\t<\/div>\n\t\t\t\t\t<\/div>\n\t\t\t\t<\/div>\n\t\t<div class=\"elementor-element elementor-element-e98cc3c e-flex e-con-boxed e-con e-child\" data-id=\"e98cc3c\" data-element_type=\"container\" data-e-type=\"container\">\n\t\t\t\t\t<div class=\"e-con-inner\">\n\t\t\t\t<div class=\"elementor-element elementor-element-bf0bffc ha-pre--top elementor-widget elementor-widget-ha-hover-box happy-addon ha-hover-box happy-addon-pro\" data-id=\"bf0bffc\" data-element_type=\"widget\" data-e-type=\"widget\" data-widget_type=\"ha-hover-box.default\">\n\t\t\t\t<div class=\"elementor-widget-container\">\n\t\t\t\t\t\n                    <a class=\"ha-flip-btn\" href=\"https:\/\/www.lqcompany.com\/tactical-vest\/quick-release-plate-carrier\/\">\n        \n            <div class=\"ha-hover-box-main\">\n                <div class=\"ha-hover-box-wrapper\">\n                    <div class=\"ha-hover-box-content\">\n\n                        \n                        <div>\n                            <h4 class=\"ha-hover-title\">Portaplacas de liberaci\u00f3n r\u00e1pida<\/h4>\n                                                    <\/div>\n                    <\/div>\n                <\/div>\n            <\/div>\n                   <\/a>\n        \n        \t\t\t\t<\/div>\n\t\t\t\t<\/div>\n\t\t\t\t\t<\/div>\n\t\t\t\t<\/div>\n\t\t\t\t<\/div>\n\t\t\t\t\t<\/div>\n\t\t\t\t<\/div>\n\t\t\t\t<\/div>","protected":false},"excerpt":{"rendered":"<p>Tactical Gear Portfolio Inquire Now Home &gt; Resources &gt; Portfolio MOLLE Army Assault Backpack perfect for law enforcement and outdoor enthusiasts. The pack has four expanding compartments that provide up to 30 liters of storage. Military Sling Bag Internal Frame Backpack Made from tough 900D Oxford cloth, it features ample storage, adjustable straps, and a [&hellip;]<\/p>\n","protected":false},"author":1,"featured_media":0,"parent":0,"menu_order":0,"comment_status":"closed","ping_status":"closed","template":"elementor_header_footer","meta":{"_acf_changed":false,"footnotes":""},"class_list":["post-967","page","type-page","status-publish","hentry"],"blocksy_meta":{"styles_descriptor":{"styles":{"desktop":"","tablet":"","mobile":""},"google_fonts":[],"version":6}},"acf":[],"_links":{"self":[{"href":"https:\/\/www.lqcompany.com\/es\/wp-json\/wp\/v2\/pages\/967","targetHints":{"allow":["GET"]}}],"collection":[{"href":"https:\/\/www.lqcompany.com\/es\/wp-json\/wp\/v2\/pages"}],"about":[{"href":"https:\/\/www.lqcompany.com\/es\/wp-json\/wp\/v2\/types\/page"}],"author":[{"embeddable":true,"href":"https:\/\/www.lqcompany.com\/es\/wp-json\/wp\/v2\/users\/1"}],"replies":[{"embeddable":true,"href":"https:\/\/www.lqcompany.com\/es\/wp-json\/wp\/v2\/comments?post=967"}],"version-history":[{"count":5,"href":"https:\/\/www.lqcompany.com\/es\/wp-json\/wp\/v2\/pages\/967\/revisions"}],"predecessor-version":[{"id":12552,"href":"https:\/\/www.lqcompany.com\/es\/wp-json\/wp\/v2\/pages\/967\/revisions\/12552"}],"wp:attachment":[{"href":"https:\/\/www.lqcompany.com\/es\/wp-json\/wp\/v2\/media?parent=967"}],"curies":[{"name":"wp","href":"https:\/\/api.w.org\/{rel}","templated":true}]}}