{"id":3887,"date":"2024-05-23T05:41:56","date_gmt":"2024-05-23T05:41:56","guid":{"rendered":"https:\/\/lqcompany.com\/?page_id=3887"},"modified":"2024-05-23T05:43:41","modified_gmt":"2024-05-23T05:43:41","slug":"careers","status":"publish","type":"page","link":"https:\/\/www.lqcompany.com\/es\/careers\/","title":{"rendered":"Carreras profesionales"},"content":{"rendered":"<div data-elementor-type=\"wp-page\" data-elementor-id=\"3887\" class=\"elementor elementor-3887\" data-elementor-settings=\"{&quot;ha_cmc_init_switcher&quot;:&quot;no&quot;}\" data-elementor-post-type=\"page\">\n\t\t\t\t<div class=\"elementor-element elementor-element-f4f339d e-flex e-con-boxed e-con e-parent\" data-id=\"f4f339d\" data-element_type=\"container\" data-e-type=\"container\" data-settings=\"{&quot;background_background&quot;:&quot;classic&quot;}\">\n\t\t\t\t\t<div class=\"e-con-inner\">\n\t\t\t\t<div class=\"elementor-element elementor-element-80035c5 elementor-widget elementor-widget-heading\" data-id=\"80035c5\" data-element_type=\"widget\" data-e-type=\"widget\" data-widget_type=\"heading.default\">\n\t\t\t\t<div class=\"elementor-widget-container\">\n\t\t\t\t\t<h1 class=\"elementor-heading-title elementor-size-default\">CARRERAS<\/h1>\t\t\t\t<\/div>\n\t\t\t\t<\/div>\n\t\t\t\t\t<\/div>\n\t\t\t\t<\/div>\n\t\t<div class=\"elementor-element elementor-element-0370e5e e-flex e-con-boxed e-con e-parent\" data-id=\"0370e5e\" data-element_type=\"container\" data-e-type=\"container\">\n\t\t\t\t\t<div class=\"e-con-inner\">\n\t\t\t\t<div class=\"elementor-element elementor-element-53995dd elementor-widget elementor-widget-text-editor\" data-id=\"53995dd\" data-element_type=\"widget\" data-e-type=\"widget\" data-widget_type=\"text-editor.default\">\n\t\t\t\t<div class=\"elementor-widget-container\">\n\t\t\t\t\t\t\t\t\t<h2><strong>\u00danete al equipo de LQ ARMY<\/strong><\/h2><p>En LQ ARMY, buscamos profesionales dedicados para unirse a nuestro equipo en nuestras instalaciones de fabricaci\u00f3n en california. Ofrecemos un entorno de trabajo din\u00e1mico con oportunidades de crecimiento y desarrollo. \u00a1Echa un vistazo a nuestras ofertas de trabajo actuales a continuaci\u00f3n y h\u00e1ganos saber si usted es el ajuste perfecto para nuestro equipo!<\/p><p><strong>PUESTOS VACANTES<\/strong><\/p><h3>Inspector de control de calidad<\/h3><p><strong>Responsabilidades<\/strong>:<\/p><ul><li>Realizar procesos b\u00e1sicos y avanzados de montaje e inspecci\u00f3n de productos con una supervisi\u00f3n m\u00ednima.<\/li><li>Realizar el control de calidad y el envasado prestando atenci\u00f3n a los detalles.<\/li><li>Demostrar conocimientos sobre patrones, materiales y usos de los productos.<\/li><\/ul><p><strong>Cualificaciones requeridas<\/strong>:<\/p><ul><li>Atenci\u00f3n al detalle y capacidad para levantar hasta 50 lbs.<\/li><li>Autorizado a trabajar en EE.UU.<\/li><\/ul><p><strong>Cualificaciones preferidas<\/strong>:<\/p><ul><li>Persona automotivada con excelentes aptitudes para la resoluci\u00f3n de problemas.<\/li><\/ul><p><strong>Qu\u00e9 ofrecemos<\/strong>:<\/p><ul><li>Seguro m\u00e9dico, dental, oftalmol\u00f3gico y complementario disponible<\/li><li>Programa de Asistencia al Empleado<\/li><li>401K y tiempo libre remunerado<\/li><li>Crecimiento y desarrollo profesional<\/li><li>Entorno de trabajo \u00fanico<\/li><li>Salario competitivo<\/li><li>Vacaciones pagadas<\/li><\/ul><p>Para presentar su candidatura, env\u00ede su curr\u00edculum vitae a <a href=\"mailto:jobs@lqcompany.com\">jobs@lqcompany.com<\/a>.<\/p><p>\u00a0<\/p><p>\u00a0<\/p><h3>T\u00e9cnico de mantenimiento<\/h3><p><strong>Responsabilidades<\/strong>:<\/p><ul><li>Apoyar y gestionar las necesidades t\u00e9cnicas de las operaciones de producci\u00f3n.<\/li><li>Realizar el mantenimiento preventivo y reactivo de la maquinaria de producci\u00f3n industrial.<\/li><li>Gestionar el personal y apoyar los programas de seguridad.<\/li><\/ul><p><strong>Cualificaciones requeridas<\/strong>:<\/p><ul><li>Capacidad para levantar hasta 50 libras y trabajar 40 horas a la semana.<\/li><li>Autorizado a trabajar en EE.UU.<\/li><\/ul><p><strong>Cualificaciones preferidas<\/strong>:<\/p><ul><li>Experiencia previa en reparaci\u00f3n y mantenimiento de maquinaria industrial.<\/li><\/ul><p><strong>Qu\u00e9 ofrecemos<\/strong>:<\/p><ul><li>Seguro m\u00e9dico, dental, oftalmol\u00f3gico y complementario disponible<\/li><li>401K y tiempo libre remunerado<\/li><li>Crecimiento y desarrollo profesional<\/li><li>Entorno de trabajo \u00fanico<\/li><li>Salario competitivo<\/li><li>Vacaciones pagadas<\/li><\/ul><p><strong>Para presentar su candidatura, env\u00ede su curr\u00edculum vitae a <a href=\"mailto:jobs@lqcompany.com\">jobs@lqcompany.com<\/a>.<\/strong><\/p><p>\u00a0<\/p><p>\u00a0<\/p><h3>Representante de atenci\u00f3n al cliente<\/h3><p><strong>Responsabilidades<\/strong>:<\/p><ul><li>Gestionar las consultas de los clientes y prestarles la asistencia oportuna.<\/li><li>Coordinarse con diversos departamentos para garantizar la satisfacci\u00f3n del cliente.<\/li><li>Mantener el conocimiento de los productos y asistir a los clientes en consecuencia.<\/li><\/ul><p><strong>Cualificaciones requeridas<\/strong>:<\/p><ul><li>Experiencia previa en atenci\u00f3n al cliente.<\/li><li>Autorizado a trabajar en EE.UU.<\/li><\/ul><p><strong>Cualificaciones preferidas<\/strong>:<\/p><ul><li>Familiaridad con las plataformas de comercio electr\u00f3nico.<\/li><\/ul><p><strong>Qu\u00e9 ofrecemos<\/strong>:<\/p><ul><li>Seguro m\u00e9dico, dental, oftalmol\u00f3gico y complementario disponible<\/li><li>401K y tiempo libre remunerado<\/li><li>\u00a0Crecimiento y desarrollo profesional<\/li><li>\u00a0Entorno de trabajo \u00fanico<\/li><li>Salario competitivo<\/li><li>Vacaciones pagadas<\/li><\/ul><p><strong>Para presentar su candidatura, env\u00ede su curr\u00edculum vitae a <a href=\"mailto:jobs@lqcompany.com\">jobs@lqcompany.com<\/a>.<\/strong><\/p><p>\u00a0<\/p><p>\u00a0<\/p><h3>Operador de m\u00e1quinas de coser<\/h3><p><strong>Responsabilidades<\/strong>:<\/p><ul><li>Realizar funciones b\u00e1sicas de costura y mantener el control de calidad.<\/li><li>Interpretar los paquetes t\u00e9cnicos de costura y seguir las instrucciones.<\/li><\/ul><p><strong>Cualificaciones requeridas<\/strong>:<\/p><ul><li>Capacidad para trabajar 40 horas a la semana y levantar hasta 50 libras.<\/li><li>Autorizado a trabajar en EE.UU.<\/li><\/ul><p><strong>Cualificaciones preferidas<\/strong>:<\/p><ul><li>Gran atenci\u00f3n al detalle y capacidad de organizaci\u00f3n.<\/li><\/ul><p><strong>Qu\u00e9 ofrecemos<\/strong>:<\/p><ul><li>Seguro m\u00e9dico, dental, oftalmol\u00f3gico y complementario disponible<\/li><li>401K y tiempo libre remunerado<\/li><li>Crecimiento y desarrollo profesional<\/li><li>Entorno de trabajo \u00fanico<\/li><li>\u00a0Salario competitivo<\/li><li>Vacaciones pagadas<\/li><\/ul><p><strong>Para presentar su candidatura, env\u00ede su curr\u00edculum vitae a <a href=\"mailto:jobs@lqcompany.com\">jobs@lqcompany.com<\/a>.<\/strong><\/p><p>\u00a0<\/p><p>\u00a0<\/p><h3>Igualdad de oportunidades en el empleo<\/h3><p><strong>LQ ARMY<\/strong> est\u00e1 comprometida con la igualdad de oportunidades en el empleo (EEO). Valoramos la diversidad y no discriminamos a empleados o candidatos por motivos de raza, credo, color, nacionalidad, orientaci\u00f3n sexual, discapacidad, condici\u00f3n militar, estado civil o cualquier otra caracter\u00edstica protegida por la ley.<\/p>\t\t\t\t\t\t\t\t<\/div>\n\t\t\t\t<\/div>\n\t\t\t\t\t<\/div>\n\t\t\t\t<\/div>\n\t\t\t\t<\/div>","protected":false},"excerpt":{"rendered":"<p>CAREERS Join the LQ ARMY Team At LQ ARMY, we&#8217;re on the lookout for dedicated professionals to join our team at our manufacturing facility in california. We offer a dynamic work environment with opportunities for growth and development. Take a look at our current job openings below and let us know if you&#8217;re the perfect [&hellip;]<\/p>\n","protected":false},"author":1,"featured_media":0,"parent":0,"menu_order":0,"comment_status":"closed","ping_status":"closed","template":"","meta":{"_acf_changed":false,"footnotes":""},"class_list":["post-3887","page","type-page","status-publish","hentry"],"blocksy_meta":[],"acf":[],"_links":{"self":[{"href":"https:\/\/www.lqcompany.com\/es\/wp-json\/wp\/v2\/pages\/3887","targetHints":{"allow":["GET"]}}],"collection":[{"href":"https:\/\/www.lqcompany.com\/es\/wp-json\/wp\/v2\/pages"}],"about":[{"href":"https:\/\/www.lqcompany.com\/es\/wp-json\/wp\/v2\/types\/page"}],"author":[{"embeddable":true,"href":"https:\/\/www.lqcompany.com\/es\/wp-json\/wp\/v2\/users\/1"}],"replies":[{"embeddable":true,"href":"https:\/\/www.lqcompany.com\/es\/wp-json\/wp\/v2\/comments?post=3887"}],"version-history":[{"count":0,"href":"https:\/\/www.lqcompany.com\/es\/wp-json\/wp\/v2\/pages\/3887\/revisions"}],"wp:attachment":[{"href":"https:\/\/www.lqcompany.com\/es\/wp-json\/wp\/v2\/media?parent=3887"}],"curies":[{"name":"wp","href":"https:\/\/api.w.org\/{rel}","templated":true}]}}