{"id":3761,"date":"2024-05-21T05:29:34","date_gmt":"2024-05-21T05:29:34","guid":{"rendered":"https:\/\/lqcompany.com\/?page_id=3761"},"modified":"2024-08-19T03:18:46","modified_gmt":"2024-08-19T03:18:46","slug":"tactical-equipment-dealer-feedback","status":"publish","type":"page","link":"https:\/\/www.lqcompany.com\/es\/tactical-equipment-dealer-feedback\/","title":{"rendered":"Comentarios de los distribuidores de equipos t\u00e1cticos"},"content":{"rendered":"<div data-elementor-type=\"wp-page\" data-elementor-id=\"3761\" class=\"elementor elementor-3761\" data-elementor-settings=\"{&quot;ha_cmc_init_switcher&quot;:&quot;no&quot;}\" data-elementor-post-type=\"page\">\n\t\t\t\t<div class=\"elementor-element elementor-element-956322f e-flex e-con-boxed e-con e-parent\" data-id=\"956322f\" data-element_type=\"container\" data-e-type=\"container\" data-settings=\"{&quot;background_background&quot;:&quot;classic&quot;}\">\n\t\t\t\t\t<div class=\"e-con-inner\">\n\t\t\t\t<div class=\"elementor-element elementor-element-24abd18 elementor-widget elementor-widget-heading\" data-id=\"24abd18\" data-element_type=\"widget\" data-e-type=\"widget\" data-widget_type=\"heading.default\">\n\t\t\t\t<div class=\"elementor-widget-container\">\n\t\t\t\t\t<h2 class=\"elementor-heading-title elementor-size-default\">Comentarios de los distribuidores de equipos t\u00e1cticos<\/h2>\t\t\t\t<\/div>\n\t\t\t\t<\/div>\n\t\t\t\t\t<\/div>\n\t\t\t\t<\/div>\n\t\t\t\t<section class=\"elementor-section elementor-top-section elementor-element elementor-element-63140b2c elementor-section-height-min-height elementor-section-content-middle elementor-section-boxed elementor-section-height-default elementor-section-items-middle\" data-id=\"63140b2c\" data-element_type=\"section\" data-e-type=\"section\" data-settings=\"{&quot;background_background&quot;:&quot;classic&quot;}\">\n\t\t\t\t\t\t\t<div class=\"elementor-background-overlay\"><\/div>\n\t\t\t\t\t\t\t<div class=\"elementor-container elementor-column-gap-default\">\n\t\t\t\t\t<div class=\"elementor-column elementor-col-33 elementor-top-column elementor-element elementor-element-6e8ce663\" data-id=\"6e8ce663\" data-element_type=\"column\" data-e-type=\"column\" data-settings=\"{&quot;background_background&quot;:&quot;classic&quot;}\">\n\t\t\t<div class=\"elementor-widget-wrap\">\n\t\t\t\t\t\t\t<\/div>\n\t\t<\/div>\n\t\t\t\t<div class=\"elementor-column elementor-col-33 elementor-top-column elementor-element elementor-element-5f7cd357\" data-id=\"5f7cd357\" data-element_type=\"column\" data-e-type=\"column\">\n\t\t\t<div class=\"elementor-widget-wrap elementor-element-populated\">\n\t\t\t\t\t\t<div class=\"elementor-element elementor-element-2ed74511 ha-testimonial--left ha-testimonial--basic elementor-widget elementor-widget-ha-testimonial happy-addon ha-testimonial\" data-id=\"2ed74511\" data-element_type=\"widget\" data-e-type=\"widget\" data-widget_type=\"ha-testimonial.default\">\n\t\t\t\t<div class=\"elementor-widget-container\">\n\t\t\t\t\t\n\t\t<div class=\"ha-testimonial__content\">\n\t\t\tL&amp;Q ARMY ha sido un proveedor excepcional para mi tienda en Estados Unidos. Los pedidos a granel siempre se entregan a tiempo y la calidad es impecable. Las opciones de personalizaci\u00f3n me han permitido ofrecer productos \u00fanicos que destacan en el mercado. Su servicio de atenci\u00f3n al cliente es siempre atento y servicial, lo que facilita y agiliza todo el proceso.\t\t<\/div>\n\t\t<div class=\"ha-testimonial__reviewer\">\n\t\t\t\n\t\t\t<div class=\"ha-testimonial__reviewer-meta\">\n\t\t\t\t<div class=\"ha-testimonial__reviewer-name\">Minorista<\/div>\n\t\t\t\t<div class=\"ha-testimonial__reviewer-title\">EE.UU. <\/div>\n\t\t\t<\/div>\n\t\t<\/div>\n\t\t\t\t\t\t<\/div>\n\t\t\t\t<\/div>\n\t\t\t\t\t<\/div>\n\t\t<\/div>\n\t\t\t\t<div class=\"elementor-column elementor-col-33 elementor-top-column elementor-element elementor-element-424f60dd\" data-id=\"424f60dd\" data-element_type=\"column\" data-e-type=\"column\">\n\t\t\t<div class=\"elementor-widget-wrap elementor-element-populated\">\n\t\t\t\t\t\t<div class=\"elementor-element elementor-element-79f6ae51 ha-testimonial--left ha-testimonial--basic elementor-widget elementor-widget-ha-testimonial happy-addon ha-testimonial\" data-id=\"79f6ae51\" data-element_type=\"widget\" data-e-type=\"widget\" data-widget_type=\"ha-testimonial.default\">\n\t\t\t\t<div class=\"elementor-widget-container\">\n\t\t\t\t\t\n\t\t<div class=\"ha-testimonial__content\">\n\t\t\tL&amp;Q ARMY ha sido un socio de confianza para mi negocio de distribuci\u00f3n en Alemania. Sus chalecos t\u00e1cticos y bolsas son muy populares entre mis clientes por su calidad superior y sus caracter\u00edsticas personalizables. El equipo de L&amp;Q ARMY es siempre profesional y ofrece una asistencia excelente y resoluciones r\u00e1pidas a cualquier consulta. Realmente han ayudado a mi negocio a crecer.\t\t<\/div>\n\t\t<div class=\"ha-testimonial__reviewer\">\n\t\t\t\n\t\t\t<div class=\"ha-testimonial__reviewer-meta\">\n\t\t\t\t<div class=\"ha-testimonial__reviewer-name\"> Distribuidor local<\/div>\n\t\t\t\t<div class=\"ha-testimonial__reviewer-title\">Alemania<\/div>\n\t\t\t<\/div>\n\t\t<\/div>\n\t\t\t\t\t\t<\/div>\n\t\t\t\t<\/div>\n\t\t\t\t<div class=\"elementor-element elementor-element-797f7da4 ha-testimonial--left ha-testimonial--basic elementor-widget elementor-widget-ha-testimonial happy-addon ha-testimonial\" data-id=\"797f7da4\" data-element_type=\"widget\" data-e-type=\"widget\" data-widget_type=\"ha-testimonial.default\">\n\t\t\t\t<div class=\"elementor-widget-container\">\n\t\t\t\t\t\n\t\t<div class=\"ha-testimonial__content\">\n\t\t\tL&amp;Q ARMY ha sido un proveedor fiable para mi negocio de equipos de seguridad en los EAU. La calidad de su equipo t\u00e1ctico es de primera categor\u00eda y cumple todas las normas del sector. Su capacidad para gestionar pedidos al por mayor y entregarlos a tiempo ha sido crucial para mis operaciones. Las opciones de personalizaci\u00f3n tambi\u00e9n han sido un gran a\u00f1adido, ya que me han permitido satisfacer las necesidades espec\u00edficas de mis clientes.\t\t<\/div>\n\t\t<div class=\"ha-testimonial__reviewer\">\n\t\t\t\n\t\t\t<div class=\"ha-testimonial__reviewer-meta\">\n\t\t\t\t<div class=\"ha-testimonial__reviewer-name\">Proveedor de equipos de seguridad<\/div>\n\t\t\t\t<div class=\"ha-testimonial__reviewer-title\">EAU <\/div>\n\t\t\t<\/div>\n\t\t<\/div>\n\t\t\t\t\t\t<\/div>\n\t\t\t\t<\/div>\n\t\t\t\t\t<\/div>\n\t\t<\/div>\n\t\t\t\t\t<\/div>\n\t\t<\/section>\n\t\t\t\t<section class=\"elementor-section elementor-top-section elementor-element elementor-element-6723b487 elementor-section-boxed elementor-section-height-default elementor-section-height-default\" data-id=\"6723b487\" data-element_type=\"section\" data-e-type=\"section\">\n\t\t\t\t\t\t<div class=\"elementor-container elementor-column-gap-default\">\n\t\t\t\t\t<div class=\"elementor-column elementor-col-100 elementor-top-column elementor-element elementor-element-4f53a2c\" data-id=\"4f53a2c\" data-element_type=\"column\" data-e-type=\"column\">\n\t\t\t<div class=\"elementor-widget-wrap elementor-element-populated\">\n\t\t\t\t\t\t<div class=\"elementor-element elementor-element-3729a2b3 elementor-widget elementor-widget-heading\" data-id=\"3729a2b3\" data-element_type=\"widget\" data-e-type=\"widget\" data-widget_type=\"heading.default\">\n\t\t\t\t<div class=\"elementor-widget-container\">\n\t\t\t\t\t<h2 class=\"elementor-heading-title elementor-size-default\">Fotos de algunos clientes<\/h2>\t\t\t\t<\/div>\n\t\t\t\t<\/div>\n\t\t\t\t<div class=\"elementor-element elementor-element-7dbc9e26 elementor-widget elementor-widget-text-editor\" data-id=\"7dbc9e26\" data-element_type=\"widget\" data-e-type=\"widget\" data-widget_type=\"text-editor.default\">\n\t\t\t\t<div class=\"elementor-widget-container\">\n\t\t\t\t\t\t\t\t\t<p>Amplia participaci\u00f3n en diversas exposiciones profesionales del sector<\/p>\t\t\t\t\t\t\t\t<\/div>\n\t\t\t\t<\/div>\n\t\t\t\t\t<\/div>\n\t\t<\/div>\n\t\t\t\t\t<\/div>\n\t\t<\/section>\n\t\t\t\t<section class=\"elementor-section elementor-top-section elementor-element elementor-element-7a58d24a elementor-section-boxed elementor-section-height-default elementor-section-height-default\" data-id=\"7a58d24a\" data-element_type=\"section\" data-e-type=\"section\">\n\t\t\t\t\t\t<div class=\"elementor-container elementor-column-gap-default\">\n\t\t\t\t\t<div class=\"elementor-column elementor-col-50 elementor-top-column elementor-element elementor-element-2c6f6ff1\" data-id=\"2c6f6ff1\" data-element_type=\"column\" data-e-type=\"column\">\n\t\t\t<div class=\"elementor-widget-wrap elementor-element-populated\">\n\t\t\t\t\t\t<div class=\"elementor-element elementor-element-4c819749 ha-pre--top elementor-widget elementor-widget-ha-hover-box happy-addon ha-hover-box happy-addon-pro\" data-id=\"4c819749\" data-element_type=\"widget\" data-e-type=\"widget\" data-widget_type=\"ha-hover-box.default\">\n\t\t\t\t<div class=\"elementor-widget-container\">\n\t\t\t\t\t\n        \n            <div class=\"ha-hover-box-main\">\n                <div class=\"ha-hover-box-wrapper\">\n                    <div class=\"ha-hover-box-content\">\n\n                        \n                        <div>\n                            \n                                                    <\/div>\n                    <\/div>\n                <\/div>\n            <\/div>\n        \n        \t\t\t\t<\/div>\n\t\t\t\t<\/div>\n\t\t\t\t\t<\/div>\n\t\t<\/div>\n\t\t\t\t<div class=\"elementor-column elementor-col-50 elementor-top-column elementor-element elementor-element-16520970\" data-id=\"16520970\" data-element_type=\"column\" data-e-type=\"column\">\n\t\t\t<div class=\"elementor-widget-wrap elementor-element-populated\">\n\t\t\t\t\t\t<div class=\"elementor-element elementor-element-2767e41e ha-pre--top elementor-widget elementor-widget-ha-hover-box happy-addon ha-hover-box happy-addon-pro\" data-id=\"2767e41e\" data-element_type=\"widget\" data-e-type=\"widget\" data-widget_type=\"ha-hover-box.default\">\n\t\t\t\t<div class=\"elementor-widget-container\">\n\t\t\t\t\t\n                    <a class=\"ha-flip-btn\" href=\"#!\">\n        \n            <div class=\"ha-hover-box-main\">\n                <div class=\"ha-hover-box-wrapper\">\n                    <div class=\"ha-hover-box-content\">\n\n                        \n                        <div>\n                            \n                                                    <\/div>\n                    <\/div>\n                <\/div>\n            <\/div>\n                   <\/a>\n        \n        \t\t\t\t<\/div>\n\t\t\t\t<\/div>\n\t\t\t\t\t<\/div>\n\t\t<\/div>\n\t\t\t\t\t<\/div>\n\t\t<\/section>\n\t\t\t\t<section class=\"elementor-section elementor-top-section elementor-element elementor-element-9751a14 elementor-section-boxed elementor-section-height-default elementor-section-height-default\" data-id=\"9751a14\" data-element_type=\"section\" data-e-type=\"section\">\n\t\t\t\t\t\t<div class=\"elementor-container elementor-column-gap-default\">\n\t\t\t\t\t<div class=\"elementor-column elementor-col-50 elementor-top-column elementor-element elementor-element-6f2e29e\" data-id=\"6f2e29e\" data-element_type=\"column\" data-e-type=\"column\">\n\t\t\t<div class=\"elementor-widget-wrap elementor-element-populated\">\n\t\t\t\t\t\t<div class=\"elementor-element elementor-element-0ad94fe ha-pre--top elementor-widget elementor-widget-ha-hover-box happy-addon ha-hover-box happy-addon-pro\" data-id=\"0ad94fe\" data-element_type=\"widget\" data-e-type=\"widget\" data-widget_type=\"ha-hover-box.default\">\n\t\t\t\t<div class=\"elementor-widget-container\">\n\t\t\t\t\t\n                    <a class=\"ha-flip-btn\" href=\"#!\">\n        \n            <div class=\"ha-hover-box-main\">\n                <div class=\"ha-hover-box-wrapper\">\n                    <div class=\"ha-hover-box-content\">\n\n                        \n                        <div>\n                            \n                                                    <\/div>\n                    <\/div>\n                <\/div>\n            <\/div>\n                   <\/a>\n        \n        \t\t\t\t<\/div>\n\t\t\t\t<\/div>\n\t\t\t\t\t<\/div>\n\t\t<\/div>\n\t\t\t\t<div class=\"elementor-column elementor-col-50 elementor-top-column elementor-element elementor-element-07b824c\" data-id=\"07b824c\" data-element_type=\"column\" data-e-type=\"column\">\n\t\t\t<div class=\"elementor-widget-wrap elementor-element-populated\">\n\t\t\t\t\t\t<div class=\"elementor-element elementor-element-350b467 ha-pre--top elementor-widget elementor-widget-ha-hover-box happy-addon ha-hover-box happy-addon-pro\" data-id=\"350b467\" data-element_type=\"widget\" data-e-type=\"widget\" data-widget_type=\"ha-hover-box.default\">\n\t\t\t\t<div class=\"elementor-widget-container\">\n\t\t\t\t\t\n                    <a class=\"ha-flip-btn\" href=\"#!\">\n        \n            <div class=\"ha-hover-box-main\">\n                <div class=\"ha-hover-box-wrapper\">\n                    <div class=\"ha-hover-box-content\">\n\n                        \n                        <div>\n                            \n                                                    <\/div>\n                    <\/div>\n                <\/div>\n            <\/div>\n                   <\/a>\n        \n        \t\t\t\t<\/div>\n\t\t\t\t<\/div>\n\t\t\t\t\t<\/div>\n\t\t<\/div>\n\t\t\t\t\t<\/div>\n\t\t<\/section>\n\t\t<div class=\"elementor-element elementor-element-7686c667 e-con-full e-flex e-con e-parent\" data-id=\"7686c667\" data-element_type=\"container\" data-e-type=\"container\">\n\t\t<div class=\"elementor-element elementor-element-9891111 e-con-full e-flex e-con e-child\" data-id=\"9891111\" data-element_type=\"container\" data-e-type=\"container\">\n\t\t\t\t<div class=\"elementor-element elementor-element-1d451800 elementor-widget elementor-widget-image\" data-id=\"1d451800\" data-element_type=\"widget\" data-e-type=\"widget\" data-widget_type=\"image.default\">\n\t\t\t\t<div class=\"elementor-widget-container\">\n\t\t\t\t\t\t\t\t\t\t\t\t\t\t\t<img loading=\"lazy\" decoding=\"async\" width=\"150\" height=\"150\" src=\"https:\/\/www.lqcompany.com\/wp-content\/uploads\/2024\/04\/lq_army_logo-1-150x150.png\" class=\"attachment-thumbnail size-thumbnail wp-image-1442\" alt=\"lq_army_logo\" srcset=\"https:\/\/www.lqcompany.com\/wp-content\/uploads\/2024\/04\/lq_army_logo-1-150x150.png 150w, https:\/\/www.lqcompany.com\/wp-content\/uploads\/2024\/04\/lq_army_logo-1-12x12.png 12w, https:\/\/www.lqcompany.com\/wp-content\/uploads\/2024\/04\/lq_army_logo-1.png 200w\" sizes=\"auto, (max-width: 150px) 100vw, 150px\" \/>\t\t\t\t\t\t\t\t\t\t\t\t\t\t\t<\/div>\n\t\t\t\t<\/div>\n\t\t\t\t<\/div>\n\t\t<div class=\"elementor-element elementor-element-fe677ad e-con-full e-flex e-con e-child\" data-id=\"fe677ad\" data-element_type=\"container\" data-e-type=\"container\">\n\t\t\t\t<div class=\"elementor-element elementor-element-a4e518c elementor-widget elementor-widget-heading\" data-id=\"a4e518c\" data-element_type=\"widget\" data-e-type=\"widget\" data-widget_type=\"heading.default\">\n\t\t\t\t<div class=\"elementor-widget-container\">\n\t\t\t\t\t<h2 class=\"elementor-heading-title elementor-size-default\">Elija el nombre de confianza en equipamiento t\u00e1ctico: L&amp;Q<\/h2>\t\t\t\t<\/div>\n\t\t\t\t<\/div>\n\t\t\t\t<div class=\"elementor-element elementor-element-5fb4fa11 elementor-widget elementor-widget-text-editor\" data-id=\"5fb4fa11\" data-element_type=\"widget\" data-e-type=\"widget\" data-widget_type=\"text-editor.default\">\n\t\t\t\t<div class=\"elementor-widget-container\">\n\t\t\t\t\t\t\t\t\t<p>Su socio de confianza para soluciones de equipamiento superiores<\/p>\t\t\t\t\t\t\t\t<\/div>\n\t\t\t\t<\/div>\n\t\t\t\t<\/div>\n\t\t<div class=\"elementor-element elementor-element-67fa14b1 e-con-full e-flex e-con e-child\" data-id=\"67fa14b1\" data-element_type=\"container\" data-e-type=\"container\">\n\t\t\t\t<div class=\"elementor-element elementor-element-5df36d5 elementor-position-top elementor-widget elementor-widget-image-box\" data-id=\"5df36d5\" data-element_type=\"widget\" data-e-type=\"widget\" data-widget_type=\"image-box.default\">\n\t\t\t\t<div class=\"elementor-widget-container\">\n\t\t\t\t\t<div class=\"elementor-image-box-wrapper\"><figure class=\"elementor-image-box-img\"><img loading=\"lazy\" decoding=\"async\" width=\"352\" height=\"185\" src=\"https:\/\/www.lqcompany.com\/wp-content\/uploads\/2024\/04\/u30186643243330800651fm253fmtautoapp138fJPEG.jpg\" class=\"attachment-full size-full wp-image-2373\" alt=\"\" srcset=\"https:\/\/www.lqcompany.com\/wp-content\/uploads\/2024\/04\/u30186643243330800651fm253fmtautoapp138fJPEG-300x158.jpg 300w, https:\/\/www.lqcompany.com\/wp-content\/uploads\/2024\/04\/u30186643243330800651fm253fmtautoapp138fJPEG-18x9.jpg 18w, https:\/\/www.lqcompany.com\/wp-content\/uploads\/2024\/04\/u30186643243330800651fm253fmtautoapp138fJPEG.jpg 352w\" sizes=\"auto, (max-width: 352px) 100vw, 352px\" \/><\/figure><div class=\"elementor-image-box-content\"><p class=\"elementor-image-box-title\">California(Oficinas y almacenes)<\/p><p class=\"elementor-image-box-description\">1951 S Parco Ave Unit E Ontario CA 91761, EE.UU.<\/p><\/div><\/div>\t\t\t\t<\/div>\n\t\t\t\t<\/div>\n\t\t\t\t<div class=\"elementor-element elementor-element-3d5cc8ee elementor-widget elementor-widget-heading\" data-id=\"3d5cc8ee\" data-element_type=\"widget\" data-e-type=\"widget\" data-widget_type=\"heading.default\">\n\t\t\t\t<div class=\"elementor-widget-container\">\n\t\t\t\t\t<p class=\"elementor-heading-title elementor-size-default\">Texas(Oficinas y almacenes)<\/p>\t\t\t\t<\/div>\n\t\t\t\t<\/div>\n\t\t\t\t<div class=\"elementor-element elementor-element-fcd68ef elementor-widget elementor-widget-text-editor\" data-id=\"fcd68ef\" data-element_type=\"widget\" data-e-type=\"widget\" data-widget_type=\"text-editor.default\">\n\t\t\t\t<div class=\"elementor-widget-container\">\n\t\t\t\t\t\t\t\t\t<p>4755 Alpine Drive, Suite 125, Stafford, TX77477, EE.UU.<\/p>\t\t\t\t\t\t\t\t<\/div>\n\t\t\t\t<\/div>\n\t\t\t\t<\/div>\n\t\t<div class=\"elementor-element elementor-element-4497e4d3 e-con-full e-flex e-con e-child\" data-id=\"4497e4d3\" data-element_type=\"container\" data-e-type=\"container\">\n\t\t\t\t<div class=\"elementor-element elementor-element-6e2ccdd4 elementor-position-top elementor-widget elementor-widget-image-box\" data-id=\"6e2ccdd4\" data-element_type=\"widget\" data-e-type=\"widget\" data-widget_type=\"image-box.default\">\n\t\t\t\t<div class=\"elementor-widget-container\">\n\t\t\t\t\t<div class=\"elementor-image-box-wrapper\"><figure class=\"elementor-image-box-img\"><img loading=\"lazy\" decoding=\"async\" width=\"536\" height=\"357\" src=\"https:\/\/www.lqcompany.com\/wp-content\/uploads\/2024\/04\/d0c8a786c9177f3e67097eaf9c852cc79f3df8dcf874.png\" class=\"attachment-full size-full wp-image-2374\" alt=\"\" srcset=\"https:\/\/www.lqcompany.com\/wp-content\/uploads\/2024\/04\/d0c8a786c9177f3e67097eaf9c852cc79f3df8dcf874-300x200.png 300w, https:\/\/www.lqcompany.com\/wp-content\/uploads\/2024\/04\/d0c8a786c9177f3e67097eaf9c852cc79f3df8dcf874-18x12.png 18w, https:\/\/www.lqcompany.com\/wp-content\/uploads\/2024\/04\/d0c8a786c9177f3e67097eaf9c852cc79f3df8dcf874.png 536w\" sizes=\"auto, (max-width: 536px) 100vw, 536px\" \/><\/figure><div class=\"elementor-image-box-content\"><p class=\"elementor-image-box-title\">China(Taller y oficina)<\/p><p class=\"elementor-image-box-description\">No.368 , HaoXin Building , ChongHong Street,Ciudad de Quanzhou ,Provincia de Fujian<\/p><\/div><\/div>\t\t\t\t<\/div>\n\t\t\t\t<\/div>\n\t\t\t\t<div class=\"elementor-element elementor-element-49aa74c9 elementor-widget elementor-widget-heading\" data-id=\"49aa74c9\" data-element_type=\"widget\" data-e-type=\"widget\" data-widget_type=\"heading.default\">\n\t\t\t\t<div class=\"elementor-widget-container\">\n\t\t\t\t\t<p class=\"elementor-heading-title elementor-size-default\">Vietnam (oficina y taller)<\/p>\t\t\t\t<\/div>\n\t\t\t\t<\/div>\n\t\t\t\t<div class=\"elementor-element elementor-element-3b68eb47 elementor-widget elementor-widget-text-editor\" data-id=\"3b68eb47\" data-element_type=\"widget\" data-e-type=\"widget\" data-widget_type=\"text-editor.default\">\n\t\t\t\t<div class=\"elementor-widget-container\">\n\t\t\t\t\t\t\t\t\t<p>Pr\u00f3ximamente<\/p>\t\t\t\t\t\t\t\t<\/div>\n\t\t\t\t<\/div>\n\t\t\t\t<\/div>\n\t\t<div class=\"elementor-element elementor-element-461bbdda e-con-full e-flex e-con e-child\" data-id=\"461bbdda\" data-element_type=\"container\" data-e-type=\"container\">\n\t\t\t\t<div class=\"elementor-element elementor-element-7e80ff4 elementor-widget elementor-widget-heading\" data-id=\"7e80ff4\" data-element_type=\"widget\" data-e-type=\"widget\" data-widget_type=\"heading.default\">\n\t\t\t\t<div class=\"elementor-widget-container\">\n\t\t\t\t\t<h2 class=\"elementor-heading-title elementor-size-default\">Ventas y presupuestos<\/h2>\t\t\t\t<\/div>\n\t\t\t\t<\/div>\n\t\t\t\t<div class=\"elementor-element elementor-element-3459f218 elementor-widget elementor-widget-text-editor\" data-id=\"3459f218\" data-element_type=\"widget\" data-e-type=\"widget\" data-widget_type=\"text-editor.default\">\n\t\t\t\t<div class=\"elementor-widget-container\">\n\t\t\t\t\t\t\t\t\t<p><a href=\"mailto:xixi@aetgear.com\">xixi@aetgear.com<\/a><\/p>\t\t\t\t\t\t\t\t<\/div>\n\t\t\t\t<\/div>\n\t\t\t\t<div class=\"elementor-element elementor-element-10506d73 elementor-widget elementor-widget-heading\" data-id=\"10506d73\" data-element_type=\"widget\" data-e-type=\"widget\" data-widget_type=\"heading.default\">\n\t\t\t\t<div class=\"elementor-widget-container\">\n\t\t\t\t\t<h2 class=\"elementor-heading-title elementor-size-default\">Consultas generales<\/h2>\t\t\t\t<\/div>\n\t\t\t\t<\/div>\n\t\t\t\t<div class=\"elementor-element elementor-element-316e301f elementor-widget elementor-widget-text-editor\" data-id=\"316e301f\" data-element_type=\"widget\" data-e-type=\"widget\" data-widget_type=\"text-editor.default\">\n\t\t\t\t<div class=\"elementor-widget-container\">\n\t\t\t\t\t\t\t\t\t<p><a href=\"mailto:sisii@lqcompany.com\" rel=\"nofollow\">sisii@lqcompany.com<\/a><\/p>\t\t\t\t\t\t\t\t<\/div>\n\t\t\t\t<\/div>\n\t\t\t\t<div class=\"elementor-element elementor-element-6b598ac8 elementor-widget elementor-widget-heading\" data-id=\"6b598ac8\" data-element_type=\"widget\" data-e-type=\"widget\" data-widget_type=\"heading.default\">\n\t\t\t\t<div class=\"elementor-widget-container\">\n\t\t\t\t\t<h2 class=\"elementor-heading-title elementor-size-default\">Quejas y sugerencias<\/h2>\t\t\t\t<\/div>\n\t\t\t\t<\/div>\n\t\t\t\t<div class=\"elementor-element elementor-element-2d8248b3 elementor-widget elementor-widget-text-editor\" data-id=\"2d8248b3\" data-element_type=\"widget\" data-e-type=\"widget\" data-widget_type=\"text-editor.default\">\n\t\t\t\t<div class=\"elementor-widget-container\">\n\t\t\t\t\t\t\t\t\t<p><a href=\"mailto:info@aetgear.com\">info@aetgear.com<\/a><\/p>\t\t\t\t\t\t\t\t<\/div>\n\t\t\t\t<\/div>\n\t\t\t\t<\/div>\n\t\t\t\t<\/div>\n\t\t\t\t<\/div>","protected":false},"excerpt":{"rendered":"<p>Tactical Equipment Dealer Feedback L&amp;Q ARMY has been an outstanding supplier for my store in the USA. The bulk orders are always delivered on time, and the quality is impeccable. The customization options have allowed me to offer unique products that stand out in the market. Their customer service is always responsive and supportive, making [&hellip;]<\/p>\n","protected":false},"author":1,"featured_media":0,"parent":0,"menu_order":0,"comment_status":"closed","ping_status":"closed","template":"","meta":{"_acf_changed":false,"footnotes":""},"class_list":["post-3761","page","type-page","status-publish","hentry"],"blocksy_meta":[],"acf":[],"_links":{"self":[{"href":"https:\/\/www.lqcompany.com\/es\/wp-json\/wp\/v2\/pages\/3761","targetHints":{"allow":["GET"]}}],"collection":[{"href":"https:\/\/www.lqcompany.com\/es\/wp-json\/wp\/v2\/pages"}],"about":[{"href":"https:\/\/www.lqcompany.com\/es\/wp-json\/wp\/v2\/types\/page"}],"author":[{"embeddable":true,"href":"https:\/\/www.lqcompany.com\/es\/wp-json\/wp\/v2\/users\/1"}],"replies":[{"embeddable":true,"href":"https:\/\/www.lqcompany.com\/es\/wp-json\/wp\/v2\/comments?post=3761"}],"version-history":[{"count":0,"href":"https:\/\/www.lqcompany.com\/es\/wp-json\/wp\/v2\/pages\/3761\/revisions"}],"wp:attachment":[{"href":"https:\/\/www.lqcompany.com\/es\/wp-json\/wp\/v2\/media?parent=3761"}],"curies":[{"name":"wp","href":"https:\/\/api.w.org\/{rel}","templated":true}]}}