{"id":967,"date":"2022-08-31T07:14:53","date_gmt":"2022-08-31T07:14:53","guid":{"rendered":"https:\/\/demo.creativethemes.com\/elementor\/charity\/?page_id=967"},"modified":"2025-07-03T08:29:57","modified_gmt":"2025-07-03T08:29:57","slug":"portfolio","status":"publish","type":"page","link":"https:\/\/www.lqcompany.com\/de\/portfolio\/","title":{"rendered":"Portfolio"},"content":{"rendered":"<div data-elementor-type=\"wp-page\" data-elementor-id=\"967\" class=\"elementor elementor-967\" data-elementor-settings=\"{&quot;ha_cmc_init_switcher&quot;:&quot;no&quot;}\" data-elementor-post-type=\"page\">\n\t\t\t\t\t\t<section class=\"elementor-section elementor-top-section elementor-element elementor-element-2122f9d9 elementor-section-height-min-height elementor-section-boxed elementor-section-height-default elementor-section-items-middle\" data-id=\"2122f9d9\" data-element_type=\"section\" data-e-type=\"section\" data-settings=\"{&quot;background_background&quot;:&quot;classic&quot;}\">\n\t\t\t\t\t\t\t<div class=\"elementor-background-overlay\"><\/div>\n\t\t\t\t\t\t\t<div class=\"elementor-container elementor-column-gap-default\">\n\t\t\t\t\t<div class=\"elementor-column elementor-col-50 elementor-top-column elementor-element elementor-element-120d904a\" data-id=\"120d904a\" data-element_type=\"column\" data-e-type=\"column\" data-settings=\"{&quot;background_background&quot;:&quot;classic&quot;}\">\n\t\t\t<div class=\"elementor-widget-wrap elementor-element-populated\">\n\t\t\t\t\t\t<div class=\"elementor-element elementor-element-52740acb elementor-widget elementor-widget-heading\" data-id=\"52740acb\" data-element_type=\"widget\" data-e-type=\"widget\" data-widget_type=\"heading.default\">\n\t\t\t\t<div class=\"elementor-widget-container\">\n\t\t\t\t\t<h1 class=\"elementor-heading-title elementor-size-default\">Portfolio taktischer Ausr\u00fcstung<\/h1>\t\t\t\t<\/div>\n\t\t\t\t<\/div>\n\t\t\t\t<div class=\"elementor-element elementor-element-2a6f8cba elementor-mobile-align-left elementor-widget elementor-widget-button\" data-id=\"2a6f8cba\" data-element_type=\"widget\" data-e-type=\"widget\" data-widget_type=\"button.default\">\n\t\t\t\t<div class=\"elementor-widget-container\">\n\t\t\t\t\t\t\t\t\t<div class=\"elementor-button-wrapper\">\n\t\t\t\t\t<a class=\"elementor-button elementor-button-link elementor-size-sm elementor-animation-grow\" href=\"#elementor-action%3Aaction%3Dpopup%3Aopen%26settings%3DeyJpZCI6IjM4MDIiLCJ0b2dnbGUiOmZhbHNlfQ%3D%3D\">\n\t\t\t\t\t\t<span class=\"elementor-button-content-wrapper\">\n\t\t\t\t\t\t\t\t\t<span class=\"elementor-button-text\">Jetzt anfragen<\/span>\n\t\t\t\t\t<\/span>\n\t\t\t\t\t<\/a>\n\t\t\t\t<\/div>\n\t\t\t\t\t\t\t\t<\/div>\n\t\t\t\t<\/div>\n\t\t\t\t\t<\/div>\n\t\t<\/div>\n\t\t\t\t<div class=\"elementor-column elementor-col-50 elementor-top-column elementor-element elementor-element-7100a45e\" data-id=\"7100a45e\" data-element_type=\"column\" data-e-type=\"column\">\n\t\t\t<div class=\"elementor-widget-wrap elementor-element-populated\">\n\t\t\t\t\t\t<div class=\"elementor-element elementor-element-6432668c elementor-widget elementor-widget-text-editor\" data-id=\"6432668c\" data-element_type=\"widget\" data-e-type=\"widget\" data-widget_type=\"text-editor.default\">\n\t\t\t\t<div class=\"elementor-widget-container\">\n\t\t\t\t\t\t\t\t\t<p><a href=\"https:\/\/lqcompany.com\/\" target=\"_blank\" rel=\"noopener\">Startseite<\/a> &gt; Ressourcen &gt; Portfolio<\/p>\t\t\t\t\t\t\t\t<\/div>\n\t\t\t\t<\/div>\n\t\t\t\t\t<\/div>\n\t\t<\/div>\n\t\t\t\t\t<\/div>\n\t\t<\/section>\n\t\t<div class=\"elementor-element elementor-element-a73e5f7 e-flex e-con-boxed e-con e-parent\" data-id=\"a73e5f7\" data-element_type=\"container\" data-e-type=\"container\">\n\t\t\t\t\t<div class=\"e-con-inner\">\n\t\t<div class=\"elementor-element elementor-element-7b8ed7e e-con-full e-flex e-con e-child\" data-id=\"7b8ed7e\" data-element_type=\"container\" data-e-type=\"container\">\n\t\t\t\t<div class=\"elementor-element elementor-element-73d9737 ha-pre--top elementor-widget elementor-widget-ha-hover-box happy-addon ha-hover-box happy-addon-pro\" data-id=\"73d9737\" data-element_type=\"widget\" data-e-type=\"widget\" data-widget_type=\"ha-hover-box.default\">\n\t\t\t\t<div class=\"elementor-widget-container\">\n\t\t\t\t\t\n                    <a class=\"ha-flip-btn\" href=\"https:\/\/www.lqcompany.com\/de\/tactical-backpack\/30l-molle-army-assault-backpack\/\">\n        \n            <div class=\"ha-hover-box-main\">\n                <div class=\"ha-hover-box-wrapper reverse\">\n                    <div class=\"ha-hover-box-content\">\n\n                        \n                        <div>\n                            <p class=\"ha-hover-title\">MOLLE-Armee-Sturmrucksack<\/p>\n                                                            <p class=\"ha-hover-description\">\n                                    perfekt f\u00fcr Strafverfolgungsbeh\u00f6rden und Outdoor-Enthusiasten. Der Rucksack hat vier erweiterbare F\u00e4cher, die bis zu 30 Liter Stauraum bieten.                                <\/p>\n                                                    <\/div>\n                    <\/div>\n                <\/div>\n            <\/div>\n                   <\/a>\n        \n        \t\t\t\t<\/div>\n\t\t\t\t<\/div>\n\t\t<div class=\"elementor-element elementor-element-c61415b e-grid e-con-boxed e-con e-child\" data-id=\"c61415b\" data-element_type=\"container\" data-e-type=\"container\">\n\t\t\t\t\t<div class=\"e-con-inner\">\n\t\t\t\t<div class=\"elementor-element elementor-element-36804ff ha-pre--top elementor-widget elementor-widget-ha-hover-box happy-addon ha-hover-box happy-addon-pro\" data-id=\"36804ff\" data-element_type=\"widget\" data-e-type=\"widget\" data-widget_type=\"ha-hover-box.default\">\n\t\t\t\t<div class=\"elementor-widget-container\">\n\t\t\t\t\t\n        \n            <div class=\"ha-hover-box-main\">\n                <div class=\"ha-hover-box-wrapper reverse\">\n                    <div class=\"ha-hover-box-content\">\n\n                        \n                        <div>\n                            <h4 class=\"ha-hover-title\">Milit\u00e4rische Tragetasche<\/h4>\n                                                    <\/div>\n                    <\/div>\n                <\/div>\n            <\/div>\n        \n        \t\t\t\t<\/div>\n\t\t\t\t<\/div>\n\t\t\t\t<div class=\"elementor-element elementor-element-bb97f16 ha-pre--top elementor-widget elementor-widget-ha-hover-box happy-addon ha-hover-box happy-addon-pro\" data-id=\"bb97f16\" data-element_type=\"widget\" data-e-type=\"widget\" data-widget_type=\"ha-hover-box.default\">\n\t\t\t\t<div class=\"elementor-widget-container\">\n\t\t\t\t\t\n        \n            <div class=\"ha-hover-box-main\">\n                <div class=\"ha-hover-box-wrapper reverse\">\n                    <div class=\"ha-hover-box-content\">\n\n                        \n                        <div>\n                            <h4 class=\"ha-hover-title\">Innenrahmen-Rucksack<\/h4>\n                                                            <p class=\"ha-hover-description\">\n                                    Er ist aus robustem 900D Oxford-Gewebe gefertigt und verf\u00fcgt \u00fcber reichlich Stauraum, verstellbare Gurte und einen verst\u00e4rkten Metallrahmen f\u00fcr eine hervorragende Gewichtsverteilung.                                 <\/p>\n                                                    <\/div>\n                    <\/div>\n                <\/div>\n            <\/div>\n        \n        \t\t\t\t<\/div>\n\t\t\t\t<\/div>\n\t\t\t\t\t<\/div>\n\t\t\t\t<\/div>\n\t\t<div class=\"elementor-element elementor-element-8a23173 e-flex e-con-boxed e-con e-child\" data-id=\"8a23173\" data-element_type=\"container\" data-e-type=\"container\">\n\t\t\t\t\t<div class=\"e-con-inner\">\n\t\t\t\t<div class=\"elementor-element elementor-element-82e3c0e ha-pre--top elementor-widget elementor-widget-ha-hover-box happy-addon ha-hover-box happy-addon-pro\" data-id=\"82e3c0e\" data-element_type=\"widget\" data-e-type=\"widget\" data-widget_type=\"ha-hover-box.default\">\n\t\t\t\t<div class=\"elementor-widget-container\">\n\t\t\t\t\t\n                    <a class=\"ha-flip-btn\" href=\"https:\/\/www.lqcompany.com\/de\/modular-pouches\/triple-pistol-mag-pouch-molle\/\">\n        \n            <div class=\"ha-hover-box-main\">\n                <div class=\"ha-hover-box-wrapper reverse\">\n                    <div class=\"ha-hover-box-content\">\n\n                        \n                        <div>\n                            <h4 class=\"ha-hover-title\">Dreifach-Pistolenmag-Tasche Molle<\/h4>\n                                                    <\/div>\n                    <\/div>\n                <\/div>\n            <\/div>\n                   <\/a>\n        \n        \t\t\t\t<\/div>\n\t\t\t\t<\/div>\n\t\t\t\t\t<\/div>\n\t\t\t\t<\/div>\n\t\t\t\t<\/div>\n\t\t<div class=\"elementor-element elementor-element-741c0a2 e-con-full e-flex e-con e-child\" data-id=\"741c0a2\" data-element_type=\"container\" data-e-type=\"container\">\n\t\t<div class=\"elementor-element elementor-element-480882f e-grid e-con-boxed e-con e-child\" data-id=\"480882f\" data-element_type=\"container\" data-e-type=\"container\">\n\t\t\t\t\t<div class=\"e-con-inner\">\n\t\t\t\t<div class=\"elementor-element elementor-element-bc05d96 ha-pre--top elementor-widget elementor-widget-ha-hover-box happy-addon ha-hover-box happy-addon-pro\" data-id=\"bc05d96\" data-element_type=\"widget\" data-e-type=\"widget\" data-widget_type=\"ha-hover-box.default\">\n\t\t\t\t<div class=\"elementor-widget-container\">\n\t\t\t\t\t\n                    <a class=\"ha-flip-btn\" href=\"https:\/\/www.lqcompany.com\/tactical-backpack\/tactical-sling-backpack\/\">\n        \n            <div class=\"ha-hover-box-main\">\n                <div class=\"ha-hover-box-wrapper reverse\">\n                    <div class=\"ha-hover-box-content\">\n\n                        \n                        <div>\n                            <p class=\"ha-hover-title\">Tactical Sling Backpack<\/p>\n                                                            <p class=\"ha-hover-description\">\n                                    Dieser taktische Sling-Rucksack ist aus strapazierf\u00e4higem 600D-Polyester gefertigt, wodurch er leicht, ger\u00e4umig und wasserfest ist.                                <\/p>\n                                                    <\/div>\n                    <\/div>\n                <\/div>\n            <\/div>\n                   <\/a>\n        \n        \t\t\t\t<\/div>\n\t\t\t\t<\/div>\n\t\t\t\t<div class=\"elementor-element elementor-element-f45027e ha-pre--top elementor-widget elementor-widget-ha-hover-box happy-addon ha-hover-box happy-addon-pro\" data-id=\"f45027e\" data-element_type=\"widget\" data-e-type=\"widget\" data-widget_type=\"ha-hover-box.default\">\n\t\t\t\t<div class=\"elementor-widget-container\">\n\t\t\t\t\t\n        \n            <div class=\"ha-hover-box-main\">\n                <div class=\"ha-hover-box-wrapper reverse\">\n                    <div class=\"ha-hover-box-content\">\n\n                        \n                        <div>\n                            <h4 class=\"ha-hover-title\">EDC Tactical Sling Bag<\/h4>\n                                                            <p class=\"ha-hover-description\">\n                                    Diese taktische EDC-Schlingentasche ist f\u00fcr diejenigen gedacht, die unterwegs schnellen Zugriff auf wichtige Gegenst\u00e4nde ben\u00f6tigen.                                <\/p>\n                                                    <\/div>\n                    <\/div>\n                <\/div>\n            <\/div>\n        \n        \t\t\t\t<\/div>\n\t\t\t\t<\/div>\n\t\t\t\t\t<\/div>\n\t\t\t\t<\/div>\n\t\t\t\t<div class=\"elementor-element elementor-element-e3cff3a ha-pre--top elementor-widget elementor-widget-ha-hover-box happy-addon ha-hover-box happy-addon-pro\" data-id=\"e3cff3a\" data-element_type=\"widget\" data-e-type=\"widget\" data-widget_type=\"ha-hover-box.default\">\n\t\t\t\t<div class=\"elementor-widget-container\">\n\t\t\t\t\t\n                    <a class=\"ha-flip-btn\" href=\"https:\/\/www.lqcompany.com\/de\/tactical-backpack\/tactical-laptop-backpack\/\">\n        \n            <div class=\"ha-hover-box-main\">\n                <div class=\"ha-hover-box-wrapper reverse\">\n                    <div class=\"ha-hover-box-content\">\n\n                        \n                        <div>\n                            <h4 class=\"ha-hover-title\">Taktischer Laptop-Rucksack<\/h4>\n                                                            <p class=\"ha-hover-description\">\n                                    Dieser Rucksack ist ideal f\u00fcr Pendler in der Stadt, Outdoor-Fans oder alle, die einen zuverl\u00e4ssigen Begleiter f\u00fcr den Alltag brauchen. Er bietet bequem Platz f\u00fcr einen Laptop und andere wichtige Dinge.                                <\/p>\n                                                    <\/div>\n                    <\/div>\n                <\/div>\n            <\/div>\n                   <\/a>\n        \n        \t\t\t\t<\/div>\n\t\t\t\t<\/div>\n\t\t\t\t<div class=\"elementor-element elementor-element-69b887b ha-pre--top elementor-widget elementor-widget-ha-hover-box happy-addon ha-hover-box happy-addon-pro\" data-id=\"69b887b\" data-element_type=\"widget\" data-e-type=\"widget\" data-widget_type=\"ha-hover-box.default\">\n\t\t\t\t<div class=\"elementor-widget-container\">\n\t\t\t\t\t\n        \n            <div class=\"ha-hover-box-main\">\n                <div class=\"ha-hover-box-wrapper reverse\">\n                    <div class=\"ha-hover-box-content\">\n\n                        \n                        <div>\n                            <h4 class=\"ha-hover-title\">Milit\u00e4rische Westenplattentr\u00e4ger<\/h4>\n                                                    <\/div>\n                    <\/div>\n                <\/div>\n            <\/div>\n        \n        \t\t\t\t<\/div>\n\t\t\t\t<\/div>\n\t\t\t\t<\/div>\n\t\t\t\t\t<\/div>\n\t\t\t\t<\/div>\n\t\t<div class=\"elementor-element elementor-element-e25c185 e-flex e-con-boxed e-con e-parent\" data-id=\"e25c185\" data-element_type=\"container\" data-e-type=\"container\">\n\t\t\t\t\t<div class=\"e-con-inner\">\n\t\t<div class=\"elementor-element elementor-element-312dc6c e-con-full e-flex e-con e-child\" data-id=\"312dc6c\" data-element_type=\"container\" data-e-type=\"container\">\n\t\t<div class=\"elementor-element elementor-element-ffa3f0e e-grid e-con-boxed e-con e-child\" data-id=\"ffa3f0e\" data-element_type=\"container\" data-e-type=\"container\">\n\t\t\t\t\t<div class=\"e-con-inner\">\n\t\t\t\t<div class=\"elementor-element elementor-element-50f2253 ha-pre--top elementor-widget elementor-widget-ha-hover-box happy-addon ha-hover-box happy-addon-pro\" data-id=\"50f2253\" data-element_type=\"widget\" data-e-type=\"widget\" data-widget_type=\"ha-hover-box.default\">\n\t\t\t\t<div class=\"elementor-widget-container\">\n\t\t\t\t\t\n                    <a class=\"ha-flip-btn\" href=\"https:\/\/www.lqcompany.com\/de\/tactical-vest\/plate-carrier-for-airsoft\/\">\n        \n            <div class=\"ha-hover-box-main\">\n                <div class=\"ha-hover-box-wrapper reverse\">\n                    <div class=\"ha-hover-box-content\">\n\n                        \n                        <div>\n                            <h4 class=\"ha-hover-title\">Plattentr\u00e4ger f\u00fcr Airsoft<\/h4>\n                                                            <p class=\"ha-hover-description\">\n                                    Dieser Plattentr\u00e4ger f\u00fcr Airsoft ist mit mehreren modularen Taschen ausgestattet, die einen schnellen Zugang zu Magazinen und wichtigen Ausr\u00fcstungsgegenst\u00e4nden w\u00e4hrend Airsoft-Gefechten erm\u00f6glichen.                                <\/p>\n                                                    <\/div>\n                    <\/div>\n                <\/div>\n            <\/div>\n                   <\/a>\n        \n        \t\t\t\t<\/div>\n\t\t\t\t<\/div>\n\t\t\t\t<div class=\"elementor-element elementor-element-e5eba49 ha-pre--top elementor-widget elementor-widget-ha-hover-box happy-addon ha-hover-box happy-addon-pro\" data-id=\"e5eba49\" data-element_type=\"widget\" data-e-type=\"widget\" data-widget_type=\"ha-hover-box.default\">\n\t\t\t\t<div class=\"elementor-widget-container\">\n\t\t\t\t\t\n                    <a class=\"ha-flip-btn\" href=\"https:\/\/www.lqcompany.com\/de\/tactical-vest\/load-bearing-chest-rig\/\">\n        \n            <div class=\"ha-hover-box-main\">\n                <div class=\"ha-hover-box-wrapper reverse\">\n                    <div class=\"ha-hover-box-content\">\n\n                        \n                        <div>\n                            <h4 class=\"ha-hover-title\">Lasttragende Brustst\u00fctze<\/h4>\n                                                            <p class=\"ha-hover-description\">\n                                    Dieser tragf\u00e4hige Brustgurt ist eine hochfunktionelle und robuste taktische L\u00f6sung, die f\u00fcr maximale Organisation der Ausr\u00fcstung und Mobilit\u00e4t in anspruchsvollen Umgebungen entwickelt wurde.                                <\/p>\n                                                    <\/div>\n                    <\/div>\n                <\/div>\n            <\/div>\n                   <\/a>\n        \n        \t\t\t\t<\/div>\n\t\t\t\t<\/div>\n\t\t\t\t\t<\/div>\n\t\t\t\t<\/div>\n\t\t\t\t<div class=\"elementor-element elementor-element-be353a1 ha-pre--top elementor-widget elementor-widget-ha-hover-box happy-addon ha-hover-box happy-addon-pro\" data-id=\"be353a1\" data-element_type=\"widget\" data-e-type=\"widget\" data-widget_type=\"ha-hover-box.default\">\n\t\t\t\t<div class=\"elementor-widget-container\">\n\t\t\t\t\t\n                    <a class=\"ha-flip-btn\" href=\"https:\/\/www.lqcompany.com\/de\/tactical-backpack\/80l-large-military-rucksack-with-frame\/\">\n        \n            <div class=\"ha-hover-box-main\">\n                <div class=\"ha-hover-box-wrapper reverse\">\n                    <div class=\"ha-hover-box-content\">\n\n                        \n                        <div>\n                            <h4 class=\"ha-hover-title\">Gro\u00dfer Milit\u00e4rrucksack mit Rahmen<\/h4>\n                                                            <p class=\"ha-hover-description\">\n                                    mit internem Rahmen verf\u00fcgt \u00fcber zwei Aluminiumstreben f\u00fcr mehr Halt und Stabilit\u00e4t.                                 <\/p>\n                                                    <\/div>\n                    <\/div>\n                <\/div>\n            <\/div>\n                   <\/a>\n        \n        \t\t\t\t<\/div>\n\t\t\t\t<\/div>\n\t\t\t\t<div class=\"elementor-element elementor-element-da77830 ha-pre--top elementor-widget elementor-widget-ha-hover-box happy-addon ha-hover-box happy-addon-pro\" data-id=\"da77830\" data-element_type=\"widget\" data-e-type=\"widget\" data-widget_type=\"ha-hover-box.default\">\n\t\t\t\t<div class=\"elementor-widget-container\">\n\t\t\t\t\t\n                    <a class=\"ha-flip-btn\" href=\"https:\/\/www.lqcompany.com\/de\/tactical-vest\/military-grade-plate-carrier\/\">\n        \n            <div class=\"ha-hover-box-main\">\n                <div class=\"ha-hover-box-wrapper reverse\">\n                    <div class=\"ha-hover-box-content\">\n\n                        \n                        <div>\n                            <h4 class=\"ha-hover-title\">Milit\u00e4rischer Plattentr\u00e4ger<\/h4>\n                                                    <\/div>\n                    <\/div>\n                <\/div>\n            <\/div>\n                   <\/a>\n        \n        \t\t\t\t<\/div>\n\t\t\t\t<\/div>\n\t\t\t\t<\/div>\n\t\t<div class=\"elementor-element elementor-element-af8987f e-con-full e-flex e-con e-child\" data-id=\"af8987f\" data-element_type=\"container\" data-e-type=\"container\">\n\t\t\t\t<div class=\"elementor-element elementor-element-46d0ae1 ha-pre--top elementor-widget elementor-widget-ha-hover-box happy-addon ha-hover-box happy-addon-pro\" data-id=\"46d0ae1\" data-element_type=\"widget\" data-e-type=\"widget\" data-widget_type=\"ha-hover-box.default\">\n\t\t\t\t<div class=\"elementor-widget-container\">\n\t\t\t\t\t\n                    <a class=\"ha-flip-btn\" href=\"https:\/\/www.lqcompany.com\/de\/gun-bags\/double-rifle-bag\/\">\n        \n            <div class=\"ha-hover-box-main\">\n                <div class=\"ha-hover-box-wrapper reverse\">\n                    <div class=\"ha-hover-box-content\">\n\n                        \n                        <div>\n                            <h4 class=\"ha-hover-title\">Doppelte Gewehrtasche<\/h4>\n                                                            <p class=\"ha-hover-description\">\n                                    Die inneren Schutzh\u00fcllen sch\u00fctzen die Schnauze und verhindern Besch\u00e4digungen. Die Au\u00dfenseite ist aus strapazierf\u00e4higem 600D-Oxford-Gewebe gefertigt, das auch rauen Bedingungen standh\u00e4lt, w\u00e4hrend die robusten Kunststoffschnallen und Paracord-Rei\u00dfverschl\u00fcsse f\u00fcr einen sicheren Verschluss sorgen.                                <\/p>\n                                                    <\/div>\n                    <\/div>\n                <\/div>\n            <\/div>\n                   <\/a>\n        \n        \t\t\t\t<\/div>\n\t\t\t\t<\/div>\n\t\t<div class=\"elementor-element elementor-element-13cfabf e-grid e-con-boxed e-con e-child\" data-id=\"13cfabf\" data-element_type=\"container\" data-e-type=\"container\">\n\t\t\t\t\t<div class=\"e-con-inner\">\n\t\t\t\t<div class=\"elementor-element elementor-element-ba5321d ha-pre--top elementor-widget elementor-widget-ha-hover-box happy-addon ha-hover-box happy-addon-pro\" data-id=\"ba5321d\" data-element_type=\"widget\" data-e-type=\"widget\" data-widget_type=\"ha-hover-box.default\">\n\t\t\t\t<div class=\"elementor-widget-container\">\n\t\t\t\t\t\n        \n            <div class=\"ha-hover-box-main\">\n                <div class=\"ha-hover-box-wrapper\">\n                    <div class=\"ha-hover-box-content\">\n\n                        \n                        <div>\n                            \n                                                    <\/div>\n                    <\/div>\n                <\/div>\n            <\/div>\n        \n        \t\t\t\t<\/div>\n\t\t\t\t<\/div>\n\t\t\t\t<div class=\"elementor-element elementor-element-b21a703 ha-pre--top elementor-widget elementor-widget-ha-hover-box happy-addon ha-hover-box happy-addon-pro\" data-id=\"b21a703\" data-element_type=\"widget\" data-e-type=\"widget\" data-widget_type=\"ha-hover-box.default\">\n\t\t\t\t<div class=\"elementor-widget-container\">\n\t\t\t\t\t\n        \n            <div class=\"ha-hover-box-main\">\n                <div class=\"ha-hover-box-wrapper\">\n                    <div class=\"ha-hover-box-content\">\n\n                        \n                        <div>\n                            \n                                                    <\/div>\n                    <\/div>\n                <\/div>\n            <\/div>\n        \n        \t\t\t\t<\/div>\n\t\t\t\t<\/div>\n\t\t\t\t\t<\/div>\n\t\t\t\t<\/div>\n\t\t<div class=\"elementor-element elementor-element-e98cc3c e-flex e-con-boxed e-con e-child\" data-id=\"e98cc3c\" data-element_type=\"container\" data-e-type=\"container\">\n\t\t\t\t\t<div class=\"e-con-inner\">\n\t\t\t\t<div class=\"elementor-element elementor-element-bf0bffc ha-pre--top elementor-widget elementor-widget-ha-hover-box happy-addon ha-hover-box happy-addon-pro\" data-id=\"bf0bffc\" data-element_type=\"widget\" data-e-type=\"widget\" data-widget_type=\"ha-hover-box.default\">\n\t\t\t\t<div class=\"elementor-widget-container\">\n\t\t\t\t\t\n                    <a class=\"ha-flip-btn\" href=\"https:\/\/www.lqcompany.com\/tactical-vest\/quick-release-plate-carrier\/\">\n        \n            <div class=\"ha-hover-box-main\">\n                <div class=\"ha-hover-box-wrapper\">\n                    <div class=\"ha-hover-box-content\">\n\n                        \n                        <div>\n                            <h4 class=\"ha-hover-title\">Schnellspanner Plattentr\u00e4ger<\/h4>\n                                                    <\/div>\n                    <\/div>\n                <\/div>\n            <\/div>\n                   <\/a>\n        \n        \t\t\t\t<\/div>\n\t\t\t\t<\/div>\n\t\t\t\t\t<\/div>\n\t\t\t\t<\/div>\n\t\t\t\t<\/div>\n\t\t\t\t\t<\/div>\n\t\t\t\t<\/div>\n\t\t\t\t<\/div>","protected":false},"excerpt":{"rendered":"<p>Tactical Gear Portfolio Inquire Now Home &gt; Resources &gt; Portfolio MOLLE Army Assault Backpack perfect for law enforcement and outdoor enthusiasts. The pack has four expanding compartments that provide up to 30 liters of storage. Military Sling Bag Internal Frame Backpack Made from tough 900D Oxford cloth, it features ample storage, adjustable straps, and a [&hellip;]<\/p>\n","protected":false},"author":1,"featured_media":0,"parent":0,"menu_order":0,"comment_status":"closed","ping_status":"closed","template":"elementor_header_footer","meta":{"_acf_changed":false,"footnotes":""},"class_list":["post-967","page","type-page","status-publish","hentry"],"blocksy_meta":{"styles_descriptor":{"styles":{"desktop":"","tablet":"","mobile":""},"google_fonts":[],"version":6}},"acf":[],"_links":{"self":[{"href":"https:\/\/www.lqcompany.com\/de\/wp-json\/wp\/v2\/pages\/967","targetHints":{"allow":["GET"]}}],"collection":[{"href":"https:\/\/www.lqcompany.com\/de\/wp-json\/wp\/v2\/pages"}],"about":[{"href":"https:\/\/www.lqcompany.com\/de\/wp-json\/wp\/v2\/types\/page"}],"author":[{"embeddable":true,"href":"https:\/\/www.lqcompany.com\/de\/wp-json\/wp\/v2\/users\/1"}],"replies":[{"embeddable":true,"href":"https:\/\/www.lqcompany.com\/de\/wp-json\/wp\/v2\/comments?post=967"}],"version-history":[{"count":5,"href":"https:\/\/www.lqcompany.com\/de\/wp-json\/wp\/v2\/pages\/967\/revisions"}],"predecessor-version":[{"id":12552,"href":"https:\/\/www.lqcompany.com\/de\/wp-json\/wp\/v2\/pages\/967\/revisions\/12552"}],"wp:attachment":[{"href":"https:\/\/www.lqcompany.com\/de\/wp-json\/wp\/v2\/media?parent=967"}],"curies":[{"name":"wp","href":"https:\/\/api.w.org\/{rel}","templated":true}]}}