{"id":3887,"date":"2024-05-23T05:41:56","date_gmt":"2024-05-23T05:41:56","guid":{"rendered":"https:\/\/lqcompany.com\/?page_id=3887"},"modified":"2024-05-23T05:43:41","modified_gmt":"2024-05-23T05:43:41","slug":"careers","status":"publish","type":"page","link":"https:\/\/www.lqcompany.com\/de\/careers\/","title":{"rendered":"Karriere"},"content":{"rendered":"<div data-elementor-type=\"wp-page\" data-elementor-id=\"3887\" class=\"elementor elementor-3887\" data-elementor-settings=\"{&quot;ha_cmc_init_switcher&quot;:&quot;no&quot;}\" data-elementor-post-type=\"page\">\n\t\t\t\t<div class=\"elementor-element elementor-element-f4f339d e-flex e-con-boxed e-con e-parent\" data-id=\"f4f339d\" data-element_type=\"container\" data-e-type=\"container\" data-settings=\"{&quot;background_background&quot;:&quot;classic&quot;}\">\n\t\t\t\t\t<div class=\"e-con-inner\">\n\t\t\t\t<div class=\"elementor-element elementor-element-80035c5 elementor-widget elementor-widget-heading\" data-id=\"80035c5\" data-element_type=\"widget\" data-e-type=\"widget\" data-widget_type=\"heading.default\">\n\t\t\t\t<div class=\"elementor-widget-container\">\n\t\t\t\t\t<h1 class=\"elementor-heading-title elementor-size-default\">KARRIERE<\/h1>\t\t\t\t<\/div>\n\t\t\t\t<\/div>\n\t\t\t\t\t<\/div>\n\t\t\t\t<\/div>\n\t\t<div class=\"elementor-element elementor-element-0370e5e e-flex e-con-boxed e-con e-parent\" data-id=\"0370e5e\" data-element_type=\"container\" data-e-type=\"container\">\n\t\t\t\t\t<div class=\"e-con-inner\">\n\t\t\t\t<div class=\"elementor-element elementor-element-53995dd elementor-widget elementor-widget-text-editor\" data-id=\"53995dd\" data-element_type=\"widget\" data-e-type=\"widget\" data-widget_type=\"text-editor.default\">\n\t\t\t\t<div class=\"elementor-widget-container\">\n\t\t\t\t\t\t\t\t\t<h2><strong>Treten Sie dem LQ ARMY-Team bei<\/strong><\/h2><p>LQ ARMY ist auf der Suche nach engagierten Fachleuten, die unser Team in unserer Produktionsst\u00e4tte in Kalifornien verst\u00e4rken m\u00f6chten. Wir bieten ein dynamisches Arbeitsumfeld mit M\u00f6glichkeiten f\u00fcr Wachstum und Entwicklung. Werfen Sie einen Blick auf unsere aktuellen Stellenangebote unten und lassen Sie uns wissen, ob Sie perfekt in unser Team passen!<\/p><p><strong>OFFENE POSITIONEN<\/strong><\/p><h3>Inspektor f\u00fcr Qualit\u00e4tskontrolle<\/h3><p><strong>Zust\u00e4ndigkeiten<\/strong>:<\/p><ul><li>Durchf\u00fchrung grundlegender und fortgeschrittener Produktmontage- und Inspektionsverfahren unter minimaler Aufsicht.<\/li><li>F\u00fchren Sie Qualit\u00e4tskontrollen und Verpackungen mit Liebe zum Detail durch.<\/li><li>Demonstration von Kenntnissen \u00fcber Muster, Materialien und Produktverwendung.<\/li><\/ul><p><strong>Erforderliche Qualifikationen<\/strong>:<\/p><ul><li>Liebe zum Detail und die F\u00e4higkeit, bis zu 50 Pfund zu heben.<\/li><li>Berechtigt, in den USA zu arbeiten.<\/li><\/ul><p><strong>Bevorzugte Qualifikationen<\/strong>:<\/p><ul><li>Selbstmotivierte Person mit ausgezeichneten Probleml\u00f6sungsf\u00e4higkeiten.<\/li><\/ul><p><strong>Was wir anbieten<\/strong>:<\/p><ul><li>Kranken-, Zahn-, Sehkraft- und Zusatzversicherung verf\u00fcgbar<\/li><li>Mitarbeiter-Hilfsprogramm<\/li><li>401K und bezahlte Freizeit<\/li><li>Wachstum und berufliche Entwicklung<\/li><li>Einzigartige Arbeitsumgebung<\/li><li>Konkurrenzf\u00e4higes Gehalt<\/li><li>Bezahlte Feiertage<\/li><\/ul><p>Um sich zu bewerben, senden Sie bitte Ihren Lebenslauf an <a href=\"mailto:jobs@lqcompany.com\">jobs@lqcompany.com<\/a>.<\/p><p>\u00a0<\/p><p>\u00a0<\/p><h3>Wartungstechniker<\/h3><p><strong>Zust\u00e4ndigkeiten<\/strong>:<\/p><ul><li>Unterst\u00fctzung und Verwaltung der technischen Anforderungen des Produktionsbetriebs.<\/li><li>Sie f\u00fchren pr\u00e4ventive und reaktive Wartungsarbeiten an industriellen Produktionsmaschinen durch.<\/li><li>F\u00fchren Sie das Personal und unterst\u00fctzen Sie Sicherheitsprogramme.<\/li><\/ul><p><strong>Erforderliche Qualifikationen<\/strong>:<\/p><ul><li>Die F\u00e4higkeit, bis zu 50 Pfund zu heben und 40 Stunden pro Woche zu arbeiten.<\/li><li>Berechtigt, in den USA zu arbeiten.<\/li><\/ul><p><strong>Bevorzugte Qualifikationen<\/strong>:<\/p><ul><li>Fr\u00fchere Erfahrungen in der Reparatur und Wartung von Industriemaschinen.<\/li><\/ul><p><strong>Was wir anbieten<\/strong>:<\/p><ul><li>Kranken-, Zahn-, Sehkraft- und Zusatzversicherung verf\u00fcgbar<\/li><li>401K und bezahlte Freizeit<\/li><li>Wachstum und berufliche Entwicklung<\/li><li>Einzigartige Arbeitsumgebung<\/li><li>Konkurrenzf\u00e4higes Gehalt<\/li><li>Bezahlte Feiertage<\/li><\/ul><p><strong>Um sich zu bewerben, senden Sie bitte Ihren Lebenslauf an <a href=\"mailto:jobs@lqcompany.com\">jobs@lqcompany.com<\/a>.<\/strong><\/p><p>\u00a0<\/p><p>\u00a0<\/p><h3>Kundenbetreuerin<\/h3><p><strong>Zust\u00e4ndigkeiten<\/strong>:<\/p><ul><li>Bearbeiten Sie Kundenanfragen und leisten Sie zeitnah Unterst\u00fctzung.<\/li><li>Koordinierung mit verschiedenen Abteilungen, um die Kundenzufriedenheit zu gew\u00e4hrleisten.<\/li><li>Aufrechterhaltung der Produktkenntnisse und entsprechende Beratung der Kunden.<\/li><\/ul><p><strong>Erforderliche Qualifikationen<\/strong>:<\/p><ul><li>Fr\u00fchere Erfahrungen im Kundensupport.<\/li><li>Berechtigt, in den USA zu arbeiten.<\/li><\/ul><p><strong>Bevorzugte Qualifikationen<\/strong>:<\/p><ul><li>Vertrautheit mit E-Commerce-Plattformen.<\/li><\/ul><p><strong>Was wir anbieten<\/strong>:<\/p><ul><li>Kranken-, Zahn-, Sehkraft- und Zusatzversicherung verf\u00fcgbar<\/li><li>401K und bezahlte Freizeit<\/li><li>\u00a0Wachstum und berufliche Entwicklung<\/li><li>\u00a0Einzigartige Arbeitsumgebung<\/li><li>Konkurrenzf\u00e4higes Gehalt<\/li><li>Bezahlte Feiertage<\/li><\/ul><p><strong>Um sich zu bewerben, senden Sie bitte Ihren Lebenslauf an <a href=\"mailto:jobs@lqcompany.com\">jobs@lqcompany.com<\/a>.<\/strong><\/p><p>\u00a0<\/p><p>\u00a0<\/p><h3>N\u00e4hmaschinenf\u00fchrerin<\/h3><p><strong>Zust\u00e4ndigkeiten<\/strong>:<\/p><ul><li>Ausf\u00fchren grundlegender N\u00e4harbeiten und Aufrechterhaltung der Qualit\u00e4tskontrolle.<\/li><li>Sie interpretieren die technischen Unterlagen und befolgen die Anweisungen.<\/li><\/ul><p><strong>Erforderliche Qualifikationen<\/strong>:<\/p><ul><li>F\u00e4higkeit, 40 Stunden pro Woche zu arbeiten und bis zu 50 Pfund zu heben.<\/li><li>Berechtigt, in den USA zu arbeiten.<\/li><\/ul><p><strong>Bevorzugte Qualifikationen<\/strong>:<\/p><ul><li>Ausgepr\u00e4gte Aufmerksamkeit f\u00fcr Details und Organisationstalent.<\/li><\/ul><p><strong>Was wir anbieten<\/strong>:<\/p><ul><li>Kranken-, Zahn-, Sehkraft- und Zusatzversicherung verf\u00fcgbar<\/li><li>401K und bezahlte Freizeit<\/li><li>Wachstum und berufliche Entwicklung<\/li><li>Einzigartige Arbeitsumgebung<\/li><li>\u00a0Konkurrenzf\u00e4higes Gehalt<\/li><li>Bezahlte Feiertage<\/li><\/ul><p><strong>Um sich zu bewerben, senden Sie bitte Ihren Lebenslauf an <a href=\"mailto:jobs@lqcompany.com\">jobs@lqcompany.com<\/a>.<\/strong><\/p><p>\u00a0<\/p><p>\u00a0<\/p><h3>Chancengleichheit bei der Besch\u00e4ftigung<\/h3><p><strong>LQ ARMY<\/strong> verpflichtet sich zur Chancengleichheit bei der Besch\u00e4ftigung (EEO). Wir legen Wert auf Vielfalt und diskriminieren weder Mitarbeiter noch Bewerber aufgrund von Rasse, Glaube, Hautfarbe, nationaler Herkunft, sexueller Orientierung, Behinderung, Milit\u00e4rstatus, Familienstand oder anderen gesetzlich gesch\u00fctzten Merkmalen.<\/p>\t\t\t\t\t\t\t\t<\/div>\n\t\t\t\t<\/div>\n\t\t\t\t\t<\/div>\n\t\t\t\t<\/div>\n\t\t\t\t<\/div>","protected":false},"excerpt":{"rendered":"<p>CAREERS Join the LQ ARMY Team At LQ ARMY, we&#8217;re on the lookout for dedicated professionals to join our team at our manufacturing facility in california. We offer a dynamic work environment with opportunities for growth and development. Take a look at our current job openings below and let us know if you&#8217;re the perfect [&hellip;]<\/p>\n","protected":false},"author":1,"featured_media":0,"parent":0,"menu_order":0,"comment_status":"closed","ping_status":"closed","template":"","meta":{"_acf_changed":false,"footnotes":""},"class_list":["post-3887","page","type-page","status-publish","hentry"],"blocksy_meta":[],"acf":[],"_links":{"self":[{"href":"https:\/\/www.lqcompany.com\/de\/wp-json\/wp\/v2\/pages\/3887","targetHints":{"allow":["GET"]}}],"collection":[{"href":"https:\/\/www.lqcompany.com\/de\/wp-json\/wp\/v2\/pages"}],"about":[{"href":"https:\/\/www.lqcompany.com\/de\/wp-json\/wp\/v2\/types\/page"}],"author":[{"embeddable":true,"href":"https:\/\/www.lqcompany.com\/de\/wp-json\/wp\/v2\/users\/1"}],"replies":[{"embeddable":true,"href":"https:\/\/www.lqcompany.com\/de\/wp-json\/wp\/v2\/comments?post=3887"}],"version-history":[{"count":0,"href":"https:\/\/www.lqcompany.com\/de\/wp-json\/wp\/v2\/pages\/3887\/revisions"}],"wp:attachment":[{"href":"https:\/\/www.lqcompany.com\/de\/wp-json\/wp\/v2\/media?parent=3887"}],"curies":[{"name":"wp","href":"https:\/\/api.w.org\/{rel}","templated":true}]}}