{"id":3887,"date":"2024-05-23T05:41:56","date_gmt":"2024-05-23T05:41:56","guid":{"rendered":"https:\/\/lqcompany.com\/?page_id=3887"},"modified":"2024-05-23T05:43:41","modified_gmt":"2024-05-23T05:43:41","slug":"careers","status":"publish","type":"page","link":"https:\/\/www.lqcompany.com\/cs\/careers\/","title":{"rendered":"Kari\u00e9ra"},"content":{"rendered":"<div data-elementor-type=\"wp-page\" data-elementor-id=\"3887\" class=\"elementor elementor-3887\" data-elementor-settings=\"{&quot;ha_cmc_init_switcher&quot;:&quot;no&quot;}\" data-elementor-post-type=\"page\">\n\t\t\t\t<div class=\"elementor-element elementor-element-f4f339d e-flex e-con-boxed e-con e-parent\" data-id=\"f4f339d\" data-element_type=\"container\" data-e-type=\"container\" data-settings=\"{&quot;background_background&quot;:&quot;classic&quot;}\">\n\t\t\t\t\t<div class=\"e-con-inner\">\n\t\t\t\t<div class=\"elementor-element elementor-element-80035c5 elementor-widget elementor-widget-heading\" data-id=\"80035c5\" data-element_type=\"widget\" data-e-type=\"widget\" data-widget_type=\"heading.default\">\n\t\t\t\t<div class=\"elementor-widget-container\">\n\t\t\t\t\t<h1 class=\"elementor-heading-title elementor-size-default\">KARI\u00c9RA<\/h1>\t\t\t\t<\/div>\n\t\t\t\t<\/div>\n\t\t\t\t\t<\/div>\n\t\t\t\t<\/div>\n\t\t<div class=\"elementor-element elementor-element-0370e5e e-flex e-con-boxed e-con e-parent\" data-id=\"0370e5e\" data-element_type=\"container\" data-e-type=\"container\">\n\t\t\t\t\t<div class=\"e-con-inner\">\n\t\t\t\t<div class=\"elementor-element elementor-element-53995dd elementor-widget elementor-widget-text-editor\" data-id=\"53995dd\" data-element_type=\"widget\" data-e-type=\"widget\" data-widget_type=\"text-editor.default\">\n\t\t\t\t<div class=\"elementor-widget-container\">\n\t\t\t\t\t\t\t\t\t<h2><strong>P\u0159ipojte se k t\u00fdmu LQ ARMY<\/strong><\/h2><p>Ve spole\u010dnosti LQ ARMY hled\u00e1me odhodlan\u00e9 odborn\u00edky, kte\u0159\u00ed by se p\u0159ipojili k na\u0161emu t\u00fdmu ve v\u00fdrobn\u00edm z\u00e1vod\u011b v Kalifornii. Nab\u00edz\u00edme dynamick\u00e9 pracovn\u00ed prost\u0159ed\u00ed s p\u0159\u00edle\u017eitostmi k r\u016fstu a rozvoji. Pod\u00edvejte se na na\u0161e aktu\u00e1ln\u00ed voln\u00e1 pracovn\u00ed m\u00edsta n\u00ed\u017ee a dejte n\u00e1m v\u011bd\u011bt, zda se do na\u0161eho t\u00fdmu hod\u00edte!<\/p><p><strong>OTEV\u0158EN\u00c9 POZICE<\/strong><\/p><h3>Inspektor kontroly kvality<\/h3><p><strong>Odpov\u011bdnosti<\/strong>:<\/p><ul><li>Prov\u00e1d\u011bt z\u00e1kladn\u00ed a pokro\u010dil\u00e9 procesy mont\u00e1\u017ee a kontroly v\u00fdrobk\u016f s minim\u00e1ln\u00edm dohledem.<\/li><li>Prov\u00e1d\u011bt kontrolu kvality a balen\u00ed s d\u016frazem na detaily.<\/li><li>Prok\u00e1zat znalost vzor\u016f, materi\u00e1l\u016f a pou\u017eit\u00ed v\u00fdrobk\u016f.<\/li><\/ul><p><strong>Po\u017eadovan\u00e9 kvalifikace<\/strong>:<\/p><ul><li>Smysl pro detail a schopnost zvedat a\u017e 50 kg.<\/li><li>Opr\u00e1vn\u011bn\u00ed pracovat v USA.<\/li><\/ul><p><strong>Up\u0159ednost\u0148ovan\u00e9 kvalifikace<\/strong>:<\/p><ul><li>Sebemotivovan\u00fd \u010dlov\u011bk s vynikaj\u00edc\u00edmi schopnostmi \u0159e\u0161it probl\u00e9my.<\/li><\/ul><p><strong>Co nab\u00edz\u00edme<\/strong>:<\/p><ul><li>Dostupn\u00e9 zdravotn\u00ed, zubn\u00ed, Vision a dopl\u0148kov\u00e9 poji\u0161t\u011bn\u00ed<\/li><li>Program pomoci zam\u011bstnanc\u016fm<\/li><li>401K a placen\u00e9 volno<\/li><li>R\u016fst a profesn\u00ed rozvoj<\/li><li>Jedine\u010dn\u00e9 pracovn\u00ed prost\u0159ed\u00ed<\/li><li>Konkuren\u010dn\u00ed plat<\/li><li>Placen\u00e1 dovolen\u00e1<\/li><\/ul><p>Chcete-li se p\u0159ihl\u00e1sit, za\u0161lete sv\u016fj \u017eivotopis na adresu <a href=\"mailto:jobs@lqcompany.com\">jobs@lqcompany.com<\/a>.<\/p><p>\u00a0<\/p><p>\u00a0<\/p><h3>Technik \u00fadr\u017eby<\/h3><p><strong>Odpov\u011bdnosti<\/strong>:<\/p><ul><li>Podporovat a \u0159\u00eddit technick\u00e9 pot\u0159eby v\u00fdrobn\u00edch operac\u00ed.<\/li><li>Prov\u00e1d\u011bn\u00ed preventivn\u00ed a reaktivn\u00ed \u00fadr\u017eby pr\u016fmyslov\u00fdch v\u00fdrobn\u00edch stroj\u016f.<\/li><li>\u0158\u00edzen\u00ed person\u00e1lu a podpora bezpe\u010dnostn\u00edch program\u016f.<\/li><\/ul><p><strong>Po\u017eadovan\u00e9 kvalifikace<\/strong>:<\/p><ul><li>Schopnost zvedat a\u017e 50 kg a pracovat 40 hodin t\u00fddn\u011b.<\/li><li>Opr\u00e1vn\u011bn\u00ed pracovat v USA.<\/li><\/ul><p><strong>Up\u0159ednost\u0148ovan\u00e9 kvalifikace<\/strong>:<\/p><ul><li>P\u0159edchoz\u00ed zku\u0161enosti s opravami a \u00fadr\u017ebou pr\u016fmyslov\u00fdch stroj\u016f.<\/li><\/ul><p><strong>Co nab\u00edz\u00edme<\/strong>:<\/p><ul><li>Dostupn\u00e9 zdravotn\u00ed, zubn\u00ed, Vision a dopl\u0148kov\u00e9 poji\u0161t\u011bn\u00ed<\/li><li>401K a placen\u00e9 volno<\/li><li>R\u016fst a profesn\u00ed rozvoj<\/li><li>Jedine\u010dn\u00e9 pracovn\u00ed prost\u0159ed\u00ed<\/li><li>Konkuren\u010dn\u00ed plat<\/li><li>Placen\u00e1 dovolen\u00e1<\/li><\/ul><p><strong>Chcete-li se p\u0159ihl\u00e1sit, za\u0161lete sv\u016fj \u017eivotopis na adresu <a href=\"mailto:jobs@lqcompany.com\">jobs@lqcompany.com<\/a>.<\/strong><\/p><p>\u00a0<\/p><p>\u00a0<\/p><h3>Z\u00e1stupce z\u00e1kaznick\u00e9ho servisu<\/h3><p><strong>Odpov\u011bdnosti<\/strong>:<\/p><ul><li>Spr\u00e1va dotaz\u016f z\u00e1kazn\u00edk\u016f a poskytov\u00e1n\u00ed v\u010dasn\u00e9 podpory.<\/li><li>Koordinace s r\u016fzn\u00fdmi odd\u011blen\u00edmi s c\u00edlem zajistit spokojenost z\u00e1kazn\u00edk\u016f.<\/li><li>Udr\u017eovat si znalosti o produktech a podle toho pom\u00e1hat z\u00e1kazn\u00edk\u016fm.<\/li><\/ul><p><strong>Po\u017eadovan\u00e9 kvalifikace<\/strong>:<\/p><ul><li>p\u0159edchoz\u00ed zku\u0161enosti s podporou z\u00e1kazn\u00edk\u016f.<\/li><li>Opr\u00e1vn\u011bn\u00ed pracovat v USA.<\/li><\/ul><p><strong>Up\u0159ednost\u0148ovan\u00e9 kvalifikace<\/strong>:<\/p><ul><li>Znalost platforem elektronick\u00e9ho obchodov\u00e1n\u00ed.<\/li><\/ul><p><strong>Co nab\u00edz\u00edme<\/strong>:<\/p><ul><li>Dostupn\u00e9 zdravotn\u00ed, zubn\u00ed, Vision a dopl\u0148kov\u00e9 poji\u0161t\u011bn\u00ed<\/li><li>401K a placen\u00e9 volno<\/li><li>\u00a0R\u016fst a profesn\u00ed rozvoj<\/li><li>\u00a0Jedine\u010dn\u00e9 pracovn\u00ed prost\u0159ed\u00ed<\/li><li>Konkuren\u010dn\u00ed plat<\/li><li>Placen\u00e1 dovolen\u00e1<\/li><\/ul><p><strong>Chcete-li se p\u0159ihl\u00e1sit, za\u0161lete sv\u016fj \u017eivotopis na adresu <a href=\"mailto:jobs@lqcompany.com\">jobs@lqcompany.com<\/a>.<\/strong><\/p><p>\u00a0<\/p><p>\u00a0<\/p><h3>Obsluha \u0161ic\u00edch stroj\u016f<\/h3><p><strong>Odpov\u011bdnosti<\/strong>:<\/p><ul><li>Prov\u00e1d\u011bt z\u00e1kladn\u00ed \u0161ic\u00ed funkce a udr\u017eovat kontrolu kvality.<\/li><li>Interpretace technick\u00fdch bal\u00ed\u010dk\u016f pro \u0161it\u00ed a dodr\u017eov\u00e1n\u00ed pokyn\u016f.<\/li><\/ul><p><strong>Po\u017eadovan\u00e9 kvalifikace<\/strong>:<\/p><ul><li>Schopnost pracovat 40 hodin t\u00fddn\u011b a zvedat a\u017e 50 liber.<\/li><li>Opr\u00e1vn\u011bn\u00ed pracovat v USA.<\/li><\/ul><p><strong>Up\u0159ednost\u0148ovan\u00e9 kvalifikace<\/strong>:<\/p><ul><li>Velk\u00fd smysl pro detail a organiza\u010dn\u00ed schopnosti.<\/li><\/ul><p><strong>Co nab\u00edz\u00edme<\/strong>:<\/p><ul><li>Dostupn\u00e9 zdravotn\u00ed, zubn\u00ed, Vision a dopl\u0148kov\u00e9 poji\u0161t\u011bn\u00ed<\/li><li>401K a placen\u00e9 volno<\/li><li>R\u016fst a profesn\u00ed rozvoj<\/li><li>Jedine\u010dn\u00e9 pracovn\u00ed prost\u0159ed\u00ed<\/li><li>\u00a0Konkuren\u010dn\u00ed plat<\/li><li>Placen\u00e1 dovolen\u00e1<\/li><\/ul><p><strong>Chcete-li se p\u0159ihl\u00e1sit, za\u0161lete sv\u016fj \u017eivotopis na adresu <a href=\"mailto:jobs@lqcompany.com\">jobs@lqcompany.com<\/a>.<\/strong><\/p><p>\u00a0<\/p><p>\u00a0<\/p><h3>Rovn\u00e9 p\u0159\u00edle\u017eitosti v zam\u011bstn\u00e1n\u00ed<\/h3><p><strong>LQ ARMY<\/strong> se zav\u00e1zala k rovn\u00fdm p\u0159\u00edle\u017eitostem v zam\u011bstn\u00e1v\u00e1n\u00ed (EEO). V\u00e1\u017e\u00edme si rozmanitosti a nediskriminujeme zam\u011bstnance ani uchaze\u010de na z\u00e1klad\u011b rasy, vyzn\u00e1n\u00ed, barvy pleti, n\u00e1rodnosti, sexu\u00e1ln\u00ed orientace, zdravotn\u00edho posti\u017een\u00ed, vojensk\u00e9ho stavu, rodinn\u00e9ho stavu ani jin\u00fdch vlastnost\u00ed chr\u00e1n\u011bn\u00fdch z\u00e1konem.<\/p>\t\t\t\t\t\t\t\t<\/div>\n\t\t\t\t<\/div>\n\t\t\t\t\t<\/div>\n\t\t\t\t<\/div>\n\t\t\t\t<\/div>","protected":false},"excerpt":{"rendered":"<p>CAREERS Join the LQ ARMY Team At LQ ARMY, we&#8217;re on the lookout for dedicated professionals to join our team at our manufacturing facility in california. We offer a dynamic work environment with opportunities for growth and development. Take a look at our current job openings below and let us know if you&#8217;re the perfect [&hellip;]<\/p>\n","protected":false},"author":1,"featured_media":0,"parent":0,"menu_order":0,"comment_status":"closed","ping_status":"closed","template":"","meta":{"_acf_changed":false,"footnotes":""},"class_list":["post-3887","page","type-page","status-publish","hentry"],"blocksy_meta":[],"acf":[],"_links":{"self":[{"href":"https:\/\/www.lqcompany.com\/cs\/wp-json\/wp\/v2\/pages\/3887","targetHints":{"allow":["GET"]}}],"collection":[{"href":"https:\/\/www.lqcompany.com\/cs\/wp-json\/wp\/v2\/pages"}],"about":[{"href":"https:\/\/www.lqcompany.com\/cs\/wp-json\/wp\/v2\/types\/page"}],"author":[{"embeddable":true,"href":"https:\/\/www.lqcompany.com\/cs\/wp-json\/wp\/v2\/users\/1"}],"replies":[{"embeddable":true,"href":"https:\/\/www.lqcompany.com\/cs\/wp-json\/wp\/v2\/comments?post=3887"}],"version-history":[{"count":0,"href":"https:\/\/www.lqcompany.com\/cs\/wp-json\/wp\/v2\/pages\/3887\/revisions"}],"wp:attachment":[{"href":"https:\/\/www.lqcompany.com\/cs\/wp-json\/wp\/v2\/media?parent=3887"}],"curies":[{"name":"wp","href":"https:\/\/api.w.org\/{rel}","templated":true}]}}